{"id":6767,"date":"2017-04-20T10:31:01","date_gmt":"2017-04-20T08:31:01","guid":{"rendered":"http:\/\/phd.semmelweis.hu\/?page_id=6767"},"modified":"2026-04-07T13:54:34","modified_gmt":"2026-04-07T11:54:34","slug":"temaakkreditacio","status":"publish","type":"page","link":"https:\/\/semmelweis.hu\/phd\/oktatoknak-2\/temaakkreditacio\/","title":{"rendered":"T\u00e9mavezet\u0151i akkredit\u00e1ci\u00f3s elj\u00e1r\u00e1s"},"content":{"rendered":"<h5><span data-olk-copy-source=\"MessageBody\">Az \u00faj, m\u00e9g nem akkredit\u00e1lt t\u00e9mavezet\u0151 eset\u00e9ben az elfogad\u00e1shoz az al\u00e1bbi dokumentumok sz\u00fcks\u00e9gesek<\/span>:<\/h5>\n<ol>\n<li>A t\u00e9mavezet\u0151 szakmai \u00f6n\u00e9letrajza<\/li>\n<li>Publik\u00e1ci\u00f3s lista (amennyiben nem rendelkezik MTMT azonos\u00edt\u00f3val)<\/li>\n<li>T\u00e9ma r\u00f6vid le\u00edr\u00e1sa (Word form\u00e1tumban)<\/li>\n<li>Javaslat t\u00e9mavezet\u0151 befogad\u00e1s\u00e1ra, let\u00f6lthet\u0151:<br \/>\n<a href=\"https:\/\/semmelweis.hu\/phd\/files\/2025\/01\/temavezetoi-akkreditacio-magyar-2026-jan.doc\">MAGYAR NYELV\u0170<\/a><br \/>\n<a href=\"https:\/\/semmelweis.hu\/phd\/files\/2025\/01\/temavezetoi_akkreditacio_angol-2026-jan.doc\">ANGOL NYELV\u0170<\/a><\/li>\n<\/ol>\n<h5 class=\"x_MsoNormal\">Ha m\u00e1r egy kor\u00e1bban akkredit\u00e1lt t\u00e9mavezet\u0151 \u00faj t\u00e9m\u00e1t szeretne meghirdetni, csak bejelent\u00e9si k\u00f6telezetts\u00e9ge van a szemeszterek kezdete el\u0151tt (hat\u00e1rid\u0151k: november 30. \u00e9s m\u00e1rcius 31.)\u00a0 a Doktori Tagozatok r\u00e9sz\u00e9re, \u00faj akkredit\u00e1ci\u00f3s elj\u00e1r\u00e1st nem kell ind\u00edtania.<\/h5>\n<p>&nbsp;<\/p>\n<h5 class=\"x_MsoNormal\">K\u00edv\u00e1natos, hogy egy t\u00e9mavezet\u0151\u00a0 csak 1 Doktori Tagozatban szerepeljen, azonban, ha indokolt, lehet\u0151s\u00e9g van\u00a0 t\u00f6bb tagozatban v\u00e9gzett tev\u00e9kenys\u00e9gre.Ebben az esetben nem elegend\u0151 a \u201ebejelent\u00e9s\u201d, hanem az adott Doktori Tagozat vezet\u0151j\u00e9nek sz\u00fcks\u00e9ges a j\u00f3v\u00e1hagy\u00e1sa.<\/h5>\n<p>&nbsp;<\/p>\n<ul>\n<li>A Doktori Szab\u00e1lyzat alapj\u00e1n a t\u00e9mavezet\u0151 akkredit\u00e1ci\u00f3j\u00e1r\u00f3l \/hi\u00e1nyp\u00f3tl\u00e1s eset\u00e9n t\u00f6rt\u00e9n\u0151 akkredit\u00e1ci\u00f3r\u00f3l \/ elutas\u00edt\u00e1sr\u00f3l az EDT \u00fcl\u00e9s\u00e9n hoz hat\u00e1rozatot.<\/li>\n<li>T\u00e1j\u00e9koztatjuk a leend\u0151 t\u00e9mavezet\u0151ket, hogy az elfogad\u00f3 hat\u00e1rozat ut\u00e1n a doktori.hu oldalon (ODT adatb\u00e1zis) a Doktori Hivatal l\u00e9trehozza az adatlapot, melyet a t\u00e9mavezet\u0151knek kell marad\u00e9ktalanul kit\u00f6lteni.<\/li>\n<li class=\"x_MsoNormal\">Az adatlap kit\u00f6lt\u00e9s\u00e9hez r\u00e9szletes \u00fatmutat\u00e1s az ODT honlapj\u00e1n, az al\u00e1bbi linken tal\u00e1lhat\u00f3:<\/li>\n<\/ul>\n<p class=\"x_MsoNormal\"><a href=\"https:\/\/doktori.hu\/index.php?menuid=351&amp;lang=HU&amp;cid=211\" target=\"_blank\" rel=\"noopener noreferrer\">https:\/\/doktori.hu\/index.php?menuid=351&amp;lang=HU&amp;cid=211<\/a><\/p>\n<div class=\"keretes w-100\">\n<p>&nbsp;<\/p>\n<p>Valamennyi csatoland\u00f3 dokumentumot elektronikus form\u00e1ban k\u00e9rj\u00fck, hogy Marosfalvi Anita tanulm\u00e1nyi \u00fcgyint\u00e9z\u0151 r\u00e9sz\u00e9re a\u00a0 <a href=\"mailto:marosfalvi.anita@semmelweis.hu\">marosfalvi.anita@semmelweis.hu<\/a> email c\u00edmre k\u00fcldj\u00e9k.<\/p>\n<p>A\u00a0 k\u00e9relem befogad\u00e1s\u00e1r\u00f3l \u00e9s a hat\u00e1rozat v\u00e1rhat\u00f3 id\u0151pontj\u00e1r\u00f3l a p\u00e1ly\u00e1z\u00f3 \u00edr\u00e1sban \u00e9rtes\u00edt\u00e9st kap 5 munkanapon bel\u00fcl a Doktori Hivatalt\u00f3l.<\/p>\n<p>Amikor az EDT hat\u00e1rozata <a href=\"https:\/\/semmelweis.hu\/phd\/dokumentumok\/dokumentumtar\/hatarozatok\">a doktori iskola honlapj\u00e1ra\u00a0felt\u00f6lt\u00e9sre ker\u00fcl<\/a>, a p\u00e1ly\u00e1z\u00f3\u00a0 \u00e9rtes\u00edt\u00e9st kap a hat\u00e1rozatr\u00f3l.<\/p>\n<\/div>\n","protected":false},"excerpt":{"rendered":"<p>Az \u00faj, m\u00e9g nem akkredit\u00e1lt t\u00e9mavezet\u0151 eset\u00e9ben az elfogad\u00e1shoz az al\u00e1bbi dokumentumok sz\u00fcks\u00e9gesek: A t\u00e9mavezet\u0151 szakmai \u00f6n\u00e9letrajza Publik\u00e1ci\u00f3s lista (amennyiben nem rendelkezik MTMT azonos\u00edt\u00f3val) T\u00e9ma r\u00f6vid le\u00edr\u00e1sa (Word form\u00e1tumban) Javaslat t\u00e9mavezet\u0151 befogad\u00e1s\u00e1ra, let\u00f6lthet\u0151: <a href=\"https:\/\/semmelweis.hu\/phd\/files\/2025\/01\/temavezetoi-akkreditacio-magyar-2026-jan.doc\">MAGYAR NYELV\u0170<\/a> <a href=\"https:\/\/semmelweis.hu\/phd\/files\/2025\/01\/temavezetoi_akkreditacio_angol-2026-jan.doc\">ANGOL NYELV\u0170<\/a> Ha m\u00e1r egy kor\u00e1bban akkredit\u00e1lt t\u00e9mavezet\u0151 \u00faj t\u00e9m\u00e1t szeretne meghirdetni, csak bejelent\u00e9si k\u00f6telezetts\u00e9ge van a szemeszterek kezdete el\u0151tt (hat\u00e1rid\u0151k: november 30. \u00e9s &hellip;<\/p>\n","protected":false},"author":158,"featured_media":0,"parent":6747,"menu_order":5,"comment_status":"closed","ping_status":"closed","template":"template-fullwidth.php","meta":{"_acf_changed":false,"footnotes":""},"categories":[],"tags":[],"class_list":["post-6767","page","type-page","status-publish","hentry"],"acf":[],"_links":{"self":[{"href":"https:\/\/semmelweis.hu\/phd\/wp-json\/wp\/v2\/pages\/6767","targetHints":{"allow":["GET"]}}],"collection":[{"href":"https:\/\/semmelweis.hu\/phd\/wp-json\/wp\/v2\/pages"}],"about":[{"href":"https:\/\/semmelweis.hu\/phd\/wp-json\/wp\/v2\/types\/page"}],"author":[{"embeddable":true,"href":"https:\/\/semmelweis.hu\/phd\/wp-json\/wp\/v2\/users\/158"}],"replies":[{"embeddable":true,"href":"https:\/\/semmelweis.hu\/phd\/wp-json\/wp\/v2\/comments?post=6767"}],"version-history":[{"count":11,"href":"https:\/\/semmelweis.hu\/phd\/wp-json\/wp\/v2\/pages\/6767\/revisions"}],"predecessor-version":[{"id":66444,"href":"https:\/\/semmelweis.hu\/phd\/wp-json\/wp\/v2\/pages\/6767\/revisions\/66444"}],"up":[{"embeddable":true,"href":"https:\/\/semmelweis.hu\/phd\/wp-json\/wp\/v2\/pages\/6747"}],"wp:attachment":[{"href":"https:\/\/semmelweis.hu\/phd\/wp-json\/wp\/v2\/media?parent=6767"}],"wp:term":[{"taxonomy":"category","embeddable":true,"href":"https:\/\/semmelweis.hu\/phd\/wp-json\/wp\/v2\/categories?post=6767"},{"taxonomy":"post_tag","embeddable":true,"href":"https:\/\/semmelweis.hu\/phd\/wp-json\/wp\/v2\/tags?post=6767"}],"curies":[{"name":"wp","href":"https:\/\/api.w.org\/{rel}","templated":true}]}}