{"id":675,"date":"2013-01-08T10:37:35","date_gmt":"2013-01-08T09:37:35","guid":{"rendered":"http:\/\/www.phd.sote.hu\/?page_id=675"},"modified":"2026-01-13T11:36:06","modified_gmt":"2026-01-13T10:36:06","slug":"patologiai-tudomanyok-multidiszciplinaris-orvostudomanyok","status":"publish","type":"page","link":"https:\/\/semmelweis.hu\/phd\/rolunk\/doktori-iskolak-2023-augusztus-31-elott\/patologiai-tudomanyok-multidiszciplinaris-orvostudomanyok\/","title":{"rendered":"Patol\u00f3giai tudom\u00e1nyok Doktori Iskola"},"content":{"rendered":"<div class=\"keretes w-100\">\n<p><strong><span style=\"color: #ff6600\">Figyelem!<\/span> 2023. augusztus 31-\u00e9n a kor\u00e1bbi doktori iskol\u00e1kban megsz\u0171nt a k\u00e9pz\u00e9s \u00e9s l\u00e9trej\u00f6tt a k\u00f6z\u00f6s Semmelweis Egyetem Doktori Iskola, ahol a kor\u00e1bbi doktori iskol\u00e1k \u00f6sszevon\u00e1s\u00e1val \u2013 <a href=\"https:\/\/semmelweis.hu\/phd\/doktori-tagozatok\/\">11 tagozatban<\/a> folynak a doktori programok.<\/strong><\/p>\n<\/div>\n<p><div class=\"responsive-tabs\">\n<h2 class=\"tabtitle\">Ismertet\u0151<\/h2>\n<div class=\"tabcontent responsive-tabs__panel--active\">\n<br \/>\nVezet\u0151:<strong><br \/>\nDr. Matolcsy Andr\u00e1s<\/strong><br \/>\nI. sz. Patol\u00f3giai\u00a0 \u00e9s K\u00eds\u00e9rleti R\u00e1kkutat\u00f3 Int\u00e9zet<br \/>\n<strong>Telefon:<\/strong> +36 1 266-1637<br \/>\n\u00dcgyint\u00e9z\u0151:<br \/>\n<strong>Laczik Cec\u00edlia<\/strong><br \/>\nI. sz. Patol\u00f3giai\u00a0 \u00e9s K\u00eds\u00e9rleti R\u00e1kkutat\u00f3 Int\u00e9zet<br \/>\n<strong>Telefon:<\/strong> +36 1 266-1637 \/ 54437<\/p>\n<table style=\"width: 700px;height: 117px;border: 0px solid #ffffff\" border=\"0\" cellspacing=\"0\" cellpadding=\"8\">\n<tbody>\n<tr>\n<td style=\"width: 400px;background-color: #499fd4\" colspan=\"4\"><span style=\"color: #ffffff\"><strong>Programok<\/strong><\/span><\/td>\n<td style=\"background-color: #499fd4\"><span style=\"color: #ffffff\"> <strong>Programvezet\u0151<\/strong><\/span><\/td>\n<\/tr>\n<tr style=\"background-color: #fafafa\">\n<td style=\"width: 400px\" colspan=\"4\">01. Molekul\u00e1ris \u00e9s experiment\u00e1lis onkol\u00f3gia<\/td>\n<td style=\"background-color: #fbfbfb\">Dr. B\u00f6d\u00f6r Csaba<\/td>\n<\/tr>\n<tr style=\"background-color: #f4f4f4\">\n<td style=\"width: 400px\" colspan=\"4\">02. Sejt-, extracellul\u00e1ris matrix-, rostrendszer v\u00e1ltoz\u00e1sok sz\u00edv- \u00e9s \u00e9rrendszeri \u00e9s egyes daganatos megbeteged\u00e9sekben. K\u00eds\u00e9rletes \u00e9s diagnosztikus pathomorfol\u00f3giai vizsg\u00e1latok<\/td>\n<td style=\"background-color: #f4f4f4\">Dr. Kiss Andr\u00e1s<\/td>\n<\/tr>\n<tr style=\"background-color: #fafafa\">\n<td colspan=\"4\">03. Mikroorganizmusok \u00e9s anyagaik hat\u00e1sainak molekul\u00e1ris, cellul\u00e1ris \u00e9s organizmus szint\u0171 vizsg\u00e1lata<\/td>\n<td style=\"background-color: #fbfbfb\">Dr. Szab\u00f3 D\u00f3ra<\/td>\n<\/tr>\n<tr>\n<td style=\"width: 400px\" colspan=\"4\">04. A klinikai onkol\u00f3gia \u00e9s sug\u00e1rter\u00e1pia<\/td>\n<td style=\"background-color: #fbfbfb\">Dr. Polg\u00e1r Csaba<\/td>\n<\/tr>\n<\/tbody>\n<\/table>\n<p>&nbsp;<\/p>\n<p>A Patol\u00f3giai Tudom\u00e1nyok Doktori Iskola k\u00e9pz\u00e9si programja a daganatos megbeteged\u00e9sek sz\u00e9les k\u00f6r\u00e9n t\u00fal k\u00fcl\u00f6nb\u00f6z\u0151 sz\u00edv- \u00e9s \u00e9rrendszeri megbeteged\u00e9sek patogenezis\u00e9nek meg\u00e9rt\u00e9se mellett sz\u00e1mos klinikai relevanci\u00e1val is b\u00edr\u00f3 transzl\u00e1ci\u00f3s kutat\u00e1si t\u00e9m\u00e1t is mag\u00e1ban foglal. A Doktori Iskola 45 akt\u00edv t\u00e9mavezet\u0151je \u00e1ltal m\u0171velt kutat\u00e1si t\u00e9mater\u00fcletek k\u00f6z\u00f6tt az <em>in<\/em> <em>vitro<\/em> \u00e9s <em>in<\/em> <em>vivo<\/em> experiment\u00e1lis rendszereket alkalmaz\u00f3 daganatbiol\u00f3giai alapkutat\u00e1sok (t\u00f6bbek k\u00f6z\u00f6tt daganatprogresszi\u00f3, metaszt\u00e1zisk\u00e9pz\u0151d\u00e9s) mellett sz\u00e1mos transzl\u00e1ci\u00f3s kutat\u00e1si t\u00e9ma (biomarkerek azonos\u00edt\u00e1sa, molekul\u00e1ris rizik\u00f3becsl\u0151 rendszerek kidolgoz\u00e1sa) is szerepel. K\u00fcl\u00f6n\u00f6s hangs\u00falyt kapnak a Doktori Iskola programj\u00e1ban a daganatok metabolizmus\u00e1t \u00e9s a hum\u00e1n mikrobiomot vizsg\u00e1l\u00f3 kutat\u00e1sok, valamint a korszer\u0171 bioinformatikai elj\u00e1r\u00e1sok fejleszt\u00e9se \u00e9s alkalmaz\u00e1sa is. Az alkalmazott metodik\u00e1k palett\u00e1ja a hagyom\u00e1nyos pathomorfol\u00f3giai vizsg\u00e1latokt\u00f3l a korszer\u0171 in vitro \u00e9s vivo rendszerek, a 3D bionyomtat\u00e1s lehet\u0151s\u00e9gein \u00e1t a legkorszer\u0171bb \u00faj-gener\u00e1ci\u00f3s szekven\u00e1l\u00e1si \u00e9s bioinformatikai alkalmaz\u00e1sokig tart. A Doktori Iskola t\u00e9mavezet\u0151i a szakter\u00fclet nemzetk\u00f6zi szinten is ismert kutat\u00f3i, tev\u00e9kenys\u00e9g\u00fck egyetemi \u00e9s\/vagy akad\u00e9mia kutat\u00f3csoportokon bel\u00fcl szervez\u0151dik. A rendk\u00edv\u00fcl sz\u00e9lesk\u00f6r\u0171 kutat\u00e1si infrastrukt\u00far\u00e1hoz hazai (NKFIH, MTA) \u00e9s nemzetk\u00f6zi kutat\u00e1si (H2020) p\u00e1ly\u00e1zatok anyagi t\u00e1mogat\u00e1sa kapcsol\u00f3dik.<\/p>\n<p>Az <u>Onkol\u00f3gia program<\/u> c\u00e9lja, hogy a k\u00e9pz\u00e9sben r\u00e9szt vev\u0151 hallgat\u00f3k az onkogenezis molekul\u00e1ris h\u00e1tter\u00e9nek meg\u00e9rt\u00e9s\u00e9n t\u00fal ismereteket szerezzenek a klinikai \u00e9s transzl\u00e1ci\u00f3s onkol\u00f3gia ter\u00e9n is. Az elm\u00e9leti ismereteken t\u00fal a korszer\u0171 daganatkutat\u00e1shoz sz\u00fcks\u00e9ges gyakorlati k\u00e9pess\u00e9gek megszerz\u00e9s\u00e9re is hangs\u00falyt fektet a k\u00e9pz\u00e9si program. A gyakorlati kurzusok sor\u00e1n az adatelemz\u00e9s, a molekul\u00e1ris genetikai m\u00f3dszerek, k\u00fcl\u00f6nb\u00f6z\u0151 in vitro \u00e9s in vivo modellrendszerek bemutat\u00e1sa \u00e9s alapszint\u0171 gyakorlati megismer\u00e9s\u00e9re is lehet\u0151s\u00e9g ny\u00edlik. A k\u00e9pz\u00e9si terv kiemelt c\u00e9lja a szem\u00e9lyre szabott diagnosztika \u00e9s ter\u00e1pia koncepci\u00f3j\u00e1hoz kapcsol\u00f3d\u00f3 ismeretek szint\u00e9zise az alapkutat\u00e1s m\u00f3dszereit\u0151l eg\u00e9szen a legkorszer\u0171bb kezel\u00e9si modalit\u00e1sokig.<\/p>\n<p>A <u>Sejt-, extracellul\u00e1ris matrix-, rostrendszer v\u00e1ltoz\u00e1sok sz\u00edv- \u00e9s \u00e9rrendszeri \u00e9s egyes daganatos megbeteged\u00e9sekben<\/u> elnevez\u00e9s\u0171 program hum\u00e1n betegs\u00e9gek etiopatogenezis\u00e9vel foglalkozik, kiemelten a sejt \u00e9s k\u00f6rnyezete k\u00f6zti kapcsolatok mechanizmus\u00e1val, az ezt befoly\u00e1sol\u00f3 t\u00e9nyez\u0151k elemz\u00e9s\u00e9vel, egyes adh\u00e9zi\u00f3s feh\u00e9rj\u00e9k \u00e9s sejtkapcsol\u00f3 strukt\u00far\u00e1k v\u00e1ltoz\u00e1s\u00e1val. A kutat\u00e1s molekul\u00e1ris c\u00e9lpontok keres\u00e9s\u00e9t, detekt\u00e1l\u00e1s\u00e1t t\u0171zte c\u00e9lul, \u00fajonnan felismert biomarkerek vizsg\u00e1lat\u00e1val daganatel\u0151z\u0151 \u00e9s daganatos elv\u00e1ltoz\u00e1sokban. A m\u00e1j-pancreas (kr\u00f3nikus hepatitis, cirrhosis, m\u00e1jtumorok), gasztrointestin\u00e1lis (gastritis, gyomorr\u00e1k), eml\u0151, urogenit\u00e1lis (vesedaganatok, prostata, uterus tumorok) \u00e9s egy\u00e9b szolid tumorokban identifik\u00e1lhat\u00f3 molekul\u00e1ris mechanizmusok, genetikai \u00e9s epigenetikai t\u00e9nyez\u0151k (microRNS) anal\u00edzise emberi sz\u00f6vet \u00e9s sejt (foly\u00e9kony biopszia) mint\u00e1kban, valamint in vitro sejtteny\u00e9szetekben modern patol\u00f3giai \u00e9s molekul\u00e1ris patol\u00f3giai m\u00f3dszerekkel t\u00f6rt\u00e9nik. Az etiol\u00f3giai t\u00e9nyez\u0151k k\u00f6z\u00fcl els\u0151sorban a fert\u0151z\u0151 agensek, \u00edgy a Helicobacter pylori \u00e9s a hepatitis, valamint a human papilloma virusok k\u00f3rok\u00f3 szerepe, a fert\u0151z\u00e9s mechanizmusa a vizsg\u00e1latok t\u00e1rgya. A prognosztikai faktorok vizsg\u00e1lata kiemelten eml\u0151-,\u00a0 vastagb\u00e9l \u00e9s m\u00e1jdaganatokban ker\u00fcl vizsg\u00e1latra.\u00a0\u00a0<\/p>\n<p>&nbsp;<\/p>\n<p>A <u>Mikroorganizmusok \u00e9s anyagaik hat\u00e1sainak molekul\u00e1ris, cellul\u00e1ris \u00e9s organizmus szint\u0171 vizsg\u00e1lata<\/u> doktori program a mikroorganizmusok \u00e9s anyagaik szerep\u00e9nek k\u00e9rd\u00e9sk\u00f6r\u00e9vel foglalkozik a betegs\u00e9gek pathogenezis\u00e9ben. A program munkacsoportjai a j\u00e1rv\u00e1ny\u00fcgyi szempontb\u00f3l jelent\u0151s v\u00edrusok (HIV, hepatitis, herpesz, adenov\u00edrus) gazdasejt\/pathog\u00e9n interakci\u00f3it tanulm\u00e1nyozza molekul\u00e1ris virol\u00f3giai, sejtbiol\u00f3giai, biok\u00e9miai \u00e9s klasszikus mikrobiol\u00f3giai m\u00f3dszerekkel. E mellett a nozokomi\u00e1lis fert\u0151z\u00e9sekben els\u0151dleges szerepet j\u00e1tsz\u00f3 bakt\u00e9riumok antibiotikumokkal (els\u0151sorban fluorokinolon, polymyxin) szembeni rezisztencia mechanizmusainak \u00faj ir\u00e1ny\u00e1t t\u00e1rj\u00e1k fel. Vizsg\u00e1lj\u00e1k a mikrobiom\u00a0\u00e1ltal\u00e1nos hat\u00e1s\u00e1t a pathol\u00f3giai folyamatokra. A program tov\u00e1bbi fontos t\u00e9m\u00e1i a HIV fert\u0151z\u00e9s sor\u00e1n a v\u00edrus \u00e9s a sejt k\u00f6z\u00f6tti molekul\u00e1ris mechanizmusok, sejtreceptorok, lipid raftok \u00e9s redox mechanizmusok felt\u00e1r\u00e1sa, \u00e9s \u00faj t\u00edpus\u00fa,\u00a0HIV fert\u0151z\u00e9st g\u00e1tl\u00f3 anyagok (entry inhibitorok) kifejleszt\u00e9se, t\u00f6bbek k\u00f6z\u00f6tt a braz\u00edliai Amazon vid\u00e9k n\u00f6v\u00e9nyi extraktumai seg\u00edts\u00e9g\u00e9vel. A program r\u00e9sze az \u00fajonnan felbukkan\u00f3 (emerging) fert\u0151z\u00e9sek (pl. zika, cornav\u00edrus, pandemi\u00e1s influenza v\u00edrusok) j\u00e1rv\u00e1ny\u00fcgyi jelent\u0151s\u00e9g\u00e9nek elemz\u00e9se.<\/p>\n\n<\/div><h2 class=\"tabtitle\">K\u00e9pz\u00e9si \u00e9s Vizsga T\u00e1j\u00e9koztat\u00f3k<\/h2>\n<div class=\"tabcontent\">\n\n<p><a href=\"https:\/\/semmelweis.hu\/phd\/files\/2022\/04\/Komplex-vizsga-informaciok-2023.-november.pdf\">Pdf let\u00f6lt\u00e9s<\/a><\/p>\n<p>&nbsp;<\/p>\n\n<\/div><h2 class=\"tabtitle\">Doktori Tagozat Tan\u00e1csa<\/h2>\n<div class=\"tabcontent\">\n\n<div align=\"justify\">\u00a0<\/div>\n<div align=\"justify\">\n<table style=\"width: 100%;border-collapse: collapse;border-color: #b6dbf2\">\n<tbody>\n<tr>\n<td style=\"width: 33.3333%\"><strong>Doktori Tan\u00e1cs Jegyz\u0151k\u00f6nyv<\/strong><\/td>\n<td style=\"width: 33.3333%\"><strong>Let\u00f6lt\u00e9s<\/strong><\/td>\n<\/tr>\n<tr>\n<td style=\"width: 33.3333%\">2022 M\u00e1rcius 29.<\/td>\n<td style=\"width: 33.3333%\"><a href=\"https:\/\/semmelweis.hu\/phd\/files\/2022\/04\/Patologiai-TDI-jegyzokonyv-2022.pdf\">Let\u00f6lt\u00e9s (Pdf)<\/a><\/td>\n<\/tr>\n<\/tbody>\n<\/table>\n<\/div>\n<p>&nbsp;<\/p>\n<p>&nbsp;<\/p>\n\n<\/div><h2 class=\"tabtitle\">\u00c9ves besz\u00e1mol\u00f3k<\/h2>\n<div class=\"tabcontent\">\n\n<div align=\"justify\">\n<table style=\"border-collapse: collapse;width: 100%\">\n<tbody>\n<tr>\n<td style=\"width: 50%\"><strong>\u00c9ves Besz\u00e1mol\u00f3k<\/strong><\/td>\n<td style=\"width: 50%\"><strong>Let\u00f6lt\u00e9s<\/strong><\/td>\n<\/tr>\n<tr>\n<td style=\"width: 50%\">2021<\/td>\n<td style=\"width: 50%\">\n<p><a href=\"https:\/\/semmelweis.hu\/phd\/files\/2022\/04\/Patologiai.xlsx\">Let\u00f6lt\u00e9s<\/a><\/p>\n<\/td>\n<\/tr>\n<tr>\n<td style=\"width: 50%\">2022<\/td>\n<td style=\"width: 50%\">\n<p><a href=\"https:\/\/semmelweis.hu\/phd\/files\/2023\/03\/Eves-beszamolo-2022-Patologiai.xlsx\">Let\u00f6lt\u00e9s<\/a><\/p>\n<\/td>\n<\/tr>\n<\/tbody>\n<\/table>\n<\/div>\n<\/div><\/div>\n<p>&nbsp;<\/p>\n","protected":false},"excerpt":{"rendered":"<p>Figyelem! 2023. augusztus 31-\u00e9n a kor\u00e1bbi doktori iskol\u00e1kban megsz\u0171nt a k\u00e9pz\u00e9s \u00e9s l\u00e9trej\u00f6tt a k\u00f6z\u00f6s Semmelweis Egyetem Doktori Iskola, ahol a kor\u00e1bbi doktori iskol\u00e1k \u00f6sszevon\u00e1s\u00e1val \u2013 <a href=\"https:\/\/semmelweis.hu\/phd\/doktori-tagozatok\/\">11 tagozatban<\/a> folynak a doktori programok. Vezet\u0151: Dr. Matolcsy Andr\u00e1s I. sz. Patol\u00f3giai\u00a0 \u00e9s K\u00eds\u00e9rleti R\u00e1kkutat\u00f3 Int\u00e9zet Telefon: +36 1 266-1637 \u00dcgyint\u00e9z\u0151: Laczik Cec\u00edlia I. sz. Patol\u00f3giai\u00a0 \u00e9s K\u00eds\u00e9rleti R\u00e1kkutat\u00f3 Int\u00e9zet &hellip;<\/p>\n","protected":false},"author":158,"featured_media":0,"parent":62800,"menu_order":8,"comment_status":"closed","ping_status":"closed","template":"template-fullwidth.php","meta":{"_acf_changed":false,"footnotes":""},"categories":[],"tags":[],"class_list":["post-675","page","type-page","status-publish","hentry"],"acf":[],"_links":{"self":[{"href":"https:\/\/semmelweis.hu\/phd\/wp-json\/wp\/v2\/pages\/675","targetHints":{"allow":["GET"]}}],"collection":[{"href":"https:\/\/semmelweis.hu\/phd\/wp-json\/wp\/v2\/pages"}],"about":[{"href":"https:\/\/semmelweis.hu\/phd\/wp-json\/wp\/v2\/types\/page"}],"author":[{"embeddable":true,"href":"https:\/\/semmelweis.hu\/phd\/wp-json\/wp\/v2\/users\/158"}],"replies":[{"embeddable":true,"href":"https:\/\/semmelweis.hu\/phd\/wp-json\/wp\/v2\/comments?post=675"}],"version-history":[{"count":10,"href":"https:\/\/semmelweis.hu\/phd\/wp-json\/wp\/v2\/pages\/675\/revisions"}],"predecessor-version":[{"id":65916,"href":"https:\/\/semmelweis.hu\/phd\/wp-json\/wp\/v2\/pages\/675\/revisions\/65916"}],"up":[{"embeddable":true,"href":"https:\/\/semmelweis.hu\/phd\/wp-json\/wp\/v2\/pages\/62800"}],"wp:attachment":[{"href":"https:\/\/semmelweis.hu\/phd\/wp-json\/wp\/v2\/media?parent=675"}],"wp:term":[{"taxonomy":"category","embeddable":true,"href":"https:\/\/semmelweis.hu\/phd\/wp-json\/wp\/v2\/categories?post=675"},{"taxonomy":"post_tag","embeddable":true,"href":"https:\/\/semmelweis.hu\/phd\/wp-json\/wp\/v2\/tags?post=675"}],"curies":[{"name":"wp","href":"https:\/\/api.w.org\/{rel}","templated":true}]}}