{"id":66577,"date":"2026-05-13T09:04:37","date_gmt":"2026-05-13T07:04:37","guid":{"rendered":"https:\/\/semmelweis.hu\/phd\/?page_id=66577"},"modified":"2026-05-13T09:05:15","modified_gmt":"2026-05-13T07:05:15","slug":"ekop-2026-egyetemi-kutatoi-osztondij-program","status":"publish","type":"page","link":"https:\/\/semmelweis.hu\/phd\/rolunk\/elnyert-palyazatok\/ekop-2026-egyetemi-kutatoi-osztondij-program\/","title":{"rendered":"EK\u00d6P-2026 &#8211; Egyetemi Kutat\u00f3i \u00d6szt\u00f6nd\u00edj Program"},"content":{"rendered":"<h5 style=\"text-align: center\">FELT\u00d6LT\u00c9S ALATT!<\/h5>\n<p><a href=\"https:\/\/semmelweis.hu\/phd\/hallgatoknak\/palyazatok-osztondijak\/ekop-kdp-palyazat\/\"><img loading=\"lazy\" decoding=\"async\" class=\"alignright wp-image-65444 size-medium\" src=\"https:\/\/semmelweis.hu\/phd\/files\/2025\/09\/NKFIA_infoblokk_kerettel_program_allo_2019_HU-400x220.png\" alt=\"\" width=\"400\" height=\"220\" srcset=\"https:\/\/semmelweis.hu\/phd\/files\/2025\/09\/NKFIA_infoblokk_kerettel_program_allo_2019_HU-400x220.png 400w, https:\/\/semmelweis.hu\/phd\/files\/2025\/09\/NKFIA_infoblokk_kerettel_program_allo_2019_HU-1024x564.png 1024w, https:\/\/semmelweis.hu\/phd\/files\/2025\/09\/NKFIA_infoblokk_kerettel_program_allo_2019_HU-768x423.png 768w, https:\/\/semmelweis.hu\/phd\/files\/2025\/09\/NKFIA_infoblokk_kerettel_program_allo_2019_HU-1536x846.png 1536w, https:\/\/semmelweis.hu\/phd\/files\/2025\/09\/NKFIA_infoblokk_kerettel_program_allo_2019_HU-2048x1128.png 2048w, https:\/\/semmelweis.hu\/phd\/files\/2025\/09\/NKFIA_infoblokk_kerettel_program_allo_2019_HU-753x415.png 753w\" sizes=\"auto, (max-width: 400px) 100vw, 400px\" \/><\/a><\/p>\n","protected":false},"excerpt":{"rendered":"<p>FELT\u00d6LT\u00c9S ALATT!<br \/>\n<a href=\"https:\/\/semmelweis.hu\/phd\/hallgatoknak\/palyazatok-osztondijak\/ekop-kdp-palyazat\/\"><\/a><\/p>\n","protected":false},"author":102199,"featured_media":0,"parent":65449,"menu_order":7,"comment_status":"closed","ping_status":"closed","template":"template-fullwidth.php","meta":{"_acf_changed":false,"footnotes":""},"categories":[],"tags":[],"class_list":["post-66577","page","type-page","status-publish","hentry"],"acf":[],"_links":{"self":[{"href":"https:\/\/semmelweis.hu\/phd\/wp-json\/wp\/v2\/pages\/66577","targetHints":{"allow":["GET"]}}],"collection":[{"href":"https:\/\/semmelweis.hu\/phd\/wp-json\/wp\/v2\/pages"}],"about":[{"href":"https:\/\/semmelweis.hu\/phd\/wp-json\/wp\/v2\/types\/page"}],"author":[{"embeddable":true,"href":"https:\/\/semmelweis.hu\/phd\/wp-json\/wp\/v2\/users\/102199"}],"replies":[{"embeddable":true,"href":"https:\/\/semmelweis.hu\/phd\/wp-json\/wp\/v2\/comments?post=66577"}],"version-history":[{"count":1,"href":"https:\/\/semmelweis.hu\/phd\/wp-json\/wp\/v2\/pages\/66577\/revisions"}],"predecessor-version":[{"id":66578,"href":"https:\/\/semmelweis.hu\/phd\/wp-json\/wp\/v2\/pages\/66577\/revisions\/66578"}],"up":[{"embeddable":true,"href":"https:\/\/semmelweis.hu\/phd\/wp-json\/wp\/v2\/pages\/65449"}],"wp:attachment":[{"href":"https:\/\/semmelweis.hu\/phd\/wp-json\/wp\/v2\/media?parent=66577"}],"wp:term":[{"taxonomy":"category","embeddable":true,"href":"https:\/\/semmelweis.hu\/phd\/wp-json\/wp\/v2\/categories?post=66577"},{"taxonomy":"post_tag","embeddable":true,"href":"https:\/\/semmelweis.hu\/phd\/wp-json\/wp\/v2\/tags?post=66577"}],"curies":[{"name":"wp","href":"https:\/\/api.w.org\/{rel}","templated":true}]}}