{"id":65905,"date":"2026-01-13T10:17:25","date_gmt":"2026-01-13T09:17:25","guid":{"rendered":"https:\/\/semmelweis.hu\/phd\/?page_id=65905"},"modified":"2026-01-19T12:23:11","modified_gmt":"2026-01-19T11:23:11","slug":"atsorolas-md-phd-egyetemi-osztondij-palyazat","status":"publish","type":"page","link":"https:\/\/semmelweis.hu\/phd\/hallgatoknak\/palyazatok-osztondijak\/atsorolas-md-phd-egyetemi-osztondij-palyazat\/","title":{"rendered":"P\u00e1ly\u00e1zat \u00f6nk\u00f6lts\u00e9ges MD-PhD hallgat\u00f3k \u00e1llami \u00f6szt\u00f6nd\u00edjas st\u00e1tuszra t\u00f6rt\u00e9n\u0151 \u00e1tsorol\u00e1sra"},"content":{"rendered":"<p><strong>Az \u00f6szt\u00f6nd\u00edj c\u00e9lja:\u00a0<\/strong>Az <strong>\u00e1llami \u00f6szt\u00f6nd\u00edjban nem r\u00e9szes\u00fcl\u0151 MD-PhD hallgat\u00f3k<\/strong> tudom\u00e1nyos el\u0151menetel\u00e9nek t\u00e1mogat\u00e1sa kiv\u00e1l\u00f3s\u00e1gi alapon a fokozatszerz\u00e9sek sz\u00e1m\u00e1nak \u00e9s min\u0151s\u00e9g\u00e9nek n\u00f6vel\u00e9se \u00e9rdek\u00e9ben.<\/p>\n<p><strong>A megp\u00e1ly\u00e1zhat\u00f3 \u00f6szt\u00f6nd\u00edj:<\/strong><\/p>\n<ul>\n<li>az \u00e1llami PhD \u00f6szt\u00f6nd\u00edj<\/li>\n<\/ul>\n<p>&nbsp;<\/p>\n<p><strong>A p\u00e1ly\u00e1z\u00f3k k\u00f6re<\/strong><\/p>\n<p>A p\u00e1ly\u00e1zatra jelentkezhet minden olyan MD-PhD hallgat\u00f3, aki magyar vagy eur\u00f3pai uni\u00f3s \u00e1llampolg\u00e1rs\u00e1ggal rendelkezik, \u00e9s jelenleg nincs \u00e1llami \u00f6szt\u00f6nd\u00edjas PhD hallgat\u00f3i st\u00e1tuszon.<\/p>\n<p><strong>\u00a0<\/strong><\/p>\n<p><strong>A p\u00e1ly\u00e1zat elb\u00edr\u00e1l\u00e1s\u00e1hoz az al\u00e1bbi felt\u00e9telek teljes\u00fcl\u00e9se sz\u00fcks\u00e9ges:<\/strong><\/p>\n<ul>\n<li>magyar vagy eur\u00f3pai uni\u00f3s \u00e1llampolg\u00e1rs\u00e1g<\/li>\n<li>kiemelked\u0151 tudom\u00e1nyos tev\u00e9kenys\u00e9g igazol\u00e1sa<\/li>\n<\/ul>\n<p><strong>\u00a0<\/strong><\/p>\n<p><strong>Az elb\u00edr\u00e1l\u00e1s szempontjai \u2013 a p\u00e1ly\u00e1z\u00f3 tudom\u00e1nyos tev\u00e9kenys\u00e9ge az al\u00e1bbiak szerint:<\/strong><\/p>\n<ul>\n<li>Els\u0151 szerz\u0151s D1, Q1 vagy Q2 besorol\u00e1s\u00fa publik\u00e1ci\u00f3k (SCImago ranking alapj\u00e1n)<\/li>\n<li>T\u00e1rsszerz\u0151s D1, Q1 vagy Q2 besorol\u00e1s\u00fa publik\u00e1ci\u00f3k (SCImago ranking alapj\u00e1n)<\/li>\n<li>OTDK 1-2. helyez\u00e9s \u00e9s k\u00fcl\u00f6nd\u00edj<\/li>\n<li>Rektori p\u00e1ly\u00e1zat 1-2-3. d\u00edj<\/li>\n<\/ul>\n<p><strong>\u00a0<\/strong><\/p>\n<p><strong>Az \u00f6szt\u00f6nd\u00edj foly\u00f3s\u00edt\u00e1s\u00e1nak felt\u00e9telei<\/strong><\/p>\n<p>A t\u00e1mogatott k\u00f6telezetts\u00e9get v\u00e1llal arra, hogy:<\/p>\n<ul>\n<li>kutat\u00e1si eredm\u00e9nyeir\u0151l besz\u00e1mol az \u00e9venk\u00e9nt megrendezett PhD Tudom\u00e1nyos Napok rendezv\u00e9nyen<\/li>\n<li>a jogszab\u00e1lyban meghat\u00e1rozott hat\u00e1rid\u0151ig (a komplex vizsg\u00e1t k\u00f6vet\u0151 h\u00e1rom \u00e9ven bel\u00fcl) teljes\u00edti a fokozatszerz\u00e9si felt\u00e9teleket \u00e9s a doktori \u00e9rtekez\u00e9s\u00e9t beny\u00fajtja<\/li>\n<\/ul>\n<p>&nbsp;<\/p>\n<p><strong>A p\u00e1ly\u00e1zathoz beny\u00fajtand\u00f3<\/strong><\/p>\n<ul>\n<li>MTMT-b\u0151l kinyomtatott, <span style=\"color: #ff0000\">a K\u00f6zponti K\u00f6nyvt\u00e1r \u00e1ltal hiteles\u00edtett publik\u00e1ci\u00f3s jegyz\u00e9k<\/span> az impakt faktor, cit\u00e1ci\u00f3k \u00e9s a foly\u00f3iratok rangsorol\u00e1s\u00e1nak (SCImago ranking alapj\u00e1n: D1, Q1, Q2, Q3, Q4) felt\u00fcntet\u00e9s\u00e9vel;<\/li>\n<li>m\u00e1r elfogadott, de az MTMT-ben m\u00e9g nem szerepl\u0151 k\u00f6zlem\u00e9nyek eset\u00e9n az elfogad\u00e1st igazol\u00f3 lev\u00e9l \u00e9s a cikk c\u00edmoldal\u00e1nak m\u00e1solata;<\/li>\n<li>OTDK \u00e9s Rektori P\u00e1ly\u00e1zaton el\u00e9rt helyez\u00e9st igazol\u00f3 oklev\u00e9l m\u00e1solata<\/li>\n<li><a href=\"https:\/\/semmelweis.hu\/phd\/files\/2026\/01\/Atsorolos_palyazati_adatlap_2026_0119.docx\">p\u00e1ly\u00e1zati adatlap<\/a><\/li>\n<\/ul>\n<p><strong>\u00a0<\/strong><\/p>\n<p><strong>A p\u00e1ly\u00e1zatokat e-mailben kell beny\u00fajtani a k\u00f6vetkez\u0151 c\u00edmre: <\/strong><a href=\"mailto:phd.palyazatok@semmelweis.hu\"><strong>phd.palyazatok@semmelweis.hu<\/strong><\/a><strong> <br \/>\nHat\u00e1rid\u0151: 2026. janu\u00e1r 31.<\/strong><\/p>\n<p>&nbsp;<\/p>\n<p><span style=\"color: #ff0000\">A p\u00e1ly\u00e1zat befogad\u00e1s\u00e1r\u00f3l a p\u00e1ly\u00e1z\u00f3k e-mailben visszajelz\u00e9st kapnak. Amennyiben a bek\u00fcld\u00e9st k\u00f6vet\u0151 <strong>7 napon bel\u00fcl nem \u00e9rkezik visszaigazol\u00e1s<\/strong>, k\u00e9rj\u00fck, jelezze a k\u00f6vetkez\u0151 c\u00edmen:<\/span><\/p>\n<p><a href=\"mailto:csorba-jonas.csilla@semmelweis.hu\"><strong>csorba-jonas.csilla@semmelweis.hu<\/strong><\/a><\/p>\n<p>&nbsp;<\/p>\n<p><strong>A p\u00e1ly\u00e1zatok eredm\u00e9ny\u00e9r\u0151l a p\u00e1ly\u00e1z\u00f3k febru\u00e1r 28-ig emailen kapnak \u00e9rtes\u00edt\u00e9st.<\/strong><\/p>\n<p><strong>\u00a0<\/strong><\/p>\n<p><span style=\"color: #ff0000\"><strong>Hat\u00e1rid\u0151 ut\u00e1n megk\u00fcld\u00f6tt p\u00e1ly\u00e1zatot nem \u00e1ll m\u00f3dunkban befogadni. Szeretn\u00e9nk felh\u00edvni a p\u00e1ly\u00e1z\u00f3k figyelm\u00e9t, hogy a p\u00e1ly\u00e1zati dokument\u00e1ci\u00f3ban val\u00f3tlan adatok k\u00f6zl\u00e9se kiz\u00e1r\u00e1st von maga ut\u00e1n az \u00f6sszes Doktori Iskola \u00e1ltal meghirdetett p\u00e1ly\u00e1zatb\u00f3l.<\/strong><\/span><\/p>\n","protected":false},"excerpt":{"rendered":"<p>P\u00e1ly\u00e1zat ideje: 2026. janu\u00e1r 16. &#8211; 31. k\u00f6z\u00f6tt<\/p>\n","protected":false},"author":101719,"featured_media":0,"parent":15269,"menu_order":20,"comment_status":"closed","ping_status":"closed","template":"","meta":{"_acf_changed":false,"footnotes":""},"categories":[],"tags":[],"class_list":["post-65905","page","type-page","status-publish","hentry"],"acf":[],"_links":{"self":[{"href":"https:\/\/semmelweis.hu\/phd\/wp-json\/wp\/v2\/pages\/65905","targetHints":{"allow":["GET"]}}],"collection":[{"href":"https:\/\/semmelweis.hu\/phd\/wp-json\/wp\/v2\/pages"}],"about":[{"href":"https:\/\/semmelweis.hu\/phd\/wp-json\/wp\/v2\/types\/page"}],"author":[{"embeddable":true,"href":"https:\/\/semmelweis.hu\/phd\/wp-json\/wp\/v2\/users\/101719"}],"replies":[{"embeddable":true,"href":"https:\/\/semmelweis.hu\/phd\/wp-json\/wp\/v2\/comments?post=65905"}],"version-history":[{"count":10,"href":"https:\/\/semmelweis.hu\/phd\/wp-json\/wp\/v2\/pages\/65905\/revisions"}],"predecessor-version":[{"id":66044,"href":"https:\/\/semmelweis.hu\/phd\/wp-json\/wp\/v2\/pages\/65905\/revisions\/66044"}],"up":[{"embeddable":true,"href":"https:\/\/semmelweis.hu\/phd\/wp-json\/wp\/v2\/pages\/15269"}],"wp:attachment":[{"href":"https:\/\/semmelweis.hu\/phd\/wp-json\/wp\/v2\/media?parent=65905"}],"wp:term":[{"taxonomy":"category","embeddable":true,"href":"https:\/\/semmelweis.hu\/phd\/wp-json\/wp\/v2\/categories?post=65905"},{"taxonomy":"post_tag","embeddable":true,"href":"https:\/\/semmelweis.hu\/phd\/wp-json\/wp\/v2\/tags?post=65905"}],"curies":[{"name":"wp","href":"https:\/\/api.w.org\/{rel}","templated":true}]}}