{"id":65695,"date":"2025-11-25T13:28:50","date_gmt":"2025-11-25T12:28:50","guid":{"rendered":"https:\/\/semmelweis.hu\/phd\/?page_id=65695"},"modified":"2026-01-22T14:06:25","modified_gmt":"2026-01-22T13:06:25","slug":"ekop-kdp-2024-egyetemi-kutatoi-osztondij-program-kooperativ-doktori-program","status":"publish","type":"page","link":"https:\/\/semmelweis.hu\/phd\/rolunk\/elnyert-palyazatok\/ekop-kdp-2024-egyetemi-kutatoi-osztondij-program-kooperativ-doktori-program\/","title":{"rendered":"EK\u00d6P-KDP-2024 &#8211; Egyetemi Kutat\u00f3i \u00d6szt\u00f6nd\u00edj Program \u2013 Kooperat\u00edv Doktori Program"},"content":{"rendered":"<h4><strong>EK\u00d6P-KDP-2024 \u2013 Egyetemi Kutat\u00f3i \u00d6szt\u00f6nd\u00edj Program \u2013 Kooperat\u00edv Doktori Program<\/strong><\/h4>\n<ul>\n<li><strong>Kedvezm\u00e9nyezett:<\/strong>\u00a0Semmelweis Egyetem<\/li>\n<li><strong>Projekt azonos\u00edt\u00f3 sz\u00e1ma r\u00f6vid\u00edtve: 2024-2.1.2-EK\u00d6P-KDP<\/strong>\u00a0a PUBLIK\u00c1CI\u00d3KON\u00a0<em>k\u00e9rj\u00fck, ezt haszn\u00e1lni az NKFIH hivatalos \u00fatmutat\u00e1sa szerint.<\/em><\/li>\n<li><strong>Projekt azonos\u00edt\u00f3 sz\u00e1ma:\u00a0<\/strong>2024-2.1.2-EK\u00d6P-KDP-2024-00002<strong><br \/>\n<\/strong><\/li>\n<li><strong>Forr\u00e1s:<\/strong>\u00a0Nemzeti Kutat\u00e1si, Fejleszt\u00e9si \u00e9s Innov\u00e1ci\u00f3s Alap<\/li>\n<li><strong>T\u00e1mogat\u00e1s \u00f6sszege:\u00a0<\/strong>617 461 707\u00a0Ft<\/li>\n<li><strong>T\u00e1mogat\u00e1s intenzit\u00e1sa:<\/strong>\u00a0100%<\/li>\n<li><strong>Projekt megval\u00f3s\u00edt\u00e1s\u00e1nak kezdete:<\/strong>\u00a02024.09.01.<\/li>\n<li><strong>Projekt fizikai befejez\u00e9se:<\/strong>\u00a02029.08.31.<\/li>\n<\/ul>\n<h5>Projekt c\u00e9lja, t\u00e1mogat\u00e1sra jogosultak k\u00f6re:<\/h5>\n<p>Az\u00a0<strong>EK\u00d6P-KDP<\/strong>\u00a0c\u00e9lja a fels\u0151oktat\u00e1si int\u00e9zm\u00e9nyek oktat\u00f3i \u00e9s kutat\u00f3i ut\u00e1np\u00f3tl\u00e1s\u00e1nak, valamint az innovat\u00edv magyar v\u00e1llalkoz\u00e1sok kutat\u00f3-fejleszt\u0151i ut\u00e1np\u00f3tl\u00e1s\u00e1nak biztos\u00edt\u00e1sa, \u00e9s a legtehets\u00e9gesebb hallgat\u00f3k a fels\u0151oktat\u00e1si tehets\u00e9ggondoz\u00e1sba val\u00f3 bevon\u00e1sa. A program 2024. \u00e9vben meghirdet\u00e9sre ker\u00fcl\u0151 \u00f6szt\u00f6nd\u00edjp\u00e1ly\u00e1zatai a fels\u0151oktat\u00e1sban r\u00e9szt vev\u0151 hallgat\u00f3i kiv\u00e1l\u00f3s\u00e1got t\u00e1mogatj\u00e1k olyan doktori k\u00e9pz\u00e9sben r\u00e9szt vev\u0151 hallgat\u00f3k t\u00e1mogat\u00e1s\u00e1val, akik a fels\u0151oktat\u00e1si int\u00e9zm\u00e9nyben eredm\u00e9nyes kutat\u00e1si \u00e9s alkot\u00f3i tev\u00e9kenys\u00e9get folytatnak \u00e9s akik doktori hallgat\u00f3i st\u00e1tuszuk mellett fels\u0151oktat\u00e1si int\u00e9zm\u00e9nyen k\u00edv\u00fcl, els\u0151sorban v\u00e1llalatokn\u00e1l v\u00e9geznek kutat\u00f3munk\u00e1t (munkaviszonyban vagy munkav\u00e9gz\u00e9sre ir\u00e1nyul\u00f3 egy\u00e9b jogviszonyban), amely el\u0151seg\u00edti tudom\u00e1nyos eredm\u00e9nyeik gyakorlati hasznosul\u00e1s\u00e1t.<\/p>\n<p>Semmelweis Egyetem p\u00e1ly\u00e1zati ki\u00edr\u00e1s \u00e9s nyertes p\u00e1ly\u00e1zatok list\u00e1ja el\u00e9rhet\u0151\u00a0<a href=\"https:\/\/semmelweis.hu\/phd\/2024\/06\/01\/ekop-kdp-2024-palyazat\/\" target=\"_blank\" rel=\"noopener\">ITT<\/a><\/p>\n<h5 style=\"text-align: center\">EK\u00d6P-KDP szakmai r\u00e9szbesz\u00e1mol\u00f3 rendezv\u00e9ny \u2013 2025.11.28.<\/h5>\n\r\n        [slb_exclude]\r\n        <div class=\"row galeria-wrapper mx-0 h-auto\">\r\n            <div class=\"col-9 pl-0 pr-2\">\r\n            <span class=\"gallery-item frame\">\r\n\t\t\t\t<div class=\"galeria-left-img\"><a href=\"https:\/\/semmelweis.hu\/phd\/files\/2026\/01\/1000000238-scaled.jpg\"><img src=https:\/\/semmelweis.hu\/phd\/files\/2026\/01\/1000000238-scaled.jpg  \r\n                            alt=\"\" \r\n                            class=\"attachment-sote-gallery-big size-sote-gallery-big\" \r\n                            srcset=\"https:\/\/semmelweis.hu\/phd\/files\/2026\/01\/1000000238-300x400.jpg 300w, https:\/\/semmelweis.hu\/phd\/files\/2026\/01\/1000000238-768x1024.jpg 768w, https:\/\/semmelweis.hu\/phd\/files\/2026\/01\/1000000238-1152x1536.jpg 1152w, https:\/\/semmelweis.hu\/phd\/files\/2026\/01\/1000000238-1536x2048.jpg 1536w, https:\/\/semmelweis.hu\/phd\/files\/2026\/01\/1000000238-753x1004.jpg 753w, https:\/\/semmelweis.hu\/phd\/files\/2026\/01\/1000000238-scaled.jpg 1920w\" ><\/a><\/div>\r\n            <\/span>\r\n\r\n            <\/div>\r\n\r\n\t\t\t<div class=\"col-3 pl-0 pr-0\">\r\n\t\t\t\t<div class=\"galeria-right-img d-flex justify-content-between flex-column h-100 w-100 px-0 mx-0 \">\r\n                <div class=\"galeria-box\">\r\n\t\t\t\t\t<h3 class=\"galeria-title\">Gal\u00e9ria<\/h3>\r\n\t\t\t\t\t<div class=\"galeria-subtitle\">\r\n\r\n\t\t\t\t\t\t<div class=\"galeria-page-counter\"><span>5<\/span>k\u00e9p<\/div>\r\n                    <\/div> <\/div>\r\n                    <span class=\"gallery-item frame d-none d-md-flex\">\r\n\t\t\t\t\t<div class=\"galeria-small-img mt-0\"><a href=\"https:\/\/semmelweis.hu\/phd\/files\/2026\/01\/1000000234-rotated.jpg\"><img src=https:\/\/semmelweis.hu\/phd\/files\/2026\/01\/1000000234-rotated.jpg \r\n                                alt=\"\"  \r\n                                class=\"attachment-sote-gallery-small size-sote-gallery-small\" \r\n                                srcset=\"https:\/\/semmelweis.hu\/phd\/files\/2026\/01\/1000000234-300x400.jpg 300w, https:\/\/semmelweis.hu\/phd\/files\/2026\/01\/1000000234-768x1024.jpg 768w, https:\/\/semmelweis.hu\/phd\/files\/2026\/01\/1000000234-1152x1536.jpg 1152w, https:\/\/semmelweis.hu\/phd\/files\/2026\/01\/1000000234-753x1004.jpg 753w, https:\/\/semmelweis.hu\/phd\/files\/2026\/01\/1000000234-rotated.jpg 1530w\" ><\/a><\/div>\r\n                    <\/span>\r\n                    <span class=\"gallery-item frame d-none d-md-flex\">\r\n\t\t\t\t\t<div class=\"galeria-small-img mt-0\"><a href=\"https:\/\/semmelweis.hu\/phd\/files\/2026\/01\/1000000236.jpg\"><img src=https:\/\/semmelweis.hu\/phd\/files\/2026\/01\/1000000236.jpg \r\n                                alt=\"\" \r\n                                class=\"attachment-sote-gallery-small size-sote-gallery-small\" \r\n                                srcset=\"https:\/\/semmelweis.hu\/phd\/files\/2026\/01\/1000000236-400x300.jpg 400w, https:\/\/semmelweis.hu\/phd\/files\/2026\/01\/1000000236-1024x768.jpg 1024w, https:\/\/semmelweis.hu\/phd\/files\/2026\/01\/1000000236-768x576.jpg 768w, https:\/\/semmelweis.hu\/phd\/files\/2026\/01\/1000000236-1536x1152.jpg 1536w, https:\/\/semmelweis.hu\/phd\/files\/2026\/01\/1000000236-753x565.jpg 753w, https:\/\/semmelweis.hu\/phd\/files\/2026\/01\/1000000236.jpg 2040w\" ><\/a><\/div>\r\n                    <\/span>\r\n\r\n                <\/div>\r\n\r\n            <\/div>\r\n\r\n            <span class=\"gallery-item\"><div class=\"hidden\"><a href=\"https:\/\/semmelweis.hu\/phd\/files\/2026\/01\/1000000235-rotated.jpg\">\r\n        <img src=https:\/\/semmelweis.hu\/phd\/files\/2026\/01\/1000000235-rotated.jpg alt=\"\" class=\"attachment-sote-gallery-big size-sote-gallery-big\" srcset=\"https:\/\/semmelweis.hu\/phd\/files\/2026\/01\/1000000235-300x400.jpg 300w, https:\/\/semmelweis.hu\/phd\/files\/2026\/01\/1000000235-768x1024.jpg 768w, https:\/\/semmelweis.hu\/phd\/files\/2026\/01\/1000000235-1152x1536.jpg 1152w, https:\/\/semmelweis.hu\/phd\/files\/2026\/01\/1000000235-753x1004.jpg 753w, https:\/\/semmelweis.hu\/phd\/files\/2026\/01\/1000000235-rotated.jpg 1530w\" >\r\n        <\/a><\/div><\/span><span class=\"gallery-item\"><div class=\"hidden\"><a href=\"https:\/\/semmelweis.hu\/phd\/files\/2026\/01\/1000000237.jpg\">\r\n        <img src=https:\/\/semmelweis.hu\/phd\/files\/2026\/01\/1000000237.jpg alt=\"\" class=\"attachment-sote-gallery-big size-sote-gallery-big\" srcset=\"https:\/\/semmelweis.hu\/phd\/files\/2026\/01\/1000000237-400x300.jpg 400w, https:\/\/semmelweis.hu\/phd\/files\/2026\/01\/1000000237-1024x768.jpg 1024w, https:\/\/semmelweis.hu\/phd\/files\/2026\/01\/1000000237-768x576.jpg 768w, https:\/\/semmelweis.hu\/phd\/files\/2026\/01\/1000000237-1536x1152.jpg 1536w, https:\/\/semmelweis.hu\/phd\/files\/2026\/01\/1000000237-753x565.jpg 753w, https:\/\/semmelweis.hu\/phd\/files\/2026\/01\/1000000237.jpg 2040w\" >\r\n        <\/a><\/div><\/span>\r\n            <\/div>\r\n\r\n            [\/slb_exclude]\r\n\t\n<h5 style=\"text-align: center\">\u00a0<\/h5>\n<p><a href=\"https:\/\/semmelweis.hu\/phd\/files\/2025\/11\/Meghivo-EKOP-KDP-2024-beszamolo-rendezveny-20251128_pdf.pdf\">Megh\u00edv\u00f3<\/a><\/p>\n<p>&nbsp;<\/p>\n<h5>SEG\u00c9DLETEK<\/h5>\n<p><a href=\"https:\/\/semmelweis.hu\/gazdalkodas-kfi\/files\/2024\/12\/EKOP-KDP-Sablon-a-havi-konzultacio-vezetesehez.docx\" target=\"_blank\" rel=\"noopener\">EK\u00d6P-KDP Sablon a havi konzult\u00e1ci\u00f3 vezet\u00e9s\u00e9hez<\/a><\/p>\n<p><a href=\"https:\/\/semmelweis.hu\/gazdalkodas-kfi\/files\/2024\/12\/EKOP-KDP-2024_11.sz_.melleklet_hallgatoi_adatvaltozas_bejelento.docx\" target=\"_blank\" rel=\"noopener\">EK\u00d6P-KDP-2024_11.sz.melleklet_hallgatoi_adatvaltozas_bejelento<\/a><\/p>\n<p><a href=\"https:\/\/semmelweis.hu\/gazdalkodas-kfi\/files\/2024\/12\/EKOP-KDP-2024-palyazati-felhivas-Semmelweis-Egyetem.pdf\" target=\"_blank\" rel=\"noopener\">EK\u00d6P-KDP-2024 p\u00e1ly\u00e1zati felh\u00edv\u00e1s Semmelweis Egyetem<\/a><\/p>\n<p><a href=\"https:\/\/semmelweis.hu\/gazdalkodas-kfi\/files\/2024\/12\/NKFIA_tajekoztatasi_nyilvanossagi_kotelezettsegek_arculati_kezikonyv2023-1.pdf\" target=\"_blank\" rel=\"noopener\">Arculati k\u00e9zik\u00f6nyv<\/a><\/p>\n<p><a href=\"https:\/\/nkfih.gov.hu\/palyazoknak\/tajekoztatasi\/nkfi-alap-grafikai\" target=\"_blank\" rel=\"noopener\">NKFIH log\u00f3k<\/a>\u00a0ZIP (12 536\u00a0KB)<\/p>\n<p><a href=\"https:\/\/tud.sze.hu\/images\/kepek\/EK%C3%96P%20log%C3%B3.zip\" target=\"_blank\" rel=\"noopener\">Egyetemi Kutat\u00f3i \u00d6szt\u00f6nd\u00edj Program log\u00f3k<\/a><\/p>\n<p><a href=\"https:\/\/semmelweis.hu\/phd\/files\/2026\/01\/EKOP-KDP-Havi-kotelezo-konzultaciok-igazololapja_2024.09.01.-2025.01.31.docx\">EK\u00d6P-KDP Havi k\u00f6telez\u0151 konzult\u00e1ci\u00f3k igazol\u00f3lapja 2024.09.01. &#8211; 2025.01.31.<\/a><\/p>\n<p><a href=\"https:\/\/semmelweis.hu\/phd\/files\/2026\/01\/EKOP-KDP-Havi-kotelezo-konzultaciok-igazololapja_2025.02.01.-2025.08.31.docx\">EK\u00d6P-KDP Havi k\u00f6telez\u0151 konzult\u00e1ci\u00f3k igazol\u00f3lapja 2025.02.01. &#8211; 2025.08.31.<\/a><\/p>\n<p><a href=\"https:\/\/semmelweis.hu\/phd\/files\/2026\/01\/EKOP-KDP-Havi-kotelezo-konzultaciok-igazololapja_2025.09.01.-2026.01.31.docx\">EK\u00d6P-KDP Havi k\u00f6telez\u0151 konzult\u00e1ci\u00f3k igazol\u00f3lapja 2025.09.01. &#8211; 2026.01.31.<\/a><\/p>\n<p><a href=\"https:\/\/semmelweis.hu\/phd\/files\/2026\/01\/EKOP-KDP-Havi-kotelezo-konzultaciok-igazololapja_2026.02.01.-2026.08.31.docx\">EK\u00d6P-KDP Havi k\u00f6telez\u0151 konzult\u00e1ci\u00f3k igazol\u00f3lapja 2026.02.01. &#8211; 2026.08.31.<\/a><\/p>\n<p><a href=\"https:\/\/semmelweis.hu\/phd\/files\/2026\/01\/EKOP-KDP-Havi-kotelezo-konzultaciok-igazololapja_2026.09.01.-2027.01.31.docx\">EK\u00d6P-KDP Havi k\u00f6telez\u0151 konzult\u00e1ci\u00f3k igazol\u00f3lapja 2026.09.01. &#8211; 2027.01.31.<\/a><\/p>\n<p><a href=\"https:\/\/semmelweis.hu\/phd\/files\/2026\/01\/EKOP-KDP-Havi-kotelezo-konzultaciok-igazololapja_2027.02.01.-2027.08.31.docx\">EK\u00d6P-KDP Havi k\u00f6telez\u0151 konzult\u00e1ci\u00f3k igazol\u00f3lapja 2027.02.01. &#8211; 2027.08.31.<\/a><\/p>\n<p><a href=\"https:\/\/semmelweis.hu\/phd\/files\/2026\/01\/EKOP-KDP-Havi-kotelezo-konzultaciok-igazololapja_2027.09.01.-2028.01.31.docx\">EK\u00d6P-KDP Havi k\u00f6telez\u0151 konzult\u00e1ci\u00f3k igazol\u00f3lapja 2027.09.01. &#8211; 2028.01.31.<\/a><\/p>\n<p><a href=\"https:\/\/semmelweis.hu\/phd\/files\/2026\/01\/EKOP-KDP-Havi-kotelezo-konzultaciok-igazololapja_2028.02.01.-2028.08.31.docx\">EK\u00d6P-KDP Havi k\u00f6telez\u0151 konzult\u00e1ci\u00f3k igazol\u00f3lapja 2028.02.01. &#8211; 2028.08.31.<\/a><\/p>\n<p><a href=\"https:\/\/semmelweis.hu\/phd\/hallgatoknak\/palyazatok-osztondijak\/ekop-kdp-palyazat\/\"><img loading=\"lazy\" decoding=\"async\" class=\"alignright wp-image-65444 size-medium\" src=\"https:\/\/semmelweis.hu\/phd\/files\/2025\/09\/NKFIA_infoblokk_kerettel_program_allo_2019_HU-400x220.png\" alt=\"\" width=\"400\" height=\"220\" srcset=\"https:\/\/semmelweis.hu\/phd\/files\/2025\/09\/NKFIA_infoblokk_kerettel_program_allo_2019_HU-400x220.png 400w, https:\/\/semmelweis.hu\/phd\/files\/2025\/09\/NKFIA_infoblokk_kerettel_program_allo_2019_HU-1024x564.png 1024w, https:\/\/semmelweis.hu\/phd\/files\/2025\/09\/NKFIA_infoblokk_kerettel_program_allo_2019_HU-768x423.png 768w, https:\/\/semmelweis.hu\/phd\/files\/2025\/09\/NKFIA_infoblokk_kerettel_program_allo_2019_HU-1536x846.png 1536w, https:\/\/semmelweis.hu\/phd\/files\/2025\/09\/NKFIA_infoblokk_kerettel_program_allo_2019_HU-2048x1128.png 2048w, https:\/\/semmelweis.hu\/phd\/files\/2025\/09\/NKFIA_infoblokk_kerettel_program_allo_2019_HU-753x415.png 753w\" sizes=\"auto, (max-width: 400px) 100vw, 400px\" \/><\/a><\/p>\n","protected":false},"excerpt":{"rendered":"<p>EK\u00d6P-KDP-2024 \u2013 Egyetemi Kutat\u00f3i \u00d6szt\u00f6nd\u00edj Program \u2013 Kooperat\u00edv Doktori Program Kedvezm\u00e9nyezett:\u00a0Semmelweis Egyetem Projekt azonos\u00edt\u00f3 sz\u00e1ma r\u00f6vid\u00edtve: 2024-2.1.2-EK\u00d6P-KDP\u00a0a PUBLIK\u00c1CI\u00d3KON\u00a0k\u00e9rj\u00fck, ezt haszn\u00e1lni az NKFIH hivatalos \u00fatmutat\u00e1sa szerint. Projekt azonos\u00edt\u00f3 sz\u00e1ma:\u00a02024-2.1.2-EK\u00d6P-KDP-2024-00002 Forr\u00e1s:\u00a0Nemzeti Kutat\u00e1si, Fejleszt\u00e9si \u00e9s Innov\u00e1ci\u00f3s Alap T\u00e1mogat\u00e1s \u00f6sszege:\u00a0617 461 707\u00a0Ft T\u00e1mogat\u00e1s intenzit\u00e1sa:\u00a0100% Projekt megval\u00f3s\u00edt\u00e1s\u00e1nak kezdete:\u00a02024.09.01. Projekt fizikai befejez\u00e9se:\u00a02029.08.31. Projekt c\u00e9lja, t\u00e1mogat\u00e1sra jogosultak k\u00f6re: Az\u00a0EK\u00d6P-KDP\u00a0c\u00e9lja a fels\u0151oktat\u00e1si int\u00e9zm\u00e9nyek &hellip;<\/p>\n","protected":false},"author":102199,"featured_media":0,"parent":65449,"menu_order":0,"comment_status":"closed","ping_status":"closed","template":"template-fullwidth.php","meta":{"_acf_changed":false,"footnotes":""},"categories":[],"tags":[],"class_list":["post-65695","page","type-page","status-publish","hentry"],"acf":[],"_links":{"self":[{"href":"https:\/\/semmelweis.hu\/phd\/wp-json\/wp\/v2\/pages\/65695","targetHints":{"allow":["GET"]}}],"collection":[{"href":"https:\/\/semmelweis.hu\/phd\/wp-json\/wp\/v2\/pages"}],"about":[{"href":"https:\/\/semmelweis.hu\/phd\/wp-json\/wp\/v2\/types\/page"}],"author":[{"embeddable":true,"href":"https:\/\/semmelweis.hu\/phd\/wp-json\/wp\/v2\/users\/102199"}],"replies":[{"embeddable":true,"href":"https:\/\/semmelweis.hu\/phd\/wp-json\/wp\/v2\/comments?post=65695"}],"version-history":[{"count":10,"href":"https:\/\/semmelweis.hu\/phd\/wp-json\/wp\/v2\/pages\/65695\/revisions"}],"predecessor-version":[{"id":66070,"href":"https:\/\/semmelweis.hu\/phd\/wp-json\/wp\/v2\/pages\/65695\/revisions\/66070"}],"up":[{"embeddable":true,"href":"https:\/\/semmelweis.hu\/phd\/wp-json\/wp\/v2\/pages\/65449"}],"wp:attachment":[{"href":"https:\/\/semmelweis.hu\/phd\/wp-json\/wp\/v2\/media?parent=65695"}],"wp:term":[{"taxonomy":"category","embeddable":true,"href":"https:\/\/semmelweis.hu\/phd\/wp-json\/wp\/v2\/categories?post=65695"},{"taxonomy":"post_tag","embeddable":true,"href":"https:\/\/semmelweis.hu\/phd\/wp-json\/wp\/v2\/tags?post=65695"}],"curies":[{"name":"wp","href":"https:\/\/api.w.org\/{rel}","templated":true}]}}