{"id":65585,"date":"2025-10-30T15:55:07","date_gmt":"2025-10-30T14:55:07","guid":{"rendered":"https:\/\/semmelweis.hu\/phd\/?page_id=65585"},"modified":"2025-11-12T12:16:56","modified_gmt":"2025-11-12T11:16:56","slug":"adatvedelmi-informaciok","status":"publish","type":"page","link":"https:\/\/semmelweis.hu\/phd\/rolunk\/adatvedelmi-informaciok\/","title":{"rendered":"Adatv\u00e9delmi inform\u00e1ci\u00f3k"},"content":{"rendered":"<h4><strong>A Doktori Iskola \u00e1ltal v\u00e9gzett szem\u00e9lyes adatkezel\u00e9ssel kapcsolatos inform\u00e1ci\u00f3k el\u00e9rhet\u0151s\u00e9ge<\/strong><\/h4>\n<p>A Doktori Iskola adatkezel\u00e9si t\u00e1j\u00e9koztat\u00f3ja:<br \/>\n<a href=\"https:\/\/semmelweis.hu\/phd\/files\/2025\/11\/adatkezelesi-tajekoztato-2025-1113.pdf\" target=\"_blank\" rel=\"noopener\">Erre a linkre kattintva let\u00f6lthet\u0151<\/a><\/p>\n<p>Az adatkezel\u0151nek\u00a0a Doktori Iskola hivatalvezet\u0151j\u00e9nek k\u00f6zvetlen al\u00e1rendelts\u00e9g\u00e9ben m\u0171k\u00f6d\u0151 munkat\u00e1rsak feladataival \u00f6sszef\u00fcgg\u0151 adatkezel\u00e9sekkel kapcsolatos inform\u00e1ci\u00f3k el\u00e9rhet\u0151s\u00e9ge:<br \/>\n<a href=\"https:\/\/semmelweis.hu\/phd\/files\/2025\/10\/Adatvedelem_PhD_kepzes_1113_v2.xlsx\" target=\"_blank\" rel=\"noopener\">Erre a linkre kattintva let\u00f6lthet\u0151<\/a><\/p>\n","protected":false},"excerpt":{"rendered":"<p>A Doktori Iskola \u00e1ltal v\u00e9gzett szem\u00e9lyes adatkezel\u00e9ssel kapcsolatos inform\u00e1ci\u00f3k el\u00e9rhet\u0151s\u00e9ge<br \/>\nA Doktori Iskola adatkezel\u00e9si t\u00e1j\u00e9koztat\u00f3ja:<br \/>\n<a href=\"https:\/\/semmelweis.hu\/phd\/files\/2025\/11\/adatkezelesi-tajekoztato-2025-1113.pdf\" target=\"_blank\" rel=\"noopener\">Erre a linkre kattintva let\u00f6lthet\u0151<\/a><br \/>\nAz adatkezel\u0151nek\u00a0a Doktori Iskola hivatalvezet\u0151j\u00e9nek k\u00f6zvetlen al\u00e1rendelts\u00e9g\u00e9ben m\u0171k\u00f6d\u0151 munkat\u00e1rsak feladataival \u00f6sszef\u00fcgg\u0151 adatkezel\u00e9sekkel kapcsolatos inform\u00e1ci\u00f3k el\u00e9rhet\u0151s\u00e9ge:<br \/>\n<a href=\"https:\/\/semmelweis.hu\/phd\/files\/2025\/10\/Adatvedelem_PhD_kepzes_1113_v2.xlsx\" target=\"_blank\" rel=\"noopener\">Erre a linkre kattintva let\u00f6lthet\u0151<\/a><\/p>\n","protected":false},"author":102199,"featured_media":0,"parent":18490,"menu_order":14,"comment_status":"closed","ping_status":"closed","template":"template-fullwidth.php","meta":{"_acf_changed":false,"footnotes":""},"categories":[],"tags":[],"class_list":["post-65585","page","type-page","status-publish","hentry"],"acf":[],"_links":{"self":[{"href":"https:\/\/semmelweis.hu\/phd\/wp-json\/wp\/v2\/pages\/65585","targetHints":{"allow":["GET"]}}],"collection":[{"href":"https:\/\/semmelweis.hu\/phd\/wp-json\/wp\/v2\/pages"}],"about":[{"href":"https:\/\/semmelweis.hu\/phd\/wp-json\/wp\/v2\/types\/page"}],"author":[{"embeddable":true,"href":"https:\/\/semmelweis.hu\/phd\/wp-json\/wp\/v2\/users\/102199"}],"replies":[{"embeddable":true,"href":"https:\/\/semmelweis.hu\/phd\/wp-json\/wp\/v2\/comments?post=65585"}],"version-history":[{"count":6,"href":"https:\/\/semmelweis.hu\/phd\/wp-json\/wp\/v2\/pages\/65585\/revisions"}],"predecessor-version":[{"id":65643,"href":"https:\/\/semmelweis.hu\/phd\/wp-json\/wp\/v2\/pages\/65585\/revisions\/65643"}],"up":[{"embeddable":true,"href":"https:\/\/semmelweis.hu\/phd\/wp-json\/wp\/v2\/pages\/18490"}],"wp:attachment":[{"href":"https:\/\/semmelweis.hu\/phd\/wp-json\/wp\/v2\/media?parent=65585"}],"wp:term":[{"taxonomy":"category","embeddable":true,"href":"https:\/\/semmelweis.hu\/phd\/wp-json\/wp\/v2\/categories?post=65585"},{"taxonomy":"post_tag","embeddable":true,"href":"https:\/\/semmelweis.hu\/phd\/wp-json\/wp\/v2\/tags?post=65585"}],"curies":[{"name":"wp","href":"https:\/\/api.w.org\/{rel}","templated":true}]}}