{"id":64292,"date":"2025-02-21T11:27:57","date_gmt":"2025-02-21T10:27:57","guid":{"rendered":"https:\/\/semmelweis.hu\/phd\/?page_id=64292"},"modified":"2026-02-23T12:30:28","modified_gmt":"2026-02-23T11:30:28","slug":"doktori-palyazati-bizottsag","status":"publish","type":"page","link":"https:\/\/semmelweis.hu\/phd\/rolunk\/bizottsagok\/doktori-palyazati-bizottsag\/","title":{"rendered":"Doktori P\u00e1ly\u00e1zati Bizotts\u00e1g"},"content":{"rendered":"<div class=\"fontos_div\" style=\"text-align: left\"><strong>Az DPB feladata \u00e9s hat\u00e1sk\u00f6re<\/strong><\/div>\n<div>\n<p>A Doktori P\u00e1ly\u00e1zati Bizotts\u00e1g a Doktori Iskola hat\u00e1sk\u00f6r\u00e9be tartoz\u00f3, \u00a0a honlapon megjelentetett p\u00e1ly\u00e1zatokr\u00f3l d\u00f6nt:<\/p>\n<p><a href=\"https:\/\/semmelweis.hu\/phd\/hallgatoknak\/palyazatok-osztondijak\/\">https:\/\/semmelweis.hu\/phd\/hallgatoknak\/palyazatok-osztondijak\/<\/a><\/p>\n<\/div>\n<div>\n<hr \/>\n<\/div>\n<div class=\"fontos_div\"><strong>A Doktori Tan\u00e1cs eln\u00f6ke d\u00f6nt\u00e9si jogk\u00f6rrel<br \/>\n<\/strong>Dr. Beny\u00f3 Zolt\u00e1n<\/div>\n<hr \/>\n<div class=\"fontos_div\">\n<p><strong>A Doktori Tan\u00e1cs eln\u00f6khelyettese d\u00f6nt\u00e9si jogk\u00f6rrel<br \/>\n<\/strong>Dr. T\u00edm\u00e1r J\u00f3zsef<\/p>\n<\/div>\n<hr \/>\n<div class=\"fontos_div\">\n<p><strong>A P\u00e1ly\u00e1zati Bizotts\u00e1g titk\u00e1ra d\u00f6nt\u00e9si jogk\u00f6rrel<br \/>\n<\/strong>Dr. Ivanics Tam\u00e1s<\/p>\n<\/div>\n<hr \/>\n<div class=\"fontos_div\">\n<p><strong>A Doktori Tagozatok \u00e1ltal deleg\u00e1lt tagok d\u00f6nt\u00e9si jogk\u00f6rrel<br \/>\n<\/strong><\/p>\n<p>Dr. Jedlovszky-Hajd\u00fa Ang\u00e9la<\/p>\n<p>Dr. Kosztin Annam\u00e1ria<\/p>\n<p>Dr. M\u00e1rton Krisztina<\/p>\n<p>Dr. F\u00fcl\u00f6p Andr\u00e1s<\/p>\n<p>Dr. Hossz\u00fa \u00c1d\u00e1m<\/p>\n<p>Dr. B\u00f3dizs R\u00f3bert\u00a0<\/p>\n<p>Dr. Zelk\u00f3 Rom\u00e1na<\/p>\n<p>Dr. Lenti Katalin<\/p>\n<p>Dr. Fekete Csaba<\/p>\n<p>Dr. V\u00e1rnai P\u00e9ter<\/p>\n<p>Dr. Sebesty\u00e9n Anna<\/p>\n<\/div>\n<hr \/>\n<div class=\"fontos_div\">\n<p><strong>A Doktorandusz Hallgat\u00f3i \u00d6nkorm\u00e1nyzat eln\u00f6ke d\u00f6nt\u00e9si jogk\u00f6rrel<br \/>\n<\/strong>Dr. Kreuter Patrik<\/p>\n<p>Dr. V\u00e1mosi P\u00e9ter<\/p>\n<\/div>\n<hr \/>\n<div class=\"fontos_div\">\n<p><strong>A Tudom\u00e1nyos \u00e9s Innov\u00e1ci\u00f3s Rektorhelyettesi \u00e9s \u00dczletfejleszt\u00e9si K\u00f6zpont igazgat\u00f3ja d\u00f6nt\u00e9si jogk\u00f6rrel<br \/>\n<\/strong>Dr. Papp Ren\u00e1ta<\/p>\n<\/div>\n<hr \/>\n<div class=\"fontos_div\">\n<p><strong>A Doktori Hivatal p\u00e1ly\u00e1zati szak\u00e9rt\u0151je v\u00e9lem\u00e9nyez\u00e9si jogk\u00f6rrel<br \/>\n<\/strong>Csorba-J\u00f3n\u00e1s Csilla<\/p>\n<\/div>\n<hr \/>\n<div class=\"fontos_div\">\n<p><strong>A Doktor Iskola Gazdas\u00e1gi Hivatalvezet\u0151je v\u00e9lem\u00e9nyez\u00e9si jogk\u00f6rrel<br \/>\n<\/strong>Bir\u00f3 Aliz<\/p>\n<\/div>\n<hr \/>\n<p>&nbsp;<\/p>\n","protected":false},"excerpt":{"rendered":"<p>Az DPB feladata \u00e9s hat\u00e1sk\u00f6re A Doktori P\u00e1ly\u00e1zati Bizotts\u00e1g a Doktori Iskola hat\u00e1sk\u00f6r\u00e9be tartoz\u00f3, \u00a0a honlapon megjelentetett p\u00e1ly\u00e1zatokr\u00f3l d\u00f6nt: <a href=\"https:\/\/semmelweis.hu\/phd\/hallgatoknak\/palyazatok-osztondijak\/\">https:\/\/semmelweis.hu\/phd\/hallgatoknak\/palyazatok-osztondijak\/<\/a> A Doktori Tan\u00e1cs eln\u00f6ke d\u00f6nt\u00e9si jogk\u00f6rrel Dr. Beny\u00f3 Zolt\u00e1n A Doktori Tan\u00e1cs eln\u00f6khelyettese d\u00f6nt\u00e9si jogk\u00f6rrel Dr. T\u00edm\u00e1r J\u00f3zsef A P\u00e1ly\u00e1zati Bizotts\u00e1g titk\u00e1ra d\u00f6nt\u00e9si jogk\u00f6rrel Dr. Ivanics Tam\u00e1s A Doktori Tagozatok \u00e1ltal deleg\u00e1lt tagok d\u00f6nt\u00e9si jogk\u00f6rrel Dr. &hellip;<\/p>\n","protected":false},"author":102199,"featured_media":0,"parent":176,"menu_order":0,"comment_status":"closed","ping_status":"closed","template":"template-fullwidth.php","meta":{"_acf_changed":false,"footnotes":""},"categories":[],"tags":[],"class_list":["post-64292","page","type-page","status-publish","hentry"],"acf":[],"_links":{"self":[{"href":"https:\/\/semmelweis.hu\/phd\/wp-json\/wp\/v2\/pages\/64292","targetHints":{"allow":["GET"]}}],"collection":[{"href":"https:\/\/semmelweis.hu\/phd\/wp-json\/wp\/v2\/pages"}],"about":[{"href":"https:\/\/semmelweis.hu\/phd\/wp-json\/wp\/v2\/types\/page"}],"author":[{"embeddable":true,"href":"https:\/\/semmelweis.hu\/phd\/wp-json\/wp\/v2\/users\/102199"}],"replies":[{"embeddable":true,"href":"https:\/\/semmelweis.hu\/phd\/wp-json\/wp\/v2\/comments?post=64292"}],"version-history":[{"count":7,"href":"https:\/\/semmelweis.hu\/phd\/wp-json\/wp\/v2\/pages\/64292\/revisions"}],"predecessor-version":[{"id":66289,"href":"https:\/\/semmelweis.hu\/phd\/wp-json\/wp\/v2\/pages\/64292\/revisions\/66289"}],"up":[{"embeddable":true,"href":"https:\/\/semmelweis.hu\/phd\/wp-json\/wp\/v2\/pages\/176"}],"wp:attachment":[{"href":"https:\/\/semmelweis.hu\/phd\/wp-json\/wp\/v2\/media?parent=64292"}],"wp:term":[{"taxonomy":"category","embeddable":true,"href":"https:\/\/semmelweis.hu\/phd\/wp-json\/wp\/v2\/categories?post=64292"},{"taxonomy":"post_tag","embeddable":true,"href":"https:\/\/semmelweis.hu\/phd\/wp-json\/wp\/v2\/tags?post=64292"}],"curies":[{"name":"wp","href":"https:\/\/api.w.org\/{rel}","templated":true}]}}