{"id":64050,"date":"2025-01-07T12:59:34","date_gmt":"2025-01-07T11:59:34","guid":{"rendered":"https:\/\/semmelweis.hu\/phd\/?page_id=64050"},"modified":"2026-01-27T13:04:30","modified_gmt":"2026-01-27T12:04:30","slug":"palyazat-egyetemi-tamogatasra-a-doktori-kepzes-idejenek-nyugdijjogosultsagi-szolgalati-idobe-valo-beszamitasahoz","status":"publish","type":"page","link":"https:\/\/semmelweis.hu\/phd\/hallgatoknak\/palyazatok-osztondijak\/palyazat-egyetemi-tamogatasra-a-doktori-kepzes-idejenek-nyugdijjogosultsagi-szolgalati-idobe-valo-beszamitasahoz\/","title":{"rendered":"P\u00e1ly\u00e1zat egyetemi t\u00e1mogat\u00e1sra a doktori k\u00e9pz\u00e9s idej\u00e9nek nyugd\u00edjjogosults\u00e1gi szolg\u00e1lati id\u0151be val\u00f3 besz\u00e1m\u00edt\u00e1s\u00e1hoz"},"content":{"rendered":"<div class=\"keretes w-100\">\n<h4><strong>P\u00c1LY\u00c1ZAT EGYETEMI T\u00c1MOGAT\u00c1SRA A DOKTORI K\u00c9PZ\u00c9S IDEJ\u00c9NEK NYUGD\u00cdJJOGOSULTS\u00c1GI SZOLG\u00c1LATI ID\u0150BE VAL\u00d3 BESZ\u00c1M\u00cdT\u00c1S\u00c1HOZ<\/strong><\/h4>\n<p>A Semmelweis Egyetem elk\u00f6telezett az int\u00e9zm\u00e9ny tudom\u00e1nyos teljes\u00edtm\u00e9nye \u00e9s oktat\u00f3i\/kutat\u00f3i ut\u00e1np\u00f3tl\u00e1sa szempontj\u00e1b\u00f3l meghat\u00e1roz\u00f3 jelent\u0151s\u00e9g\u0171 doktori (PhD) k\u00e9pz\u00e9sben r\u00e9szt vev\u0151 hallgat\u00f3k t\u00e1mogat\u00e1s\u00e1ban. Ennek szellem\u00e9ben az Egyetem p\u00e1ly\u00e1zati alapon \u00e1tv\u00e1llalja a doktori k\u00e9pz\u00e9sben r\u00e9szt vev\u0151 hallgat\u00f3k sz\u00e1m\u00e1ra a t\u00e1rsadalombiztos\u00edt\u00e1s ell\u00e1t\u00e1saira jogosultakr\u00f3l, valamint ezen ell\u00e1t\u00e1sok fedezet\u00e9r\u0151l sz\u00f3l\u00f3 2019. \u00e9vi CXXII. t\u00f6rv\u00e9ny 48. \u00a7 (4) bekezd\u00e9s a) pontja szerinti, szolg\u00e1lati id\u0151 szerz\u00e9se c\u00e9lj\u00e1b\u00f3l k\u00f6t\u00f6tt meg\u00e1llapod\u00e1s alapj\u00e1n fizetend\u0151 nyugd\u00edjj\u00e1rul\u00e9k megfizet\u00e9s\u00e9t abb\u00f3l a c\u00e9lb\u00f3l, hogy ez\u00e1ltal a doktori k\u00e9pz\u00e9s ideje besz\u00e1m\u00edtson a nyugd\u00edjjogosults\u00e1ghoz sz\u00fcks\u00e9ges szolg\u00e1lati id\u0151be.<\/p>\n<\/div>\n<p>Jelen p\u00e1ly\u00e1zat keret\u00e9ben 2024. janu\u00e1r 1-t\u0151l 2024. december 31-ig lehet ig\u00e9nyelni a t\u00e1mogat\u00e1st.\u00a0<\/p>\n<p>Az \u00e9rintett tan\u00e9vek a k\u00f6vetkez\u0151ek:<\/p>\n<ul>\n<li>janu\u00e1r 1-31. k\u00f6z\u00f6tti id\u0151szakra (2023\/2024. tan\u00e9v I. szemeszter utols\u00f3 h\u00f3napja),<\/li>\n<li>febru\u00e1r 1-augusztus 31. k\u00f6z\u00f6tti id\u0151szakra (2023\/2024. tan\u00e9v II. szemesztere) \u00e9s<\/li>\n<li>szeptember 1. \u2013 2024. december 31. k\u00f6z\u00f6tti id\u0151szakra (2024\/2025. tan\u00e9v I. szemeszter els\u0151 h\u00e1rom h\u00f3napja) lehet ig\u00e9nyelni a t\u00e1mogat\u00e1st.<\/li>\n<\/ul>\n<p><span style=\"color: #ff0000\"><strong>Aki a fenti id\u0151szak csak egy r\u00e9sz\u00e9ben rendelkezett akt\u00edv PhD-jogviszonnyal, az csak az akt\u00edv jogviszony id\u0151szak\u00e1ra p\u00e1ly\u00e1zhat!<\/strong><\/span><\/p>\n<p>A t\u00e1mogat\u00e1sra azok a <strong>magyar \u00e1llampolg\u00e1rok<\/strong> p\u00e1ly\u00e1zhatnak, akik a megp\u00e1ly\u00e1zott id\u0151szakra vonatkoz\u00f3an:<\/p>\n<ul>\n<li>akt\u00edv, k\u00e9pz\u00e9ses PhD hallgat\u00f3i vagy egy\u00e9ni fokozatszerz\u0151 MD-PhD jogviszonnyal rendelkeztek, \u00e9s<\/li>\n<li>nem \u00e1lltak t\u00e1rsadalombiztos\u00edt\u00e1si k\u00f6telezetts\u00e9ggel j\u00e1r\u00f3 jogviszonyban, vagy r\u00e1juk a biztos\u00edt\u00e1s nem terjed ki, illetve ha a biztos\u00edt\u00e1suk sz\u00fcnetel (pl. fizet\u00e9s n\u00e9lk\u00fcli szabads\u00e1g miatt).<\/li>\n<\/ul>\n<p>A p\u00e1ly\u00e1zati \u0171rlapon a biztos\u00edt\u00e1si jogviszonnyal kapcsolatos nyilatkozat megt\u00e9tel\u00e9hez a magyarorszag.hu fel\u00fcleten el\u00e9rhet\u0151 biztos\u00edtotti jogviszony lek\u00e9rdez\u00e9s seg\u00edts\u00e9g\u00fcl szolg\u00e1l, melyhez technikai \u00fatmutat\u00f3 jelen p\u00e1ly\u00e1zati felh\u00edv\u00e1s <a href=\"https:\/\/semmelweis.hu\/phd\/files\/2024\/11\/Biztositotti-Jogviszony-Lekerdezese-utmutato_rp.pdf\">mell\u00e9klet\u00e9ben<\/a> tal\u00e1lhat\u00f3.<\/p>\n<p>A p\u00e1ly\u00e1zati \u0171rlapon a biztos\u00edt\u00e1si jogviszonnyal kapcsolatos nyilatkozat megt\u00e9tel\u00e9hez a magyarorszag.hu fel\u00fcleten el\u00e9rhet\u0151 biztos\u00edtotti jogviszony lek\u00e9rdez\u00e9s seg\u00edts\u00e9g\u00fcl szolg\u00e1l, melyhez technikai \u00fatmutat\u00f3 jelen p\u00e1ly\u00e1zati felh\u00edv\u00e1s\u00a0<a href=\"https:\/\/semmelweis.hu\/phd\/files\/2024\/11\/Biztositotti-Jogviszony-Lekerdezese-utmutato_rp.pdf\">mell\u00e9klet\u00e9ben<\/a>\u00a0tal\u00e1lhat\u00f3.<\/p>\n<p>A p\u00e1ly\u00e1zatok az al\u00e1bbi szempontok szerint ker\u00fclnek elb\u00edr\u00e1l\u00e1sra (<a href=\"https:\/\/semmelweis.hu\/phd\/files\/2024\/11\/Pontozasi-rendszer_Nyugdijjogosultsag_2024.docx\">l. mell\u00e9klet<\/a>):<\/p>\n<p><strong>1. Kiv\u00e1l\u00f3 tudom\u00e1nyos teljes\u00edtm\u00e9ny <\/strong>(a szerezhet\u0151 pontok 70 %-a)<\/p>\n<p><u>komplex vizsga el\u0151tt \u00e1ll\u00f3 hallgat\u00f3k eset\u00e9ben:<\/u><\/p>\n<ul>\n<li>OTDK d\u00edjaz\u00e1s<\/li>\n<li>nemzetk\u00f6zi konferencia absztrakt<\/li>\n<li>legal\u00e1bb Q1 besorol\u00e1s\u00fa k\u00f6zlem\u00e9nyek<\/li>\n<li>k\u00f6zlem\u00e9nyekre kapott cit\u00e1ci\u00f3k<\/li>\n<\/ul>\n<p><u>komplex vizsga ut\u00e1n \u00e1ll\u00f3 hallgat\u00f3k eset\u00e9ben:<\/u><\/p>\n<ul>\n<li>legal\u00e1bb Q1 besorol\u00e1s\u00fa k\u00f6zlem\u00e9nyek<\/li>\n<li>k\u00f6zlem\u00e9nyekre kapott cit\u00e1ci\u00f3k<\/li>\n<\/ul>\n<p><strong>2. Oktat\u00e1si tev\u00e9kenys\u00e9g <\/strong>(a szerezhet\u0151 pontok 30 %-a)<\/p>\n<p><u>A p\u00e1ly\u00e1zathoz beny\u00fajtand\u00f3<\/u><\/p>\n<ul>\n<li><a href=\"https:\/\/semmelweis.hu\/phd\/files\/2025\/02\/Palyazati-urlap_Nyugdijjogosultsag_202502.docx\">p\u00e1ly\u00e1zati \u0171rlap<\/a><\/li>\n<li>r\u00f6vid szakmai \u00f6n\u00e9letrajz;<\/li>\n<li>MTMT-b\u0151l kinyomtatott, a K\u00f6zponti K\u00f6nyvt\u00e1r \u00e1ltal hiteles\u00edtett publik\u00e1ci\u00f3s jegyz\u00e9k az impakt faktor*, cit\u00e1ci\u00f3k \u00e9s a foly\u00f3iratok rangsorol\u00e1s\u00e1nak (SCImago ranking alapj\u00e1n: D1, Q1, Q2, Q3, Q4) felt\u00fcntet\u00e9s\u00e9vel;<\/li>\n<li>m\u00e1r elfogadott, de az MTMT-ben m\u00e9g nem szerepl\u0151 k\u00f6zlem\u00e9nyek eset\u00e9n az elfogad\u00e1st igazol\u00f3 lev\u00e9l \u00e9s a cikk c\u00edmoldal\u00e1nak m\u00e1solata;<\/li>\n<li>nemzetk\u00f6zi konferencia absztrakt absztraktk\u00f6nyvb\u0151l kim\u00e1solt \u2013 vagy online fel\u00fcletr\u0151l let\u00f6lt\u00f6tt \u2013 m\u00e1solata (csak komplex vizsga el\u0151tt \u00e1ll\u00f3 hallgat\u00f3knak sz\u00fcks\u00e9ges);<\/li>\n<li>OTDK d\u00edjaz\u00e1st igazol\u00f3 oklev\u00e9l m\u00e1solata (csak komplex vizsga el\u0151tt \u00e1ll\u00f3 hallgat\u00f3knak sz\u00fcks\u00e9ges).<\/li>\n<li>A csatolt adatkezel\u00e9si <a href=\"https:\/\/semmelweis.hu\/phd\/files\/2025\/02\/Adatkezelesi-hozzajarulo-nyilatkozat-Doktoranduszok.docx\"><strong>hozz\u00e1j\u00e1rul\u00f3 nyilatkozat \u00e9s meghatalmaz\u00e1s eredetiben<\/strong><\/a><\/li>\n<li>Az al\u00e1bbi szem\u00e9lyes dokumentumok m\u00e1solatai:<\/li>\n<li>\n<ul>\n<li>szem\u00e9lyazonos\u00edt\u00f3 igazolv\u00e1ny mindk\u00e9t oldala<\/li>\n<li>lakc\u00edmet igazol\u00f3 hat\u00f3s\u00e1gi igazolv\u00e1ny lakc\u00edmet tartalmaz\u00f3 oldala<\/li>\n<li>hat\u00f3s\u00e1gi igazolv\u00e1ny a t\u00e1rsadalombiztos\u00edt\u00e1si azonos\u00edt\u00f3 jelr\u0151l (TAJ k\u00e1rtya)<\/li>\n<li>ad\u00f3igazolv\u00e1ny (ad\u00f3azonos\u00edt\u00f3 jel)<\/li>\n<li>amennyiben rendelkezik mag\u00e1nnyugd\u00edjp\u00e9nzt\u00e1ri tags\u00e1ggal, a mag\u00e1nnyugd\u00edj p\u00e9nzt\u00e1r azonos\u00edt\u00f3j\u00e1t adja meg<\/li>\n<\/ul>\n<\/li>\n<\/ul>\n<p>A p\u00e1ly\u00e1zatok egy pdf file-ba \u00f6sszeszerkesztve, a t\u00e1rgyban a p\u00e1ly\u00e1z\u00f3 nev\u00e9t megadva, az\u00a0<a href=\"mailto:phd.palyazatok@semmelweis.hu\">phd.palyazatok@semmelweis.hu<\/a>\u00a0e-mail c\u00edmre ny\u00fajtand\u00f3k be\u00a0<strong>2025. febru\u00e1r 23-ig<\/strong>\u00a0(a t\u00e1rgyban k\u00e9rj\u00fck a p\u00e1ly\u00e1z\u00f3 neve ker\u00fclj\u00f6n felt\u00fcntet\u00e9sre).<\/p>\n<p>A p\u00e1ly\u00e1zat befogad\u00e1s\u00e1r\u00f3l a p\u00e1ly\u00e1z\u00f3k 5 munkanapon bel\u00fcl e-mail-en visszajelz\u00e9st kapnak.\u00a0<strong>A p\u00e1ly\u00e1zatok eredm\u00e9ny\u00e9r\u0151l a p\u00e1ly\u00e1z\u00f3k e-mailen kapnak \u00e9rtes\u00edt\u00e9st.<\/strong><\/p>\n<p><span style=\"color: #ff0000\"><strong>Hat\u00e1rid\u0151 ut\u00e1n megk\u00fcld\u00f6tt p\u00e1ly\u00e1zatot nem \u00e1ll m\u00f3dunkban befogadni. Szeretn\u00e9nk felh\u00edvni a p\u00e1ly\u00e1z\u00f3k figyelm\u00e9t, hogy a p\u00e1ly\u00e1zati dokument\u00e1ci\u00f3ban val\u00f3tlan adatok k\u00f6zl\u00e9se kiz\u00e1r\u00e1st von maga ut\u00e1n az \u00f6sszes Doktori Iskola \u00e1ltal meghirdetett p\u00e1ly\u00e1zatra.<\/strong><\/span><\/p>\n<p><strong>\u00a0<\/strong><\/p>\n","protected":false},"excerpt":{"rendered":"<p>Jelentkez\u00e9si hat\u00e1rid\u0151<\/p>\n","protected":false},"author":102199,"featured_media":0,"parent":15269,"menu_order":0,"comment_status":"closed","ping_status":"closed","template":"template-fullwidth.php","meta":{"_acf_changed":false,"footnotes":""},"categories":[],"tags":[],"class_list":["post-64050","page","type-page","status-publish","hentry"],"acf":[],"_links":{"self":[{"href":"https:\/\/semmelweis.hu\/phd\/wp-json\/wp\/v2\/pages\/64050","targetHints":{"allow":["GET"]}}],"collection":[{"href":"https:\/\/semmelweis.hu\/phd\/wp-json\/wp\/v2\/pages"}],"about":[{"href":"https:\/\/semmelweis.hu\/phd\/wp-json\/wp\/v2\/types\/page"}],"author":[{"embeddable":true,"href":"https:\/\/semmelweis.hu\/phd\/wp-json\/wp\/v2\/users\/102199"}],"replies":[{"embeddable":true,"href":"https:\/\/semmelweis.hu\/phd\/wp-json\/wp\/v2\/comments?post=64050"}],"version-history":[{"count":8,"href":"https:\/\/semmelweis.hu\/phd\/wp-json\/wp\/v2\/pages\/64050\/revisions"}],"predecessor-version":[{"id":66105,"href":"https:\/\/semmelweis.hu\/phd\/wp-json\/wp\/v2\/pages\/64050\/revisions\/66105"}],"up":[{"embeddable":true,"href":"https:\/\/semmelweis.hu\/phd\/wp-json\/wp\/v2\/pages\/15269"}],"wp:attachment":[{"href":"https:\/\/semmelweis.hu\/phd\/wp-json\/wp\/v2\/media?parent=64050"}],"wp:term":[{"taxonomy":"category","embeddable":true,"href":"https:\/\/semmelweis.hu\/phd\/wp-json\/wp\/v2\/categories?post=64050"},{"taxonomy":"post_tag","embeddable":true,"href":"https:\/\/semmelweis.hu\/phd\/wp-json\/wp\/v2\/tags?post=64050"}],"curies":[{"name":"wp","href":"https:\/\/api.w.org\/{rel}","templated":true}]}}