{"id":63824,"date":"2024-11-02T14:13:00","date_gmt":"2024-11-02T13:13:00","guid":{"rendered":"https:\/\/semmelweis.hu\/phd\/?page_id=63824"},"modified":"2024-11-15T16:57:15","modified_gmt":"2024-11-15T15:57:15","slug":"molecular-topics","status":"publish","type":"page","link":"https:\/\/semmelweis.hu\/phd\/en\/doctoral-divisions\/molecular-medicine-division\/molecular-topics\/","title":{"rendered":"Topics of the Molecular Medicine Division"},"content":{"rendered":"\n<table id=\"tablepress-20\" class=\"tablepress tablepress-id-20\">\n<thead>\n<tr class=\"row-1\">\n\t<th class=\"column-1\">Research topic<\/th><th class=\"column-2\">Supervisor<\/th><th class=\"column-3\">E-mail address<\/th><th class=\"column-4\">Program<\/th>\n<\/tr>\n<\/thead>\n<tbody class=\"row-striping row-hover\">\n<tr class=\"row-2\">\n\t<td class=\"column-1\">Investigation of the biased agonism of the angiotensin receptor<\/td><td class=\"column-2\">Balla Andr\u00e1s<\/td><td class=\"column-3\">balla.andras@semmelweis.hu<\/td><td class=\"column-4\">Cellular and Molecular Physiology<\/td>\n<\/tr>\n<tr class=\"row-3\">\n\t<td class=\"column-1\">Biophysical and pharmacologycal study of ion channels<\/td><td class=\"column-2\">Bart\u00f3k \u00c1d\u00e1m<\/td><td class=\"column-3\">bartok.adam@semmelweis.hu<\/td><td class=\"column-4\">Cellular and Molecular Physiology<\/td>\n<\/tr>\n<tr class=\"row-4\">\n\t<td class=\"column-1\">Biophysical and pharmacological study of the TRPM2 and CFTR channels to identify novel therapeutic approaches<\/td><td class=\"column-2\">Bart\u00f3k \u00c1d\u00e1m<\/td><td class=\"column-3\">bartok.adam@semmelweis.hu<\/td><td class=\"column-4\">Cellular and Molecular Physiology<\/td>\n<\/tr>\n<tr class=\"row-5\">\n\t<td class=\"column-1\">Investigation of the structure-function relationship of TrpM2 and CFTR ion channels<\/td><td class=\"column-2\">Csan\u00e1dy L\u00e1szl\u00f3<\/td><td class=\"column-3\">csanady.laszlo@semmelweis.hu<\/td><td class=\"column-4\">Cellular and Molecular Physiology<\/td>\n<\/tr>\n<tr class=\"row-6\">\n\t<td class=\"column-1\">Role of GTPase activating proteins in regulation of inflammation<\/td><td class=\"column-2\">Cs\u00e9p\u00e1nyi-K\u00f6mi Roland<\/td><td class=\"column-3\">csepanyi-komi.roland@semmelweis.hu<\/td><td class=\"column-4\">Cellular and Molecular Physiology<\/td>\n<\/tr>\n<tr class=\"row-7\">\n\t<td class=\"column-1\">Studying inflammatory mechanisms during tissue damage<\/td><td class=\"column-2\">Enyedi Bal\u00e1zs<\/td><td class=\"column-3\">enyedi.balazs@semmelweis.hu<\/td><td class=\"column-4\">Cellular and Molecular Physiology<\/td>\n<\/tr>\n<tr class=\"row-8\">\n\t<td class=\"column-1\">Receptor mediated regulation of 2P type potassium channels<\/td><td class=\"column-2\">Enyedi P\u00e9ter<\/td><td class=\"column-3\">enyedi.peter@semmelweis.hu<\/td><td class=\"column-4\">Cellular and Molecular Physiology<\/td>\n<\/tr>\n<tr class=\"row-9\">\n\t<td class=\"column-1\">Investigation of reactive oxygen producing enzymes in mammalian cells<\/td><td class=\"column-2\">Geiszt Mikl\u00f3s<\/td><td class=\"column-3\">geiszt.miklos@semmelweis.hu<\/td><td class=\"column-4\">Cellular and Molecular Physiology<\/td>\n<\/tr>\n<tr class=\"row-10\">\n\t<td class=\"column-1\">Dechipering the molecular mechanisms of osteoclast activation during bone metastasis formation<\/td><td class=\"column-2\">Gy\u0151ri D\u00e1vid S\u00e1ndor<\/td><td class=\"column-3\">gyori.david@semmelweis.hu<\/td><td class=\"column-4\">Cellular and Molecular Physiology<\/td>\n<\/tr>\n<tr class=\"row-11\">\n\t<td class=\"column-1\">Molecular bases of angiotensin receptor function<\/td><td class=\"column-2\">Hunyady L\u00e1szl\u00f3<\/td><td class=\"column-3\">hunyady.laszlo@gmail.com<\/td><td class=\"column-4\">Cellular and Molecular Physiology<\/td>\n<\/tr>\n<tr class=\"row-12\">\n\t<td class=\"column-1\">Regulation of G protein-coupled receptors<\/td><td class=\"column-2\">Hunyady L\u00e1szl\u00f3<\/td><td class=\"column-3\">hunyady.laszlo@gmail.com<\/td><td class=\"column-4\">Cellular and Molecular Physiology<\/td>\n<\/tr>\n<tr class=\"row-13\">\n\t<td class=\"column-1\">Pathophysiology and clinical approach to sepsis<\/td><td class=\"column-2\">Iv\u00e1nyi Zsolt<\/td><td class=\"column-3\">ivanyizs@gmail.com<\/td><td class=\"column-4\">Cellular and Molecular Physiology<\/td>\n<\/tr>\n<tr class=\"row-14\">\n\t<td class=\"column-1\">Development and function of the lymphatic system<\/td><td class=\"column-2\">Jakus Zolt\u00e1n P\u00e9ter<\/td><td class=\"column-3\">jakus.zoltan@semmelweis.hu<\/td><td class=\"column-4\">Cellular and Molecular Physiology<\/td>\n<\/tr>\n<tr class=\"row-15\">\n\t<td class=\"column-1\">Identification of novel regulators of pigmentation<\/td><td class=\"column-2\">Kem\u00e9ny Lajos<\/td><td class=\"column-3\">kemeny.lajos@semmelweis.hu<\/td><td class=\"column-4\">Cellular and Molecular Physiology<\/td>\n<\/tr>\n<tr class=\"row-16\">\n\t<td class=\"column-1\">Identification of new therapeutic targets in melanoma<\/td><td class=\"column-2\">Kem\u00e9ny Lajos<\/td><td class=\"column-3\">kemeny.lajos@semmelweis.hu<\/td><td class=\"column-4\">Cellular and Molecular Physiology<\/td>\n<\/tr>\n<tr class=\"row-17\">\n\t<td class=\"column-1\">OVERCOMING RESISTANCE TO IMMUNE-CHECKPOINT BASED THERAPIES IN MELANOMA USING IN VIVO CRISPR SCREENS<\/td><td class=\"column-2\">Kem\u00e9ny Lajos<\/td><td class=\"column-3\">kemeny.lajos@semmelweis.hu<\/td><td class=\"column-4\">Cellular and Molecular Physiology<\/td>\n<\/tr>\n<tr class=\"row-18\">\n\t<td class=\"column-1\">Molecular mechanism of bone metabolism<\/td><td class=\"column-2\">M\u00f3csai Attila<\/td><td class=\"column-3\">mocsai.attila@semmelweis.hu<\/td><td class=\"column-4\">Cellular and Molecular Physiology<\/td>\n<\/tr>\n<tr class=\"row-19\">\n\t<td class=\"column-1\">Investigation of proteins involved in the differentiation and function of osteoclasts<\/td><td class=\"column-2\">M\u00f3csai Attila<\/td><td class=\"column-3\">mocsai.attila@semmelweis.hu<\/td><td class=\"column-4\">Cellular and Molecular Physiology<\/td>\n<\/tr>\n<tr class=\"row-20\">\n\t<td class=\"column-1\">Investigating the regulation of the human ABCG2 membrane transporter<\/td><td class=\"column-2\">Orb\u00e1n Tam\u00e1s<\/td><td class=\"column-3\">orban.tamas@ttk.hu<\/td><td class=\"column-4\">Cellular and Molecular Physiology<\/td>\n<\/tr>\n<tr class=\"row-21\">\n\t<td class=\"column-1\">Signaling pathways of nuclear receptors<\/td><td class=\"column-2\">Pat\u00f3cs Attila<\/td><td class=\"column-3\">patocs.attila@semmelweis.hu<\/td><td class=\"column-4\">Cellular and Molecular Physiology<\/td>\n<\/tr>\n<tr class=\"row-22\">\n\t<td class=\"column-1\">DNA repair mechanisms in neurons<\/td><td class=\"column-2\">R\u00f3na Gergely<\/td><td class=\"column-3\">rona.gergely@ttk.hu<\/td><td class=\"column-4\">Cellular and Molecular Physiology<\/td>\n<\/tr>\n<tr class=\"row-23\">\n\t<td class=\"column-1\">Structure-function studies of medically important ion channels<\/td><td class=\"column-2\">Sz\u00f6ll\u0151si Andr\u00e1s<\/td><td class=\"column-3\">szollosi.andras@semmelweis.hu<\/td><td class=\"column-4\">Cellular and Molecular Physiology<\/td>\n<\/tr>\n<tr class=\"row-24\">\n\t<td class=\"column-1\">Biology of neutrophilic granulocyte derived extracellular vesicles and their role in human pathologies<\/td><td class=\"column-2\">T\u00edm\u00e1r Csaba<\/td><td class=\"column-3\">timar.csaba@semmelweis.hu<\/td><td class=\"column-4\">Cellular and Molecular Physiology<\/td>\n<\/tr>\n<tr class=\"row-25\">\n\t<td class=\"column-1\">Bioinformatic analysis of mebrane receptors and their signalling pathways<\/td><td class=\"column-2\">Turu G\u00e1bor<\/td><td class=\"column-3\">turu.gabor@semmelweis.hu<\/td><td class=\"column-4\">Cellular and Molecular Physiology<\/td>\n<\/tr>\n<tr class=\"row-26\">\n\t<td class=\"column-1\">Beta-arrestin dependent regulation of the G-protein-coupled receptor signaling<\/td><td class=\"column-2\">Turu G\u00e1bor<\/td><td class=\"column-3\">turu.gabor@semmelweis.hu<\/td><td class=\"column-4\">Cellular and Molecular Physiology<\/td>\n<\/tr>\n<tr class=\"row-27\">\n\t<td class=\"column-1\">Investigation of the molecular effects and physiological role of inositol lipids<\/td><td class=\"column-2\">V\u00e1rnai P\u00e9ter<\/td><td class=\"column-3\">varnai.peter@semmelweis.hu<\/td><td class=\"column-4\">Cellular and Molecular Physiology<\/td>\n<\/tr>\n<tr class=\"row-28\">\n\t<td class=\"column-1\">The role of epigenetic factors in the regulation of gene expression: the regulation of ABCC6 gene, a cardiovascular risk factor<\/td><td class=\"column-2\">Ar\u00e1nyi Tam\u00e1s<\/td><td class=\"column-3\">aranyit@icloud.com<\/td><td class=\"column-4\">Pathobiochemistry<\/td>\n<\/tr>\n<tr class=\"row-29\">\n\t<td class=\"column-1\">Petho(physiologic) role of DNA methyltransferasesand TET enzymes<\/td><td class=\"column-2\">Ar\u00e1nyi Tam\u00e1s<\/td><td class=\"column-3\">aranyit@icloud.com<\/td><td class=\"column-4\">Pathobiochemistry<\/td>\n<\/tr>\n<tr class=\"row-30\">\n\t<td class=\"column-1\">Study of genetic variation in the development of drug addiction and other psychiatric disorders<\/td><td class=\"column-2\">Barta Csaba<\/td><td class=\"column-3\">barta.csaba@semmelweis.hu<\/td><td class=\"column-4\">Pathobiochemistry<\/td>\n<\/tr>\n<tr class=\"row-31\">\n\t<td class=\"column-1\">Study of genetic and epigenetic risk factors of Tourette syndrome and Obsessive Compulsive Disorder (OCD)<\/td><td class=\"column-2\">Barta Csaba<\/td><td class=\"column-3\">barta.csaba@semmelweis.hu<\/td><td class=\"column-4\">Pathobiochemistry<\/td>\n<\/tr>\n<tr class=\"row-32\">\n\t<td class=\"column-1\">Redox metabolism in the endoplasmic reticulum<\/td><td class=\"column-2\">Csala Mikl\u00f3s<\/td><td class=\"column-3\">csala.miklos@semmelweis.hu<\/td><td class=\"column-4\">Pathobiochemistry<\/td>\n<\/tr>\n<tr class=\"row-33\">\n\t<td class=\"column-1\">Cellular protein and signaling networks, intercellular networks<\/td><td class=\"column-2\">Csermely P\u00e9ter<\/td><td class=\"column-3\">csermelynet@gmail.com<\/td><td class=\"column-4\">Pathobiochemistry<\/td>\n<\/tr>\n<tr class=\"row-34\">\n\t<td class=\"column-1\">Changes of signaling networks in cancer progression: network and experimental studies<\/td><td class=\"column-2\">Csermely P\u00e9ter<\/td><td class=\"column-3\">csermelynet@gmail.com<\/td><td class=\"column-4\">Pathobiochemistry<\/td>\n<\/tr>\n<tr class=\"row-35\">\n\t<td class=\"column-1\">Degradation pathways of calcium transport proteins in normal and tumor cells<\/td><td class=\"column-2\">Enyedi \u00c1gnes<\/td><td class=\"column-3\">enyedi.agnes@semmelweis.hu<\/td><td class=\"column-4\">Pathobiochemistry<\/td>\n<\/tr>\n<tr class=\"row-36\">\n\t<td class=\"column-1\">The role of locally produced acute phase proteins in acute kidney injury<\/td><td class=\"column-2\">Hamar P\u00e9ter<\/td><td class=\"column-3\">hamar.peter@semmelweis.hu<\/td><td class=\"column-4\">Pathobiochemistry<\/td>\n<\/tr>\n<tr class=\"row-37\">\n\t<td class=\"column-1\">Trafficking of transporter proteins in polarized cells<\/td><td class=\"column-2\">Homolya L\u00e1szl\u00f3<\/td><td class=\"column-3\">homolya.laszlo@ttk.hu<\/td><td class=\"column-4\">Pathobiochemistry<\/td>\n<\/tr>\n<tr class=\"row-38\">\n\t<td class=\"column-1\">The role of desaturases in lipid metabolism - a road toward diabetes<\/td><td class=\"column-2\">Kereszturi \u00c9va<\/td><td class=\"column-3\">kereszturi.eva@semmelweis.hu<\/td><td class=\"column-4\">Pathobiochemistry<\/td>\n<\/tr>\n<tr class=\"row-39\">\n\t<td class=\"column-1\">The role of endoplasmic reticulum in lipid metabolism.the road to diabetes<\/td><td class=\"column-2\">Kereszturi \u00c9va<\/td><td class=\"column-3\">kereszturi.eva@semmelweis.hu<\/td><td class=\"column-4\">Pathobiochemistry<\/td>\n<\/tr>\n<tr class=\"row-40\">\n\t<td class=\"column-1\">Genetic and epigenetic markers in atrial fibrillation<\/td><td class=\"column-2\">Keszler Gergely<\/td><td class=\"column-3\">keszler.gergely@semmelweis.hu<\/td><td class=\"column-4\">Pathobiochemistry<\/td>\n<\/tr>\n<tr class=\"row-41\">\n\t<td class=\"column-1\">Dysregulation of endoplasmic reticulum homeostasis in inherited metabolic disorders.<\/td><td class=\"column-2\">Legeza Bal\u00e1zs<\/td><td class=\"column-3\">legeza.balazs@semmelweis.hu<\/td><td class=\"column-4\">Pathobiochemistry<\/td>\n<\/tr>\n<tr class=\"row-42\">\n\t<td class=\"column-1\">Human diseases caused by mutations in endoplasmic reticulum proteins<\/td><td class=\"column-2\">Margittai \u00c9va<\/td><td class=\"column-3\">margittai.eva@semmelweis.hu<\/td><td class=\"column-4\">Pathobiochemistry<\/td>\n<\/tr>\n<tr class=\"row-43\">\n\t<td class=\"column-1\">Selection and application of protein specific aptamers<\/td><td class=\"column-2\">M\u00e9sz\u00e1ros Tam\u00e1s<\/td><td class=\"column-3\">meszaros.tamas@semmelweis.hu<\/td><td class=\"column-4\">Pathobiochemistry<\/td>\n<\/tr>\n<tr class=\"row-44\">\n\t<td class=\"column-1\">Systems biological approach of cellular life-or-death decisions with respect to endoplasmic reticulum stress<\/td><td class=\"column-2\">M\u00e9sz\u00e1ros-Kapuy Orsolya<\/td><td class=\"column-3\">kapuy.orsolya@semmelweis.hu<\/td><td class=\"column-4\">Pathobiochemistry<\/td>\n<\/tr>\n<tr class=\"row-45\">\n\t<td class=\"column-1\">Genetic polymorphisms in monoamine neurotransmitter systems: association analyses and functional study<\/td><td class=\"column-2\">Nemoda Zs\u00f3fia<\/td><td class=\"column-3\">nemoda.zsofia@semmelweis.hu<\/td><td class=\"column-4\">Pathobiochemistry<\/td>\n<\/tr>\n<tr class=\"row-46\">\n\t<td class=\"column-1\">Gene x environment interactions in psychiatric genetics: analyzing DNA methylation level<\/td><td class=\"column-2\">Nemoda Zs\u00f3fia<\/td><td class=\"column-3\">nemoda.zsofia@semmelweis.hu<\/td><td class=\"column-4\">Pathobiochemistry<\/td>\n<\/tr>\n<tr class=\"row-47\">\n\t<td class=\"column-1\">Design, synthesis and structure- biological activity correlation studies of anticancer and antimicrobial agents<\/td><td class=\"column-2\">\u0150rfi L\u00e1szl\u00f3<\/td><td class=\"column-3\">orfi.laszlo@semmelweis.hu<\/td><td class=\"column-4\">Pathobiochemistry<\/td>\n<\/tr>\n<tr class=\"row-48\">\n\t<td class=\"column-1\">Stress responses in aging<\/td><td class=\"column-2\">S\u0151ti Csaba<\/td><td class=\"column-3\">soti.csaba@semmelweis.hu<\/td><td class=\"column-4\">Pathobiochemistry<\/td>\n<\/tr>\n<tr class=\"row-49\">\n\t<td class=\"column-1\">Analysis of learning and memory using experimental and network approaches<\/td><td class=\"column-2\">S\u0151ti Csaba<\/td><td class=\"column-3\">soti.csaba@semmelweis.hu<\/td><td class=\"column-4\">Pathobiochemistry<\/td>\n<\/tr>\n<tr class=\"row-50\">\n\t<td class=\"column-1\">Systematic analysis of the Hsp90 interactome in C. elegans<\/td><td class=\"column-2\">Somogyv\u00e1ri Mil\u00e1n<\/td><td class=\"column-3\">somogyvari.milan@semmelweis.hu<\/td><td class=\"column-4\">Pathobiochemistry<\/td>\n<\/tr>\n<tr class=\"row-51\">\n\t<td class=\"column-1\">Pathophysiology and therapy of ectopic mineralization in rare and common disorders<\/td><td class=\"column-2\">Szeri Fl\u00f3ra<\/td><td class=\"column-3\">szeri.flora@ttk.hu<\/td><td class=\"column-4\">Pathobiochemistry<\/td>\n<\/tr>\n<tr class=\"row-52\">\n\t<td class=\"column-1\">Investigation ofthe regulation and the cellular effects ofthe ligand-receptor interaction<\/td><td class=\"column-2\">T\u00f3th Andr\u00e1s D\u00e1vid<\/td><td class=\"column-3\">toth.andras1@semmelweis.hu<\/td><td class=\"column-4\">Pathobiochemistry<\/td>\n<\/tr>\n<tr class=\"row-53\">\n\t<td class=\"column-1\">Changes of the placental function in preeclampsia<\/td><td class=\"column-2\">Valent S\u00e1ndor<\/td><td class=\"column-3\">valent.sandor@semmelweis.hu<\/td><td class=\"column-4\">Pathobiochemistry<\/td>\n<\/tr>\n<tr class=\"row-54\">\n\t<td class=\"column-1\">Increasing the specificity and decreasing the off-target effect of CRISPR\/Cas proteins and development of effective genome modification method<\/td><td class=\"column-2\">Welker Ervin<\/td><td class=\"column-3\">welker.ervin@ttk.hu<\/td><td class=\"column-4\">Pathobiochemistry<\/td>\n<\/tr>\n<tr class=\"row-55\">\n\t<td class=\"column-1\">The traffic and role of members of the prion protein family in the nucleus and cytosol<\/td><td class=\"column-2\">Welker Ervin<\/td><td class=\"column-3\">welker.ervin@ttk.hu<\/td><td class=\"column-4\">Pathobiochemistry<\/td>\n<\/tr>\n<tr class=\"row-56\">\n\t<td class=\"column-1\">Patomechanism of thrombosis, thrombolysis and bleeding in hematological disorders<\/td><td class=\"column-2\">Wohner Nikolett<\/td><td class=\"column-3\">wohner.nikolett@semmelweis.hu<\/td><td class=\"column-4\">Pathobiochemistry<\/td>\n<\/tr>\n<tr class=\"row-57\">\n\t<td class=\"column-1\">Investigation of extracellular vesicles<\/td><td class=\"column-2\">Buz\u00e1s Edit<\/td><td class=\"column-3\">edit.buzas@gmail.com<\/td><td class=\"column-4\">Human molecular genetics and genetic diagnostics<\/td>\n<\/tr>\n<tr class=\"row-58\">\n\t<td class=\"column-1\">Clinical genetic analysis of hereditary cancer predisposition syndromes<\/td><td class=\"column-2\">Grolmusz Vince Korn\u00e9l<\/td><td class=\"column-3\">grolmusz.vince@oncol.hu<\/td><td class=\"column-4\">Human molecular genetics and genetic diagnostics<\/td>\n<\/tr>\n<tr class=\"row-59\">\n\t<td class=\"column-1\">Development of novel genome diagnostics methods and feasibility studies of application in clinical genetics<\/td><td class=\"column-2\">Kov\u00e1cs \u00c1rp\u00e1d Ferenc<\/td><td class=\"column-3\">dr.arpad@yahoo.com<\/td><td class=\"column-4\">Human molecular genetics and genetic diagnostics<\/td>\n<\/tr>\n<tr class=\"row-60\">\n\t<td class=\"column-1\">Genetical and immunological factors in rheumatological conditions<\/td><td class=\"column-2\">Nagy Gy\u00f6rgy<\/td><td class=\"column-3\">gyorgyngy@gmail.com<\/td><td class=\"column-4\">Human molecular genetics and genetic diagnostics<\/td>\n<\/tr>\n<tr class=\"row-61\">\n\t<td class=\"column-1\">Mechanism of immunotolerance in pregnancy<\/td><td class=\"column-2\">P\u00e1llinger \u00c9va<\/td><td class=\"column-3\">pallinger.eva@semmelweis.hu<\/td><td class=\"column-4\">Human molecular genetics and genetic diagnostics<\/td>\n<\/tr>\n<tr class=\"row-62\">\n\t<td class=\"column-1\">Effect of fatty acids and xenobiotics on lipid homeostasis and the extracellular vesicules<\/td><td class=\"column-2\">Tam\u00e1si Viola<\/td><td class=\"column-3\">tamasi.viola@semmelweis.hu<\/td><td class=\"column-4\">Human molecular genetics and genetic diagnostics<\/td>\n<\/tr>\n<tr class=\"row-63\">\n\t<td class=\"column-1\">Isolation and characterization of postnatal stem cells of dental origin<\/td><td class=\"column-2\">Varga G\u00e1bor<\/td><td class=\"column-3\">varga.gabor@semmelweis.hu<\/td><td class=\"column-4\">Human molecular genetics and genetic diagnostics<\/td>\n<\/tr>\n<tr class=\"row-64\">\n\t<td class=\"column-1\">Regulation of epithelial cell proliferation and gene expression<\/td><td class=\"column-2\">Varga G\u00e1bor<\/td><td class=\"column-3\">varga.gabor@semmelweis.hu<\/td><td class=\"column-4\">Human molecular genetics and genetic diagnostics<\/td>\n<\/tr>\n<tr class=\"row-65\">\n\t<td class=\"column-1\">Investigation of immune cell-derived extracellular vesicles in vitro an in vivo<\/td><td class=\"column-2\">Visnovitzn\u00e9 Dr. Vukman Krisztina<\/td><td class=\"column-3\">vukman.krisztina@semmelweis.hu<\/td><td class=\"column-4\">Human molecular genetics and genetic diagnostics<\/td>\n<\/tr>\n<tr class=\"row-66\">\n\t<td class=\"column-1\">Paracrine tumor-stroma communication mechanisms in tumors<\/td><td class=\"column-2\">Wiener Zolt\u00e1n<\/td><td class=\"column-3\">wiener.zoltan@semmelweis.hu<\/td><td class=\"column-4\">Human molecular genetics and genetic diagnostics<\/td>\n<\/tr>\n<tr class=\"row-67\">\n\t<td class=\"column-1\">The role of extracellular vesicles in cardiovascular disease and cancer<\/td><td class=\"column-2\">Xabier Osteikoetxea<\/td><td class=\"column-3\">xabieruf@gmail.com<\/td><td class=\"column-4\">Human molecular genetics and genetic diagnostics<\/td>\n<\/tr>\n<tr class=\"row-68\">\n\t<td class=\"column-1\">Expression of proto-oncogenes and tumor suppressor genes in gestational trophoblastic tumors and normal pregnancy<\/td><td class=\"column-2\">F\u00fcl\u00f6p Vilmos<\/td><td class=\"column-3\">fvilmos@gmail.com<\/td><td class=\"column-4\">Experimental and clinical immunology and rheumatology<\/td>\n<\/tr>\n<tr class=\"row-69\">\n\t<td class=\"column-1\">Analysis of phagocytic cells of the immune system<\/td><td class=\"column-2\">M\u00f3csai Attila<\/td><td class=\"column-3\">mocsai.attila@semmelweis.hu<\/td><td class=\"column-4\">Experimental and clinical immunology and rheumatology<\/td>\n<\/tr>\n<tr class=\"row-70\">\n\t<td class=\"column-1\">Molecular mechanisms and new therapeutic approaches in inflammatory diseases<\/td><td class=\"column-2\">M\u00f3csai Attila<\/td><td class=\"column-3\">mocsai.attila@semmelweis.hu<\/td><td class=\"column-4\">Experimental and clinical immunology and rheumatology<\/td>\n<\/tr>\n<\/tbody>\n<\/table>\n\n<p><a href=\"https:\/\/semmelweis.hu\/phd\/en\/doctoral-divisions\/molecular-medicine-division\/\">\u2190 Molecular Medicine Division<\/a><\/p>\n","protected":false},"excerpt":{"rendered":"<p><a href=\"https:\/\/semmelweis.hu\/phd\/en\/doctoral-divisions\/molecular-medicine-division\/\">\u2190 Molecular Medicine Division<\/a><\/p>\n","protected":false},"author":12,"featured_media":0,"parent":16373,"menu_order":0,"comment_status":"closed","ping_status":"closed","template":"template-fullwidth.php","meta":{"_acf_changed":false,"footnotes":""},"categories":[],"tags":[309],"class_list":["post-63824","page","type-page","status-publish","hentry","tag-topics"],"acf":[],"_links":{"self":[{"href":"https:\/\/semmelweis.hu\/phd\/wp-json\/wp\/v2\/pages\/63824","targetHints":{"allow":["GET"]}}],"collection":[{"href":"https:\/\/semmelweis.hu\/phd\/wp-json\/wp\/v2\/pages"}],"about":[{"href":"https:\/\/semmelweis.hu\/phd\/wp-json\/wp\/v2\/types\/page"}],"author":[{"embeddable":true,"href":"https:\/\/semmelweis.hu\/phd\/wp-json\/wp\/v2\/users\/12"}],"replies":[{"embeddable":true,"href":"https:\/\/semmelweis.hu\/phd\/wp-json\/wp\/v2\/comments?post=63824"}],"version-history":[{"count":1,"href":"https:\/\/semmelweis.hu\/phd\/wp-json\/wp\/v2\/pages\/63824\/revisions"}],"predecessor-version":[{"id":63834,"href":"https:\/\/semmelweis.hu\/phd\/wp-json\/wp\/v2\/pages\/63824\/revisions\/63834"}],"up":[{"embeddable":true,"href":"https:\/\/semmelweis.hu\/phd\/wp-json\/wp\/v2\/pages\/16373"}],"wp:attachment":[{"href":"https:\/\/semmelweis.hu\/phd\/wp-json\/wp\/v2\/media?parent=63824"}],"wp:term":[{"taxonomy":"category","embeddable":true,"href":"https:\/\/semmelweis.hu\/phd\/wp-json\/wp\/v2\/categories?post=63824"},{"taxonomy":"post_tag","embeddable":true,"href":"https:\/\/semmelweis.hu\/phd\/wp-json\/wp\/v2\/tags?post=63824"}],"curies":[{"name":"wp","href":"https:\/\/api.w.org\/{rel}","templated":true}]}}