{"id":63806,"date":"2024-11-06T13:26:43","date_gmt":"2024-11-06T12:26:43","guid":{"rendered":"https:\/\/semmelweis.hu\/phd\/?page_id=63806"},"modified":"2024-11-15T16:58:20","modified_gmt":"2024-11-15T15:58:20","slug":"pharma-topics","status":"publish","type":"page","link":"https:\/\/semmelweis.hu\/phd\/en\/doctoral-divisions\/pharmaceutical-sciences-and-health-technologies-division\/pharma-topics\/","title":{"rendered":"Topics of the Pharmaceutical Sciences and Health Technologies Division"},"content":{"rendered":"\n<table id=\"tablepress-18\" class=\"tablepress tablepress-id-18\">\n<thead>\n<tr class=\"row-1\">\n\t<th class=\"column-1\">Research topic<\/th><th class=\"column-2\">Supervisor<\/th><th class=\"column-3\">E-mail adddress<\/th><th class=\"column-4\">Program<\/th>\n<\/tr>\n<\/thead>\n<tbody class=\"row-striping row-hover\">\n<tr class=\"row-2\">\n\t<td class=\"column-1\">Phytoanalytical characterization of bioactive natural products<\/td><td class=\"column-2\">Alberti-D\u00e9r \u00c1gnes<\/td><td class=\"column-3\">alberti.agnes@semmelweis.hu<\/td><td class=\"column-4\">Modern Trends in Pharmaceutical Scientific Research<\/td>\n<\/tr>\n<tr class=\"row-3\">\n\t<td class=\"column-1\">Study and optimization of pharmaceutical technological procedures<\/td><td class=\"column-2\">Antal Istv\u00e1n<\/td><td class=\"column-3\">antal.istvan@semmelweis.hu<\/td><td class=\"column-4\">Modern Trends in Pharmaceutical Scientific Research<\/td>\n<\/tr>\n<tr class=\"row-4\">\n\t<td class=\"column-1\">Development and application of biomimetic systems in the study of drug metabolism<\/td><td class=\"column-2\">Balogh Gy\u00f6rgy Tibor<\/td><td class=\"column-3\">balogh.gyorgy.tibor@semmelweis.hu <\/td><td class=\"column-4\">Modern Trends in Pharmaceutical Scientific Research<\/td>\n<\/tr>\n<tr class=\"row-5\">\n\t<td class=\"column-1\">Application of in vitro permeability systems in drug research and formulation development<\/td><td class=\"column-2\">Balogh Gy\u00f6rgy Tibor<\/td><td class=\"column-3\">balogh.gyorgy.tibor@semmelweis.hu <\/td><td class=\"column-4\">Modern Trends in Pharmaceutical Scientific Research<\/td>\n<\/tr>\n<tr class=\"row-6\">\n\t<td class=\"column-1\">Identification and quantification of plant-derived flavonoid and lignan compounds by chromatographic techniques<\/td><td class=\"column-2\">Boldizs\u00e1r Imre<\/td><td class=\"column-3\">boldizsarimi@gmail.com<\/td><td class=\"column-4\">Modern Trends in Pharmaceutical Scientific Research<\/td>\n<\/tr>\n<tr class=\"row-7\">\n\t<td class=\"column-1\">Synthesis and applications of photoremovable protecting groups<\/td><td class=\"column-2\">Dunkel Petra<\/td><td class=\"column-3\">dunkel.petra@semmelweis.hu<\/td><td class=\"column-4\">Modern Trends in Pharmaceutical Scientific Research<\/td>\n<\/tr>\n<tr class=\"row-8\">\n\t<td class=\"column-1\">Formulation of innovative nanofiber-based drug delivery systems<\/td><td class=\"column-2\">Nochta-Kazsoki Adrienn<\/td><td class=\"column-3\">kazsoki.adrienn@semmelweis.hu <\/td><td class=\"column-4\">Modern Trends in Pharmaceutical Scientific Research<\/td>\n<\/tr>\n<tr class=\"row-9\">\n\t<td class=\"column-1\">Analytical assay of drug carrier system<\/td><td class=\"column-2\">Lud\u00e1nyi Krisztina<\/td><td class=\"column-3\">ludanyi.krisztina@semmelweis.hu<\/td><td class=\"column-4\">Modern Trends in Pharmaceutical Scientific Research<\/td>\n<\/tr>\n<tr class=\"row-10\">\n\t<td class=\"column-1\">Development of microplate-based UV-pH titration methods for the investigation of drug-macromolecule interactions<\/td><td class=\"column-2\">Maz\u00e1k K\u00e1roly<\/td><td class=\"column-3\">mazak.karoly@semmelweis.hu<\/td><td class=\"column-4\">Modern Trends in Pharmaceutical Scientific Research<\/td>\n<\/tr>\n<tr class=\"row-11\">\n\t<td class=\"column-1\">Development, continuous-flow synthesis and characterization of choride ion transporter foldamers<\/td><td class=\"column-2\">M\u00e1ndity Istv\u00e1n<\/td><td class=\"column-3\">mandity.istvan@semmelweis.hu<\/td><td class=\"column-4\">Modern Trends in Pharmaceutical Scientific Research<\/td>\n<\/tr>\n<tr class=\"row-12\">\n\t<td class=\"column-1\">Pharmaco economics, health technology analysis, quality of life studies, pharmaceutical care<\/td><td class=\"column-2\">M\u00e9sz\u00e1ros \u00c1gnes<\/td><td class=\"column-3\">meszaros.agnes@semmelweis.hu<\/td><td class=\"column-4\">Modern Trends in Pharmaceutical Scientific Research<\/td>\n<\/tr>\n<tr class=\"row-13\">\n\t<td class=\"column-1\">Isolation and identification of bioactive compounds of invasive plants by effect-directed process<\/td><td class=\"column-2\">M\u00f3ricz \u00c1gnes<\/td><td class=\"column-3\">moricz.agnes@agrar.mta.hu<\/td><td class=\"column-4\">Modern Trends in Pharmaceutical Scientific Research<\/td>\n<\/tr>\n<tr class=\"row-14\">\n\t<td class=\"column-1\">Enantioselective analytical method developments<\/td><td class=\"column-2\">T\u00f3th Gerg\u0151<\/td><td class=\"column-3\">toth.gergo@semmelweis.hu <\/td><td class=\"column-4\">Modern Trends in Pharmaceutical Scientific Research<\/td>\n<\/tr>\n<tr class=\"row-15\">\n\t<td class=\"column-1\">Mass spectrometry based proteomics and glycosylation pattern analysis of complex samples and their biological relevance<\/td><td class=\"column-2\">Turi\u00e1k Lilla<\/td><td class=\"column-3\">liliat7@gmail.com<\/td><td class=\"column-4\">Modern Trends in Pharmaceutical Scientific Research<\/td>\n<\/tr>\n<tr class=\"row-16\">\n\t<td class=\"column-1\">Investigation of biologically active compounds from Hungarian macrofungi<\/td><td class=\"column-2\">V\u00e1nyol\u00f3s Attila<\/td><td class=\"column-3\">vanyolos.attila@semmelweis.hu<\/td><td class=\"column-4\">Modern Trends in Pharmaceutical Scientific Research<\/td>\n<\/tr>\n<tr class=\"row-17\">\n\t<td class=\"column-1\">Application of novel dosage forms in the clinical pharmacy<br \/>\n<br \/>\n<\/td><td class=\"column-2\">Zelk\u00f3 Rom\u00e1na<\/td><td class=\"column-3\">zelko.romana@semmelweis.hu<\/td><td class=\"column-4\">Modern Trends in Pharmaceutical Scientific Research<\/td>\n<\/tr>\n<tr class=\"row-18\">\n\t<td class=\"column-1\">Formulation of patient-centered drug delivery systems for clinical therapeutic purposes<\/td><td class=\"column-2\">Zelk\u00f3 Rom\u00e1na<\/td><td class=\"column-3\">zelko.romana@semmelweis.hu<\/td><td class=\"column-4\">Modern Trends in Pharmaceutical Scientific Research<\/td>\n<\/tr>\n<tr class=\"row-19\">\n\t<td class=\"column-1\">Pharmacological approaches to manage neuropathic pain: peripheral versus central effects of combined therapies<br \/>\n<br \/>\n<br \/>\n<\/td><td class=\"column-2\">Al-Khrasani Mahmoud<\/td><td class=\"column-3\">al-khrasani.mahmoud@semmelweis.hu<\/td><td class=\"column-4\">Experimental and Clinical Pharmacology<\/td>\n<\/tr>\n<tr class=\"row-20\">\n\t<td class=\"column-1\">Role of extracellular vesicles in signal transduction between cell types of the cardiovascular system in metabolic diseases)<\/td><td class=\"column-2\">Giricz Zolt\u00e1n<\/td><td class=\"column-3\">giricz.zoltan@semmelweis.hu<\/td><td class=\"column-4\">Experimental and Clinical Pharmacology<\/td>\n<\/tr>\n<tr class=\"row-21\">\n\t<td class=\"column-1\">Role of extracellular vesicles in cardioprotective therapies)<br \/>\n<\/td><td class=\"column-2\">Giricz Zolt\u00e1n<\/td><td class=\"column-3\">giricz.zoltan@semmelweis.hu<\/td><td class=\"column-4\">Experimental and Clinical Pharmacology<\/td>\n<\/tr>\n<tr class=\"row-22\">\n\t<td class=\"column-1\">Study of degenerative mechanisms and effect of cytoprotective compounds<\/td><td class=\"column-2\">T\u00e1bi Tam\u00e1s<\/td><td class=\"column-3\">tabi.tamas@semmelweis.hu <\/td><td class=\"column-4\">Experimental and Clinical Pharmacology<\/td>\n<\/tr>\n<tr class=\"row-23\">\n\t<td class=\"column-1\">Analysing of the effects of drugs and their receptors on the gastrointestinal functions<\/td><td class=\"column-2\">Z\u00e1dori Zolt\u00e1n<\/td><td class=\"column-3\">zadori.zoltan@semmelweis.hu<\/td><td class=\"column-4\">Experimental and Clinical Pharmacology<\/td>\n<\/tr>\n<tr class=\"row-24\">\n\t<td class=\"column-1\">Mechanisms of cellular damage in the central nervous and sensory systems (hearing), potential pharmacological targets<\/td><td class=\"column-2\">Zelles Tibor<\/td><td class=\"column-3\">zelles.tibor@semmelweis.hu<\/td><td class=\"column-4\">Experimental and Clinical Pharmacology<\/td>\n<\/tr>\n<tr class=\"row-25\">\n\t<td class=\"column-1\">Utilization and development of network theoretical and bioinformatics methodologies in the research of cardiovascular diseases and pharmacovigilance<\/td><td class=\"column-2\">\u00c1gg Bence<\/td><td class=\"column-3\">agg.bence@semmelweis.hu<\/td><td class=\"column-4\">Translational and clinical pharmacology<\/td>\n<\/tr>\n<tr class=\"row-26\">\n\t<td class=\"column-1\">Analysis of the effect of substances and their receptors on the gastrointestinal functions<\/td><td class=\"column-2\">Z\u00e1dori Zolt\u00e1n<\/td><td class=\"column-3\">zadori.zoltan@semmelweis.hu<\/td><td class=\"column-4\">Translational and clinical pharmacology<\/td>\n<\/tr>\n<tr class=\"row-27\">\n\t<td class=\"column-1\">Efficacy and safety of medicinal plant-based products<\/td><td class=\"column-2\">Csupor Dezs\u0151<\/td><td class=\"column-3\">csupor.dezso@szte.hu<\/td><td class=\"column-4\">Translational and clinical pharmacology<\/td>\n<\/tr>\n<tr class=\"row-28\">\n\t<td class=\"column-1\">Utilization and development of network theoretical and bioinformatics methodologies in the research of cardiovascular diseases and pharmacovigilance<\/td><td class=\"column-2\">Ferdinandy P\u00e9ter<\/td><td class=\"column-3\">ferdinandy.peter@pharmahungary.com<\/td><td class=\"column-4\">Translational and clinical pharmacology<\/td>\n<\/tr>\n<tr class=\"row-29\">\n\t<td class=\"column-1\">The clinical aspects of gastrointestinal bleeding<\/td><td class=\"column-2\">Er\u0151ss B\u00e1lint<\/td><td class=\"column-3\">eross.balint@pte.hu<\/td><td class=\"column-4\">Translational and clinical pharmacology<\/td>\n<\/tr>\n<tr class=\"row-30\">\n\t<td class=\"column-1\">Investigation of chronic liver disease effect on outcomes in acute pancreatitis<\/td><td class=\"column-2\">Hegyi P\u00e9ter<\/td><td class=\"column-3\">hegyi.peter@semmelweis.hu<\/td><td class=\"column-4\">Translational and clinical pharmacology<\/td>\n<\/tr>\n<tr class=\"row-31\">\n\t<td class=\"column-1\">Inter-organelle signalling and its role in cardiovascular and metabolic diseases<\/td><td class=\"column-2\">M\u00f3rotz G\u00e1bor<\/td><td class=\"column-3\">morotz.gabor@semmelweis.hu<\/td><td class=\"column-4\">Translational and clinical pharmacology<\/td>\n<\/tr>\n<tr class=\"row-32\">\n\t<td class=\"column-1\">Dysregulated immune response and organ dysfunction in the critically ill<\/td><td class=\"column-2\">Moln\u00e1r Zsolt<\/td><td class=\"column-3\">molnar.zsolt1@semmelweis.hu<\/td><td class=\"column-4\">Translational and clinical pharmacology<\/td>\n<\/tr>\n<tr class=\"row-33\">\n\t<td class=\"column-1\">Evidence based pharmaceutical policy decisions<br \/>\n<\/td><td class=\"column-2\">Inotai Andr\u00e1s<\/td><td class=\"column-3\">inotai.andras@semmelweis.hu<\/td><td class=\"column-4\">Translational and clinical pharmacology<\/td>\n<\/tr>\n<tr class=\"row-34\">\n\t<td class=\"column-1\">Economic foundations of the operation of the pharmaceutical sector in a macro-level approach<\/td><td class=\"column-2\">Kal\u00f3 Zolt\u00e1n<\/td><td class=\"column-3\">kalo.zoltan@semmelweis.hu<\/td><td class=\"column-4\">Health Technology Assessment<\/td>\n<\/tr>\n<\/tbody>\n<\/table>\n\n<p><a href=\"http:\/\/Pharmaceutical Sciences and Health Technologies Division\">\u2190 Pharmaceutical Sciences and Health Technologies Division<\/a><\/p>\n","protected":false},"excerpt":{"rendered":"<p><a href=\"http:\/\/Pharmaceutical Sciences and Health Technologies Division\">\u2190 Pharmaceutical Sciences and Health Technologies Division<\/a><\/p>\n","protected":false},"author":12,"featured_media":0,"parent":16354,"menu_order":0,"comment_status":"closed","ping_status":"closed","template":"template-fullwidth.php","meta":{"_acf_changed":false,"footnotes":""},"categories":[],"tags":[309],"class_list":["post-63806","page","type-page","status-publish","hentry","tag-topics"],"acf":[],"_links":{"self":[{"href":"https:\/\/semmelweis.hu\/phd\/wp-json\/wp\/v2\/pages\/63806","targetHints":{"allow":["GET"]}}],"collection":[{"href":"https:\/\/semmelweis.hu\/phd\/wp-json\/wp\/v2\/pages"}],"about":[{"href":"https:\/\/semmelweis.hu\/phd\/wp-json\/wp\/v2\/types\/page"}],"author":[{"embeddable":true,"href":"https:\/\/semmelweis.hu\/phd\/wp-json\/wp\/v2\/users\/12"}],"replies":[{"embeddable":true,"href":"https:\/\/semmelweis.hu\/phd\/wp-json\/wp\/v2\/comments?post=63806"}],"version-history":[{"count":2,"href":"https:\/\/semmelweis.hu\/phd\/wp-json\/wp\/v2\/pages\/63806\/revisions"}],"predecessor-version":[{"id":63810,"href":"https:\/\/semmelweis.hu\/phd\/wp-json\/wp\/v2\/pages\/63806\/revisions\/63810"}],"up":[{"embeddable":true,"href":"https:\/\/semmelweis.hu\/phd\/wp-json\/wp\/v2\/pages\/16354"}],"wp:attachment":[{"href":"https:\/\/semmelweis.hu\/phd\/wp-json\/wp\/v2\/media?parent=63806"}],"wp:term":[{"taxonomy":"category","embeddable":true,"href":"https:\/\/semmelweis.hu\/phd\/wp-json\/wp\/v2\/categories?post=63806"},{"taxonomy":"post_tag","embeddable":true,"href":"https:\/\/semmelweis.hu\/phd\/wp-json\/wp\/v2\/tags?post=63806"}],"curies":[{"name":"wp","href":"https:\/\/api.w.org\/{rel}","templated":true}]}}