{"id":63779,"date":"2024-11-10T10:36:22","date_gmt":"2024-11-10T09:36:22","guid":{"rendered":"https:\/\/semmelweis.hu\/phd\/?page_id=63779"},"modified":"2024-11-15T16:59:31","modified_gmt":"2024-11-15T15:59:31","slug":"theoretical-topics","status":"publish","type":"page","link":"https:\/\/semmelweis.hu\/phd\/en\/doctoral-divisions\/theoretical-and-translational-medicine-division\/theoretical-topics\/","title":{"rendered":"Topics of the Theoretical and Translational Medicine Division"},"content":{"rendered":"\n<table id=\"tablepress-17\" class=\"tablepress tablepress-id-17\">\n<thead>\n<tr class=\"row-1\">\n\t<th class=\"column-1\">Research topic<\/th><th class=\"column-2\">Supervisor<\/th><th class=\"column-3\">E-mail address<\/th><th class=\"column-4\">Program<\/th>\n<\/tr>\n<\/thead>\n<tbody class=\"row-striping row-hover\">\n<tr class=\"row-2\">\n\t<td class=\"column-1\">Intracellular signaling pathways of smooth muscle functions<\/td><td class=\"column-2\">Beny\u00f3, Zolt\u00e1n<\/td><td class=\"column-3\">benyo.zoltan@semmelweis.hu<\/td><td class=\"column-4\">Pathophysiology and translational medicine<\/td>\n<\/tr>\n<tr class=\"row-3\">\n\t<td class=\"column-1\">Physiological and pathophysiolgical functions of lipid mediators in the cardiovascular system<\/td><td class=\"column-2\">Beny\u00f3, Zolt\u00e1n<\/td><td class=\"column-3\">benyo.zoltan@semmelweis.hu<\/td><td class=\"column-4\">Pathophysiology and translational medicine<\/td>\n<\/tr>\n<tr class=\"row-4\">\n\t<td class=\"column-1\">Pathophysiology of the cerebral circulation<\/td><td class=\"column-2\">Beny\u00f3, Zolt\u00e1n<\/td><td class=\"column-3\">benyo.zoltan@semmelweis.hu<\/td><td class=\"column-4\">Pathophysiology and translational medicine<\/td>\n<\/tr>\n<tr class=\"row-5\">\n\t<td class=\"column-1\">Molecular mechanisms of the regulation of angiogenesis and vascular permeability in malignant tumors<\/td><td class=\"column-2\">Beny\u00f3, Zolt\u00e1n<\/td><td class=\"column-3\">benyo.zoltan@semmelweis.hu<\/td><td class=\"column-4\">Pathophysiology and translational medicine<\/td>\n<\/tr>\n<tr class=\"row-6\">\n\t<td class=\"column-1\">Interventional and diagnostic radiological aspects of thyroid diseases<\/td><td class=\"column-2\">De\u00e1k P\u00e1l \u00c1kos<\/td><td class=\"column-3\">deak.pal.akos@semmelweis.hu<\/td><td class=\"column-4\">Pathophysiology and translational medicine<\/td>\n<\/tr>\n<tr class=\"row-7\">\n\t<td class=\"column-1\">Cardiovascular adaptational mechanisms in the whole body, as well as the myocardium and the brain cortex<\/td><td class=\"column-2\">D\u00e9zsi, L\u00e1szl\u00f3<\/td><td class=\"column-3\">dezsi.laszlo@semmelweis.hu<\/td><td class=\"column-4\">Pathophysiology and translational medicine<\/td>\n<\/tr>\n<tr class=\"row-8\">\n\t<td class=\"column-1\">Role of bradykinin receptors in the circulatory adaptation under normal and pathological conditions; interactions with other <br \/>\nmechanisms affecting blood pressure<\/td><td class=\"column-2\">D\u00e9zsi, L\u00e1szl\u00f3<\/td><td class=\"column-3\">dezsi.laszlo@semmelweis.hu<\/td><td class=\"column-4\">Pathophysiology and translational medicine<\/td>\n<\/tr>\n<tr class=\"row-9\">\n\t<td class=\"column-1\">Spatio-temporal correlation of coupled hemodynamics and neuronal activities in the brain<\/td><td class=\"column-2\">Eke, Andr\u00e1s<\/td><td class=\"column-3\">eke.andras@semmelweis.hu<\/td><td class=\"column-4\">Pathophysiology and translational medicine<\/td>\n<\/tr>\n<tr class=\"row-10\">\n\t<td class=\"column-1\">Impact of cerebralsclerosis in altering the fractal structuring of cerebrocortical hemodynamic fluctuations<\/td><td class=\"column-2\">Eke, Andr\u00e1s<\/td><td class=\"column-3\">eke.andras@semmelweis.hu<\/td><td class=\"column-4\">Pathophysiology and translational medicine<\/td>\n<\/tr>\n<tr class=\"row-11\">\n\t<td class=\"column-1\">Effects of blood substitutes on tissue hemodynamics and oxygenation<\/td><td class=\"column-2\">Eke, Andr\u00e1s<\/td><td class=\"column-3\">eke.andras@semmelweis.hu<\/td><td class=\"column-4\">Pathophysiology and translational medicine<\/td>\n<\/tr>\n<tr class=\"row-12\">\n\t<td class=\"column-1\">Treatment  options for breast cancer: identification of  tumor-angiogenesis and tumor-immunologic targets<br \/>\n<\/td><td class=\"column-2\">Hamar, P\u00e9ter<\/td><td class=\"column-3\">hamar.peter@semmelweis.hu<\/td><td class=\"column-4\">Pathophysiology and translational medicine<\/td>\n<\/tr>\n<tr class=\"row-13\">\n\t<td class=\"column-1\">Oxidative-nitrative stress and poly(ADP-ribose)polimerase activation and their diagnostic value in health and disease<\/td><td class=\"column-2\">Horv\u00e1th, Eszter M\u00e1ria<\/td><td class=\"column-3\">horvath.eszter.maria@semmelweis.hu<\/td><td class=\"column-4\">Pathophysiology and translational medicine<\/td>\n<\/tr>\n<tr class=\"row-14\">\n\t<td class=\"column-1\">Functional integrity of the cardiopulmonary system<\/td><td class=\"column-2\">Horv\u00e1th, Ildik\u00f3<\/td><td class=\"column-3\">horvat.ildiko@semmelweis.hu<\/td><td class=\"column-4\">Pathophysiology and translational medicine<\/td>\n<\/tr>\n<tr class=\"row-15\">\n\t<td class=\"column-1\">Blood separation products for regenerative application<\/td><td class=\"column-2\">Horny\u00e1k Istv\u00e1n <\/td><td class=\"column-3\">hornyak.stvani@semmelweis.hu<\/td><td class=\"column-4\">Pathophysiology and translational medicine<\/td>\n<\/tr>\n<tr class=\"row-16\">\n\t<td class=\"column-1\">Regulation of calcium homeostasis in the myocardial tissue<\/td><td class=\"column-2\">Ivanics, Tam\u00e1s<\/td><td class=\"column-3\">ivanics.tamas@semmelweis.hu<\/td><td class=\"column-4\">Pathophysiology and translational medicine<\/td>\n<\/tr>\n<tr class=\"row-17\">\n\t<td class=\"column-1\">Alterations of the intracellular calcium homeostasis in progressive heart failure<\/td><td class=\"column-2\">Ivanics, Tam\u00e1s<\/td><td class=\"column-3\">ivanics.tamas@semmelweis.hu<\/td><td class=\"column-4\">Pathophysiology and translational medicine<\/td>\n<\/tr>\n<tr class=\"row-18\">\n\t<td class=\"column-1\">Pathophysiological processes contributing to the development of diabetic cardiomyopathy<\/td><td class=\"column-2\">Ivanics, Tam\u00e1s<\/td><td class=\"column-3\">ivanics.tamas@semmelweis.hu<\/td><td class=\"column-4\">Pathophysiology and translational medicine<\/td>\n<\/tr>\n<tr class=\"row-19\">\n\t<td class=\"column-1\">The mechanism of action of cell-based regenerative therapies in myocardial infarct<\/td><td class=\"column-2\">Kiss Levente<\/td><td class=\"column-3\">kiss.levente@semmelweis.hu<\/td><td class=\"column-4\">Pathophysiology and translational medicine<\/td>\n<\/tr>\n<tr class=\"row-20\">\n\t<td class=\"column-1\">Ex vivo and in vitro research of adverse immunological effects of drug carriers<\/td><td class=\"column-2\">Kozma Tibor Gergely <\/td><td class=\"column-3\"> kozmalak@gmail.com <\/td><td class=\"column-4\">Pathophysiology and translational medicine<\/td>\n<\/tr>\n<tr class=\"row-21\">\n\t<td class=\"column-1\">The role of vitamin C in cardiovascular diseases<\/td><td class=\"column-2\">Margittai \u00c9va<\/td><td class=\"column-3\">margittai.eva@semmelweis.hu<\/td><td class=\"column-4\">Pathophysiology and translational medicine<\/td>\n<\/tr>\n<tr class=\"row-22\">\n\t<td class=\"column-1\">Novel regulatory mechanisms of the coronary circulation<\/td><td class=\"column-2\">Mikl\u00f3s Zsuzsanna<\/td><td class=\"column-3\">miklos.zsuzsanna@semmelweis.hu<\/td><td class=\"column-4\">Pathophysiology and translational medicine<\/td>\n<\/tr>\n<tr class=\"row-23\">\n\t<td class=\"column-1\">Investigating dynamic functional connectivity in the brain<\/td><td class=\"column-2\">Mukli P\u00e9ter<\/td><td class=\"column-3\">mukli.peter@semmelweis.hu<\/td><td class=\"column-4\">Pathophysiology and translational medicine<\/td>\n<\/tr>\n<tr class=\"row-24\">\n\t<td class=\"column-1\">Hemodynamic functions and network properties of the venous system:  adaptation mechanisms  to normal and abnormal loadings.<\/td><td class=\"column-2\">N\u00e1dasy, Gy\u00f6rgy<\/td><td class=\"column-3\">nadasy.gyorgy.laszlo@semmelweis.hu<\/td><td class=\"column-4\">Pathophysiology and translational medicine<\/td>\n<\/tr>\n<tr class=\"row-25\">\n\t<td class=\"column-1\">Videomicroscopic analysis of ureteral movements. Pharmacological and pathological effects.<\/td><td class=\"column-2\">N\u00e1dasy, Gy\u00f6rgy<\/td><td class=\"column-3\">nadasy.gyorgy.laszlo@semmelweis.hu<\/td><td class=\"column-4\">Pathophysiology and translational medicine<\/td>\n<\/tr>\n<tr class=\"row-26\">\n\t<td class=\"column-1\">Alterations of the biomechanical properties  of extremity arteries and veins during angiogenetic processes<\/td><td class=\"column-2\">N\u00e1dasy, Gy\u00f6rgy<\/td><td class=\"column-3\">nadasy.gyorgy.laszlo@semmelweis.hu<\/td><td class=\"column-4\">Pathophysiology and translational medicine<\/td>\n<\/tr>\n<tr class=\"row-27\">\n\t<td class=\"column-1\">Adaptation of vascular hemodynamics and network properties to physiological and pathological stress<\/td><td class=\"column-2\">N\u00e1dasy, Gy\u00f6rgy<\/td><td class=\"column-3\">nadasy.gyorgy.laszlo@semmelweis.hu<\/td><td class=\"column-4\">Pathophysiology and translational medicine<\/td>\n<\/tr>\n<tr class=\"row-28\">\n\t<td class=\"column-1\">Model-iN: Modelling aging related diseases using induced neurons directly reprogrammed from patient's fibroblasts<\/td><td class=\"column-2\">Pircs, Karolina<\/td><td class=\"column-3\">pircs.karolina@semmelweis.hu<\/td><td class=\"column-4\">Pathophysiology and translational medicine<\/td>\n<\/tr>\n<tr class=\"row-29\">\n\t<td class=\"column-1\">Role of lysophospholipids, lysophospholipid receptors and autotaxin in vascular physiology and pathophysiology<\/td><td class=\"column-2\">Ruisanchez, \u00c9va<\/td><td class=\"column-3\">ruisanchez.eva@semmelweis.hu<\/td><td class=\"column-4\">Pathophysiology and translational medicine<\/td>\n<\/tr>\n<tr class=\"row-30\">\n\t<td class=\"column-1\">Ischemia-induced molecular-biological changes of the blood-brain barrier<\/td><td class=\"column-2\">S\u00e1ndor, P\u00e9ter<\/td><td class=\"column-3\">sandor.peter@semmelweis.hu<\/td><td class=\"column-4\">Pathophysiology and translational medicine<\/td>\n<\/tr>\n<tr class=\"row-31\">\n\t<td class=\"column-1\">The role of the female sex hormones in the regulation of the cerebral blood flow<\/td><td class=\"column-2\">S\u00e1ndor, P\u00e9ter<\/td><td class=\"column-3\">sandor.peter@semmelweis.hu<\/td><td class=\"column-4\">Pathophysiology and translational medicine<\/td>\n<\/tr>\n<tr class=\"row-32\">\n\t<td class=\"column-1\">Congenital heart disease in adult<\/td><td class=\"column-2\">Temesv\u00e1ri, Andr\u00e1s<\/td><td class=\"column-3\">temesvari.andras00@gmail.com<\/td><td class=\"column-4\">Pathophysiology and translational medicine<\/td>\n<\/tr>\n<tr class=\"row-33\">\n\t<td class=\"column-1\">Mechanism of action of photosensitizers and their application <br \/>\nin microbial inactivation<\/td><td class=\"column-2\">Cs\u00edk ,Gabriella<\/td><td class=\"column-3\">csik.gabriella@semmelweis.hu<\/td><td class=\"column-4\">Cellular and molecular biophysics<\/td>\n<\/tr>\n<tr class=\"row-34\">\n\t<td class=\"column-1\">Computational Tools in Drug Discovery<\/td><td class=\"column-2\">Ferenczy , Gy\u00f6rgy<\/td><td class=\"column-3\">ferenczy.gyorgy@semmelweis.hu<\/td><td class=\"column-4\">Cellular and molecular biophysics<\/td>\n<\/tr>\n<tr class=\"row-35\">\n\t<td class=\"column-1\">Shear force dependent platelet function with nano biophysical methods in clinical correlation<\/td><td class=\"column-2\">H\u00e1rsfalvi, Jol\u00e1n<\/td><td class=\"column-3\">harsfalvi.jolan@semmelweis.hu<\/td><td class=\"column-4\">Cellular and molecular biophysics<\/td>\n<\/tr>\n<tr class=\"row-36\">\n\t<td class=\"column-1\">The role of the molecular interactions of viral and human 1 transmembrane proteins and the SERCA pump in Ca2+ signaling<br \/>\n<\/td><td class=\"column-2\">Heged\u0171s, Tam\u00e1s<\/td><td class=\"column-3\">tamas@hegelab.org<\/td><td class=\"column-4\">Cellular and molecular biophysics<\/td>\n<\/tr>\n<tr class=\"row-37\">\n\t<td class=\"column-1\">Synthesis, physical-chemical, in vitro and in vivo characterization of the artificial matrices and nanoparticles for biomedical application<\/td><td class=\"column-2\">Jedlovszky-Hajd\u00fa, Ang\u00e9la<\/td><td class=\"column-3\">hajdu.angela@semmelweis.hu<\/td><td class=\"column-4\">Cellular and molecular biophysics<\/td>\n<\/tr>\n<tr class=\"row-38\">\n\t<td class=\"column-1\">Self-organizing and nanomechanical properties of the actomyosin system<\/td><td class=\"column-2\">Kellermayer, Mikl\u00f3s<\/td><td class=\"column-3\">kellermayer.miklos@semmelweis.hu<\/td><td class=\"column-4\">Cellular and molecular biophysics<\/td>\n<\/tr>\n<tr class=\"row-39\">\n\t<td class=\"column-1\">Nanobiotechnology<\/td><td class=\"column-2\">Kellermayer, Mikl\u00f3s<\/td><td class=\"column-3\">kellermayer.miklos@semmelweis.hu<\/td><td class=\"column-4\">Cellular and molecular biophysics<\/td>\n<\/tr>\n<tr class=\"row-40\">\n\t<td class=\"column-1\">Nanomechanics of nucleoprotein systems<\/td><td class=\"column-2\">Kellermayer,Mikl\u00f3s<\/td><td class=\"column-3\">kellermayer.miklos@semmelweis.hu<\/td><td class=\"column-4\">Cellular and molecular biophysics<\/td>\n<\/tr>\n<tr class=\"row-41\">\n\t<td class=\"column-1\">Molecular biophysics of the giant muscle protein titin<\/td><td class=\"column-2\">Kellermayer, Mikl\u00f3s<\/td><td class=\"column-3\">kellermayer.miklos@semmelweis.hu<\/td><td class=\"column-4\">Cellular and molecular biophysics<\/td>\n<\/tr>\n<tr class=\"row-42\">\n\t<td class=\"column-1\">Mechanobiophysics of the giant protein nebulin<\/td><td class=\"column-2\">Kiss, Bal\u00e1zs<\/td><td class=\"column-3\">kiss.balazs1@semmelweis.hu<\/td><td class=\"column-4\">Cellular and molecular biophysics<\/td>\n<\/tr>\n<tr class=\"row-43\">\n\t<td class=\"column-1\">Inhibition of calmodulin by endogenous sphingolipids: structure-function studies<\/td><td class=\"column-2\">Liliom, K\u00e1roly <\/td><td class=\"column-3\">liliom.karoly@semmelweis.hu<\/td><td class=\"column-4\">Cellular and molecular biophysics<\/td>\n<\/tr>\n<tr class=\"row-44\">\n\t<td class=\"column-1\">Mechanical manipulation of biomolecules with optical tweezers and magnetic tweezers<\/td><td class=\"column-2\">M\u00e1rtonfalvi, Zsolt <\/td><td class=\"column-3\">martonfalvi.zsolt@semmelweis.hu<\/td><td class=\"column-4\">Cellular and molecular biophysics<\/td>\n<\/tr>\n<tr class=\"row-45\">\n\t<td class=\"column-1\">Molecular Imaging end Tartgeted Molecular Isotope Therapeutics in Neuroinflammation, Cancer and Infection<\/td><td class=\"column-2\">M\u00e1th\u00e9, Domokos<\/td><td class=\"column-3\">mathe.domokos@semmelweis.hu<\/td><td class=\"column-4\">Cellular and molecular biophysics<\/td>\n<\/tr>\n<tr class=\"row-46\">\n\t<td class=\"column-1\">Mechanobiology of endothelial cells<\/td><td class=\"column-2\">Matkovicsn\u00e9 Varga Andrea<\/td><td class=\"column-3\">mandrea.varga@gmail.com<\/td><td class=\"column-4\">Cellular and molecular biophysics<\/td>\n<\/tr>\n<tr class=\"row-47\">\n\t<td class=\"column-1\">Polymer based functional coatings and implants for drug delivery and their interaction with the living system<\/td><td class=\"column-2\">Moln\u00e1r Krist\u00f3f<\/td><td class=\"column-3\">molnar.kristof1@semmelweis.hu<\/td><td class=\"column-4\">Cellular and molecular biophysics<\/td>\n<\/tr>\n<tr class=\"row-48\">\n\t<td class=\"column-1\">Application of biopolymers for tissue engineering and drug delivery<\/td><td class=\"column-2\">S. Nagy Krisztina<\/td><td class=\"column-3\">s.nagy.krisztina@semmelweis.hu<\/td><td class=\"column-4\">Cellular and molecular biophysics<\/td>\n<\/tr>\n<tr class=\"row-49\">\n\t<td class=\"column-1\">Conformational selection in calmodulin's function: enzyme-activitation studies<\/td><td class=\"column-2\">Schay, Guszt\u00e1v<\/td><td class=\"column-3\">schay.gusztav@semmelweis.hu<\/td><td class=\"column-4\">Cellular and molecular biophysics<\/td>\n<\/tr>\n<tr class=\"row-50\">\n\t<td class=\"column-1\">Spectroscopic investigation of the structure and function of proteins immobilize on lipid layer<\/td><td class=\"column-2\">Smeller, L\u00e1szl\u00f3<\/td><td class=\"column-3\">smeller.laszlo@semmelweis.hu<\/td><td class=\"column-4\">Cellular and molecular biophysics<\/td>\n<\/tr>\n<tr class=\"row-51\">\n\t<td class=\"column-1\">Kinetics and dynamics of tetraplex DNA structures under complex environmental conditions determined by spectroscopic methods<\/td><td class=\"column-2\">Smeller, L\u00e1szl\u00f3<\/td><td class=\"column-3\">smeller.laszlo@semmelweis.hu<\/td><td class=\"column-4\">Cellular and molecular biophysics<\/td>\n<\/tr>\n<tr class=\"row-52\">\n\t<td class=\"column-1\">In vivo multimodal preclinical imaging<\/td><td class=\"column-2\">Szigeti, Kriszti\u00e1n<\/td><td class=\"column-3\">szigeti.krisztian@semmelweis.hu<\/td><td class=\"column-4\">Cellular and molecular biophysics<\/td>\n<\/tr>\n<tr class=\"row-53\">\n\t<td class=\"column-1\">Biological and biomimetic materials; chemical foundations of nanotechnology<\/td><td class=\"column-2\">Zrinyi, Mikl\u00f3s<\/td><td class=\"column-3\">mikloszrinyi@gmail.com<\/td><td class=\"column-4\">Cellular and molecular biophysics<\/td>\n<\/tr>\n<tr class=\"row-54\">\n\t<td class=\"column-1\">Radiological aspects of organ transplantation<\/td><td class=\"column-2\">Doros Attila<\/td><td class=\"column-3\">doros.attila@semmelweis.hu<\/td><td class=\"column-4\">Translational kidney research and organ transplantation<\/td>\n<\/tr>\n<tr class=\"row-55\">\n\t<td class=\"column-1\">Therapeutic applications of RNA interference to prevent renal<br \/>\nischemia-reperfusion injury<\/td><td class=\"column-2\">Hamar, P\u00e9ter<\/td><td class=\"column-3\">hamar.peter@semmelweis.hu<\/td><td class=\"column-4\">Translational kidney research and organ transplantation<\/td>\n<\/tr>\n<tr class=\"row-56\">\n\t<td class=\"column-1\">Molecular mechanisms of TGF-beta induced <br \/>\nmyocardial and renal fibrosis progression<\/td><td class=\"column-2\">K\u00f6k\u00e9ny, G\u00e1bor<\/td><td class=\"column-3\">kokeny.gabor@semmelweis.hu<\/td><td class=\"column-4\">Translational kidney research and organ transplantation<\/td>\n<\/tr>\n<tr class=\"row-57\">\n\t<td class=\"column-1\">Molecular mechanisms of podocyte damage in diabetes<\/td><td class=\"column-2\">K\u00f6k\u00e9ny, G\u00e1bor<\/td><td class=\"column-3\">kokeny.gabor@semmelweis.hu<\/td><td class=\"column-4\">Translational kidney research and organ transplantation<\/td>\n<\/tr>\n<tr class=\"row-58\">\n\t<td class=\"column-1\">Malnutrition and inflammation in patients with <br \/>\nchronic kidney disease<\/td><td class=\"column-2\">Moln\u00e1r Mikl\u00f3s Zsolt<\/td><td class=\"column-3\">molnar.miklos.g@semmelweis.hu<\/td><td class=\"column-4\">Translational kidney research and organ transplantation<\/td>\n<\/tr>\n<tr class=\"row-59\">\n\t<td class=\"column-1\">Renin-angiotensin system (RAS)<\/td><td class=\"column-2\">Rosivall, L\u00e1szl\u00f3<\/td><td class=\"column-3\">rosivall.laszlo@semmelweis.hu<\/td><td class=\"column-4\">Translational kidney research and organ transplantation<\/td>\n<\/tr>\n<tr class=\"row-60\">\n\t<td class=\"column-1\">Novel Concepts in the Regulation of Blood Pressure <br \/>\nand Kidney Function<\/td><td class=\"column-2\">Rosivall, L\u00e1szl\u00f3<\/td><td class=\"column-3\">rosivall.laszlo@semmelweis.hu<\/td><td class=\"column-4\">Translational kidney research and organ transplantation<\/td>\n<\/tr>\n<tr class=\"row-61\">\n\t<td class=\"column-1\">The role and mechanisms of epithelial- mesenchymal <br \/>\ntransition during fibrosis and tumor progression<\/td><td class=\"column-2\">Sebe, Attila<\/td><td class=\"column-3\"> sebatt@net.sote.hu<\/td><td class=\"column-4\">Translational kidney research and organ transplantation<\/td>\n<\/tr>\n<tr class=\"row-62\">\n\t<td class=\"column-1\">Pathophysiology of nano-medicines with particular focus on nephrology and circulation<\/td><td class=\"column-2\">Szebeni, J\u00e1nos<\/td><td class=\"column-3\">jszebeni2@gmail.com<\/td><td class=\"column-4\">Translational kidney research and organ transplantation<\/td>\n<\/tr>\n<tr class=\"row-63\">\n\t<td class=\"column-1\">Pathophysiology of the complement system, with particular focus on its role in drug-induced allergic reactions<\/td><td class=\"column-2\">Szebeni, J\u00e1nos<\/td><td class=\"column-3\">jszebeni2@gmail.com<\/td><td class=\"column-4\">Translational kidney research and organ transplantation<\/td>\n<\/tr>\n<tr class=\"row-64\">\n\t<td class=\"column-1\">The role of serotonin  in the progression of kidney fibrosis and chronic renal disease<\/td><td class=\"column-2\">Sz\u00e9n\u00e1si, G\u00e1bor<\/td><td class=\"column-3\">szenasi.gabor@semmelweis.hu<\/td><td class=\"column-4\">Translational kidney research and organ transplantation<\/td>\n<\/tr>\n<tr class=\"row-65\">\n\t<td class=\"column-1\">Relevance of transplantation to nephrology and diabetology<\/td><td class=\"column-2\">Wagner, L\u00e1szl\u00f3<\/td><td class=\"column-3\">wagner.laszlo@semmelweis.hu<\/td><td class=\"column-4\">Translational kidney research and organ transplantation<\/td>\n<\/tr>\n<tr class=\"row-66\">\n\t<td class=\"column-1\">Effect of physical exercise on the regulation of vascular tone, experimental and clinical relations<\/td><td class=\"column-2\">Pr\u00e9da, Istv\u00e1n<\/td><td class=\"column-3\">predadr@gmail.com<\/td><td class=\"column-4\">Vascular Pathophysiology <\/td>\n<\/tr>\n<tr class=\"row-67\">\n\t<td class=\"column-1\">Clinical anatomical analysis of the white matter of the brain<\/td><td class=\"column-2\">Alp\u00e1r Al\u00e1n, B\u00e1r\u00e1ny L\u00e1szl\u00f3<\/td><td class=\"column-3\">alpar.alan@semmelweis.hu<\/td><td class=\"column-4\">Clinical application of basic science results<\/td>\n<\/tr>\n<tr class=\"row-68\">\n\t<td class=\"column-1\">Clinical anatomy of the ptergopalatine fossa<\/td><td class=\"column-2\">Alp\u00e1r, Al\u00e1n<\/td><td class=\"column-3\">alpar.alan@semmelweis.hu<\/td><td class=\"column-4\">Clinical application of basic science results<\/td>\n<\/tr>\n<tr class=\"row-69\">\n\t<td class=\"column-1\">Surgical aspects of anatomy and imaging<\/td><td class=\"column-2\">Alp\u00e1r, Al\u00e1n<\/td><td class=\"column-3\">alpar.alan@semmelweis.hu<\/td><td class=\"column-4\">Clinical application of basic science results<\/td>\n<\/tr>\n<tr class=\"row-70\">\n\t<td class=\"column-1\">Evaluation of psychosocial factors determining the development and progression of chronic disorders<\/td><td class=\"column-2\">E\u0151ry, Aj\u00e1nd\u00e9k<\/td><td class=\"column-3\">eory.ajandek@semmelweis.hu <\/td><td class=\"column-4\">Clinical application of basic science results<\/td>\n<\/tr>\n<tr class=\"row-71\">\n\t<td class=\"column-1\">Workplace-based learning in the development of medical identity<\/td><td class=\"column-2\">E\u0151ry, Aj\u00e1nd\u00e9k<\/td><td class=\"column-3\">eory.ajandek@semmelweis.hu <\/td><td class=\"column-4\">Clinical application of basic science results<\/td>\n<\/tr>\n<tr class=\"row-72\">\n\t<td class=\"column-1\">Comparison and validation of clinical guidelines<\/td><td class=\"column-2\">Erd\u00e9lyi, D\u00e1niel J\u00e1nos<\/td><td class=\"column-3\">erdelyi.daniel@semmelweis.hu<\/td><td class=\"column-4\">Clinical application of basic science results<\/td>\n<\/tr>\n<tr class=\"row-73\">\n\t<td class=\"column-1\">Advanced diagnosis and clinical significance of cryptic chromosomal abnormalities<\/td><td class=\"column-2\">Haltrich, Ir\u00e9n<\/td><td class=\"column-3\">haltrich.iren@semmelweis.hu<\/td><td class=\"column-4\">Clinical application of basic science results<\/td>\n<\/tr>\n<tr class=\"row-74\">\n\t<td class=\"column-1\">Mass spectrometry-based approaches in laboratory medicine<\/td><td class=\"column-2\">Karvaly, Gell\u00e9rt<\/td><td class=\"column-3\">karvaly.gellert.balazs@semmelweis.hu<\/td><td class=\"column-4\">Clinical application of basic science results<\/td>\n<\/tr>\n<tr class=\"row-75\">\n\t<td class=\"column-1\">Application of modern diagnostic procedures in clinical microbiology<\/td><td class=\"column-2\">Krist\u00f3f, Katalin<\/td><td class=\"column-3\">kristof.katalin@semmelweis.hu<\/td><td class=\"column-4\">Clinical application of basic science results<\/td>\n<\/tr>\n<tr class=\"row-76\">\n\t<td class=\"column-1\">Current methods for predicting and preventing transplant complications in hematopoietic stem cell transplantation<\/td><td class=\"column-2\">Kriv\u00e1n, Gergely<\/td><td class=\"column-3\">drkrivan@gmail.com <\/td><td class=\"column-4\">Clinical application of basic science results<\/td>\n<\/tr>\n<tr class=\"row-77\">\n\t<td class=\"column-1\">Cadaver-based clinical anatomic models<\/td><td class=\"column-2\">Ruttkay, Tam\u00e1s<\/td><td class=\"column-3\">ruttkay.tamas@semmelweis.hu<\/td><td class=\"column-4\">Clinical application of basic science results<\/td>\n<\/tr>\n<tr class=\"row-78\">\n\t<td class=\"column-1\">Biomarkers in inflammation<\/td><td class=\"column-2\">V\u00e1s\u00e1rhelyi, Barna<\/td><td class=\"column-3\">vasarhelyi.barna@semmelweis.hu<\/td><td class=\"column-4\">Clinical application of basic science results<\/td>\n<\/tr>\n<\/tbody>\n<\/table>\n<!-- #tablepress-17 from cache -->\n<p>\u2190 Theoretical and Translational Medicine Division<\/p>\n","protected":false},"excerpt":{"rendered":"<p>\u2190 Theoretical and Translational Medicine Division<\/p>\n","protected":false},"author":12,"featured_media":0,"parent":16344,"menu_order":0,"comment_status":"closed","ping_status":"closed","template":"template-fullwidth.php","meta":{"_acf_changed":false,"footnotes":""},"categories":[],"tags":[309],"class_list":["post-63779","page","type-page","status-publish","hentry","tag-topics"],"acf":[],"_links":{"self":[{"href":"https:\/\/semmelweis.hu\/phd\/wp-json\/wp\/v2\/pages\/63779","targetHints":{"allow":["GET"]}}],"collection":[{"href":"https:\/\/semmelweis.hu\/phd\/wp-json\/wp\/v2\/pages"}],"about":[{"href":"https:\/\/semmelweis.hu\/phd\/wp-json\/wp\/v2\/types\/page"}],"author":[{"embeddable":true,"href":"https:\/\/semmelweis.hu\/phd\/wp-json\/wp\/v2\/users\/12"}],"replies":[{"embeddable":true,"href":"https:\/\/semmelweis.hu\/phd\/wp-json\/wp\/v2\/comments?post=63779"}],"version-history":[{"count":1,"href":"https:\/\/semmelweis.hu\/phd\/wp-json\/wp\/v2\/pages\/63779\/revisions"}],"predecessor-version":[{"id":63781,"href":"https:\/\/semmelweis.hu\/phd\/wp-json\/wp\/v2\/pages\/63779\/revisions\/63781"}],"up":[{"embeddable":true,"href":"https:\/\/semmelweis.hu\/phd\/wp-json\/wp\/v2\/pages\/16344"}],"wp:attachment":[{"href":"https:\/\/semmelweis.hu\/phd\/wp-json\/wp\/v2\/media?parent=63779"}],"wp:term":[{"taxonomy":"category","embeddable":true,"href":"https:\/\/semmelweis.hu\/phd\/wp-json\/wp\/v2\/categories?post=63779"},{"taxonomy":"post_tag","embeddable":true,"href":"https:\/\/semmelweis.hu\/phd\/wp-json\/wp\/v2\/tags?post=63779"}],"curies":[{"name":"wp","href":"https:\/\/api.w.org\/{rel}","templated":true}]}}