{"id":63733,"date":"2024-11-05T14:21:46","date_gmt":"2024-11-05T13:21:46","guid":{"rendered":"https:\/\/semmelweis.hu\/phd\/?page_id=63733"},"modified":"2024-12-05T09:28:38","modified_gmt":"2024-12-05T08:28:38","slug":"topics-of-the-mental-health-sciences-division","status":"publish","type":"page","link":"https:\/\/semmelweis.hu\/phd\/en\/doctoral-divisions\/mental-health-sciences-division\/topics-of-the-mental-health-sciences-division\/","title":{"rendered":"Topics of the Mental Health Sciences Division"},"content":{"rendered":"\n<table id=\"tablepress-14\" class=\"tablepress tablepress-id-14\">\n<thead>\n<tr class=\"row-1\">\n\t<th class=\"column-1\">Research topic<\/th><th class=\"column-2\">Supervisor<\/th><th class=\"column-3\">E-mail address<\/th><th class=\"column-4\">Program<\/th>\n<\/tr>\n<\/thead>\n<tbody class=\"row-striping row-hover\">\n<tr class=\"row-2\">\n\t<td class=\"column-1\">Genetic factors and gene environment interactions in psychiatric disorders<\/td><td class=\"column-2\">Bagdy Gy\u00f6rgy<\/td><td class=\"column-3\">bagdy.gyorgy@semmelweis.hu<\/td><td class=\"column-4\">Psychiatry<\/td>\n<\/tr>\n<tr class=\"row-3\">\n\t<td class=\"column-1\">Molecular Psychiatry: Genetic, epigenetic, genomic and proteomic studies of psychiatric disorders<\/td><td class=\"column-2\">R\u00e9thelyi J\u00e1nos<\/td><td class=\"column-3\">rethelyi.janos@semmelweis.hu<\/td><td class=\"column-4\">Psychiatry<\/td>\n<\/tr>\n<tr class=\"row-4\">\n\t<td class=\"column-1\">Psychiatric disorders in children and adolescents<\/td><td class=\"column-2\">Bal\u00e1zs Judit<\/td><td class=\"column-3\">judit.agnes.balazs@gmail.com<\/td><td class=\"column-4\">Psychiatry<\/td>\n<\/tr>\n<tr class=\"row-5\">\n\t<td class=\"column-1\">The neurobiological risk and protective factors of affective disregulation, aggression and functional imparement in typically developing adolescents with ADHD symptoms<\/td><td class=\"column-2\">Bunford N\u00f3ra<\/td><td class=\"column-3\">bunford.nora@ttk.hu <\/td><td class=\"column-4\">Psychiatry<\/td>\n<\/tr>\n<tr class=\"row-6\">\n\t<td class=\"column-1\">Affective dysregulation as a transdiagnostic characteristic \u2013 Examining biological and environmental mechanisms as well as behavioural manifestations in adolescents with and without externalizing and internalizing psychopathologies <\/td><td class=\"column-2\">Bunford N\u00f3ra<\/td><td class=\"column-3\">bunford.nora@ttk.hu <\/td><td class=\"column-4\">Psychiatry<\/td>\n<\/tr>\n<tr class=\"row-7\">\n\t<td class=\"column-1\">Psychophysiological and neuropsychological mechanisms of psychiatric disorders<\/td><td class=\"column-2\">Czobor P\u00e1l<\/td><td class=\"column-3\">czobor.pal@semmelweis.hu<\/td><td class=\"column-4\">Psychiatry<\/td>\n<\/tr>\n<tr class=\"row-8\">\n\t<td class=\"column-1\">Social cognition in psychiatric disorders<\/td><td class=\"column-2\">Csukly G\u00e1bor<\/td><td class=\"column-3\">csugab@yahoo.com<\/td><td class=\"column-4\">Psychiatry<\/td>\n<\/tr>\n<tr class=\"row-9\">\n\t<td class=\"column-1\">The screening and prevention of mild cognitive impairment and dementia<\/td><td class=\"column-2\">Csukly G\u00e1bor<\/td><td class=\"column-3\">csugab@yahoo.com<\/td><td class=\"column-4\">Psychiatry<\/td>\n<\/tr>\n<tr class=\"row-10\">\n\t<td class=\"column-1\">The genetic background and phenotypes of environmental sensitivity and susceptibility and their role in mood disorders and their therapy<\/td><td class=\"column-2\">Gonda X\u00e9nia<\/td><td class=\"column-3\">gonda.xenia@semmelweis.hu<\/td><td class=\"column-4\">Psychiatry<\/td>\n<\/tr>\n<tr class=\"row-11\">\n\t<td class=\"column-1\">Functional magnetic resonance brain imaging (fMRI) and genetic biomarkers of migraine<\/td><td class=\"column-2\">Hal\u00e1sz J\u00f3zsef<\/td><td class=\"column-3\">halaszjoe@gmail.com<\/td><td class=\"column-4\">Psychiatry<\/td>\n<\/tr>\n<tr class=\"row-12\">\n\t<td class=\"column-1\">Utalization of modern technology in psychiatry and psychotherapy<\/td><td class=\"column-2\">Haluska-Vass Edit<\/td><td class=\"column-3\">vass.edit@semmelweis.hu<\/td><td class=\"column-4\">Psychiatry<\/td>\n<\/tr>\n<tr class=\"row-13\">\n\t<td class=\"column-1\">Functional magnetic resonance brain imaging (fMRI) and genetic biomarkers of migraine<\/td><td class=\"column-2\">Juh\u00e1sz Gabriella<\/td><td class=\"column-3\">juhasz.gabriella@semmelweis.hu<\/td><td class=\"column-4\">Psychiatry<\/td>\n<\/tr>\n<tr class=\"row-14\">\n\t<td class=\"column-1\">Depression stratification based on multimorbidity networks<\/td><td class=\"column-2\">Juh\u00e1sz Gabriella<\/td><td class=\"column-3\">juhasz.gabriella@semmelweis.hu<\/td><td class=\"column-4\">Psychiatry<\/td>\n<\/tr>\n<tr class=\"row-15\">\n\t<td class=\"column-1\">The role of disrupted circadian rhythm in the development and course of comorbid psychiatric and internal medicine diseases<\/td><td class=\"column-2\">Purebl Gy\u00f6rgy<\/td><td class=\"column-3\">purebl.gyorgy@semmelweis.hu<\/td><td class=\"column-4\">Psychiatry<\/td>\n<\/tr>\n<tr class=\"row-16\">\n\t<td class=\"column-1\">Clinical and biological aspects of affective disorders<\/td><td class=\"column-2\">Rihmer Zolt\u00e1n<\/td><td class=\"column-3\">rihmer.z@kronet.hu<\/td><td class=\"column-4\">Psychiatry<\/td>\n<\/tr>\n<tr class=\"row-17\">\n\t<td class=\"column-1\">Measurement of affective temperaments among patients with chronic illnesses (hypertension, diabetes, obesity)<\/td><td class=\"column-2\">Torzsa P\u00e9ter<\/td><td class=\"column-3\">torzsa.peter@semmelweis.hu<\/td><td class=\"column-4\">Psychiatry<\/td>\n<\/tr>\n<tr class=\"row-18\">\n\t<td class=\"column-1\">Investigation of Personality Disorders; Symptom Dimensions<\/td><td class=\"column-2\">Unoka Zsolt<\/td><td class=\"column-3\">unoka.zsolt@emmelweis.hu<\/td><td class=\"column-4\">Psychiatry<\/td>\n<\/tr>\n<tr class=\"row-19\">\n\t<td class=\"column-1\">Assesment of the relations between psychosocial and health-related stressors and chronic<\/td><td class=\"column-2\">\u00c1d\u00e1m Szilvia<\/td><td class=\"column-3\">adamszilvia@hotmail.com<\/td><td class=\"column-4\">Behavioural Sciences<\/td>\n<\/tr>\n<tr class=\"row-20\">\n\t<td class=\"column-1\">Psychosocial and inherited factors in depression and addiction<\/td><td class=\"column-2\">Bagdy Gy\u00f6rgy<\/td><td class=\"column-3\">bagdy.gyorgy@semmelweis.hu<\/td><td class=\"column-4\">Behavioural Sciences<\/td>\n<\/tr>\n<tr class=\"row-21\">\n\t<td class=\"column-1\">The examination of relationships and causal contexts of chronic stress (conjugal, social, work and infertility related) and the distressing, depressive symptoms and cardio-vascular diseases<\/td><td class=\"column-2\">Balog Piroska<\/td><td class=\"column-3\">balog.piroska@semmelweis.hu<\/td><td class=\"column-4\">Behavioural Sciences<\/td>\n<\/tr>\n<tr class=\"row-22\">\n\t<td class=\"column-1\">State-dependent and individiual-specific patterns brain electrical activity in sleep - benavioural and clinical relevancies<\/td><td class=\"column-2\">B\u00f3dizs R\u00f3bert<\/td><td class=\"column-3\">bodizs.robert@semmelweis.hu<\/td><td class=\"column-4\">Behavioural Sciences<\/td>\n<\/tr>\n<tr class=\"row-23\">\n\t<td class=\"column-1\">Investigation of the efficacy of medication therapies based on real-world data in schizophrenic patients<\/td><td class=\"column-2\">Czobor P\u00e1l<\/td><td class=\"column-3\">czobor.pal@semmelweis.hu<\/td><td class=\"column-4\">Behavioural Sciences<\/td>\n<\/tr>\n<tr class=\"row-24\">\n\t<td class=\"column-1\">New approaches in the Study of the Performance Management of Health Systems<\/td><td class=\"column-2\">Ga\u00e1l P\u00e9ter<\/td><td class=\"column-3\">gaal.peter@emk.semmelweis.hu<\/td><td class=\"column-4\">Behavioural Sciences<\/td>\n<\/tr>\n<tr class=\"row-25\">\n\t<td class=\"column-1\">The behavioural aspects of digital health<\/td><td class=\"column-2\">Gy\u0151rffy Zsuzsa<\/td><td class=\"column-3\">gyorffy.zsuzsa.mail@gmail.com<\/td><td class=\"column-4\">Behavioural Sciences<\/td>\n<\/tr>\n<tr class=\"row-26\">\n\t<td class=\"column-1\">Stressors and coping, somatic and mental health among physicians and  medical students<\/td><td class=\"column-2\">Gy\u0151rffy Zsuzsa<\/td><td class=\"column-3\">gyorffy.zsuzsa.mail@gmail.com<\/td><td class=\"column-4\">Behavioural Sciences<\/td>\n<\/tr>\n<tr class=\"row-27\">\n\t<td class=\"column-1\">The investigation of the relationship between the identification of health status\/mental disorder of individuals suffering from cerebral paresis and their social integration <\/td><td class=\"column-2\">Kelemen Anna<\/td><td class=\"column-3\">kelemenanna@hotmail.com<\/td><td class=\"column-4\">Behavioural Sciences<\/td>\n<\/tr>\n<tr class=\"row-28\">\n\t<td class=\"column-1\">\"Borderless world\" - Cross-border health care - the impact of mobility on health systems<\/td><td class=\"column-2\">Kov\u00e1cs Eszter<\/td><td class=\"column-3\">kovacs.eszter@emk.semmelweis.hu<\/td><td class=\"column-4\">Behavioural Sciences<\/td>\n<\/tr>\n<tr class=\"row-29\">\n\t<td class=\"column-1\">Cognitive, emotional and personality development as function of biological and chronological age in adolescents.<\/td><td class=\"column-2\">Kov\u00e1cs Ilona<\/td><td class=\"column-3\">kovacs.ilona@btk.ppke.hu<\/td><td class=\"column-4\">Behavioural Sciences<\/td>\n<\/tr>\n<tr class=\"row-30\">\n\t<td class=\"column-1\">Mapping the maturation of cortical functional connectivity in adolescents based on polisomnographic and fine motor movement data<\/td><td class=\"column-2\">Kov\u00e1cs Ilona<\/td><td class=\"column-3\">kovacs.ilona@btk.ppke.hu<\/td><td class=\"column-4\">Behavioural Sciences<\/td>\n<\/tr>\n<tr class=\"row-31\">\n\t<td class=\"column-1\">Investigation  of the timemporal dynamics and  equilibral state of visual perception in psychiatric disorders<\/td><td class=\"column-2\">Kov\u00e1cs Ilona<\/td><td class=\"column-3\">kovacs.ilona@btk.ppke.hu<\/td><td class=\"column-4\">Behavioural Sciences<\/td>\n<\/tr>\n<tr class=\"row-32\">\n\t<td class=\"column-1\">Objective behavioural assessment and cortical network correlates of human mental imagery<\/td><td class=\"column-2\">Kov\u00e1cs Ilona<\/td><td class=\"column-3\">kovacs.ilona@btk.ppke.hu<\/td><td class=\"column-4\">Behavioural Sciences<\/td>\n<\/tr>\n<tr class=\"row-33\">\n\t<td class=\"column-1\">Post-traumatic stress disorder (PTSD), trauma research<\/td><td class=\"column-2\">Perczel-Forintos D\u00f3ra<\/td><td class=\"column-3\">perczel-forintos.dora@semmelweis.hu<\/td><td class=\"column-4\">Behavioural Sciences<\/td>\n<\/tr>\n<tr class=\"row-34\">\n\t<td class=\"column-1\">Clinical aspects of mindfulness<\/td><td class=\"column-2\">Perczel-Forintos D\u00f3ra<\/td><td class=\"column-3\">perczel-forintos.dora@semmelweis.hu<\/td><td class=\"column-4\">Behavioural Sciences<\/td>\n<\/tr>\n<tr class=\"row-35\">\n\t<td class=\"column-1\">Study of youth's problem behavior and mental health based on the risk and protective theory<\/td><td class=\"column-2\">Pik\u00f3 Bettina<\/td><td class=\"column-3\">pikobettina@gmail.com<\/td><td class=\"column-4\">Behavioural Sciences<\/td>\n<\/tr>\n<tr class=\"row-36\">\n\t<td class=\"column-1\">Prevention of depression and suicide: community and transcultural correlates<\/td><td class=\"column-2\">Purebl Gy\u00f6rgy<\/td><td class=\"column-3\">purebl.gyorgy@semmelweis.hu<\/td><td class=\"column-4\">Behavioural Sciences<\/td>\n<\/tr>\n<tr class=\"row-37\">\n\t<td class=\"column-1\">Implementation of behavioral medicine interventions<\/td><td class=\"column-2\">Stauder Adrienne<\/td><td class=\"column-3\">stauder.adrienne@semmelweis.hu<\/td><td class=\"column-4\">Behavioural Sciences<\/td>\n<\/tr>\n<tr class=\"row-38\">\n\t<td class=\"column-1\">Behavioral aspects of digital health<\/td><td class=\"column-2\">Stauder Adrienne<\/td><td class=\"column-3\">stauder.adrienne@semmelweis.hu<\/td><td class=\"column-4\">Behavioural Sciences<\/td>\n<\/tr>\n<tr class=\"row-39\">\n\t<td class=\"column-1\">The impact of rhytmic acoustic stimulation on to the selective attention<\/td><td class=\"column-2\">Szal\u00e1rdy Orsolya<\/td><td class=\"column-3\">stauder.adrienne@semmelweis.hu<\/td><td class=\"column-4\">Behavioural Sciences<\/td>\n<\/tr>\n<tr class=\"row-40\">\n\t<td class=\"column-1\">Neurological background of sleep and behavioural disorders<\/td><td class=\"column-2\">Anna Sz\u0171cs, MD., PhD<\/td><td class=\"column-3\">szucsan@gmail.com<\/td><td class=\"column-4\">Behavioural Sciences<\/td>\n<\/tr>\n<tr class=\"row-41\">\n\t<td class=\"column-1\">The effects of traits and daily events on the natural variability of the sleep EEG<\/td><td class=\"column-2\">Ujma Przemyslaw P\u00e9ter<\/td><td class=\"column-3\">peteru88@gmail.com<\/td><td class=\"column-4\">Behavioural Sciences<\/td>\n<\/tr>\n<tr class=\"row-42\">\n\t<td class=\"column-1\">Medical anthropological analysis of health and disease<\/td><td class=\"column-2\">Zana \u00c1gnes<\/td><td class=\"column-3\">zanagi72@gmail.com<\/td><td class=\"column-4\">Behavioural Sciences<\/td>\n<\/tr>\n<tr class=\"row-43\">\n\t<td class=\"column-1\">End-of-life decisions in medical practice<\/td><td class=\"column-2\">Zubek L\u00e1szl\u00f3<\/td><td class=\"column-3\">laszlo.zubek@gmail.com<\/td><td class=\"column-4\">Behavioural Sciences<\/td>\n<\/tr>\n<tr class=\"row-44\">\n\t<td class=\"column-1\">Mental health and social capital: psycho-social resources of individual, family and community<\/td><td class=\"column-2\">Pethesn\u00e9 D\u00e1vid Be\u00e1ta<\/td><td class=\"column-3\">david.bea@semmelweis.hu<\/td><td class=\"column-4\">Interdisciplinary Social Sciences<\/td>\n<\/tr>\n<tr class=\"row-45\">\n\t<td class=\"column-1\">The analysis of interpersonal relationships and physical\/mental health from a sociological perspective <\/td><td class=\"column-2\">Albert Fruzsina<\/td><td class=\"column-3\">albert.ildiko@semmelweis.hu<\/td><td class=\"column-4\">Interdisciplinary Social Sciences<\/td>\n<\/tr>\n<tr class=\"row-46\">\n\t<td class=\"column-1\">The function and significance of the social capital  in the healthcare system<\/td><td class=\"column-2\">Ga\u00e1l P\u00e9ter<\/td><td class=\"column-3\">gaal.peter@emk.semmelweis.hu<\/td><td class=\"column-4\">Interdisciplinary Social Sciences<\/td>\n<\/tr>\n<tr class=\"row-47\">\n\t<td class=\"column-1\">Health security challenges of tobacco use and other leading behavioral risk factors of health loss, and health-related cybersecurity<\/td><td class=\"column-2\">P\u00e9nzes Melinda<\/td><td class=\"column-3\">melindapenzes@gmail.com \/ penzes.melinda@semmelweis.hu<\/td><td class=\"column-4\">Interdisciplinary Social Sciences<\/td>\n<\/tr>\n<tr class=\"row-48\">\n\t<td class=\"column-1\">Family Well-being in the 21st Century<\/td><td class=\"column-2\">Pilinszky Attila<\/td><td class=\"column-3\">pilinszki.attila@semmelweis.hu<\/td><td class=\"column-4\">Interdisciplinary Social Sciences<\/td>\n<\/tr>\n<tr class=\"row-49\">\n\t<td class=\"column-1\">Data-based health burden investigations<\/td><td class=\"column-2\">Pollner P\u00e9ter<\/td><td class=\"column-3\">pollner.peter@semmelweis.hu<\/td><td class=\"column-4\">Interdisciplinary Social Sciences<\/td>\n<\/tr>\n<tr class=\"row-50\">\n\t<td class=\"column-1\">Theoritical and empirical application of social capital concept in investigation of religious communities<\/td><td class=\"column-2\">Pusztai Gabriella<\/td><td class=\"column-3\">pusztai.gabriella@arts.unideb.hu<\/td><td class=\"column-4\">Interdisciplinary Social Sciences<\/td>\n<\/tr>\n<tr class=\"row-51\">\n\t<td class=\"column-1\">Impact of eHealth solutions on the health care system and the shortage of health care workers<\/td><td class=\"column-2\">Sz\u00f3cska Mikl\u00f3s<\/td><td class=\"column-3\">szocska.miklos@semmelweis.hu<\/td><td class=\"column-4\">Interdisciplinary Social Sciences<\/td>\n<\/tr>\n<tr class=\"row-52\">\n\t<td class=\"column-1\">Social and mental health aspects of preventive approach to health protection.<\/td><td class=\"column-2\">T\u00f6r\u00f6k Szabolcs<\/td><td class=\"column-3\">torok.szabolcs@semmelweis.hu<\/td><td class=\"column-4\">Interdisciplinary Social Sciences<\/td>\n<\/tr>\n<\/tbody>\n<\/table>\n<!-- #tablepress-14 from cache -->\n<p><a href=\"https:\/\/semmelweis.hu\/phd\/en\/doctoral-divisions\/mental-health-sciences-division\/\">\u2190 Mental Health Sciences Division<\/a><\/p>\n","protected":false},"excerpt":{"rendered":"<p><a href=\"https:\/\/semmelweis.hu\/phd\/en\/doctoral-divisions\/mental-health-sciences-division\/\">\u2190 Mental Health Sciences Division<\/a><\/p>\n","protected":false},"author":12,"featured_media":0,"parent":16357,"menu_order":0,"comment_status":"closed","ping_status":"closed","template":"template-fullwidth.php","meta":{"_acf_changed":false,"footnotes":""},"categories":[],"tags":[309],"class_list":["post-63733","page","type-page","status-publish","hentry","tag-topics"],"acf":[],"_links":{"self":[{"href":"https:\/\/semmelweis.hu\/phd\/wp-json\/wp\/v2\/pages\/63733","targetHints":{"allow":["GET"]}}],"collection":[{"href":"https:\/\/semmelweis.hu\/phd\/wp-json\/wp\/v2\/pages"}],"about":[{"href":"https:\/\/semmelweis.hu\/phd\/wp-json\/wp\/v2\/types\/page"}],"author":[{"embeddable":true,"href":"https:\/\/semmelweis.hu\/phd\/wp-json\/wp\/v2\/users\/12"}],"replies":[{"embeddable":true,"href":"https:\/\/semmelweis.hu\/phd\/wp-json\/wp\/v2\/comments?post=63733"}],"version-history":[{"count":2,"href":"https:\/\/semmelweis.hu\/phd\/wp-json\/wp\/v2\/pages\/63733\/revisions"}],"predecessor-version":[{"id":64003,"href":"https:\/\/semmelweis.hu\/phd\/wp-json\/wp\/v2\/pages\/63733\/revisions\/64003"}],"up":[{"embeddable":true,"href":"https:\/\/semmelweis.hu\/phd\/wp-json\/wp\/v2\/pages\/16357"}],"wp:attachment":[{"href":"https:\/\/semmelweis.hu\/phd\/wp-json\/wp\/v2\/media?parent=63733"}],"wp:term":[{"taxonomy":"category","embeddable":true,"href":"https:\/\/semmelweis.hu\/phd\/wp-json\/wp\/v2\/categories?post=63733"},{"taxonomy":"post_tag","embeddable":true,"href":"https:\/\/semmelweis.hu\/phd\/wp-json\/wp\/v2\/tags?post=63733"}],"curies":[{"name":"wp","href":"https:\/\/api.w.org\/{rel}","templated":true}]}}