{"id":63704,"date":"2024-11-09T11:13:45","date_gmt":"2024-11-09T10:13:45","guid":{"rendered":"https:\/\/semmelweis.hu\/phd\/?page_id=63704"},"modified":"2024-11-15T16:59:18","modified_gmt":"2024-11-15T15:59:18","slug":"topics-of-dental-research-division","status":"publish","type":"page","link":"https:\/\/semmelweis.hu\/phd\/en\/doctoral-divisions\/dental-research-division\/topics-of-dental-research-division\/","title":{"rendered":"Topics of Dental Research Division"},"content":{"rendered":"\n<table id=\"tablepress-13\" class=\"tablepress tablepress-id-13\">\n<thead>\n<tr class=\"row-1\">\n\t<th class=\"column-1\">Research topic<\/th><th class=\"column-2\">Supervisor<\/th><th class=\"column-3\">E-mail address<\/th>\n<\/tr>\n<\/thead>\n<tbody class=\"row-striping row-hover\">\n<tr class=\"row-2\">\n\t<td class=\"column-1\">Optical examination of dental CAD\/CAM materials<\/td><td class=\"column-2\">\u00c1br\u00e1m Emese<\/td><td class=\"column-3\">abram.emese@semmelweis.hu<\/td>\n<\/tr>\n<tr class=\"row-3\">\n\t<td class=\"column-1\">3D printing of ceramics<\/td><td class=\"column-2\">\u00c1br\u00e1m Emese<\/td><td class=\"column-3\">abram.emese@semmelweis.hu<\/td>\n<\/tr>\n<tr class=\"row-4\">\n\t<td class=\"column-1\">Color and appearance of dental ceramics<\/td><td class=\"column-2\">Borb\u00e9ly Judit<\/td><td class=\"column-3\">borbely.judit@semmelweis.hu<\/td>\n<\/tr>\n<tr class=\"row-5\">\n\t<td class=\"column-1\">CAD\/CAM in dentistry, digital dental workflow and intraoral scanners in dentistry<\/td><td class=\"column-2\">Borb\u00e9ly Judit<\/td><td class=\"column-3\">borbely.judit@semmelweis.hu<\/td>\n<\/tr>\n<tr class=\"row-6\">\n\t<td class=\"column-1\">3D printing in dentistry<\/td><td class=\"column-2\">Borb\u00e9ly Judit<\/td><td class=\"column-3\">borbely.judit@semmelweis.hu<\/td>\n<\/tr>\n<tr class=\"row-7\">\n\t<td class=\"column-1\">Differential diagnosis and therapy of autoimmune diseases and infections<\/td><td class=\"column-2\">Br\u00f3dy Andrea<\/td><td class=\"column-3\">brody.andrea@gmail.com<\/td>\n<\/tr>\n<tr class=\"row-8\">\n\t<td class=\"column-1\">3D cephalometric examinations<\/td><td class=\"column-2\">Dob\u00f3 Nagy Csaba<\/td><td class=\"column-3\">dobo-nagy.csaba@semmelweis.hu<\/td>\n<\/tr>\n<tr class=\"row-9\">\n\t<td class=\"column-1\">Examinations of bone displastic lesions<\/td><td class=\"column-2\">Dob\u00f3 Nagy Csaba<\/td><td class=\"column-3\">dobo-nagy.csaba@semmelweis.hu<\/td>\n<\/tr>\n<tr class=\"row-10\">\n\t<td class=\"column-1\">Comparison of imaging procedures<\/td><td class=\"column-2\">Dob\u00f3 Nagy Csaba<\/td><td class=\"column-3\">dobo-nagy.csaba@semmelweis.hu<\/td>\n<\/tr>\n<tr class=\"row-11\">\n\t<td class=\"column-1\">Characterization of dental materials for clinical use<\/td><td class=\"column-2\">Dob\u00f3 Nagy Csaba<\/td><td class=\"column-3\">dobo-nagy.csaba@semmelweis.hu<\/td>\n<\/tr>\n<tr class=\"row-12\">\n\t<td class=\"column-1\">Comparison and development of the clinical and radiological examination of the temporomandibular joint<\/td><td class=\"column-2\">Dobai Adrienn<\/td><td class=\"column-3\">adrienn.dobai@gmail.com<\/td>\n<\/tr>\n<tr class=\"row-13\">\n\t<td class=\"column-1\">The role of biological mediators in periodontal regenerative surgery<\/td><td class=\"column-2\">D\u0151ri Ferenc<\/td><td class=\"column-3\">dori.ferenc@semmelweis.hu<\/td>\n<\/tr>\n<tr class=\"row-14\">\n\t<td class=\"column-1\">Microcirculation of the oral mucosa under physiological and pathological conditions and after oral surgery<\/td><td class=\"column-2\">Fazekas R\u00e9ka<\/td><td class=\"column-3\">fazekas.reka@semmelweis.hu<\/td>\n<\/tr>\n<tr class=\"row-15\">\n\t<td class=\"column-1\">Investigation of the tissue regeneration and anti-inflammatory potential of progenitor\/ stem cells of oral cavity origin<\/td><td class=\"column-2\">F\u00f6ldes Anna<\/td><td class=\"column-3\">foldes.anna@semmelweis.hu<\/td>\n<\/tr>\n<tr class=\"row-16\">\n\t<td class=\"column-1\">Investigation of the effect of occlusal splint therapy followed by orthodontic molar intrusion for patients with temporomandibular disorder<\/td><td class=\"column-2\">Frank Dorottya<\/td><td class=\"column-3\">frankdorottya@hotmail.com<\/td>\n<\/tr>\n<tr class=\"row-17\">\n\t<td class=\"column-1\">Polymers in dentistry<\/td><td class=\"column-2\">G\u00e9czi Zolt\u00e1n<\/td><td class=\"column-3\">gaeczi.zoltan@semmelweis.hu<\/td>\n<\/tr>\n<tr class=\"row-18\">\n\t<td class=\"column-1\">Investigation of the neuroinflammatory interactions in the inflammatory processes in the oral cavity<\/td><td class=\"column-2\">Gerber G\u00e1bor<\/td><td class=\"column-3\">gerber.gabor@semmelweis.hu<\/td>\n<\/tr>\n<tr class=\"row-19\">\n\t<td class=\"column-1\">Examining temporomandibular joint function with digital tools<\/td><td class=\"column-2\">J\u00e1sz M\u00e1t\u00e9<\/td><td class=\"column-3\">jasz.mate@semmelweis.hu<\/td>\n<\/tr>\n<tr class=\"row-20\">\n\t<td class=\"column-1\">Comparative studies for tooth preserving surgical procedures<\/td><td class=\"column-2\">Jo\u00f3b-Fancsaly \u00c1rp\u00e1d<\/td><td class=\"column-3\">joob.fancsaly.arpad@semmelweis.hu<\/td>\n<\/tr>\n<tr class=\"row-21\">\n\t<td class=\"column-1\">Changes in the conditions for osseointegration in recent decades<\/td><td class=\"column-2\">Jo\u00f3b-Fancsaly \u00c1rp\u00e1d<\/td><td class=\"column-3\">joob.fancsaly.arpad@semmelweis.hu<\/td>\n<\/tr>\n<tr class=\"row-22\">\n\t<td class=\"column-1\">Minimal invasive surgical techniques in dentoalveolar surgery<\/td><td class=\"column-2\">Jo\u00f3b-Fancsaly \u00c1rp\u00e1d<\/td><td class=\"column-3\">joob.fancsaly.arpad@semmelweis.hu<\/td>\n<\/tr>\n<tr class=\"row-23\">\n\t<td class=\"column-1\">Antibiotic use in oral surgery<\/td><td class=\"column-2\">Jo\u00f3b-Fancsaly \u00c1rp\u00e1d<\/td><td class=\"column-3\">joob.fancsaly.arpad@semmelweis.hu<\/td>\n<\/tr>\n<tr class=\"row-24\">\n\t<td class=\"column-1\">Dental prostheses made with chairside CAD\/CAM systems<\/td><td class=\"column-2\">Jo\u00f3s-Kov\u00e1cs Gell\u00e9rt<\/td><td class=\"column-3\">joos-kovacs.gellert@semmelweis.hu<\/td>\n<\/tr>\n<tr class=\"row-25\">\n\t<td class=\"column-1\">Dental treatment of neurologically compromised patients <\/td><td class=\"column-2\">K\u00e1rolyh\u00e1zy Katalin<\/td><td class=\"column-3\">karolyhazy.katalin@semmelweis.hu<\/td>\n<\/tr>\n<tr class=\"row-26\">\n\t<td class=\"column-1\">The application of biomaterials and digital dental technologies in the surgical rehabilitation of the dento-maxillofacial region<\/td><td class=\"column-2\">Kivovics M\u00e1rton<\/td><td class=\"column-3\">kivovics.marton@semmelweis.hu<\/td>\n<\/tr>\n<tr class=\"row-27\">\n\t<td class=\"column-1\">Functional characterization of cells involved in odontogenesis<\/td><td class=\"column-2\">K\u00f6les L\u00e1szl\u00f3<\/td><td class=\"column-3\">koles.laszlo@semmelweis.hu<\/td>\n<\/tr>\n<tr class=\"row-28\">\n\t<td class=\"column-1\">Cell adhesion and chemotaxis: Their significance in understanding problems of theoretical and clinical dentistry<\/td><td class=\"column-2\">K\u0151hidai L\u00e1szl\u00f3<\/td><td class=\"column-3\">kohidai.laszlo@semmelweis.hu<\/td>\n<\/tr>\n<tr class=\"row-29\">\n\t<td class=\"column-1\">Experimental and clinical oralphysiological and pathological studies<\/td><td class=\"column-2\">Lohinai Zsolt<\/td><td class=\"column-3\">lohinai.zsolt@semmelweis.hu<\/td>\n<\/tr>\n<tr class=\"row-30\">\n\t<td class=\"column-1\">Added value for oral care. Parameters and possibilities of a patient centered prevention oriented oral health care system in Hungary according to a European collaboration and analysis)<\/td><td class=\"column-2\">M\u00e1rton Krisztina<\/td><td class=\"column-3\">marton.krisztina@semmelweis.hu<\/td>\n<\/tr>\n<tr class=\"row-31\">\n\t<td class=\"column-1\">Sustainable Dentistry in Europe. Enhance oral health care financing through leveraging cutting-edge data analytics, experiments and quasi-experiments, systems dynamics modelling, and deliberative processes.<\/td><td class=\"column-2\">M\u00e1rton Krisztina<\/td><td class=\"column-3\">marton.krisztina@semmelweis.hu<\/td>\n<\/tr>\n<tr class=\"row-32\">\n\t<td class=\"column-1\">Orofacial pain. Facial pain in different diseases and conditions.<\/td><td class=\"column-2\">M\u00e1rton Krisztina<\/td><td class=\"column-3\">marton.krisztina@semmelweis.hu<\/td>\n<\/tr>\n<tr class=\"row-33\">\n\t<td class=\"column-1\">Examination of 3D printed dental casts<\/td><td class=\"column-2\">M\u00e1rton Krisztina<\/td><td class=\"column-3\">marton.krisztina@semmelweis.hu<\/td>\n<\/tr>\n<tr class=\"row-34\">\n\t<td class=\"column-1\">Assessment of xerostomia with associated sicca symptoms and evaluation of the minor salivary gland flow rates in different conditions and diseases<\/td><td class=\"column-2\">M\u00e1rton Krisztina<\/td><td class=\"column-3\">marton.krisztina@semmelweis.hu<\/td>\n<\/tr>\n<tr class=\"row-35\">\n\t<td class=\"column-1\">Biological effects of materials and prosthetic design on peri-implant soft tissue stability and crestal bone levels - surgical and prosthetic aspects<\/td><td class=\"column-2\">Mikul\u00e1s Krisztina \u00c1gnes<\/td><td class=\"column-3\">mikulas.krisztina1@semmelweis.hu <\/td>\n<\/tr>\n<tr class=\"row-36\">\n\t<td class=\"column-1\">Soft tissue management and analogue\u00a0vs\u00a0digitalcustom impression technique to capture emergence profile of peri-implant soft tissue contours. Clinical performance and accuracy assessmentt of implantsupported restorations fabricated with conventional-digital, semi-digital, orfully digital workflow and their effects on supracrestal complex<\/td><td class=\"column-2\">Mikul\u00e1s Krisztina \u00c1gnes<\/td><td class=\"column-3\">mikulas.krisztina1@semmelweis.hu <\/td>\n<\/tr>\n<tr class=\"row-37\">\n\t<td class=\"column-1\">Treatment modalities for single and multiple gingival recessions at natural teeth and soft tissue defects around dental implants<\/td><td class=\"column-2\">Moln\u00e1r B\u00e1lint<\/td><td class=\"column-3\">molnar.balint@semmelweis.hu<\/td>\n<\/tr>\n<tr class=\"row-38\">\n\t<td class=\"column-1\">State of the art treatment modalities of alveolar hard- and soft tissue reconstruction<\/td><td class=\"column-2\">Moln\u00e1r B\u00e1lint<\/td><td class=\"column-3\">molnar.balint@semmelweis.hu<\/td>\n<\/tr>\n<tr class=\"row-39\">\n\t<td class=\"column-1\">Reconstruction of periodontal and alveolar defects utilizing autogenous tooth derived grafting materials<\/td><td class=\"column-2\">Moln\u00e1r B\u00e1lint<\/td><td class=\"column-3\">molnar.balint@semmelweis.hu<\/td>\n<\/tr>\n<tr class=\"row-40\">\n\t<td class=\"column-1\">Dental prevention procedures in childhood and children with special needs<\/td><td class=\"column-2\">N\u00e9meth Orsolya<\/td><td class=\"column-3\">nemeth.orsolya@semmelweis.hu<\/td>\n<\/tr>\n<tr class=\"row-41\">\n\t<td class=\"column-1\">Peri-implantitis and its prevention <\/td><td class=\"column-2\">N\u00e9meth Orsolya<\/td><td class=\"column-3\">nemeth.orsolya@semmelweis.hu<\/td>\n<\/tr>\n<tr class=\"row-42\">\n\t<td class=\"column-1\">Comperative Analysis of Modern Dental Prevention Techniques in Periodontal Therapy and Their Integration into eHealth<\/td><td class=\"column-2\">N\u00e9meth Orsolya<\/td><td class=\"column-3\">nemeth.orsolya@semmelweis.hu<\/td>\n<\/tr>\n<tr class=\"row-43\">\n\t<td class=\"column-1\">3D technology and artificial intelligence in periodontology and dento alveolar rehabilitation<\/td><td class=\"column-2\">Palkovics D\u00e1niel<\/td><td class=\"column-3\">palkovics.daniel@semmelweis.hu<\/td>\n<\/tr>\n<tr class=\"row-44\">\n\t<td class=\"column-1\">Novel approaches in minimally invasive surgical periodontal therapy<\/td><td class=\"column-2\">Palkovics D\u00e1niel<\/td><td class=\"column-3\">palkovics.daniel@semmelweis.hu<\/td>\n<\/tr>\n<tr class=\"row-45\">\n\t<td class=\"column-1\">Morphological and surgical aspects of the orofacial region<\/td><td class=\"column-2\">Shahbazi Irani  Arvin<\/td><td class=\"column-3\">shahbazi.irani.arvin@semmelweis.hu<\/td>\n<\/tr>\n<tr class=\"row-46\">\n\t<td class=\"column-1\">Investigation of the interactions between titanium implants with different coatings and the body<\/td><td class=\"column-2\">Szab\u00f3 Gy\u00f6rgy<\/td><td class=\"column-3\">szabo.gyorgy2@semmelweis.hu<\/td>\n<\/tr>\n<tr class=\"row-47\">\n\t<td class=\"column-1\">Current and future perspectives of dental care for mentally disabled people<\/td><td class=\"column-2\">Szab\u00f3 Gy\u00f6rgy<\/td><td class=\"column-3\">szabo.gyorgy2@semmelweis.hu<\/td>\n<\/tr>\n<tr class=\"row-48\">\n\t<td class=\"column-1\">Description, relevance and analysis of the individual characteristics in oral cavity with modern intra-oral scanners<\/td><td class=\"column-2\">V\u00e1g J\u00e1nos <\/td><td class=\"column-3\">vag.janos@semmelweis.hu<\/td>\n<\/tr>\n<tr class=\"row-49\">\n\t<td class=\"column-1\">Regeneration  of tissues of the oral complex: dental pulp, periodontium and salivary gland<\/td><td class=\"column-2\">V\u00e1g J\u00e1nos <\/td><td class=\"column-3\">vag.janos@semmelweis.hu<\/td>\n<\/tr>\n<tr class=\"row-50\">\n\t<td class=\"column-1\">Study of the molecular regulation of epithelial ion and fluid secretion<\/td><td class=\"column-2\">Varga G\u00e1bor<\/td><td class=\"column-3\">varga.gabor@semmelweis.hu<\/td>\n<\/tr>\n<tr class=\"row-51\">\n\t<td class=\"column-1\">Progenitor cells of oral origin, signals and scaffolds for foundation of tissue engineering applications<\/td><td class=\"column-2\">Varga G\u00e1bor<\/td><td class=\"column-3\">varga.gabor@semmelweis.hu<\/td>\n<\/tr>\n<tr class=\"row-52\">\n\t<td class=\"column-1\">Molecular level studies on dental enamel formation in normal and pathological conditions<\/td><td class=\"column-2\">Varga G\u00e1bor<\/td><td class=\"column-3\">varga.gabor@semmelweis.hu<\/td>\n<\/tr>\n<tr class=\"row-53\">\n\t<td class=\"column-1\">A human salivary gland model to study the molecular mechanisms of epithelial differentiation and for the development of gene implantation techniques<\/td><td class=\"column-2\">Varga G\u00e1bor<\/td><td class=\"column-3\">varga.gabor@semmelweis.hu<\/td>\n<\/tr>\n<tr class=\"row-54\">\n\t<td class=\"column-1\">Application of digital three-dimensional technologies in regenerative reconstructive periodontal and implant surgery<\/td><td class=\"column-2\">Windisch P\u00e9ter<\/td><td class=\"column-3\">windisch.peter@semmelweis.hu<\/td>\n<\/tr>\n<tr class=\"row-55\">\n\t<td class=\"column-1\">Reconstruction of post-extraction defects and periodontal regeneration of adjacent teeth<\/td><td class=\"column-2\">Windisch P\u00e9ter<\/td><td class=\"column-3\">windisch.peter@semmelweis.hu<\/td>\n<\/tr>\n<tr class=\"row-56\">\n\t<td class=\"column-1\">Relationship between defective epithelial ion transport and bacterial biofilm formation<\/td><td class=\"column-2\">Zsembery \u00c1kos<\/td><td class=\"column-3\">zsembery.akos@semmelweis.hu<\/td>\n<\/tr>\n<\/tbody>\n<\/table>\n\n<p><a href=\"https:\/\/semmelweis.hu\/phd\/en\/doctoral-divisions\/dental-research-division\/\">\u2190 Dental Research Division<\/a><\/p>\n","protected":false},"excerpt":{"rendered":"<p><a href=\"https:\/\/semmelweis.hu\/phd\/en\/doctoral-divisions\/dental-research-division\/\">\u2190 Dental Research Division<\/a><\/p>\n","protected":false},"author":12,"featured_media":0,"parent":16347,"menu_order":0,"comment_status":"closed","ping_status":"closed","template":"template-fullwidth.php","meta":{"_acf_changed":false,"footnotes":""},"categories":[],"tags":[309],"class_list":["post-63704","page","type-page","status-publish","hentry","tag-topics"],"acf":[],"_links":{"self":[{"href":"https:\/\/semmelweis.hu\/phd\/wp-json\/wp\/v2\/pages\/63704","targetHints":{"allow":["GET"]}}],"collection":[{"href":"https:\/\/semmelweis.hu\/phd\/wp-json\/wp\/v2\/pages"}],"about":[{"href":"https:\/\/semmelweis.hu\/phd\/wp-json\/wp\/v2\/types\/page"}],"author":[{"embeddable":true,"href":"https:\/\/semmelweis.hu\/phd\/wp-json\/wp\/v2\/users\/12"}],"replies":[{"embeddable":true,"href":"https:\/\/semmelweis.hu\/phd\/wp-json\/wp\/v2\/comments?post=63704"}],"version-history":[{"count":1,"href":"https:\/\/semmelweis.hu\/phd\/wp-json\/wp\/v2\/pages\/63704\/revisions"}],"predecessor-version":[{"id":63707,"href":"https:\/\/semmelweis.hu\/phd\/wp-json\/wp\/v2\/pages\/63704\/revisions\/63707"}],"up":[{"embeddable":true,"href":"https:\/\/semmelweis.hu\/phd\/wp-json\/wp\/v2\/pages\/16347"}],"wp:attachment":[{"href":"https:\/\/semmelweis.hu\/phd\/wp-json\/wp\/v2\/media?parent=63704"}],"wp:term":[{"taxonomy":"category","embeddable":true,"href":"https:\/\/semmelweis.hu\/phd\/wp-json\/wp\/v2\/categories?post=63704"},{"taxonomy":"post_tag","embeddable":true,"href":"https:\/\/semmelweis.hu\/phd\/wp-json\/wp\/v2\/tags?post=63704"}],"curies":[{"name":"wp","href":"https:\/\/api.w.org\/{rel}","templated":true}]}}