{"id":63693,"date":"2024-11-04T10:43:38","date_gmt":"2024-11-04T09:43:38","guid":{"rendered":"https:\/\/semmelweis.hu\/phd\/?page_id=63693"},"modified":"2024-11-15T16:57:51","modified_gmt":"2024-11-15T15:57:51","slug":"topics-of-the-health-sciences-division","status":"publish","type":"page","link":"https:\/\/semmelweis.hu\/phd\/en\/doctoral-divisions\/health-sciences-division\/topics-of-the-health-sciences-division\/","title":{"rendered":"Topics of the Health Sciences Division"},"content":{"rendered":"\n<table id=\"tablepress-12\" class=\"tablepress tablepress-id-12\">\n<thead>\n<tr class=\"row-1\">\n\t<th class=\"column-1\">Title of the topic<\/th><th class=\"column-2\">Supervisor<br \/>\n<\/th><th class=\"column-3\">Email address<\/th><th class=\"column-4\">Program<\/th>\n<\/tr>\n<\/thead>\n<tbody class=\"row-striping row-hover\">\n<tr class=\"row-2\">\n\t<td class=\"column-1\">Pathological abnormalities of the eye and their treatment<\/td><td class=\"column-2\">Dr. Zolt\u00e1n Zsolt Nagy<\/td><td class=\"column-3\">nagy.zoltan.zsolt@semmelweis.hu<\/td><td class=\"column-4\">Clinical and comparative health sciences<\/td>\n<\/tr>\n<tr class=\"row-3\">\n\t<td class=\"column-1\">Possibility of vision screening in childhood, assessment and development of visual skills<\/td><td class=\"column-2\">Dr. Zolt\u00e1n Zsolt Nagy<\/td><td class=\"column-3\">nagy.zoltan.zsolt@semmelweis.hu<\/td><td class=\"column-4\">Clinical and comparative health sciences<\/td>\n<\/tr>\n<tr class=\"row-4\">\n\t<td class=\"column-1\">Refractive errors and  their treatment<\/td><td class=\"column-2\">Dr. Zolt\u00e1n Zsolt Nagy<\/td><td class=\"column-3\">nagy.zoltan.zsolt@semmelweis.hu<\/td><td class=\"column-4\">Clinical and comparative health sciences<\/td>\n<\/tr>\n<tr class=\"row-5\">\n\t<td class=\"column-1\">Examination of novel data collection and data utilization methods in the medical information technology<\/td><td class=\"column-2\">Dr. Zsolt Bagyura<\/td><td class=\"column-3\">bagyura.zsolt@semmelweis.hu<\/td><td class=\"column-4\">Clinical and comparative health sciences<\/td>\n<\/tr>\n<tr class=\"row-6\">\n\t<td class=\"column-1\">Investigation of long-term quality of life and rehabilitation options in thrombophilic patients with coagulation disorders<\/td><td class=\"column-2\">Dr. Gyula Domj\u00e1n<\/td><td class=\"column-3\">domjan.gyula@semmelweis.hu<\/td><td class=\"column-4\">Clinical and comparative health sciences<\/td>\n<\/tr>\n<tr class=\"row-7\">\n\t<td class=\"column-1\">Investigation of long-term quality of life and rehabilitation options in patients with systemic autoimmune disease (SLE, PSS, RA, etc.)<\/td><td class=\"column-2\">Dr. Gyula Domj\u00e1n<\/td><td class=\"column-3\">domjan.gyula@semmelweis.hu<\/td><td class=\"column-4\">Clinical and comparative health sciences<\/td>\n<\/tr>\n<tr class=\"row-8\">\n\t<td class=\"column-1\">The role of effective renal perfusion pressure in the development of acute kidney injury<\/td><td class=\"column-2\">Dr. Csaba Kopitk\u00f3<\/td><td class=\"column-3\">kopcsab2@gmail.com<\/td><td class=\"column-4\">Clinical and comparative health sciences<\/td>\n<\/tr>\n<tr class=\"row-9\">\n\t<td class=\"column-1\">Disorders affecting the healthy development of an infant<\/td><td class=\"column-2\">Dr. L\u00e1szl\u00f3 Szab\u00f3<\/td><td class=\"column-3\">szabo.laszlo4@semmelweis.hu<\/td><td class=\"column-4\">Clinical and comparative health sciences<\/td>\n<\/tr>\n<tr class=\"row-10\">\n\t<td class=\"column-1\">Diagnosis and treatment of urinary disorders in childhood<\/td><td class=\"column-2\">Dr. L\u00e1szl\u00f3 Szab\u00f3<\/td><td class=\"column-3\">szabo.laszlo4@semmelweis.hu<\/td><td class=\"column-4\">Clinical and comparative health sciences<\/td>\n<\/tr>\n<tr class=\"row-11\">\n\t<td class=\"column-1\">Eating disorders in childhood and consequences<\/td><td class=\"column-2\">Dr. L\u00e1szl\u00f3 Szab\u00f3<\/td><td class=\"column-3\">szabo.laszlo4@semmelweis.hu<\/td><td class=\"column-4\">Clinical and comparative health sciences<\/td>\n<\/tr>\n<tr class=\"row-12\">\n\t<td class=\"column-1\">Tasks and training of nurses in Europe<\/td><td class=\"column-2\">Dr. L\u00e1szl\u00f3 Szab\u00f3<\/td><td class=\"column-3\">szabo.laszlo4@semmelweis.hu<\/td><td class=\"column-4\">Clinical and comparative health sciences<\/td>\n<\/tr>\n<tr class=\"row-13\">\n\t<td class=\"column-1\">Determinants of healthy aging: from pathophysiology to epidemiology<\/td><td class=\"column-2\">Dr. Zolt\u00e1n Ungv\u00e1ri<\/td><td class=\"column-3\">etk.phd@semmelweis.hu<\/td><td class=\"column-4\">Clinical and comparative health sciences<\/td>\n<\/tr>\n<tr class=\"row-14\">\n\t<td class=\"column-1\">Development of gluten free functional food preparations<\/td><td class=\"column-2\">Dr. Csilla Benedek<\/td><td class=\"column-3\">benedek.csilla@semmelweis.hu<\/td><td class=\"column-4\">Theoretical and preclinical health sciences<\/td>\n<\/tr>\n<tr class=\"row-15\">\n\t<td class=\"column-1\">Cardiovascular and organs adaptations in healthy and pathological pregnancy<\/td><td class=\"column-2\">Dr. \u00c1kos Koller<\/td><td class=\"column-3\">akos.koller@gmail.com<\/td><td class=\"column-4\">Theoretical and preclinical health sciences<\/td>\n<\/tr>\n<tr class=\"row-16\">\n\t<td class=\"column-1\">Organ transplant donor coordination<\/td><td class=\"column-2\">Dr. S\u00e1ndor Mih\u00e1ly<\/td><td class=\"column-3\"><\/td><td class=\"column-4\">Theoretical and preclinical health sciences<\/td>\n<\/tr>\n<tr class=\"row-17\">\n\t<td class=\"column-1\">Research of nursing migration<\/td><td class=\"column-2\">Dr. Zolt\u00e1n Balogh<\/td><td class=\"column-3\">balogh.zoltan@semmelweis.hu<\/td><td class=\"column-4\">Interdisciplinary applied health sciences<\/td>\n<\/tr>\n<tr class=\"row-18\">\n\t<td class=\"column-1\">Research of cultural differences in community care settings<\/td><td class=\"column-2\">Dr. Zolt\u00e1n Balogh<\/td><td class=\"column-3\">balogh.zoltan@semmelweis.hu<\/td><td class=\"column-4\">Interdisciplinary applied health sciences<\/td>\n<\/tr>\n<tr class=\"row-19\">\n\t<td class=\"column-1\">Determining predictors affecting health outcomes in epidemiological studies<\/td><td class=\"column-2\">Dr. Vince Fazekas-Pongor<\/td><td class=\"column-3\">pongor.vince@semmelweis.hu<\/td><td class=\"column-4\">Interdisciplinary applied health sciences<\/td>\n<\/tr>\n<tr class=\"row-20\">\n\t<td class=\"column-1\">Enhancing health literacy through human-machine collaboration<\/td><td class=\"column-2\">Dr. Zolt\u00e1n Tibor Lantos<\/td><td class=\"column-3\">lantos.zoltan@semmelweis.hu<\/td><td class=\"column-4\">Interdisciplinary applied health sciences<\/td>\n<\/tr>\n<tr class=\"row-21\">\n\t<td class=\"column-1\">Person-centered health data value chain promoting health<\/td><td class=\"column-2\">Dr. Zolt\u00e1n Tibor Lantos<\/td><td class=\"column-3\">lantos.zoltan@semmelweis.hu<\/td><td class=\"column-4\">Interdisciplinary applied health sciences<\/td>\n<\/tr>\n<tr class=\"row-22\">\n\t<td class=\"column-1\">Representation of biomedical and health related concepts in online and social media outlets<\/td><td class=\"column-2\">Dr. Molontay Roland<\/td><td class=\"column-3\">molontay.roland@semmelweis.hu<\/td><td class=\"column-4\">Interdisciplinary applied health sciences<\/td>\n<\/tr>\n<tr class=\"row-23\">\n\t<td class=\"column-1\">Educational data science of medical and health science students<\/td><td class=\"column-2\">Dr. Molontay Roland<\/td><td class=\"column-3\">molontay.roland@semmelweis.hu<\/td><td class=\"column-4\">Interdisciplinary applied health sciences<\/td>\n<\/tr>\n<tr class=\"row-24\">\n\t<td class=\"column-1\">Scholarly network analysis: co-authorship and citation networks of medical and health science<\/td><td class=\"column-2\">Dr. Molontay Roland<\/td><td class=\"column-3\">molontay.roland@semmelweis.hu<\/td><td class=\"column-4\">Interdisciplinary applied health sciences<\/td>\n<\/tr>\n<tr class=\"row-25\">\n\t<td class=\"column-1\">Health promotion of school-age children<\/td><td class=\"column-2\">Dr. Zsuzsa R\u00e1kosy-Vok\u00f3<\/td><td class=\"column-3\">zsuzsa.rakosy@aok.pte.hu<\/td><td class=\"column-4\">Interdisciplinary applied health sciences<\/td>\n<\/tr>\n<tr class=\"row-26\">\n\t<td class=\"column-1\">Epidemiological study of the causal factors of developmental disorders<\/td><td class=\"column-2\">Dr. N\u00e1ndor \u00c1cs<\/td><td class=\"column-3\">acs.nandor@semmelweis.hu<\/td><td class=\"column-4\">Public health<\/td>\n<\/tr>\n<tr class=\"row-27\">\n\t<td class=\"column-1\">Quality management and Patient Safety in Health Care, Medical law and Patient\u2019s rights<\/td><td class=\"column-2\">Dr. G\u00e1bor \u00c9l\u0151<\/td><td class=\"column-3\">elo.gabor@semmelweis.hu<\/td><td class=\"column-4\">Public health<\/td>\n<\/tr>\n<tr class=\"row-28\">\n\t<td class=\"column-1\">Evidence based hand hygiene in healthcare<\/td><td class=\"column-2\">Dr. Tam\u00e1s Haidegger<\/td><td class=\"column-3\">haidegger@irob.uni-obuda.hu<\/td><td class=\"column-4\">Public health<\/td>\n<\/tr>\n<tr class=\"row-29\">\n\t<td class=\"column-1\">Lung-centered point-of-care ultrasound protocols in the management of the critically ill patients<\/td><td class=\"column-2\">Dr. Tam\u00e1s Haidegger<\/td><td class=\"column-3\">haidegger@irob.uni-obuda.hu<\/td><td class=\"column-4\">Public health<\/td>\n<\/tr>\n<tr class=\"row-30\">\n\t<td class=\"column-1\">Demonstrating the health effects of climate change and regional inequalities. Use of GIS analytics in public health<\/td><td class=\"column-2\">Dr. Anna P\u00e1ldy<\/td><td class=\"column-3\">paldy.anna@nngyk.gov.hu<\/td><td class=\"column-4\">Public health<\/td>\n<\/tr>\n<tr class=\"row-31\">\n\t<td class=\"column-1\">Estimation of the adverse health effects of environmental exposures (outdoor, indoor air, extreme temperatures) by epidemiological methods<\/td><td class=\"column-2\">Dr. Anna P\u00e1ldy<\/td><td class=\"column-3\">paldy.anna@nngyk.gov.hu<\/td><td class=\"column-4\">Public health<\/td>\n<\/tr>\n<tr class=\"row-32\">\n\t<td class=\"column-1\">Diagnosis and management of gynaecological oncological desaeses<\/td><td class=\"column-2\">Dr. G\u00e1bor Szab\u00f3<\/td><td class=\"column-3\">szabo.gabor6@semmelweis.hu<\/td><td class=\"column-4\">Public health<\/td>\n<\/tr>\n<\/tbody>\n<\/table>\n\n<p><a href=\"https:\/\/semmelweis.hu\/phd\/en\/doctoral-divisions\/health-sciences-division\/\">\u2190 Health Sciences Division<\/a><\/p>\n","protected":false},"excerpt":{"rendered":"<p><a href=\"https:\/\/semmelweis.hu\/phd\/en\/doctoral-divisions\/health-sciences-division\/\">\u2190 Health Sciences Division<\/a><\/p>\n","protected":false},"author":12,"featured_media":0,"parent":16365,"menu_order":0,"comment_status":"closed","ping_status":"closed","template":"template-fullwidth.php","meta":{"_acf_changed":false,"footnotes":""},"categories":[],"tags":[309],"class_list":["post-63693","page","type-page","status-publish","hentry","tag-topics"],"acf":[],"_links":{"self":[{"href":"https:\/\/semmelweis.hu\/phd\/wp-json\/wp\/v2\/pages\/63693","targetHints":{"allow":["GET"]}}],"collection":[{"href":"https:\/\/semmelweis.hu\/phd\/wp-json\/wp\/v2\/pages"}],"about":[{"href":"https:\/\/semmelweis.hu\/phd\/wp-json\/wp\/v2\/types\/page"}],"author":[{"embeddable":true,"href":"https:\/\/semmelweis.hu\/phd\/wp-json\/wp\/v2\/users\/12"}],"replies":[{"embeddable":true,"href":"https:\/\/semmelweis.hu\/phd\/wp-json\/wp\/v2\/comments?post=63693"}],"version-history":[{"count":1,"href":"https:\/\/semmelweis.hu\/phd\/wp-json\/wp\/v2\/pages\/63693\/revisions"}],"predecessor-version":[{"id":63694,"href":"https:\/\/semmelweis.hu\/phd\/wp-json\/wp\/v2\/pages\/63693\/revisions\/63694"}],"up":[{"embeddable":true,"href":"https:\/\/semmelweis.hu\/phd\/wp-json\/wp\/v2\/pages\/16365"}],"wp:attachment":[{"href":"https:\/\/semmelweis.hu\/phd\/wp-json\/wp\/v2\/media?parent=63693"}],"wp:term":[{"taxonomy":"category","embeddable":true,"href":"https:\/\/semmelweis.hu\/phd\/wp-json\/wp\/v2\/categories?post=63693"},{"taxonomy":"post_tag","embeddable":true,"href":"https:\/\/semmelweis.hu\/phd\/wp-json\/wp\/v2\/tags?post=63693"}],"curies":[{"name":"wp","href":"https:\/\/api.w.org\/{rel}","templated":true}]}}