{"id":63321,"date":"2024-10-17T17:40:56","date_gmt":"2024-10-17T15:40:56","guid":{"rendered":"https:\/\/semmelweis.hu\/phd\/?page_id=63321"},"modified":"2026-01-27T13:13:56","modified_gmt":"2026-01-27T12:13:56","slug":"temavezetok-tamogatasa-a-phd-ertekezesek-biralati-rendszerenek-fejlesztesere","status":"publish","type":"page","link":"https:\/\/semmelweis.hu\/phd\/hallgatoknak\/palyazatok-osztondijak\/temavezetok-tamogatasa-a-phd-ertekezesek-biralati-rendszerenek-fejlesztesere\/","title":{"rendered":"T\u00e1mogat\u00e1s a PhD \u00e9rtekez\u00e9sek b\u00edr\u00e1lati rendszer\u00e9nek fejleszt\u00e9s\u00e9re"},"content":{"rendered":"<div class=\"keretes w-100\">\n<h4><strong>T\u00e1mogat\u00e1s a PhD \u00e9rtekez\u00e9sek b\u00edr\u00e1lati rendszer\u00e9nek fejleszt\u00e9s\u00e9re elismert nemzetk\u00f6zi szak\u00e9rt\u0151k bevon\u00e1s\u00e1val<\/strong><\/h4>\n<\/div>\n<p><strong>A t\u00e1mogat\u00e1s c\u00e9lja:<\/strong>\u00a0Elismert nemzetk\u00f6zi szak\u00e9rt\u0151k felk\u00e9r\u00e9se az opponensi feladatok ell\u00e1t\u00e1s\u00e1ra \u00e9s\/vagy a bizotts\u00e1gi munk\u00e1ban val\u00f3 r\u00e9szv\u00e9telre \u00fagy lehets\u00e9ges, ha ehhez anyagi t\u00e1mogat\u00e1st biztos\u00edtunk a t\u00e9mavezet\u0151k r\u00e9sz\u00e9re. Azon t\u00falmen\u0151en, hogy a nemzetk\u00f6zi szaktekint\u00e9lyek bevon\u00e1sa emeli a v\u00e9d\u00e9s sz\u00ednvonal\u00e1t \u00e9s j\u00f3 h\u00edr\u00e9t viszi az Egyetemnek, m\u00f3dot teremthet arra is, hogy a megl\u00e9v\u0151 tudom\u00e1nyos egy\u00fcttm\u0171k\u00f6d\u00e9seket er\u0151s\u00edtse, illetve \u00faj kapcsolatok ki\u00e9p\u00edt\u00e9s\u00e9t el\u0151seg\u00edtse. Mindezek hozz\u00e1j\u00e1rulhatnak ahhoz, hogy a Semmelweis Egyetem tov\u00e1bb n\u00f6velje a nemzetk\u00f6zi kutat\u00f3h\u00e1l\u00f3zatokban bet\u00f6lt\u00f6tt szerep\u00e9t \u00e9s jav\u00edtsa helyez\u00e9s\u00e9t a nemzetk\u00f6zi egyetemi rangsorokban.<\/p>\n<p><strong>P\u00e1ly\u00e1z\u00f3k k\u00f6re: <\/strong>a\u00a0Semmelweis Egyetem akkredit\u00e1lt PhD t\u00e9mavezet\u0151i.<\/p>\n<p><strong>P\u00e1ly\u00e1zat ideje: <\/strong>folyamatos, forr\u00e1s kimer\u00fcl\u00e9sig<\/p>\n<p><strong>P\u00e1ly\u00e1zat minim\u00e1lis\/maxim\u00e1lis \u00f6sszege: <\/strong>400\u00a0000 \u2013 600\u00a0000 Forint k\u00f6z\u00f6tt.<\/p>\n<p>A t\u00e1mogat\u00e1s maxim\u00e1lis \u00f6sszege\u00a0<strong>eur\u00f3pai egyetemr\u0151l\/kutat\u00f3int\u00e9zetb\u0151l \u00e9rkez\u0151 szak\u00e9rt\u0151 eset\u00e9n 400.000 Ft, tengerent\u00falr\u00f3l \u00e9rkez\u0151k eset\u00e9n 600.000 Ft.<\/strong><\/p>\n<p>Abban az egyedi esetben, ha a nemzetk\u00f6zi szak\u00e9rt\u0151 az itt-tart\u00f3zkod\u00e1sa sor\u00e1n legal\u00e1bb\u00a0<strong>k\u00e9t PhD v\u00e9d\u00e9sen v\u00e1llal bizotts\u00e1gi munk\u00e1t<\/strong>, a t\u00e1mogat\u00e1s maxim\u00e1lis \u00f6sszege\u00a0<strong>eur\u00f3pai b\u00edr\u00e1l\u00f3 eset\u00e9n 600.000 Ft, tengerent\u00fali b\u00edr\u00e1l\u00f3 eset\u00e9n 900.000 Ft.<\/strong>\u00a0<\/p>\n<p>Amennyiben a nemzetk\u00f6zi szak\u00e9rt\u0151 az\u00a0<strong>opponensi feladatokat is ell\u00e1tja<\/strong>, a t\u00e1mogat\u00e1s maxim\u00e1lis \u00f6sszege\u00a0<strong>b\u00edr\u00e1latonk\u00e9nt 100.000 Ft-tal kieg\u00e9sz\u00edthet\u0151.<\/strong><\/p>\n<p><strong>A t\u00e1mogat\u00e1s m\u00f3dja:<\/strong><\/p>\n<ul>\n<li>Anyagi hozz\u00e1j\u00e1rul\u00e1s nemzetk\u00f6zi szak\u00e9rt\u0151k \u00fati-, sz\u00e1ll\u00e1s- \u00e9s \u00e9tkez\u00e9si k\u00f6lts\u00e9geinek, illetve tiszteletd\u00edj\u00e1nak biztos\u00edt\u00e1s\u00e1hoz.<\/li>\n<li>Az elnyert t\u00e1mogat\u00e1st azut\u00e1n lehet kiutalni, miut\u00e1n a nemzetk\u00f6zi szak\u00e9rt\u0151 \u00edr\u00e1sban visszaigazolta a PhD v\u00e9d\u00e9sen val\u00f3 szem\u00e9lyes r\u00e9szv\u00e9tel\u00e9t.<\/li>\n<li>Az elnyert t\u00e1mogat\u00e1s teljes \u00f6sszege annak a szervezeti egys\u00e9gnek ker\u00fcl kiutal\u00e1sra, ahol a t\u00e9mavezet\u0151 dolgozik.<\/li>\n<li>A doktori v\u00e9d\u00e9st k\u00f6vet\u0151en a t\u00e1mogat\u00e1s felhaszn\u00e1l\u00e1s\u00e1t a nemzetk\u00f6zi szak\u00e9rt\u0151 nev\u00e9re ki\u00e1ll\u00edtott megb\u00edz\u00e1si szerz\u0151d\u00e9ssel, vagy az Egyetem sz\u00e1m\u00e1ra ki\u00e1ll\u00edtott sz\u00e1ml\u00e1kkal kell igazolni.<\/li>\n<li>Abban az esetben, ha b\u00e1rmilyen okb\u00f3l meghi\u00fasul az utaz\u00e1s, a t\u00e1mogat\u00e1s \u00f6sszeg\u00e9t vissza kell fizetni (amennyiben a rep\u00fcl\u0151jegy megv\u00e1s\u00e1rl\u00e1sa ut\u00e1n vis major ok\u00e1n az utaz\u00e1s m\u00e9gsem val\u00f3sul meg, a rep\u00fcl\u0151jegy \u00e1r\u00e1t nem kell visszafizetni).<\/li>\n<li>Egy napt\u00e1ri \u00e9ven bel\u00fcl egy t\u00e9mavezet\u0151 egy p\u00e1ly\u00e1zatot ny\u00fajthat be.<\/li>\n<li>A p\u00e1ly\u00e1zatok befogad\u00e1sa\u00a0<strong>folyamatos<\/strong>, az\u00a0<strong>elb\u00edr\u00e1l\u00e1s 10 munkanapon bel\u00fcl\u00a0<\/strong>megt\u00f6rt\u00e9nik.\u00a0 \u00a0<\/li>\n<\/ul>\n<p><strong>A t\u00e1mogat\u00e1s felt\u00e9tele:<\/strong><\/p>\n<ul>\n<li>A fokozatszerz\u00e9shez felhaszn\u00e1lt els\u0151 szerz\u0151s k\u00f6zlem\u00e9nyek k\u00f6z\u00fcl legal\u00e1bb egy D1-es besorol\u00e1s\u00fa (SCImago ranking alapj\u00e1n).\u00a0<\/li>\n<li>A nemzetk\u00f6zi szak\u00e9rt\u0151\u00a0<strong>nem lehet t\u00e1rsszerz\u0151je<\/strong>\u00a0a PhD \u00e9rtekez\u00e9s alapj\u00e1ul szolg\u00e1l\u00f3 egyik k\u00f6zlem\u00e9nynek sem.<\/li>\n<\/ul>\n<p><strong>A t\u00e1mogat\u00e1sra p\u00e1ly\u00e1z\u00f3 \u00e1ltal beny\u00fajtand\u00f3:<\/strong><\/p>\n<ul>\n<li><a href=\"https:\/\/semmelweis.hu\/phd\/files\/2026\/01\/palyazati_adatlap_Tamogatas-a-PhD-ertekezesek-biralati-rendszerenek-fejlesztesere.docx\">Kit\u00f6lt\u00f6tt p\u00e1ly\u00e1zati adatlap<\/a><\/li>\n<li>A PhD \u00e9rtekez\u00e9s alapj\u00e1ul szolg\u00e1l\u00f3 k\u00f6zlem\u00e9nyek m\u00e1solata (elegend\u0151 az els\u0151 oldal).<\/li>\n<li>A nemzetk\u00f6zi szak\u00e9rt\u0151 \u00f6t legfontosabb k\u00f6zlem\u00e9ny\u00e9nek m\u00e1solata (elegend\u0151 az els\u0151 oldal).<\/li>\n<\/ul>\n<p>A p\u00e1ly\u00e1zatokat a\u00a0<a href=\"mailto:csorba-jonas.csilla@semmelweis.hu\">csorba-jonas.csilla@semmelweis.hu<\/a>\u00a0c\u00edmre k\u00e9rj\u00fck bek\u00fcldeni, a lev\u00e9l t\u00e1rgyak\u00e9nt megjel\u00f6lve:\u00a0<strong>T\u00e1mogat\u00e1s a PhD \u00e9rtekez\u00e9sek b\u00edr\u00e1lati rendszer\u00e9nek fejleszt\u00e9s\u00e9re elismert nemzetk\u00f6zi szak\u00e9rt\u0151k bevon\u00e1s\u00e1val.<\/strong><\/p>\n<div class=\"keretes w-100\">\n<p>A p\u00e1ly\u00e1zatokat a\u00a0<a href=\"mailto:csorba-jonas.csilla@semmelweis.hu\">csorba-jonas.csilla@semmelweis.hu<\/a>\u00a0c\u00edmre k\u00e9rj\u00fck bek\u00fcldeni, a lev\u00e9l t\u00e1rgyak\u00e9nt megjel\u00f6lve:\u00a0<strong>T\u00e1mogat\u00e1s a PhD \u00e9rtekez\u00e9sek b\u00edr\u00e1lati rendszer\u00e9nek fejleszt\u00e9s\u00e9re elismert nemzetk\u00f6zi szak\u00e9rt\u0151k bevon\u00e1s\u00e1val.<\/strong><\/p>\n<\/div>\n","protected":false},"excerpt":{"rendered":"<p>Jelentkez\u00e9si hat\u00e1rid\u0151: folyamatos<\/p>\n","protected":false},"author":12,"featured_media":0,"parent":15269,"menu_order":0,"comment_status":"closed","ping_status":"closed","template":"template-fullwidth.php","meta":{"_acf_changed":false,"footnotes":""},"categories":[],"tags":[],"class_list":["post-63321","page","type-page","status-publish","hentry"],"acf":[],"_links":{"self":[{"href":"https:\/\/semmelweis.hu\/phd\/wp-json\/wp\/v2\/pages\/63321","targetHints":{"allow":["GET"]}}],"collection":[{"href":"https:\/\/semmelweis.hu\/phd\/wp-json\/wp\/v2\/pages"}],"about":[{"href":"https:\/\/semmelweis.hu\/phd\/wp-json\/wp\/v2\/types\/page"}],"author":[{"embeddable":true,"href":"https:\/\/semmelweis.hu\/phd\/wp-json\/wp\/v2\/users\/12"}],"replies":[{"embeddable":true,"href":"https:\/\/semmelweis.hu\/phd\/wp-json\/wp\/v2\/comments?post=63321"}],"version-history":[{"count":10,"href":"https:\/\/semmelweis.hu\/phd\/wp-json\/wp\/v2\/pages\/63321\/revisions"}],"predecessor-version":[{"id":66114,"href":"https:\/\/semmelweis.hu\/phd\/wp-json\/wp\/v2\/pages\/63321\/revisions\/66114"}],"up":[{"embeddable":true,"href":"https:\/\/semmelweis.hu\/phd\/wp-json\/wp\/v2\/pages\/15269"}],"wp:attachment":[{"href":"https:\/\/semmelweis.hu\/phd\/wp-json\/wp\/v2\/media?parent=63321"}],"wp:term":[{"taxonomy":"category","embeddable":true,"href":"https:\/\/semmelweis.hu\/phd\/wp-json\/wp\/v2\/categories?post=63321"},{"taxonomy":"post_tag","embeddable":true,"href":"https:\/\/semmelweis.hu\/phd\/wp-json\/wp\/v2\/tags?post=63321"}],"curies":[{"name":"wp","href":"https:\/\/api.w.org\/{rel}","templated":true}]}}