{"id":63317,"date":"2024-10-17T17:32:03","date_gmt":"2024-10-17T15:32:03","guid":{"rendered":"https:\/\/semmelweis.hu\/phd\/?page_id=63317"},"modified":"2026-01-27T13:05:06","modified_gmt":"2026-01-27T12:05:06","slug":"doktorandusz-kivalosagi-dij-semmelweis-egyetem-barati-kore","status":"publish","type":"page","link":"https:\/\/semmelweis.hu\/phd\/hallgatoknak\/palyazatok-osztondijak\/doktorandusz-kivalosagi-dij-semmelweis-egyetem-barati-kore\/","title":{"rendered":"Doktorandusz kiv\u00e1l\u00f3s\u00e1gi d\u00edj (Semmelweis Egyetem Bar\u00e1ti K\u00f6re)"},"content":{"rendered":"<div class=\"keretes w-100\">\n<h4><strong>Doktorandusz kiv\u00e1l\u00f3s\u00e1gi d\u00edj (Semmelweis Egyetem Bar\u00e1ti K\u00f6re)<\/strong><\/h4>\n<p><strong>Az \u00f6szt\u00f6nd\u00edj c\u00e9lja: <\/strong>a Semmelweis Egyetem Doktori Iskol\u00e1j\u00e1nak keret\u00e9ben v\u00e9gzett <strong>tudom\u00e1nyos munka bemutat\u00e1s\u00e1ra\u00a0<\/strong>35 \u00e9v alatti PhD. hallgat\u00f3k vagy Predoktorok sz\u00e1m\u00e1ra.<\/p>\n<\/div>\n<h4><strong>A p\u00e1ly\u00e1zat t\u00e9m\u00e1ja<\/strong><\/h4>\n<p>P\u00e1ly\u00e1zni lehet elm\u00e9leti vagy klinikai t\u00e9m\u00e1val foglalkoz\u00f3:<\/p>\n<ul>\n<li>els\u0151 szerz\u0151k\u00e9nt jegyzett, megjelent (vagy igazoltan elfogadott) k\u00f6zlem\u00e9nnyel;<\/li>\n<li>k\u00f6nyvvel, k\u00f6nyvr\u00e9szlettel;<\/li>\n<\/ul>\n<h4><strong>P\u00e1ly\u00e1z\u00f3k k\u00f6re<\/strong><\/h4>\n<p>35 \u00e9v alatti PhD. hallgat\u00f3k vagy Predoktorok.<\/p>\n<h4><strong>A t\u00e1mogat\u00e1s \u00f6sszege<\/strong><\/h4>\n<p>Az els\u0151 k\u00e9t helyezett oklevelet \u00e9s egyenk\u00e9nt <strong>200 000 Ft <\/strong>p\u00e9nzjutalmat kap.<\/p>\n<h4><strong>Jelentkez\u00e9si hat\u00e1rid\u0151<\/strong><\/h4>\n<p>A p\u00e1ly\u00e1zatokat elektronikus form\u00e1ban <strong>2025. okt\u00f3ber 5. -ig <\/strong>a\u00a0<a href=\"mailto:phd.palyazatok@semmelweis.hu\">phd.palyazatok@semmelweis.hu<\/a> \u00a0e-mail c\u00edmre kell megk\u00fcldeni. <strong>A lev\u00e9l t\u00e1rgy\u00e1ban szerepeljen a p\u00e1ly\u00e1zat \u00e9s a p\u00e1ly\u00e1z\u00f3 neve is.<\/strong><\/p>\n<h5>P\u00e1ly\u00e1zat \u00e9rt\u00e9kel\u00e9s\u00e9nek hat\u00e1rideje:<\/h5>\n<p>2025. okt\u00f3ber 14.<\/p>\n<h5>P\u00e1ly\u00e1z\u00f3k ki\u00e9rtes\u00edt\u00e9s\u00e9nek hat\u00e1rideje:<\/h5>\n<p>2025. okt\u00f3ber 15.<\/p>\n<p>A be\u00e9rkezett p\u00e1ly\u00e1zatokat a Bar\u00e1ti K\u00f6r \u00e9s az Egyetemi Doktori Tan\u00e1cs \u00e1ltal felk\u00e9rt szakemberek b\u00edr\u00e1lj\u00e1k el.\u00a0<\/p>\n<p><a href=\"https:\/\/semmelweis.hu\/phd\/files\/2025\/09\/palyazatiurlap_doktoranduszkivalosagidij_2025_v2.doc\"><strong>P\u00e1ly\u00e1zati \u0171rlap let\u00f6lt\u00e9se<\/strong><\/a><\/p>\n","protected":false},"excerpt":{"rendered":"<p>Jelentkez\u00e9si hat\u00e1rid\u0151<\/p>\n","protected":false},"author":12,"featured_media":0,"parent":15269,"menu_order":0,"comment_status":"closed","ping_status":"closed","template":"template-fullwidth.php","meta":{"_acf_changed":false,"footnotes":""},"categories":[],"tags":[],"class_list":["post-63317","page","type-page","status-publish","hentry"],"acf":[],"_links":{"self":[{"href":"https:\/\/semmelweis.hu\/phd\/wp-json\/wp\/v2\/pages\/63317","targetHints":{"allow":["GET"]}}],"collection":[{"href":"https:\/\/semmelweis.hu\/phd\/wp-json\/wp\/v2\/pages"}],"about":[{"href":"https:\/\/semmelweis.hu\/phd\/wp-json\/wp\/v2\/types\/page"}],"author":[{"embeddable":true,"href":"https:\/\/semmelweis.hu\/phd\/wp-json\/wp\/v2\/users\/12"}],"replies":[{"embeddable":true,"href":"https:\/\/semmelweis.hu\/phd\/wp-json\/wp\/v2\/comments?post=63317"}],"version-history":[{"count":10,"href":"https:\/\/semmelweis.hu\/phd\/wp-json\/wp\/v2\/pages\/63317\/revisions"}],"predecessor-version":[{"id":66106,"href":"https:\/\/semmelweis.hu\/phd\/wp-json\/wp\/v2\/pages\/63317\/revisions\/66106"}],"up":[{"embeddable":true,"href":"https:\/\/semmelweis.hu\/phd\/wp-json\/wp\/v2\/pages\/15269"}],"wp:attachment":[{"href":"https:\/\/semmelweis.hu\/phd\/wp-json\/wp\/v2\/media?parent=63317"}],"wp:term":[{"taxonomy":"category","embeddable":true,"href":"https:\/\/semmelweis.hu\/phd\/wp-json\/wp\/v2\/categories?post=63317"},{"taxonomy":"post_tag","embeddable":true,"href":"https:\/\/semmelweis.hu\/phd\/wp-json\/wp\/v2\/tags?post=63317"}],"curies":[{"name":"wp","href":"https:\/\/api.w.org\/{rel}","templated":true}]}}