{"id":63315,"date":"2025-06-17T17:29:37","date_gmt":"2025-06-17T15:29:37","guid":{"rendered":"https:\/\/semmelweis.hu\/phd\/?page_id=63315"},"modified":"2026-01-27T13:04:09","modified_gmt":"2026-01-27T12:04:09","slug":"richter-gedeon-kivalosagi-phd-osztondij","status":"publish","type":"page","link":"https:\/\/semmelweis.hu\/phd\/hallgatoknak\/palyazatok-osztondijak\/richter-gedeon-kivalosagi-phd-osztondij\/","title":{"rendered":"Richter Gedeon Kiv\u00e1l\u00f3s\u00e1gi PhD \u00d6szt\u00f6nd\u00edj"},"content":{"rendered":"<div class=\"keretes w-100\">\n<h4><strong>Richter Gedeon Kiv\u00e1l\u00f3s\u00e1gi PhD \u00d6szt\u00f6nd\u00edj<\/strong><\/h4>\n<p><strong>Az \u00f6szt\u00f6nd\u00edj c\u00e9lja:\u00a0<\/strong>A Richter Gedeon Talentum Alap\u00edtv\u00e1ny t\u00e1mogatni k\u00edv\u00e1nja azokat a PhD hallgat\u00f3kat, akik gy\u00f3gyszeripar \u00e9rdekl\u0151d\u00e9si k\u00f6r\u00e9be tartoz\u00f3 kutat\u00e1si t\u00e9m\u00e1val foglalkoz\u00f3 term\u00e9szettudom\u00e1nyi, illetve orvos- \u00e9s eg\u00e9szs\u00e9gtudom\u00e1nyi alapk\u00e9pzetts\u00e9g\u0171, k\u00fcl\u00f6n\u00f6sen biol\u00f3gus, molekul\u00e1ris biol\u00f3gus, farmakol\u00f3gus, immunol\u00f3gus, orvos, vegy\u00e9sz, vegy\u00e9szm\u00e9rn\u00f6k, illetve gy\u00f3gyszer\u00e9sz v\u00e9gzetts\u00e9g\u0171 nappali tagozatos, az \u00e1llamilag finansz\u00edrozott PhD k\u00e9pz\u00e9sbe felvett tanulm\u00e1nyaikat elkezd\u0151, illetve folytat\u00f3 hallgat\u00f3kat, akik a jelentkez\u00e9skor 35. \u00e9let\u00e9v\u00fcket m\u00e9g nem t\u00f6lt\u00f6tt\u00e9k be \u00e9s tanulm\u00e1nyi eredm\u00e9nyeik alapj\u00e1n arra \u00e9rdemesek.<\/p>\n<\/div>\n<p>A <strong>Richter Gedeon Talentum Alap\u00edtv\u00e1ny<\/strong> a 2025\/2026. tan\u00e9vt\u0151l ism\u00e9t t\u00e1mogatni k\u00edv\u00e1nja \u00f6szt\u00f6nd\u00edj \u00fatj\u00e1n azokat a PhD. hallgat\u00f3kat, akik a Richter strat\u00e9giai ir\u00e1nyaihoz, bels\u0151 K+F+I tev\u00e9kenys\u00e9g\u00e9hez kapcsol\u00f3d\u00f3, \u00f6kosziszt\u00e9ma rendszer\u00e9hez kapcsol\u00f3d\u00f3, kiemelten az al\u00e1bbi indik\u00e1ci\u00f3s ter\u00fcleteken:<\/p>\n<ul>\n<li>pszichi\u00e1triai betegs\u00e9gek \u00e1ltal\u00e1ban, ezen bel\u00fcl kiemelten:\n<ul>\n<li>pszichi\u00e1triai betegs\u00e9gek negat\u00edv t\u00fcnetei<\/li>\n<li>kognit\u00edv zavarok<\/li>\n<li>neuroinflamm\u00e1ci\u00f3s mechanizmusok<\/li>\n<li>neuropszichi\u00e1triai transzl\u00e1ci\u00f3s kutat\u00e1sok<\/li>\n<\/ul>\n<\/li>\n<li>n\u0151gy\u00f3gy\u00e1szati betegs\u00e9gek klinikai kutat\u00e1sa \u00e9s target javaslatok ezen bel\u00fcl kiemelten:\n<ul>\n<li>endometri\u00f3zis<\/li>\n<li>polyciszt\u00e1s ov\u00e1rium szindr\u00f3ma (PCOS)<\/li>\n<li>medd\u0151s\u00e9g<\/li>\n<li>menopauza<\/li>\n<li>nem-hormon\u00e1lis fogamz\u00e1sg\u00e1tl\u00e1s<\/li>\n<\/ul>\n<\/li>\n<li>oszteopor\u00f3zis<\/li>\n<li>autoimmun h\u00e1tter\u0171, reumatol\u00f3giai k\u00f3rk\u00e9pek biol\u00f3giai ter\u00e1pi\u00e1val (pl. monoklon\u00e1lis antitestek stb.) val\u00f3 megk\u00f6zel\u00edt\u00e9se<\/li>\n<\/ul>\n<p>kutat\u00e1si t\u00e9m\u00e1val foglalkoz\u00f3 term\u00e9szettudom\u00e1nyi, illetve orvos- \u00e9s eg\u00e9szs\u00e9gtudom\u00e1nyi alapk\u00e9pzetts\u00e9g\u0171, k\u00fcl\u00f6n\u00f6sen biol\u00f3gus, molekul\u00e1ris biol\u00f3gus, farmakol\u00f3gus, immunol\u00f3gus, orvos, vegy\u00e9sz, vegy\u00e9szm\u00e9rn\u00f6k, illetve gy\u00f3gyszer\u00e9sz v\u00e9gzetts\u00e9g\u0171 nappali tagozatos, az \u00e1llamilag finansz\u00edrozott PhD. k\u00e9pz\u00e9sbe felvett tanulm\u00e1nyaikat elkezd\u0151, illetve folytat\u00f3 hallgat\u00f3kat, akik az eredm\u00e9nyeik alapj\u00e1n arra \u00e9rdemesek.<\/p>\n<p>Az \u00f6szt\u00f6nd\u00edjat elnyer\u0151 hallgat\u00f3kkal az Alap\u00edtv\u00e1ny k\u00f6t szerz\u0151d\u00e9st az \u00f6szt\u00f6nd\u00edj t\u00e1mogat\u00e1s t\u00e1rgy\u00e1ban. Oda\u00edt\u00e9l\u00e9se eset\u00e9n a Richter Gedeon Kiv\u00e1l\u00f3s\u00e1gi PhD \u00d6szt\u00f6nd\u00edj legfeljebb a doktorandusz hallgat\u00f3nak az \u00e1llami PhD. \u00f6szt\u00f6nd\u00edjra val\u00f3 jogosults\u00e1ga fenn\u00e1ll\u00e1s\u00e1ig ker\u00fcl foly\u00f3s\u00edt\u00e1sra.<\/p>\n<h4><strong>P\u00e1ly\u00e1z\u00f3k k\u00f6re<\/strong><\/h4>\n<p>A Richter Gedeon Kiv\u00e1l\u00f3s\u00e1gi PhD. \u00d6szt\u00f6nd\u00edjra az \u00e1llami PhD \u00f6szt\u00f6nd\u00edjjal rendelkez\u0151, a PhD k\u00e9pz\u00e9s b\u00e1rmely tanulm\u00e1nyi \u00e9v\u00e9ben j\u00e1r\u00f3, 35. \u00e9let\u00e9v\u00e9t be nem t\u00f6lt\u00f6tt doktorandusz hallgat\u00f3 p\u00e1ly\u00e1zhat. Az Alap\u00edtv\u00e1ny sz\u00e1nd\u00e9ka szerint a Kurat\u00f3rium a 2025\/2026-os tan\u00e9vben k\u00f6zel huszon\u00f6t fiatalt v\u00e1laszt majd ki a p\u00e1ly\u00e1z\u00f3 hallgat\u00f3k k\u00f6z\u00fcl.\u00a0<\/p>\n<h4><strong>A t\u00e1mogat\u00e1s \u00f6sszege<\/strong><\/h4>\n<p>A Richter Gedeon Kiv\u00e1l\u00f3s\u00e1gi PhD \u00d6szt\u00f6nd\u00edj \u00f6sszege <strong>havonta 200.000,- Ft<\/strong>, azaz kett\u0151sz\u00e1zezer forint (tov\u00e1bbi r\u00e9szletek az \u00e1ltal\u00e1nos t\u00e1j\u00e9koztat\u00f3ban tal\u00e1lhat\u00f3ak)<\/p>\n<h4><strong>A t\u00e1mogat\u00e1s id\u0151tartama<\/strong><\/h4>\n<p>24 h\u00f3nap (de legfeljebb a doktorandusz hallgat\u00f3nak az \u00e1llami PhD \u00f6szt\u00f6nd\u00edjra val\u00f3 jogosults\u00e1ga fenn\u00e1ll\u00e1s\u00e1ig ker\u00fcl foly\u00f3s\u00edt\u00e1sra)<\/p>\n<p>A Richter Gedeon Kiv\u00e1l\u00f3s\u00e1gi PhD \u00d6szt\u00f6nd\u00edj foly\u00f3s\u00edt\u00e1s\u00e1nak id\u0151tartam\u00e1t \u00e9s az \u00f6szt\u00f6nd\u00edj szerz\u0151d\u00e9s id\u0151tartam\u00e1t &#8211; a doktorandusz hallgat\u00f3 \u00e1ltal el\u00e9rt tanulm\u00e1nyi \u00e9s tudom\u00e1nyos eredm\u00e9nyek f\u00fcggv\u00e9ny\u00e9ben, a komplex vizsg\u00e1t k\u00f6vet\u0151en &#8211; az Alap\u00edtv\u00e1ny saj\u00e1t hat\u00e1sk\u00f6rben jogosult egyoldal\u00faan tov\u00e1bbi maximum 24 h\u00f3nap id\u0151tartammal &#8211; de legfeljebb a doktorandusz hallgat\u00f3nak az \u00e1llami PhD. \u00f6szt\u00f6nd\u00edjra val\u00f3 jogosults\u00e1ga fenn\u00e1ll\u00e1s\u00e1ig &#8211; meghosszabb\u00edtani.<\/p>\n<h4><strong>Jelentkez\u00e9si hat\u00e1rid\u0151<\/strong><\/h4>\n<p><strong>2025. szeptember 26. (p\u00e9ntek) reggel 9 \u00f3ra<\/strong><\/p>\n<h4><strong>p\u00e1ly\u00e1zat \u00e9rt\u00e9kel\u00e9s\u00e9nek hat\u00e1rideje<\/strong><\/h4>\n<p>A p\u00e1ly\u00e1zati felh\u00edv\u00e1s eredm\u00e9ny\u00e9r\u0151l az Alap\u00edtv\u00e1ny a Doktori iskol\u00e1kat \u00e9s a hallgat\u00f3kat v\u00e1rhat\u00f3an 2025. okt\u00f3ber 23-ig \u00e9rtes\u00edteni fogja.<\/p>\n<h4><strong>A P\u00c1LY\u00c1ZAT MENETE<\/strong><\/h4>\n<ol>\n<li><strong>P\u00e1ly\u00e1zati adatlap kit\u00f6lt\u00e9se \u00e9s elk\u00fcld\u00e9se az al\u00e1bbi fel\u00fcleten<\/strong><br \/>\n<a href=\"https:\/\/forms.office.com\/e\/ERqkmTRd7W\">https:\/\/forms.office.com\/e\/ERqkmTRd7W<\/a><\/p>\n<\/li>\n<li><strong>P\u00e1ly\u00e1zati mell\u00e9kletek elk\u00e9sz\u00edt\u00e9se, sz\u00fcks\u00e9ges:<\/strong><br \/>\n&#8211; hallgat\u00f3 \u00e9s t\u00e9mavezet\u0151 CV-je,<br \/>\n&#8211; hallgat\u00f3, valamint a t\u00e9mavezet\u0151 fontosabb scientometriai adatai,<br \/>\n&#8211; adatkezel\u00e9si nyilatkozat kit\u00f6lt\u00e9se, al\u00e1\u00edr\u00e1sa,<br \/>\n&#8211; mell\u00e9kletek \u00f6sszef\u0171z\u00e9se fenti sorrendben egy dokumentumm\u00e1, amely nev\u00e9ben a p\u00e1ly\u00e1z\u00f3 neve szerepeljen<\/p>\n<\/li>\n<li><strong>Az \u0171rlap visszaigazol\u00f3 e-mailj\u00e9nek, valamint az \u00f6sszef\u0171z\u00f6tt mell\u00e9kletek csatol\u00e1sa \u00e9s tov\u00e1bb\u00edt\u00e1sa az <a href=\"mailto:rg_talentum@richter.hu\">rg_talentum@richter.hu<\/a> c\u00edmre<\/strong>.<\/li>\n<\/ol>\n<p><strong>A p\u00e1ly\u00e1zati anyagokat 2025. szeptember 26-\u00e9n p\u00e9ntek reggel 9 \u00f3r\u00e1ig<\/strong> sz\u00edveskedjenek eljuttatni a Richter Gedeon Talentum Alap\u00edtv\u00e1nyhoz.<\/p>\n<p>A p\u00e1ly\u00e1zati felh\u00edv\u00e1s eredm\u00e9ny\u00e9r\u0151l az Alap\u00edtv\u00e1ny a Doktori Iskol\u00e1t \u00e9s a hallgat\u00f3kat<strong> v\u00e1rhat\u00f3an 2025. okt\u00f3ber 23-ig \u00e9rtes\u00edteni fogja<\/strong>.<\/p>\n<h4><strong>Csatolm\u00e1nyok<\/strong><\/h4>\n<ul>\n<li><a href=\"https:\/\/semmelweis.hu\/phd\/files\/2025\/09\/TA_leaflet_2025-Semmelweis-Egyetem.pdf\">p\u00e1ly\u00e1zati felh\u00edv\u00e1s<\/a><\/li>\n<li><a href=\"https:\/\/semmelweis.hu\/phd\/files\/2025\/09\/Altalanos_tajekoztato-KIVALOSAGI-PhD-osztondij_2025.-Semmelweis-Egyetem.pdf\">\u00e1ltal\u00e1nos t\u00e1j\u00e9koztat\u00f3<\/a><\/li>\n<li><a href=\"https:\/\/semmelweis.hu\/phd\/files\/2025\/09\/RG_Talentum_Adatvedelmi_tajekoztato.pdf\">adatv\u00e9delmi t\u00e1j\u00e9koztat\u00f3<\/a><\/li>\n<li><a href=\"https:\/\/semmelweis.hu\/phd\/files\/2025\/09\/RG_Talentum_Nyilatkozat.pdf\">adatkezel\u00e9si nyilatkozat<\/a><\/li>\n<\/ul>\n<p>&nbsp;<\/p>\n","protected":false},"excerpt":{"rendered":"<p>Jelentkez\u00e9si hat\u00e1rid\u0151<\/p>\n","protected":false},"author":12,"featured_media":0,"parent":15269,"menu_order":0,"comment_status":"closed","ping_status":"closed","template":"template-fullwidth.php","meta":{"_acf_changed":false,"footnotes":""},"categories":[],"tags":[],"class_list":["post-63315","page","type-page","status-publish","hentry"],"acf":[],"_links":{"self":[{"href":"https:\/\/semmelweis.hu\/phd\/wp-json\/wp\/v2\/pages\/63315","targetHints":{"allow":["GET"]}}],"collection":[{"href":"https:\/\/semmelweis.hu\/phd\/wp-json\/wp\/v2\/pages"}],"about":[{"href":"https:\/\/semmelweis.hu\/phd\/wp-json\/wp\/v2\/types\/page"}],"author":[{"embeddable":true,"href":"https:\/\/semmelweis.hu\/phd\/wp-json\/wp\/v2\/users\/12"}],"replies":[{"embeddable":true,"href":"https:\/\/semmelweis.hu\/phd\/wp-json\/wp\/v2\/comments?post=63315"}],"version-history":[{"count":8,"href":"https:\/\/semmelweis.hu\/phd\/wp-json\/wp\/v2\/pages\/63315\/revisions"}],"predecessor-version":[{"id":66104,"href":"https:\/\/semmelweis.hu\/phd\/wp-json\/wp\/v2\/pages\/63315\/revisions\/66104"}],"up":[{"embeddable":true,"href":"https:\/\/semmelweis.hu\/phd\/wp-json\/wp\/v2\/pages\/15269"}],"wp:attachment":[{"href":"https:\/\/semmelweis.hu\/phd\/wp-json\/wp\/v2\/media?parent=63315"}],"wp:term":[{"taxonomy":"category","embeddable":true,"href":"https:\/\/semmelweis.hu\/phd\/wp-json\/wp\/v2\/categories?post=63315"},{"taxonomy":"post_tag","embeddable":true,"href":"https:\/\/semmelweis.hu\/phd\/wp-json\/wp\/v2\/tags?post=63315"}],"curies":[{"name":"wp","href":"https:\/\/api.w.org\/{rel}","templated":true}]}}