{"id":63312,"date":"2024-10-17T16:29:00","date_gmt":"2024-10-17T14:29:00","guid":{"rendered":"https:\/\/semmelweis.hu\/phd\/?page_id=63312"},"modified":"2026-01-27T10:42:02","modified_gmt":"2026-01-27T09:42:02","slug":"kiemelt-doktori-vedesek-palyazat","status":"publish","type":"page","link":"https:\/\/semmelweis.hu\/phd\/hallgatoknak\/palyazatok-osztondijak\/kiemelt-doktori-vedesek-palyazat\/","title":{"rendered":"Kiemelt doktori v\u00e9d\u00e9sek p\u00e1ly\u00e1zat"},"content":{"rendered":"<div class=\"keretes w-100\">\n<h4><strong>Kiemelt doktori v\u00e9d\u00e9sek p\u00e1ly\u00e1zat<\/strong><\/h4>\n<p><strong>Az \u00f6szt\u00f6nd\u00edj c\u00e9lja: <\/strong>A Semmelweis Doktori Iskola lehet\u0151s\u00e9get biztos\u00edt doktori v\u00e9d\u00e9sek szervez\u00e9s\u00e9re a Semmelweis Szalonban (1085. Budapest, \u00dcll\u0151i \u00fat 26. I. em.) a p\u00e1ly\u00e1zat k\u00f6re \u00e9rinti a v\u00e9d\u00e9s helysz\u00edn\u00e9nek, a technik\u00e1nak, illetve a cateringnek a biztos\u00edt\u00e1s\u00e1t.<\/p>\n<\/div>\n<p><strong>P\u00c1LY\u00c1ZATI FELH\u00cdV\u00c1S KIEMELT DOKTORI V\u00c9D\u00c9SEKRE<\/strong>\u00a0<\/p>\n<p>A Semmelweis Doktori Iskola lehet\u0151s\u00e9get biztos\u00edt doktori v\u00e9d\u00e9sek szervez\u00e9s\u00e9re a Semmelweis Szalonban.\u00a0<\/p>\n<p>A v\u00e9d\u00e9sek lehets\u00e9ges id\u0151pontjai:\u00a0<\/p>\n<table style=\"width: 25.5395%\" width=\"0\">\n<tbody>\n<tr>\n<td style=\"width: 50.8065%\" width=\"139\">\n<p><strong>2026.\u00a0m\u00e1jus 20.<\/strong>\u00a0<\/p>\n<\/td>\n<td style=\"width: 11.9858%\" width=\"66\">\n<p><strong>10:00<\/strong>\u00a0<\/p>\n<\/td>\n<td style=\"width: 13.5518%\" width=\"75\">\n<p><strong>13:00<\/strong>\u00a0<\/p>\n<\/td>\n<td style=\"width: 16.159%\" width=\"85\">\n<p><strong>16:00<\/strong>\u00a0<\/p>\n<\/td>\n<\/tr>\n<tr>\n<td style=\"width: 50.8065%\" width=\"139\">\n<p><strong>2026.\u00a0m\u00e1jus 21.<\/strong>\u00a0<\/p>\n<\/td>\n<td style=\"width: 11.9858%\" width=\"66\">\n<p><strong>10:00<\/strong>\u00a0<\/p>\n<\/td>\n<td style=\"width: 13.5518%\" width=\"75\">\n<p><strong>13:00<\/strong>\u00a0<\/p>\n<\/td>\n<td style=\"width: 16.159%\" width=\"85\">\n<p><strong>16:00<\/strong>\u00a0<\/p>\n<\/td>\n<\/tr>\n<\/tbody>\n<\/table>\n<p>&nbsp;<\/p>\n<p>A v\u00e9d\u00e9sek megszervez\u00e9se a szok\u00e1sos m\u00f3don t\u00f6rt\u00e9nik, a jel\u00f6lt t\u00e9mavezet\u0151j\u00e9nek nyilatkoznia kell arr\u00f3l, hogy a Bizotts\u00e1g tagjai a p\u00e1ly\u00e1zatban megjel\u00f6lt id\u0151pontban v\u00e1llalj\u00e1k a v\u00e9d\u00e9sen val\u00f3 r\u00e9szv\u00e9telt. A Doktori Hivatal a helysz\u00edn \u00e9s technika biztos\u00edt\u00e1s\u00e1t v\u00e1llalja. K\u00e9r\u00e9sre lehet\u0151s\u00e9get biztos\u00edtunk arra, hogy a v\u00e9d\u00e9sr\u0151l vide\u00f3felv\u00e9tel k\u00e9sz\u00fclj\u00f6n, melyet az Egyetem honlapj\u00e1n el\u00e9rhet\u0151v\u00e9 tesz\u00fcnk.\u00a0<\/p>\n<p><em>(T\u00faljelentkez\u00e9s eset\u00e9n el\u0151nyben r\u00e9szes\u00edtj\u00fck azon p\u00e1ly\u00e1z\u00f3kat, akiknek a disszert\u00e1ci\u00f3j\u00e1hoz felhaszn\u00e1lt els\u0151szerz\u0151s publik\u00e1ci\u00f3juk D1-es foly\u00f3iratban jelent meg \u00e9s a v\u00e9d\u00e9st angol nyelven k\u00edv\u00e1nj\u00e1k lebonyol\u00edtani.)<\/em>\u00a0<\/p>\n<p>A jel\u00f6lt v\u00e1llalja, hogy a nyilv\u00e1nos v\u00e9d\u00e9shez sz\u00fcks\u00e9ges dokument\u00e1ci\u00f3t (\u00f6n\u00e9letrajz, megh\u00edv\u00f3, opponensi v\u00e9lem\u00e9nyekre adott v\u00e1laszok)\u00a0<strong>2026.<\/strong>\u00a0<strong>\u00e1prilis 4-ig<\/strong>\u00a0a Doktori Hivatalba eljuttatja.\u00a0<\/p>\n<p>Catering\u00a0szolg\u00e1ltat\u00e1s ig\u00e9nybev\u00e9tel\u00e9re az Egyetem szerz\u0151d\u00f6tt partner\u00e9vel lesz lehet\u0151s\u00e9g, amihez a Doktori Hivatal\u00a0100 000 Forint + \u00c1FA m\u00e9rt\u00e9kben tud hozz\u00e1j\u00e1rulni.\u00a0<\/p>\n<p>A p\u00e1ly\u00e1zat beny\u00fajt\u00e1s\u00e1nak m\u00f3dja: A p\u00e1ly\u00e1zatot a Semmelweis Egyetem Doktori Hivatal\u00e1ba egyetlen pdf file-ba\u00a0szerkesztve elektronikus form\u00e1ban kell beny\u00fajtani\u00a0a\u00a0<a href=\"mailto:phd.palyazatok@semmelweis.hu\">phd.palyazatok@semmelweis.hu<\/a>\u00a0email c\u00edmre\u00a0<strong>2026.\u00a0febru\u00e1r 20.\u00a0&#8211; m\u00e1rcius 20. k\u00f6z\u00f6tt<\/strong>\u00a0<\/p>\n<p>A p\u00e1ly\u00e1zatok\u00a0\u00e9rt\u00e9kel\u00e9s\u00e9nek hat\u00e1rideje: 2026. m\u00e1rcius\u00a031. A\u00a0m\u00e9g rendelkez\u00e9sre\u00a0\u00e1ll\u00f3 id\u0151pontokat folyamatosan friss\u00edtj\u00fck a felh\u00edv\u00e1sban.\u00a0A p\u00e1ly\u00e1zat sikere \u00e9rdek\u00e9ben\u00a0<strong>c\u00e9lszer\u0171 t\u00f6bb lehets\u00e9ges id\u0151pontot megadni a p\u00e1ly\u00e1zatban.<\/strong>\u00a0<\/p>\n<p>A p\u00e1ly\u00e1zathoz beny\u00fajtand\u00f3:\u00a0<\/p>\n<ul>\n<li>P\u00e1ly\u00e1zati adatlap: <a href=\"https:\/\/semmelweis.hu\/phd\/files\/2025\/12\/Palyazati_adatlap_Kiemelt-vedesek.doc\">Let\u00f6lt\u00e9s<\/a><\/li>\n<li><strong>K\u00f6zponti K\u00f6nyvt\u00e1r \u00e1ltal hiteles\u00edtett<\/strong>publik\u00e1ci\u00f3s jegyz\u00e9k\u00a0<\/li>\n<li>\u00d6n\u00e9letrajz\u00a0<\/li>\n<\/ul>\n<p><strong>K\u00e9rj\u00fck a t\u00e1rgyban megjel\u00f6lni: Kiemelt doktori v\u00e9d\u00e9sek p\u00e1ly\u00e1zat<\/strong>\u00a0<\/p>\n<p>Budapest,\u00a02025.\u00a0december 8.\u00a0<br \/>\nDr. Beny\u00f3 Zolt\u00e1n\u00a0<br \/>\na Doktori Tan\u00e1cs eln\u00f6ke\u00a0<\/p>\n<p>&nbsp;<\/p>\n<p>&nbsp;<\/p>\n","protected":false},"excerpt":{"rendered":"<p>Jelentkez\u00e9si hat\u00e1rid\u0151: 2026. febru\u00e1r 20. &#8211; m\u00e1rcius 20. <\/p>\n","protected":false},"author":12,"featured_media":0,"parent":15269,"menu_order":0,"comment_status":"closed","ping_status":"closed","template":"template-fullwidth.php","meta":{"_acf_changed":false,"footnotes":""},"categories":[],"tags":[],"class_list":["post-63312","page","type-page","status-publish","hentry"],"acf":[],"_links":{"self":[{"href":"https:\/\/semmelweis.hu\/phd\/wp-json\/wp\/v2\/pages\/63312","targetHints":{"allow":["GET"]}}],"collection":[{"href":"https:\/\/semmelweis.hu\/phd\/wp-json\/wp\/v2\/pages"}],"about":[{"href":"https:\/\/semmelweis.hu\/phd\/wp-json\/wp\/v2\/types\/page"}],"author":[{"embeddable":true,"href":"https:\/\/semmelweis.hu\/phd\/wp-json\/wp\/v2\/users\/12"}],"replies":[{"embeddable":true,"href":"https:\/\/semmelweis.hu\/phd\/wp-json\/wp\/v2\/comments?post=63312"}],"version-history":[{"count":11,"href":"https:\/\/semmelweis.hu\/phd\/wp-json\/wp\/v2\/pages\/63312\/revisions"}],"predecessor-version":[{"id":66088,"href":"https:\/\/semmelweis.hu\/phd\/wp-json\/wp\/v2\/pages\/63312\/revisions\/66088"}],"up":[{"embeddable":true,"href":"https:\/\/semmelweis.hu\/phd\/wp-json\/wp\/v2\/pages\/15269"}],"wp:attachment":[{"href":"https:\/\/semmelweis.hu\/phd\/wp-json\/wp\/v2\/media?parent=63312"}],"wp:term":[{"taxonomy":"category","embeddable":true,"href":"https:\/\/semmelweis.hu\/phd\/wp-json\/wp\/v2\/categories?post=63312"},{"taxonomy":"post_tag","embeddable":true,"href":"https:\/\/semmelweis.hu\/phd\/wp-json\/wp\/v2\/tags?post=63312"}],"curies":[{"name":"wp","href":"https:\/\/api.w.org\/{rel}","templated":true}]}}