{"id":63308,"date":"2024-10-17T16:08:12","date_gmt":"2024-10-17T14:08:12","guid":{"rendered":"https:\/\/semmelweis.hu\/phd\/?page_id=63308"},"modified":"2026-03-12T08:59:08","modified_gmt":"2026-03-12T07:59:08","slug":"se-250-kivalosagi-phd-osztondij-palyazat","status":"publish","type":"page","link":"https:\/\/semmelweis.hu\/phd\/hallgatoknak\/palyazatok-osztondijak\/se-250-kivalosagi-phd-osztondij-palyazat\/","title":{"rendered":"SE 250 + Kiv\u00e1l\u00f3s\u00e1gi PhD \u00f6szt\u00f6nd\u00edj p\u00e1ly\u00e1zat"},"content":{"rendered":"<div class=\"keretes w-100\">\n<h4><strong>SE 250 + Kiv\u00e1l\u00f3s\u00e1gi PhD \u00f6szt\u00f6nd\u00edj p\u00e1ly\u00e1zat<\/strong><\/h4>\n<p><strong style=\"font-size: 1rem\">Az \u00f6szt\u00f6nd\u00edj c\u00e9lja:\u00a0\u00a0<\/strong>A Semmelweis Egyetem elk\u00f6telezett az int\u00e9zm\u00e9ny tudom\u00e1nyos teljes\u00edtm\u00e9nye \u00e9s oktat\u00f3i\/kutat\u00f3i ut\u00e1np\u00f3tl\u00e1sa szempontj\u00e1b\u00f3l meghat\u00e1roz\u00f3 jelent\u0151s\u00e9g\u0171 doktori (PhD) k\u00e9pz\u00e9s tov\u00e1bb fejleszt\u00e9s\u00e9ben. Ennek szellem\u00e9ben kiemelt feladatnak tekinti a PhD hallgat\u00f3k sz\u00e1m\u00e1ra az akad\u00e9miai \u00e9letp\u00e1lya n\u00e9pszer\u0171s\u00edt\u00e9s\u00e9t olyan t\u00e1mogat\u00e1si form\u00e1k kialak\u00edt\u00e1s\u00e1val, melyek lehet\u0151v\u00e9 teszik a kutat\u00e1si teljes\u00edtm\u00e9ny \u00e9s oktat\u00e1si kompetenci\u00e1k fejleszt\u00e9s\u00e9t a doktori k\u00e9pz\u00e9s alatt.<\/p>\n<\/div>\n<p>A megp\u00e1ly\u00e1zhat\u00f3 \u00f6szt\u00f6nd\u00edj az \u00e1llami PhD \u00f6szt\u00f6nd\u00edj 50%-\u00e1nak megfelel\u0151 \u00f6sszeg (doktori k\u00e9pz\u00e9s els\u0151 k\u00e9t tan\u00e9v\u00e9ben 70.000 Ft\/h\u00f3, m\u00e1sodik k\u00e9t tan\u00e9v\u00e9ben: 90.000 Ft\/h\u00f3), melyet a befogad\u00f3 szervezeti egys\u00e9g saj\u00e1t forr\u00e1sb\u00f3l kieg\u00e9sz\u00edthet.<\/p>\n<p>A jelenlegi p\u00e1ly\u00e1zati t\u00e1mogat\u00e1s a 2025\/2026. tan\u00e9v II. f\u00e9l\u00e9v\u00e9re vonatkozik (2026. febru\u00e1r 1.-2026. augusztus 31.)<\/p>\n<h2>A p\u00e1ly\u00e1zat felt\u00e9telei<\/h2>\n<ul>\n<li>akt\u00edv PhD hallgat\u00f3i jogviszony \u00e1llami \u00f6szt\u00f6nd\u00edjas vagy \u00f6nk\u00f6lts\u00e9ges <strong>k\u00e9pz\u00e9sben,<\/strong> illetve <strong>MD\/PhD hallgat\u00f3k, akik gradu\u00e1lis k\u00e9pz\u00e9s\u00fcket befejezt\u00e9k,<\/strong><\/li>\n<li>nem p\u00e1ly\u00e1zhatnak, akik heti 20 \u00f3r\u00e1t meghalad\u00f3 eg\u00e9szs\u00e9g\u00fcgyi szolg\u00e1lati vagy m\u00e1s munkaviszonnyal rendelkeznek.<\/li>\n<\/ul>\n<h2>Az elb\u00edr\u00e1l\u00e1s szempontjai:<\/h2>\n<p><strong>1. Kiv\u00e1l\u00f3 tudom\u00e1nyos teljes\u00edtm\u00e9ny <\/strong>(a szerezhet\u0151 pontok 70 %-a).<\/p>\n<ul>\n<li><strong><u>komplex vizsga el\u0151tt \u00e1ll\u00f3 hallgat\u00f3k eset\u00e9ben:<\/u><\/strong>\n<ul>\n<li>OTDK d\u00edjaz\u00e1s<\/li>\n<li>nemzetk\u00f6zi konferencia absztrakt<\/li>\n<li>legal\u00e1bb Q2 besorol\u00e1s\u00fa k\u00f6zlem\u00e9nyek<\/li>\n<li>a k\u00f6zlem\u00e9nyekre kapott cit\u00e1ci\u00f3k sz\u00e1ma\n<p>\n<\/li>\n<\/ul>\n<\/li>\n<li><strong><u>komplex vizsga ut\u00e1n \u00e1ll\u00f3 hallgat\u00f3k eset\u00e9ben:<\/u><\/strong>\n<ul>\n<li>legal\u00e1bb Q2 besorol\u00e1s\u00fa k\u00f6zlem\u00e9nyek<\/li>\n<li>k\u00f6zlem\u00e9nyekre kapott cit\u00e1ci\u00f3k sz\u00e1ma<\/li>\n<\/ul>\n<\/li>\n<\/ul>\n<p><strong>2. Elm\u00e9leti vagy preklinikai <\/strong><strong>int\u00e9zetben v\u00e9gzett oktat\u00e1si tev\u00e9kenys\u00e9g\u00a0<\/strong>(a szerezhet\u0151 pontok 30 %-a)<\/p>\n<h2>Az \u00f6szt\u00f6nd\u00edj foly\u00f3s\u00edt\u00e1s\u00e1nak felt\u00e9telei:<\/h2>\n<p>A t\u00e1mogatott k\u00f6telezetts\u00e9get v\u00e1llal arra, hogy<\/p>\n<ul>\n<li>kutat\u00e1si eredm\u00e9nyeir\u0151l besz\u00e1mol a 2026. \u00e9vi PhD Tudom\u00e1nyos Napok rendezv\u00e9nyen;<\/li>\n<li>a jogszab\u00e1lyban meghat\u00e1rozott hat\u00e1rid\u0151ig (a komplex vizsg\u00e1t k\u00f6vet\u0151 h\u00e1rom \u00e9ven bel\u00fcl) teljes\u00edti a fokozatszerz\u00e9si felt\u00e9teleket \u00e9s a doktori \u00e9rtekez\u00e9s\u00e9t beny\u00fajtja;<\/li>\n<li>tanulm\u00e1nyi szerz\u0151d\u00e9s megk\u00f6t\u00e9se a Semmelweis Egyetemmel, mely tartalmazza <strong>a v\u00e1llalt k\u00f6telezetts\u00e9gek nem teljes\u00fcl\u00e9se eset\u00e9n a t\u00e1mogat\u00e1s visszafizet\u00e9s\u00e9nek k\u00f6telezetts\u00e9g\u00e9t<\/strong>.<\/li>\n<\/ul>\n<h2>A p\u00e1ly\u00e1zathoz beny\u00fajtand\u00f3<\/h2>\n<ul>\n<li>r\u00f6vid szakmai \u00f6n\u00e9letrajz;<\/li>\n<li>MTMT-b\u0151l kinyomtatott,<span style=\"color: #ff0000\"><strong> a K\u00f6zponti K\u00f6nyvt\u00e1r \u00e1ltal hiteles\u00edtett publik\u00e1ci\u00f3s jegyz\u00e9k<\/strong><\/span> az impakt faktor*, cit\u00e1ci\u00f3k \u00e9s a foly\u00f3iratok rangsorol\u00e1s\u00e1nak (SCImago ranking alapj\u00e1n: D1, Q1, Q2, Q3, Q4) valamint a hallgat\u00f3 \u00e9s t\u00e9mavezet\u0151 affili\u00e1ci\u00f3j\u00e1nak felt\u00fcntet\u00e9s\u00e9vel;<\/li>\n<li>m\u00e1r elfogadott, de az MTMT-ben m\u00e9g nem szerepl\u0151 k\u00f6zlem\u00e9nyek eset\u00e9n az elfogad\u00e1st igazol\u00f3 lev\u00e9l \u00e9s a cikk c\u00edmoldal\u00e1nak m\u00e1solata;<\/li>\n<li>int\u00e9zetvezet\u0151i \u00e9s\/vagy t\u00e9mavezet\u0151i aj\u00e1nl\u00f3lev\u00e9l (opcion\u00e1lis);<\/li>\n<li>nemzetk\u00f6zi konferencia absztrakt absztraktk\u00f6nyvb\u0151l kim\u00e1solt &#8211; vagy online fel\u00fcletr\u0151l let\u00f6lt\u00f6tt &#8211; m\u00e1solata (<strong>csak komplex vizsga el\u0151tt \u00e1ll\u00f3 hallgat\u00f3knak sz\u00fcks\u00e9ges<\/strong>);<\/li>\n<li>OTDK d\u00edjaz\u00e1st igazol\u00f3 oklev\u00e9l m\u00e1solata (<strong>csak komplex vizsga el\u0151tt \u00e1ll\u00f3 hallgat\u00f3knak sz\u00fcks\u00e9ges<\/strong>).<\/li>\n<li><a href=\"https:\/\/semmelweis.hu\/phd\/files\/2026\/01\/Temavezetoi-nyilatkozata.docx\">T\u00e9mavezet\u0151i nyilatkozat<\/a> (k\u00f6telez\u0151)<\/li>\n<li><a href=\"https:\/\/semmelweis.hu\/phd\/files\/2026\/01\/Intezetvezeto-nyilatkozata.docx\">Int\u00e9zetvezet\u0151i nyilatkozat<\/a> (opcion\u00e1lis, amennyiben rendelkezik oktat\u00e1si tev\u00e9kenys\u00e9ggel, illetve ha kap int\u00e9zm\u00e9nyi kieg\u00e9sz\u00edt\u00e9st).<\/li>\n<\/ul>\n<p>* Impakt faktor: a megjelen\u00e9s \u00e9v\u00e9ben, vagy ha az m\u00e9g nem el\u00e9rhet\u0151, a legfrissebb impakt faktor lista alapj\u00e1n.<\/p>\n<div class=\"keretes w-100\">\n<p>A p\u00e1ly\u00e1zatok a <a href=\"https:\/\/palyazz.semmelweis.hu\">https:\/\/palyazz.semmelweis.hu<\/a> p\u00e1ly\u00e1zati fel\u00fcleten ny\u00fajtand\u00f3k be <strong>2026. febru\u00e1r 10-ig<\/strong>. A p\u00e1ly\u00e1zat befogad\u00e1s\u00e1r\u00f3l a p\u00e1ly\u00e1z\u00f3k e-mail-en visszajelz\u00e9st kapnak.<\/p>\n<p><strong>A p\u00e1ly\u00e1zatokr\u00f3l v\u00e1rhat\u00f3an 2026. m\u00e1rcius 10.-ig d\u00f6nt\u00e9s sz\u00fcletik, amelyr\u0151l a p\u00e1ly\u00e1z\u00f3k e-mailen kapnak \u00e9rtes\u00edt\u00e9st.<\/strong><\/p>\n<\/div>\n<p><span style=\"color: #ff0000\"><strong>Hat\u00e1rid\u0151 ut\u00e1n megk\u00fcld\u00f6tt p\u00e1ly\u00e1zatot nem \u00e1ll m\u00f3dunkban befogadni. Szeretn\u00e9nk felh\u00edvni a p\u00e1ly\u00e1z\u00f3k figyelm\u00e9t, hogy a p\u00e1ly\u00e1zati dokument\u00e1ci\u00f3ban val\u00f3tlan adatok k\u00f6zl\u00e9se kiz\u00e1r\u00e1st von maga ut\u00e1n az \u00f6sszes Doktori Iskola \u00e1ltal meghirdetett p\u00e1ly\u00e1zatra.<\/strong><\/span><\/p>\n<p>&nbsp;<\/p>\n","protected":false},"excerpt":{"rendered":"<p>Jelentkez\u00e9si hat\u00e1rid\u0151: 2026. febru\u00e1r 10.<\/p>\n","protected":false},"author":12,"featured_media":0,"parent":15269,"menu_order":0,"comment_status":"closed","ping_status":"closed","template":"template-fullwidth.php","meta":{"_acf_changed":false,"footnotes":""},"categories":[],"tags":[],"class_list":["post-63308","page","type-page","status-publish","hentry"],"acf":[],"_links":{"self":[{"href":"https:\/\/semmelweis.hu\/phd\/wp-json\/wp\/v2\/pages\/63308","targetHints":{"allow":["GET"]}}],"collection":[{"href":"https:\/\/semmelweis.hu\/phd\/wp-json\/wp\/v2\/pages"}],"about":[{"href":"https:\/\/semmelweis.hu\/phd\/wp-json\/wp\/v2\/types\/page"}],"author":[{"embeddable":true,"href":"https:\/\/semmelweis.hu\/phd\/wp-json\/wp\/v2\/users\/12"}],"replies":[{"embeddable":true,"href":"https:\/\/semmelweis.hu\/phd\/wp-json\/wp\/v2\/comments?post=63308"}],"version-history":[{"count":11,"href":"https:\/\/semmelweis.hu\/phd\/wp-json\/wp\/v2\/pages\/63308\/revisions"}],"predecessor-version":[{"id":66343,"href":"https:\/\/semmelweis.hu\/phd\/wp-json\/wp\/v2\/pages\/63308\/revisions\/66343"}],"up":[{"embeddable":true,"href":"https:\/\/semmelweis.hu\/phd\/wp-json\/wp\/v2\/pages\/15269"}],"wp:attachment":[{"href":"https:\/\/semmelweis.hu\/phd\/wp-json\/wp\/v2\/media?parent=63308"}],"wp:term":[{"taxonomy":"category","embeddable":true,"href":"https:\/\/semmelweis.hu\/phd\/wp-json\/wp\/v2\/categories?post=63308"},{"taxonomy":"post_tag","embeddable":true,"href":"https:\/\/semmelweis.hu\/phd\/wp-json\/wp\/v2\/tags?post=63308"}],"curies":[{"name":"wp","href":"https:\/\/api.w.org\/{rel}","templated":true}]}}