{"id":63304,"date":"2024-10-17T15:30:40","date_gmt":"2024-10-17T13:30:40","guid":{"rendered":"https:\/\/semmelweis.hu\/phd\/?page_id=63304"},"modified":"2026-04-01T15:13:04","modified_gmt":"2026-04-01T13:13:04","slug":"utazasi-palyazat","status":"publish","type":"page","link":"https:\/\/semmelweis.hu\/phd\/hallgatoknak\/palyazatok-osztondijak\/utazasi-palyazat\/","title":{"rendered":"Utaz\u00e1si P\u00e1ly\u00e1zat"},"content":{"rendered":"<div class=\"keretes w-100\">\n<h4><strong>Utaz\u00e1si P\u00e1ly\u00e1zat: PhD-hallgat\u00f3k hazai vagy nemzetk\u00f6zi konferenci\u00e1n vagy tudom\u00e1nyos tov\u00e1bbk\u00e9pz\u00e9si kurzuson val\u00f3 r\u00e9szv\u00e9tel\u00e9nek t\u00e1mogat\u00e1sa<\/strong><\/h4>\n<p><strong>Az \u00f6szt\u00f6nd\u00edj c\u00e9lja:<\/strong><\/p>\n<p>A fiatal orvosi, fogorvosi, gy\u00f3gyszer\u00e9sz \u00e9s eg\u00e9szs\u00e9gtudom\u00e1nyi posztgradu\u00e1lis kutat\u00f3k bekapcsol\u00e1sa a hazai tudom\u00e1nyos \u00e9letbe. Megismerhetik sz\u0171kebb\/t\u00e1gabb szakter\u00fclet\u00fck vezet\u0151 kutat\u00f3it, els\u0151 k\u00e9zb\u0151l \u00e9rtes\u00fclhetnek a legfrissebb tudom\u00e1nyos eredm\u00e9nyekr\u0151l, \u00e9s szem\u00e9lyes besz\u00e9lget\u00e9sek sor\u00e1n olyan ismeretekre is szert tehetnek, amelyekre puszt\u00e1n a publik\u00e1ci\u00f3k k\u00f6vet\u00e9s\u00e9vel nem lehetne m\u00f3d (pl. metodikai \u00faj\u00edt\u00e1sok, publik\u00e1latlan eredm\u00e9nyek).<\/p>\n<h3>\u00a0\u00a0\u00a0\u00a0\u00a0\u00a0 A Semmelweis Egyetem hozz\u00e1j\u00e1rul a PhD k\u00e9pz\u00e9sben szerepl\u0151 fiatal kutat\u00f3k jelent\u0151s szakmai konferenci\u00e1kon \u00e9s tov\u00e1bbk\u00e9pz\u00e9si kurzusokon t\u00f6rt\u00e9n\u0151 r\u00e9szv\u00e9tel\u00e9hez, saj\u00e1t eredm\u00e9nyeik bemutat\u00e1s\u00e1hoz, \u00edgy t\u00e1mogatva a nyitott szeml\u00e9let\u0171, sz\u00e9les l\u00e1t\u00f3k\u00f6r\u0171 kutat\u00f3i k\u00e9pz\u00e9s folyamat\u00e1t.<\/h3>\n<\/div>\n<h3><strong>P\u00e1ly\u00e1zhatnak:<\/strong><\/h3>\n<ul>\n<li>A Semmelweis Egyetem Doktori Iskola akt\u00edv st\u00e1tusz\u00fa <strong>PhD \u00e9s MD-PhD hallgat\u00f3i, valamint predoktor hallgat\u00f3k<\/strong>.<\/li>\n<li>A p\u00e1ly\u00e1zat felt\u00e9tele, hogy k\u00fclf\u00f6ldi utaz\u00e1s eset\u00e9n, a p\u00e1ly\u00e1z\u00f3 p\u00e1rhuzamosan ny\u00fajtson be p\u00e1ly\u00e1zatot a <strong>Pann\u00f3nia \u00d6szt\u00f6nd\u00edjprogram<\/strong> p\u00e1ly\u00e1zati felh\u00edv\u00e1sra, \u00e9s v\u00e1llalja, hogy t\u00e1mogat\u00e1sa eset\u00e9n csak az egy\u00e9b t\u00e1mogat\u00e1sokb\u00f3l nem fedezett utaz\u00e1si k\u00f6lts\u00e9gekre veszi ig\u00e9nybe a Doktori Iskola \u00e1ltal ny\u00fajtott t\u00e1mogat\u00e1st.<\/li>\n<\/ul>\n<h3><strong>A t\u00e1mogat\u00e1s m\u00f3dja:<\/strong><\/h3>\n<ul>\n<li>r\u00e9szv\u00e9tellel kapcsolatos regisztr\u00e1ci\u00f3s d\u00edj (online konferencia eset\u00e9ben is), \u00fatik\u00f6lts\u00e9g \u00e9s sz\u00e1ll\u00e1sk\u00f6lts\u00e9g.<\/li>\n<li>az adott p\u00e1ly\u00e1zat meghirdet\u00e9si id\u0151szak\u00e1ban, egy PhD k\u00e9pz\u00e9sben r\u00e9szt vev\u0151 hallgat\u00f3 <strong>csak egy tudom\u00e1nyos konferencia<\/strong> r\u00e9szv\u00e9telre vagy tanulm\u00e1ny\u00fatra kaphat t\u00e1mogat\u00e1st<\/li>\n<li>a t\u00e1mogat\u00e1s terh\u00e9re csak az egyetemi utaz\u00e1sszervez\u00e9sen kereszt\u00fcl szervezett utak finansz\u00edroz\u00e1sa lehets\u00e9ges<\/li>\n<li>A t\u00e1mogat\u00e1s maxim\u00e1lis \u00f6sszege:\n<ul>\n<li>Eur\u00f3p\u00e1n bel\u00fcli utaz\u00e1s eset\u00e9n maximum 400 000 Ft<\/li>\n<li>Tengeren t\u00fali utaz\u00e1s eset\u00e9n maximum 600 000 Ft<\/li>\n<\/ul>\n<\/li>\n<li>A <strong>meg\u00edt\u00e9lt t\u00e1mogat\u00e1s<\/strong> Semmelweis Egyetemen kutat\u00f3 hallgat\u00f3 eset\u00e9ben <strong><span style=\"color: #ff0000\">a kutat\u00f3helyhez ker\u00fcl \u00e1tk\u00f6nyvel\u00e9sre<\/span><\/strong>. Amennyiben kutat\u00e1s\u00e1t nem a Semmelweis Egyetemen folytatja a t\u00e1mogat\u00e1s felhaszn\u00e1l\u00e1sa a Doktori Iskola Gazdas\u00e1gi Hivatal\u00e1n kereszt\u00fcl t\u00f6rt\u00e9nik.<\/li>\n<li>A meg\u00edt\u00e9lt utaz\u00e1si t\u00e1mogat\u00e1s felhaszn\u00e1l\u00e1sa a Semmelweis Egyetem hat\u00e1lyos Kik\u00fcldet\u00e9si \u00e9s utaz\u00e1si k\u00f6lts\u00e9gt\u00e9r\u00edt\u00e9si szab\u00e1lyzat\u00e1ban foglaltak alapj\u00e1n t\u00f6rt\u00e9nik. <span style=\"color: #ff0000\"><strong>Felh\u00edvom a p\u00e1ly\u00e1z\u00f3k figyelm\u00e9t, hogy saj\u00e1t n\u00e9vre k\u00e9rt sz\u00e1mla semmi esetben sem sz\u00e1molhat\u00f3 el az utaz\u00e1si p\u00e1ly\u00e1zat keret\u00e9ben. <\/strong><\/span><a href=\"https:\/\/semmelweis.hu\/jogigfoig\/files\/2024\/10\/Kikuldetesi_es_utazasi_kltsgter_szab_hataly_20241002.pdf\">https:\/\/semmelweis.hu\/jogigfoig\/files\/2024\/10\/Kikuldetesi_es_utazasi_kltsgter_szab_hataly_20241002.pdf<\/a><\/li>\n<li>Az utaz\u00e1shoz sz\u00fcks\u00e9ges dokumentumokat k\u00e9rj\u00fck min. 3 h\u00e9ttel az utaz\u00e1s megkezd\u00e9se el\u0151tt megk\u00fcldeni.<\/li>\n<\/ul>\n<h3><strong>A t\u00e1mogat\u00e1s felt\u00e9tele:<\/strong><\/h3>\n<ul>\n<li>konferencia r\u00e9szv\u00e9tel eset\u00e9n elfogadott els\u0151szerz\u0151s vagy megosztott els\u0151szerz\u0151s <strong>el\u0151ad\u00e1s vagy poszter<\/strong>, amely az utaz\u00e1s c\u00e9lj\u00e1ul v\u00e1lasztott konferenci\u00e1n bemutat\u00e1sra ker\u00fcl.<\/li>\n<li>A p\u00e1ly\u00e1zat elb\u00edr\u00e1l\u00e1s\u00e1n\u00e1l el\u0151nyt jelent:\n<ul>\n<li>\u00a0Elfogadott\/megjelent legal\u00e1bb Q2 besorol\u00e1s\u00fa k\u00f6zlem\u00e9ny<\/li>\n<li>OTDK-n elnyert d\u00edj (csak komplex vizsga el\u0151tti p\u00e1ly\u00e1z\u00f3kn\u00e1l)<\/li>\n<li>Kor\u00e1bban nem nyert t\u00e1mogat\u00e1st a Doktori Iskola utaz\u00e1si p\u00e1ly\u00e1zat\u00e1n<\/li>\n<\/ul>\n<\/li>\n<li>Szakmai besz\u00e1mol\u00f3 beny\u00fajt\u00e1sa az utaz\u00e1s megval\u00f3sul\u00e1s\u00e1t k\u00f6vet\u0151en<\/li>\n<li>Az utaz\u00e1s megval\u00f3sul\u00e1s\u00e1t k\u00f6vet\u0151en 1 h\u00f3napon bel\u00fcl, minimum 1 oldalas szakmai besz\u00e1mol\u00f3 beny\u00fajt\u00e1sa k\u00f6telez\u0151. Amennyiben ennek a k\u00f6telezetts\u00e9g\u00e9nek nem tesz eleget, abban az esetben a <strong>Doktori Hivatal \u00e1ltal meghirdetett p\u00e1ly\u00e1zatokra nem lesz jogosult a besz\u00e1mol\u00e1si id\u0151szakot k\u00f6vet\u0151 legal\u00e1bb 1 \u00e9v id\u0151tartamig.<\/strong><\/li>\n<\/ul>\n<h3><strong>A t\u00e1mogat\u00e1sra p\u00e1ly\u00e1z\u00f3 \u00e1ltal beny\u00fajtand\u00f3:<\/strong><\/h3>\n<ul>\n<li>igazol\u00e1s* az elfogadott els\u0151szerz\u0151s el\u0151ad\u00e1sr\u00f3l\/poszterr\u0151l<\/li>\n<li>az el\u0151ad\u00e1s vagy a poszter \u00f6sszefoglal\u00f3ja*<\/li>\n<li>a tudom\u00e1nyos rendezv\u00e9ny hivatalos hirdetm\u00e9nye a r\u00e9szv\u00e9teli d\u00edjr\u00f3l, sz\u00e1llodak\u00f6lts\u00e9gekr\u0151l<\/li>\n<li>MTMT-b\u0151l kinyomtatott \u00e9s a Semmelweis Egyetem K\u00f6nyvt\u00e1ra \u00e1ltal igazolt publik\u00e1ci\u00f3s jegyz\u00e9k a k\u00f6zlem\u00e9nyek impakt faktor\u00e1nak \u00e9s D\/Q besorol\u00e1s\u00e1nak felt\u00fcntet\u00e9s\u00e9vel<\/li>\n<li>k\u00fclf\u00f6ldi utaz\u00e1s eset\u00e9n igazol\u00e1s a beny\u00fajt\u00e1sa a Pann\u00f3nia \u00d6szt\u00f6nd\u00edjprogram P\u00e1ly\u00e1zatr\u00f3l a megp\u00e1ly\u00e1zott t\u00e1mogat\u00e1si \u00f6sszeg felt\u00fcntet\u00e9s\u00e9vel<\/li>\n<\/ul>\n<p>*Ut\u00f3lag is beny\u00fajthat\u00f3, de a t\u00e1mogat\u00e1s foly\u00f3s\u00edt\u00e1s\u00e1nak el\u0151felt\u00e9tele.<\/p>\n<p><strong>Elnyert p\u00e1ly\u00e1zat eset\u00e9ben az utaz\u00e1snak 2026. december 31-ig le kell z\u00e1rulnia!<\/strong><\/p>\n<p><strong>A p\u00e1ly\u00e1zatot a Semmelweis Egyetem <a href=\"https:\/\/palyazz.semmelweis.hu\/\">https:\/\/palyazz.semmelweis.hu\/<\/a> <span style=\"color: #ff0000\">p\u00e1ly\u00e1zati fel\u00fcleten lehet beny\u00fajtani 2026. m\u00e1rcius 31. \u00e9s \u00e1prilis 30. k\u00f6z\u00f6tt.<\/span><\/strong><\/p>\n<p><strong>Egy napt\u00e1ri \u00e9vben egy alkalommal nyerhet\u0151 el az utaz\u00e1si t\u00e1mogat\u00e1s.<\/strong><\/p>\n<p><strong>Szakmai besz\u00e1mol\u00f3: <a href=\"https:\/\/semmelweis.hu\/phd\/files\/2026\/04\/szakmai-beszamolo_DI_260331.docx\">LET\u00d6LT\u00c9S<\/a><\/strong><\/p>\n<p><strong>A p\u00e1ly\u00e1zatok bead\u00e1s\u00e1nak hat\u00e1rideje: 2026. \u00e1prilis 30.<\/strong><\/p>\n<p><strong>A p\u00e1ly\u00e1zat elb\u00edr\u00e1l\u00e1sa: v\u00e1rhat\u00f3an 2026. m\u00e1jus 11.<\/strong><\/p>\n","protected":false},"excerpt":{"rendered":"<p>Jelentkez\u00e9si hat\u00e1rid\u0151: 2026. \u00e1prilis 30.<\/p>\n","protected":false},"author":12,"featured_media":0,"parent":15269,"menu_order":0,"comment_status":"closed","ping_status":"closed","template":"template-fullwidth.php","meta":{"_acf_changed":false,"footnotes":""},"categories":[],"tags":[],"class_list":["post-63304","page","type-page","status-publish","hentry"],"acf":[],"_links":{"self":[{"href":"https:\/\/semmelweis.hu\/phd\/wp-json\/wp\/v2\/pages\/63304","targetHints":{"allow":["GET"]}}],"collection":[{"href":"https:\/\/semmelweis.hu\/phd\/wp-json\/wp\/v2\/pages"}],"about":[{"href":"https:\/\/semmelweis.hu\/phd\/wp-json\/wp\/v2\/types\/page"}],"author":[{"embeddable":true,"href":"https:\/\/semmelweis.hu\/phd\/wp-json\/wp\/v2\/users\/12"}],"replies":[{"embeddable":true,"href":"https:\/\/semmelweis.hu\/phd\/wp-json\/wp\/v2\/comments?post=63304"}],"version-history":[{"count":10,"href":"https:\/\/semmelweis.hu\/phd\/wp-json\/wp\/v2\/pages\/63304\/revisions"}],"predecessor-version":[{"id":66394,"href":"https:\/\/semmelweis.hu\/phd\/wp-json\/wp\/v2\/pages\/63304\/revisions\/66394"}],"up":[{"embeddable":true,"href":"https:\/\/semmelweis.hu\/phd\/wp-json\/wp\/v2\/pages\/15269"}],"wp:attachment":[{"href":"https:\/\/semmelweis.hu\/phd\/wp-json\/wp\/v2\/media?parent=63304"}],"wp:term":[{"taxonomy":"category","embeddable":true,"href":"https:\/\/semmelweis.hu\/phd\/wp-json\/wp\/v2\/categories?post=63304"},{"taxonomy":"post_tag","embeddable":true,"href":"https:\/\/semmelweis.hu\/phd\/wp-json\/wp\/v2\/tags?post=63304"}],"curies":[{"name":"wp","href":"https:\/\/api.w.org\/{rel}","templated":true}]}}