{"id":63302,"date":"2024-10-17T15:22:53","date_gmt":"2024-10-17T13:22:53","guid":{"rendered":"https:\/\/semmelweis.hu\/phd\/?page_id=63302"},"modified":"2026-01-27T13:03:04","modified_gmt":"2026-01-27T12:03:04","slug":"predoktori-osztondij","status":"publish","type":"page","link":"https:\/\/semmelweis.hu\/phd\/hallgatoknak\/palyazatok-osztondijak\/predoktori-osztondij\/","title":{"rendered":"Predoktori \u00f6szt\u00f6nd\u00edj"},"content":{"rendered":"<div class=\"keretes w-100\">\n<h4><strong>\u00e1ltal\u00e1nos inform\u00c1CI\u00d3K A Predoktori \u00f6szt\u00f6nd\u00edjR\u00d3L<\/strong><\/h4>\n<\/div>\n<h4><strong>Az \u00f6szt\u00f6nd\u00edj c\u00e9lja: <\/strong><\/h4>\n<p>A doktori k\u00e9pz\u00e9s\u00fcket az el\u0151z\u0151 tan\u00e9vben befejez\u0151, m\u00e1r publik\u00e1ci\u00f3val rendelkez\u0151 hallgat\u00f3k PhD fokozatszerz\u00e9s\u00e9nek el\u0151seg\u00edt\u00e9se.<\/p>\n<h4><strong>P\u00e1ly\u00e1z\u00f3k k\u00f6re: <\/strong><\/h4>\n<ul>\n<li>Az el\u0151z\u0151 tan\u00e9vben abszolut\u00f3riumot szerz\u0151 hallgat\u00f3k<\/li>\n<li>Akik m\u00e1r rendelkeznek a fokozatszerz\u00e9shez felhaszn\u00e1lhat\u00f3 publik\u00e1ci\u00f3val<\/li>\n<li>A p\u00e1ly\u00e1zat bead\u00e1s\u00e1ig doktori \u00e9rtekez\u00e9s\u00fcket m\u00e9g nem v\u00e9dt\u00e9k meg<\/li>\n<li>Nem rendelkeznek m\u00e1s forr\u00e1sb\u00f3l predoktori vagy doktorjel\u00f6lti t\u00e1mogat\u00e1ssal (Figyelem az EK\u00d6P p\u00e1ly\u00e1zattal \u00f6sszef\u00e9rhetetlen)<\/li>\n<li>T\u00e1mogat\u00e1s-visszafizet\u00e9si k\u00f6telezetts\u00e9ggel v\u00e1llalj\u00e1k, hogy \u00e9rtekez\u00e9s\u00fcket 12 h\u00f3napon bel\u00fcl beny\u00fajtj\u00e1k.<strong style=\"font-size: 1rem\">\u00a0<\/strong><\/li>\n<\/ul>\n<h4><strong>Jelentkez\u00e9si hat\u00e1rid\u0151: <\/strong><\/h4>\n<p>Minden \u00e9v augusztus, illetve janu\u00e1r.<\/p>\n<h4 class=\"w-100 keretes\" style=\"text-align: left\"><strong>PREDOKTORI \u00d6SZT\u00d6ND\u00cdJ P\u00c1LY\u00c1ZAT <\/strong><strong>2025\/2026 II. TAN\u00c9VRE<\/p>\n<p><\/strong><\/h4>\n<p><strong>C\u00e9l:<\/strong><\/p>\n<p><strong>A doktori k\u00e9pz\u00e9s\u00fcket <\/strong>A <strong>2023\/2024, a 2024\/2025<\/strong> tan\u00e9vben, valamint a 2025\/2026\/1 f\u00e9l\u00e9vben<strong> befejez\u0151, m\u00e1r publik\u00e1ci\u00f3val rendelkez\u0151 hallgat\u00f3k PhD fokozatszerz\u00e9s\u00e9nek el\u0151seg\u00edt\u00e9se. <\/strong>A jelenlegi p\u00e1ly\u00e1zati t\u00e1mogat\u00e1s a 2025\/2026. tan\u00e9v II. f\u00e9l\u00e9v\u00e9re vonatkozik (2026. febru\u00e1r 1. &#8211; 2026. augusztus 31.).<\/p>\n<p><strong>\u00a0<\/strong><\/p>\n<p><strong>P\u00e1ly\u00e1zhatnak:<\/strong><\/p>\n<ul>\n<li>A <strong>2023\/2024, a 2024\/2025<\/strong> tan\u00e9vben, valamint a 2025\/2026\/1 f\u00e9l\u00e9vben abszolut\u00f3riumot szerz\u0151 nappali rendszer\u0171 k\u00e9pz\u00e9sre j\u00e1r\u00f3 PhD \u00e9s MD-PhD hallgat\u00f3k<\/li>\n<li><strong>Akik m\u00e1r rendelkeznek a fokozatszerz\u00e9shez felhaszn\u00e1lhat\u00f3 publik\u00e1ci\u00f3val<\/strong><\/li>\n<\/ul>\n<ul>\n<li>2026. febru\u00e1r 15-ig doktori \u00e9rtekez\u00e9s\u00fcket m\u00e9g nem v\u00e9dik meg<\/li>\n<li><strong>Nem rendelkeznek m\u00e1s forr\u00e1sb\u00f3l predoktori vagy doktorjel\u00f6lti t\u00e1mogat\u00e1ssal (EK\u00d6P p\u00e1ly\u00e1zattal \u00f6sszef\u00e9rhetetlen)<\/strong><\/li>\n<li>T\u00e1mogat\u00e1s-visszafizet\u00e9si k\u00f6telezetts\u00e9ggel <strong>v\u00e1llalj\u00e1k, hogy \u00e9rtekez\u00e9s\u00fcket <\/strong><\/li>\n<\/ul>\n<p><strong>&#8211; \u00faj p\u00e1ly\u00e1z\u00f3k eset\u00e9n: 12 h\u00f3napon bel\u00fcl beny\u00fajtj\u00e1k<\/strong><\/p>\n<p><strong>&#8211; 2025. szeptember 1-t\u0151l m\u00e1r Predoktori \u00f6szt\u00f6nd\u00edjban r\u00e9szes\u00fcl\u0151k: 2026.08.31-ig<\/strong><\/p>\n<p><strong>\u00a0<\/strong><\/p>\n<p><strong>Nem p\u00e1ly\u00e1zhat<\/strong><\/p>\n<ul>\n<li>Azok a doktori k\u00e9pz\u00e9s\u00fcket befejez\u0151 hallgat\u00f3k, akik a 2024\/2025 tan\u00e9vben r\u00e9szes\u00fcltek egyetemi predoktori \u00f6szt\u00f6nd\u00edj t\u00e1mogat\u00e1sban<\/li>\n<li>egy\u00e9ni fokozatszerz\u0151 PhD hallgat\u00f3<\/li>\n<\/ul>\n<p>&nbsp;<\/p>\n<p><strong>A t\u00e1mogat\u00e1s m\u00f3dja:<\/strong><\/p>\n<ul>\n<li><strong>7 h\u00f3napig havi 180.000 Ft Predoktori \u00d6szt\u00f6nd\u00edj kifizet\u00e9se, mely az eredm\u00e9nyess\u00e9g \u00e9s a Doktori Iskola rendelkez\u00e9s\u00e9re \u00e1ll\u00f3 forr\u00e1sok f\u00fcggv\u00e9ny\u00e9ben \u00faj p\u00e1ly\u00e1z\u00f3k r\u00e9sz\u00e9re tov\u00e1bbi 5 h\u00f3nappal meghosszabb\u00edthat\u00f3.<\/strong><\/li>\n<\/ul>\n<p>&nbsp;<\/p>\n<p><strong>A Predoktori \u00f6szt\u00f6nd\u00edjasokkal szemben t\u00e1masztott elv\u00e1r\u00e1sok a t\u00e1mogat\u00e1s elnyer\u00e9s\u00e9t k\u00f6vet\u0151 12 h\u00f3napon bel\u00fcl:<\/strong><\/p>\n<ul>\n<li>A PhD fokozatszerz\u00e9s felt\u00e9teleinek teljes\u00edt\u00e9se (ld. Doktori Szab\u00e1lyzat)<\/li>\n<li>A doktori \u00e9rtekez\u00e9s h\u00e1zi v\u00e9d\u00e9s\u00e9nek lebonyol\u00edt\u00e1sa<\/li>\n<li>A doktori \u00e9rtekez\u00e9s beny\u00fajt\u00e1sa a Doktori Hivatalhoz<\/li>\n<li>A t\u00e1mogat\u00e1si felt\u00e9telek nem teljes\u00edt\u00e9se eset\u00e9n a t\u00e1mogat\u00e1s visszafizet\u00e9s\u00e9t r\u00f6gz\u00edt\u0151 <strong>tanulm\u00e1nyi szerz\u0151d\u00e9s<\/strong>\u00a0<strong>megk\u00f6t\u00e9se<\/strong> a Semmelweis Egyetemmel\u00a0<\/li>\n<\/ul>\n<p><strong>\u00a0<\/strong><\/p>\n<p><strong>A p\u00e1ly\u00e1zat beny\u00fajt\u00e1s\u00e1nak m\u00f3dja:<\/strong><\/p>\n<p>A p\u00e1ly\u00e1zatok a <a href=\"https:\/\/palyazz.semmelweis.hu\">https:\/\/palyazz.semmelweis.hu<\/a> p\u00e1ly\u00e1zati fel\u00fcleten ny\u00fajtand\u00f3k be <strong>2025. december 18. \u00e9s 2026. janu\u00e1r 15. k\u00f6z\u00f6tt. <\/strong>A p\u00e1ly\u00e1zat befogad\u00e1s\u00e1r\u00f3l a p\u00e1ly\u00e1z\u00f3k e-mail-en visszajelz\u00e9st kapnak.<\/p>\n<p><strong>A p\u00e1ly\u00e1zatokr\u00f3l v\u00e1rhat\u00f3an 2026. janu\u00e1r 30.-ig d\u00f6nt\u00e9s sz\u00fcletik, amelyr\u0151l a p\u00e1ly\u00e1z\u00f3k e-mailen kapnak \u00e9rtes\u00edt\u00e9st legk\u00e9s\u0151bb 2026. febru\u00e1r 5-ig.<\/strong><\/p>\n<p><strong>Hat\u00e1rid\u0151 ut\u00e1n megk\u00fcld\u00f6tt p\u00e1ly\u00e1zatot nem \u00e1ll m\u00f3dunkban befogadni. Szeretn\u00e9nk felh\u00edvni a p\u00e1ly\u00e1z\u00f3k figyelm\u00e9t, hogy a p\u00e1ly\u00e1zati dokument\u00e1ci\u00f3ban val\u00f3tlan adatok k\u00f6zl\u00e9se kiz\u00e1r\u00e1st von maga ut\u00e1n az \u00f6sszes Doktori Iskola \u00e1ltal meghirdetett p\u00e1ly\u00e1zatra.<\/strong><\/p>\n<p>&nbsp;<\/p>\n<p><strong>A p\u00e1ly\u00e1zatok bead\u00e1s\u00e1nak hat\u00e1rideje: <\/strong><strong>2025. december 18. &#8211; 2026. janu\u00e1r 15.<\/strong><\/p>\n<p><strong>P\u00e1ly\u00e1zatok elb\u00edr\u00e1l\u00e1s\u00e1nak hat\u00e1rideje: <\/strong><strong>2026. janu\u00e1r 30.<\/strong><\/p>\n<p><strong>\u00a0<\/strong><\/p>\n<p><strong>A p\u00e1ly\u00e1z\u00f3nak az al\u00e1bbi dokumentumokat kell beny\u00fajtania:<\/strong><\/p>\n<ul>\n<li>K\u00f6zponti K\u00f6nyvt\u00e1r \u00e1ltal kit\u00f6lt\u00f6tt \u00e9s hiteles\u00edtett MTMT adatlap<\/li>\n<li>K\u00f6zl\u00e9sre elfogadott cikkek adatai \u00e9s az elfogad\u00e1sukat igazol\u00f3 dokumentum m\u00e1solata,<\/li>\n<li>Publik\u00e1ci\u00f3k c\u00edmoldalainak m\u00e1solata,<\/li>\n<\/ul>\n<ul>\n<li>A t\u00e1mogat\u00e1si id\u0151szakra vonatkoz\u00f3 r\u00f6vid munkaterv az eddigi eredm\u00e9nyek bemutat\u00e1s\u00e1val (max. 2 oldal)<\/li>\n<li><a href=\"https:\/\/semmelweis.hu\/phd\/files\/2025\/12\/Temavezetoi-nyilatkozat.docx\">T\u00e9mavezet\u0151 nyilatkozata a p\u00e1ly\u00e1zat t\u00e1mogat\u00e1s\u00e1r\u00f3l \u00e9s a p\u00e1ly\u00e1zati felt\u00e9telek teljes\u00edthet\u0151s\u00e9g\u00e9r\u0151l<\/a><\/li>\n<li><a href=\"https:\/\/semmelweis.hu\/phd\/files\/2025\/12\/nyilatkozat-munkaviszony_egeszsegugyi-szolgalati-jogviszony.docx\">Nyilatkozat a hallgat\u00f3 munkaviszony\u00e1r\u00f3l<\/a><\/li>\n<\/ul>\n<p>&nbsp;<\/p>\n<p><strong>A predoktori \u00f6szt\u00f6nd\u00edjban 2025. szeptember 1. \u00f3ta m\u00e1r r\u00e9szes\u00fcl\u0151 hallgat\u00f3nak <\/strong><strong>az al\u00e1bbi dokumentumokat kell beny\u00fajtania<\/strong><\/p>\n<ul>\n<li>A p\u00e1ly\u00e1z\u00f3 \u00e9s a t\u00e9mavezet\u0151 \u00e1ltal al\u00e1\u00edrt el\u0151rehalad\u00e1si besz\u00e1mol\u00f3 az el\u0151z\u0151 f\u00e9l\u00e9vben megval\u00f3s\u00edtott szakmai munk\u00e1r\u00f3l \u00e9s megjelent\/elfogadott publik\u00e1ci\u00f3(k)r\u00f3l (min. 1 oldal).<\/li>\n<\/ul>\n","protected":false},"excerpt":{"rendered":"<p>Jelentkez\u00e9si hat\u00e1rid\u0151<\/p>\n","protected":false},"author":12,"featured_media":0,"parent":15269,"menu_order":0,"comment_status":"closed","ping_status":"closed","template":"template-fullwidth.php","meta":{"_acf_changed":false,"footnotes":""},"categories":[],"tags":[],"class_list":["post-63302","page","type-page","status-publish","hentry"],"acf":[],"_links":{"self":[{"href":"https:\/\/semmelweis.hu\/phd\/wp-json\/wp\/v2\/pages\/63302","targetHints":{"allow":["GET"]}}],"collection":[{"href":"https:\/\/semmelweis.hu\/phd\/wp-json\/wp\/v2\/pages"}],"about":[{"href":"https:\/\/semmelweis.hu\/phd\/wp-json\/wp\/v2\/types\/page"}],"author":[{"embeddable":true,"href":"https:\/\/semmelweis.hu\/phd\/wp-json\/wp\/v2\/users\/12"}],"replies":[{"embeddable":true,"href":"https:\/\/semmelweis.hu\/phd\/wp-json\/wp\/v2\/comments?post=63302"}],"version-history":[{"count":11,"href":"https:\/\/semmelweis.hu\/phd\/wp-json\/wp\/v2\/pages\/63302\/revisions"}],"predecessor-version":[{"id":66103,"href":"https:\/\/semmelweis.hu\/phd\/wp-json\/wp\/v2\/pages\/63302\/revisions\/66103"}],"up":[{"embeddable":true,"href":"https:\/\/semmelweis.hu\/phd\/wp-json\/wp\/v2\/pages\/15269"}],"wp:attachment":[{"href":"https:\/\/semmelweis.hu\/phd\/wp-json\/wp\/v2\/media?parent=63302"}],"wp:term":[{"taxonomy":"category","embeddable":true,"href":"https:\/\/semmelweis.hu\/phd\/wp-json\/wp\/v2\/categories?post=63302"},{"taxonomy":"post_tag","embeddable":true,"href":"https:\/\/semmelweis.hu\/phd\/wp-json\/wp\/v2\/tags?post=63302"}],"curies":[{"name":"wp","href":"https:\/\/api.w.org\/{rel}","templated":true}]}}