{"id":63300,"date":"2025-04-17T09:00:51","date_gmt":"2025-04-17T07:00:51","guid":{"rendered":"https:\/\/semmelweis.hu\/phd\/?page_id=63300"},"modified":"2026-04-09T08:42:06","modified_gmt":"2026-04-09T06:42:06","slug":"ekop","status":"publish","type":"page","link":"https:\/\/semmelweis.hu\/phd\/hallgatoknak\/palyazatok-osztondijak\/ekop\/","title":{"rendered":"EK\u00d6P 2025"},"content":{"rendered":"<div class=\"keretes w-100\">\n<h4><strong>Egyetemi Kutat\u00f3i \u00d6szt\u00f6nd\u00edj Program<\/strong><\/h4>\n<p>Magyarorsz\u00e1g Korm\u00e1nya \u00f6szt\u00f6nd\u00edjat alap\u00edtott Egyetemi Kutat\u00f3i \u00d6szt\u00f6nd\u00edj Program n\u00e9ven (a tov\u00e1bbiakban: <strong>EK\u00d6P<\/strong>), valamint ennek r\u00e9szek\u00e9nt Kooperat\u00edv Doktori Program (<a href=\"https:\/\/semmelweis.hu\/phd\/hallgatoknak\/doktori-iskola-palyazati-naptar\/ekop-kdp-palyazat\/\">EK\u00d6P-KDP<\/a>) n\u00e9ven, amely a fels\u0151oktat\u00e1si int\u00e9zm\u00e9nyek \u00e1ltal ki\u00edrt \u00f6szt\u00f6nd\u00edjp\u00e1ly\u00e1zatokat foglalja mag\u00e1ban.<\/p>\n<p><strong>Az \u00f6szt\u00f6nd\u00edj c\u00e9lja: <\/strong>Az integr\u00e1lt kiv\u00e1l\u00f3s\u00e1gi \u00f6szt\u00f6nd\u00edj program c\u00e9lja a kutat\u00f3i kiv\u00e1l\u00f3s\u00e1g elismer\u00e9se, valamint a kiemelked\u0151 k\u00e9pess\u00e9g\u0171 fiatalok kutat\u00f3i \u00e9letp\u00e1ly\u00e1n val\u00f3 elindul\u00e1s\u00e1nak t\u00e1mogat\u00e1sa. A program meghirdet\u00e9sre ker\u00fcl\u0151 p\u00e1ly\u00e1zatai a fels\u0151oktat\u00e1sban r\u00e9szt vev\u0151 hallgat\u00f3i, kutat\u00f3i kiv\u00e1l\u00f3s\u00e1got t\u00e1mogatj\u00e1k olyan \u2013 alapk\u00e9pz\u00e9sben, mesterk\u00e9pz\u00e9sben vagy doktori k\u00e9pz\u00e9sben r\u00e9szt vev\u0151 \u2013 hallgat\u00f3k, doktori hallgat\u00f3k, doktorv\u00e1rom\u00e1nyosok, valamint fiatal oktat\u00f3k, kutat\u00f3k t\u00e1mogat\u00e1s\u00e1val, akik a fels\u0151oktat\u00e1si int\u00e9zm\u00e9nyekben eredm\u00e9nyes kutat\u00e1si \u00e9s alkot\u00f3i tev\u00e9kenys\u00e9get folytatnak.<\/p>\n<\/div>\n<h4><strong><br \/>\nMegjelent az Egyetemi Kutat\u00f3i \u00d6szt\u00f6nd\u00edj Program (EK\u00d6P-25) p\u00e1ly\u00e1zati ki\u00edr\u00e1sa a 2025\/2026. \u00e9vi tan\u00e9vre<\/strong><\/h4>\n<p>Az EK\u00d6P c\u00e9lja a fels\u0151oktat\u00e1si int\u00e9zm\u00e9nyek oktat\u00f3i \u00e9s kutat\u00f3i ut\u00e1np\u00f3tl\u00e1s\u00e1nak, valamint az innovat\u00edv magyar v\u00e1llalkoz\u00e1sok kutat\u00f3-fejleszt\u0151i ut\u00e1np\u00f3tl\u00e1s\u00e1nak biztos\u00edt\u00e1sa, \u00e9s a legtehets\u00e9gesebb hallgat\u00f3k a fels\u0151oktat\u00e1si tehets\u00e9ggondoz\u00e1sba val\u00f3 bevon\u00e1sa.<\/p>\n<p>A program 2025. \u00e9vben meghirdet\u00e9sre ker\u00fcl\u0151 \u00f6szt\u00f6nd\u00edjp\u00e1ly\u00e1zatai a fels\u0151oktat\u00e1sban r\u00e9szt vev\u0151 hallgat\u00f3i, kutat\u00f3i kiv\u00e1l\u00f3s\u00e1got t\u00e1mogatj\u00e1k olyan \u2013 alapk\u00e9pz\u00e9sben, mesterk\u00e9pz\u00e9sben vagy doktori k\u00e9pz\u00e9sben r\u00e9szt vev\u0151 \u2013 hallgat\u00f3k, valamint fiatal oktat\u00f3k, kutat\u00f3k t\u00e1mogat\u00e1s\u00e1val, akik a fels\u0151oktat\u00e1si int\u00e9zm\u00e9nyben eredm\u00e9nyes kutat\u00e1si \u00e9s alkot\u00f3i tev\u00e9kenys\u00e9get folytatnak.<\/p>\n<p><strong>A 2025\/2026-os tan\u00e9vre az al\u00e1bbi kateg\u00f3ri\u00e1kban biztos\u00edtunk lehet\u0151s\u00e9get p\u00e1ly\u00e1zat beny\u00fajt\u00e1s\u00e1ra:<\/strong><\/p>\n<div class=\"w-100 keretes\"><strong>Alapk\u00e9pz\u00e9s kateg\u00f3ria<br \/>\nP\u00e1ly\u00e1zat beny\u00fajt\u00e1sa: 2025. \u00e1prilis 17. \u2013 2025. m\u00e1jus 31. k\u00f6z\u00f6tt<br \/>\n<\/strong><\/div>\n<ul>\n<li>b\u00e1rmilyen munkarend\u0171 alapk\u00e9pz\u00e9sen r\u00e9szt vev\u0151 hallgat\u00f3k sz\u00e1m\u00e1ra<\/li>\n<li>legal\u00e1bb egy lez\u00e1rt f\u00e9l\u00e9vvel rendelkezik<\/li>\n<li>az el\u0151z\u0151 lez\u00e1rt f\u00e9l\u00e9v s\u00falyozott tanulm\u00e1nyi \u00e1tlaga minimum 4,00<\/li>\n<li>P\u00e1ly\u00e1z\u00f3nk\u00e9nt elnyerhet\u0151 \u00f6szt\u00f6nd\u00edjt\u00e1mogat\u00e1s: 125.000 Ft\/h\u00f3\/f\u0151<\/li>\n<\/ul>\n<p>\u00d6szt\u00f6nd\u00edjt\u00e1mogat\u00e1s futamideje:<\/p>\n<p><strong><em>5 h\u00f3nap<\/em><\/strong> (2025. szeptember 1.- 2026. janu\u00e1r 31.vagy 2026. febru\u00e1r 1.- 2026. j\u00fanius 30.) vagy <strong><em>10 h\u00f3nap<\/em><\/strong> (2025. szeptember 1- 2026. j\u00fanius 30.).<\/p>\n<div class=\"w-100 keretes\"><strong>Mesterk\u00e9pz\u00e9s \u00e9s osztatlan k\u00e9pz\u00e9s kateg\u00f3ria<br \/>\nP\u00e1ly\u00e1zat beny\u00fajt\u00e1sa: 2025. \u00e1prilis 17. \u2013 2025. m\u00e1jus 31. k\u00f6z\u00f6tt<br \/>\n<\/strong><\/div>\n<ul>\n<li>b\u00e1rmilyen munkarend\u0171 mester\/osztatlan k\u00e9pz\u00e9sen r\u00e9szt vev\u0151 hallgat\u00f3k sz\u00e1m\u00e1ra<\/li>\n<li>legal\u00e1bb egy lez\u00e1rt f\u00e9l\u00e9vvel rendelkezik<\/li>\n<li>az el\u0151z\u0151 lez\u00e1rt f\u00e9l\u00e9v s\u00falyozott tanulm\u00e1nyi \u00e1tlaga minimum 4,00<\/li>\n<li>P\u00e1ly\u00e1z\u00f3nk\u00e9nt elnyerhet\u0151 \u00f6szt\u00f6nd\u00edjt\u00e1mogat\u00e1s: 125.000 Ft\/h\u00f3\/f\u0151<\/li>\n<li>Az \u00f6szt\u00f6nd\u00edj megkezd\u00e9se el\u0151tt legal\u00e1bb 1 f\u00e9l\u00e9v \u00f3ta igazoltan TDK munk\u00e1t v\u00e9gez (csak osztatlan k\u00e9pz\u00e9s eset\u00e9n)<\/li>\n<\/ul>\n<p>\u00d6szt\u00f6nd\u00edjt\u00e1mogat\u00e1s futamideje:<\/p>\n<p><strong><em>5 h\u00f3nap<\/em><\/strong> (2025. szeptember 1.- 2026. janu\u00e1r 31. VAGY 2026. febru\u00e1r 1.- 2026. j\u00fanius 30.) vagy <strong><em>10 h\u00f3nap<\/em><\/strong> (2025. szeptember 1- 2026. j\u00fanius 30.).<\/p>\n<div class=\"w-100 keretes\"><strong>Doktori k\u00e9pz\u00e9s kateg\u00f3ria<br \/>\nP\u00e1ly\u00e1zat beny\u00fajt\u00e1sa: 2025. \u00e1prilis 17. \u2013 2025. j\u00fanius 20. k\u00f6z\u00f6tt<br \/>\n<\/strong><\/div>\n<ol>\n<li>kateg\u00f3ri\u00e1ban (komplex vizsga el\u0151tt)<\/li>\n<\/ol>\n<ul>\n<li>b\u00e1rmely munkarendben akt\u00edv doktori tanulm\u00e1nyokat folytat<\/li>\n<li>komplex vizsg\u00e1jukat az \u00f6szt\u00f6nd\u00edjas jogviszony kezdetekor m\u00e9g nem fogj\u00e1k teljes\u00edteni, vagy<\/li>\n<li>a Semmelweis Egyetem Doktori Iskola \u00e1ltal 2025\/2026. tan\u00e9vre b\u00e1rmely munkarendben meghirdetett doktori k\u00e9pz\u00e9sre felv\u00e9teli jelentkez\u00e9si k\u00e9relmet ny\u00fajtottak be vagy sz\u00e1nd\u00e9koznak beny\u00fajtani<\/li>\n<li>P\u00e1ly\u00e1z\u00f3nk\u00e9nt elnyerhet\u0151 \u00f6szt\u00f6nd\u00edjt\u00e1mogat\u00e1s: 140.000 Ft\/h\u00f3\/f\u0151<\/li>\n<\/ul>\n<p>\u00a0 \u00a0 2. kateg\u00f3ri\u00e1ban (komplex vizsga ut\u00e1n)<\/p>\n<ul>\n<li>b\u00e1rmely munkarendben akt\u00edv doktori tanulm\u00e1nyokat folytat<\/li>\n<li>komplex vizsg\u00e1jukat az \u00f6szt\u00f6nd\u00edjas jogviszony kezdet\u00e9ig teljes\u00edtik<\/li>\n<li>A kiemelked\u0151 tudom\u00e1nyos\/szakmai teljes\u00edtm\u00e9ny felt\u00e9telek\u00e9nt a p\u00e1ly\u00e1z\u00f3t\u00f3l elv\u00e1rt, hogy kor\u00e1bbi PhD \u00f6szt\u00f6nd\u00edjas tudom\u00e1nyos tev\u00e9kenys\u00e9g\u00e9nek eredm\u00e9nyeit m\u00e1r legal\u00e1bb egy OTDK konferenci\u00e1n ismertette, vagy legal\u00e1bb egy tudom\u00e1nyos k\u00f6zlem\u00e9nnyel \u00e9s\/vagy innov\u00e1ci\u00f3s eredm\u00e9nnyel (szabadalom, mintaoltalom) rendelkezzen.<\/li>\n<li>P\u00e1ly\u00e1z\u00f3nk\u00e9nt elnyerhet\u0151 \u00f6szt\u00f6nd\u00edjt\u00e1mogat\u00e1s: 180.000 Ft\/h\u00f3\/f\u0151<\/li>\n<\/ul>\n<p>\u00d6szt\u00f6nd\u00edjt\u00e1mogat\u00e1s futamideje mindk\u00e9t kateg\u00f3ri\u00e1ban:<\/p>\n<p>5<strong><em> h\u00f3nap<\/em><\/strong> (2025. szeptember 1.- 2026. janu\u00e1r 31. <strong><em>7 h\u00f3nap<\/em><\/strong> 2026. febru\u00e1r 1.- 2026. augusztus 31.) vagy <strong><em>12 h\u00f3nap<\/em><\/strong> (2025. szeptember 1- 2026. augusztus 31.).<\/p>\n<div class=\"w-100 keretes\"><strong>Doktorv\u00e1rom\u00e1nyos kateg\u00f3ri\u00e1ban<br \/>\nP\u00e1ly\u00e1zat beny\u00fajt\u00e1sa: 2025. \u00e1prilis 17. \u2013 2025. j\u00fanius 20. k\u00f6z\u00f6tt<br \/>\n<\/strong><\/div>\n<ul>\n<li>Doktori tanulm\u00e1nyaikat a Semmelweis Egyetemen v\u00e9gzik, vagy v\u00e9gezt\u00e9k \u00e9s a t\u00e1mogat\u00e1si id\u0151szak alatt a Semmelweis Egyetemmel munkaviszonyuk, vagy egy\u00e9b munkav\u00e9gz\u00e9sre ir\u00e1nyul\u00f3 jogviszonyuk lesz, szerz\u0151d\u00e9sk\u00f6t\u00e9skor igazolni sz\u00fcks\u00e9ges.<\/li>\n<li>Az abszolut\u00f3riumot megszerezt\u00e9k vagy az \u00f6szt\u00f6nd\u00edjas jogviszony kezdet\u00e9ig v\u00e1rhat\u00f3an megszerzik;<\/li>\n<li>\u00e9s PhD fokozatukat az \u00f6szt\u00f6nd\u00edjas jogviszony l\u00e9tes\u00edt\u00e9sekor m\u00e9g nem szerzik meg;<\/li>\n<li>A kiemelked\u0151 tudom\u00e1nyos\/szakmai teljes\u00edtm\u00e9ny felt\u00e9telek\u00e9nt a p\u00e1ly\u00e1z\u00f3t\u00f3l elv\u00e1rt, hogy kor\u00e1bbi tudom\u00e1nyos tev\u00e9kenys\u00e9g\u00e9nek eredm\u00e9nyeit m\u00e1r legal\u00e1bb egy nemzetk\u00f6zi tudom\u00e1nyos konferenci\u00e1n,<\/li>\n<li>\u00e9s az \u00e9venk\u00e9nti egyetemi PhD Tudom\u00e1nyos Napokon ismertette.<\/li>\n<li>Publik\u00e1ci\u00f3s felt\u00e9telk\u00e9nt a p\u00e1ly\u00e1z\u00f3t\u00f3l elv\u00e1rt, hogy legal\u00e1bb egy tudom\u00e1nyos k\u00f6zlem\u00e9nnyel \u00e9s\/vagy innov\u00e1ci\u00f3s eredm\u00e9nnyel (szabadalom, mintaoltalom) rendelkezzen.<\/li>\n<li>Kor\u00e1bban nem r\u00e9szes\u00fclt \u00daNKP vagy EK\u00d6P doktorv\u00e1rom\u00e1nyosi \u00f6szt\u00f6nd\u00edjban.<\/li>\n<li>P\u00e1ly\u00e1z\u00f3nk\u00e9nt elnyerhet\u0151 \u00f6szt\u00f6nd\u00edjt\u00e1mogat\u00e1s: 200.000 Ft\/h\u00f3\/f\u0151<\/li>\n<\/ul>\n<div class=\"w-100 keretes\"><strong>Fiatal oktat\u00f3, kutat\u00f3 (posztdoktor) kateg\u00f3ri\u00e1ban<br \/>\nP\u00e1ly\u00e1zat beny\u00fajt\u00e1sa: 2025. \u00e1prilis 17. \u2013 2025. j\u00fanius 20. k\u00f6z\u00f6tt<br \/>\n<\/strong><\/div>\n<ul>\n<li>A Semmelweis Egyetem szervezeti egys\u00e9geinek valamelyik\u00e9n oktat\u00e1si \u00e9s \/vagy kutat\u00e1si tev\u00e9kenys\u00e9get folytat<\/li>\n<li>fokozat\u00e1t m\u00e9g nem szerezte meg, de az \u00f6szt\u00f6nd\u00edjas jogviszony kezdet\u00e9ig v\u00e1rhat\u00f3an megszerzik vagy fokozat\u00e1t 5 \u00e9ven bel\u00fcl szerezte, \u00e9s<\/li>\n<li>Kiemelked\u0151, nemzetk\u00f6zi viszonylatban is jelent\u0151s kutat\u00e1si tev\u00e9kenys\u00e9get v\u00e9gez, amelynek eredm\u00e9nyeit legal\u00e1bb k\u00e9t nemzetk\u00f6zi tudom\u00e1nyos konferenci\u00e1n ismertette, valamint<\/li>\n<li>A doktori fokozatszerz\u00e9shez felhaszn\u00e1lt els\u0151 szerz\u0151s publik\u00e1ci\u00f3k k\u00f6z\u00fcl legal\u00e1bb egy D1-es besorol\u00e1s\u00fa legyen, vagy a fokozatszerz\u00e9s ut\u00e1n rendelkezzen D1-es besorol\u00e1s\u00fa els\u0151szerz\u0151s k\u00f6zlem\u00e9nnyel, vagy rendelkezzen feltal\u00e1l\u00f3k\u00e9nt jegyzett szabadalommal.<\/li>\n<li>A p\u00e1ly\u00e1z\u00f3t\u00f3l elv\u00e1rt, hogy a Semmelweis Egyetemen foly\u00f3 tehets\u00e9ggondoz\u00e1sban r\u00e9szt vesz (pl. TDK t\u00e9mavezet\u00e9s, PhD t\u00e9mavezet\u00e9s, v\u00e1laszthat\u00f3 kurzus el\u0151ad\u00e1s tart\u00e1sa, stb).<\/li>\n<li>P\u00e1ly\u00e1z\u00f3nk\u00e9nt elnyerhet\u0151 \u00f6szt\u00f6nd\u00edjt\u00e1mogat\u00e1s: 250.000 Ft\/h\u00f3\/f\u0151<\/li>\n<\/ul>\n<p>\u00d6szt\u00f6nd\u00edjt\u00e1mogat\u00e1s futamideje mindk\u00e9t kateg\u00f3ri\u00e1ban:<\/p>\n<p>5<strong><em> h\u00f3nap<\/em><\/strong> (2025. szeptember 1.- 2026. janu\u00e1r 31.), <strong><em>7 h\u00f3nap<\/em><\/strong> 2026. febru\u00e1r 1.- 2026. augusztus 31.) vagy <strong><em>12 h\u00f3nap<\/em><\/strong> 2025. szeptember 1- 2026. augusztus 31.).<\/p>\n<p>&nbsp;<\/p>\n<p><strong>Beny\u00fajt\u00e1s m\u00f3dja:<br \/>\n<\/strong>Kiz\u00e1r\u00f3lag elektronikus a\u00a0<strong><a class=\"btn btn-secondary\" href=\"https:\/\/palyazz.semmelweis.hu\/login\" target=\"_blank\" rel=\"noopener\">palyazz.semmelweis.hu<\/a><\/strong>\u00a0fel\u00fclet\u00e9n.<\/p>\n<p><strong>B\u0151vebb inform\u00e1ci\u00f3:<\/strong><\/p>\n<ul>\n<li><a href=\"https:\/\/semmelweis.hu\/phd\/files\/2025\/04\/EKOP_palyazati_felhivas_maj31.pdf\">Egyetemi Kutat\u00f3i \u00d6szt\u00f6nd\u00edj Program felh\u00edv\u00e1s<\/a><\/li>\n<\/ul>\n<p><strong>A p\u00e1ly\u00e1zathoz kapcsol\u00f3d\u00f3 mell\u00e9kletek:<\/strong><\/p>\n<ul>\n<li><a href=\"https:\/\/semmelweis.hu\/phd\/files\/2025\/04\/01_EKOP_Melleklet_SE_Tamogatott-kepzesek-es-szervezeti-egysegek.pdf\">EK\u00d6P 2025 T\u00e1mogatott k\u00e9pz\u00e9sek \u00e9s szervezeti egys\u00e9gek<\/a><\/li>\n<li><a href=\"https:\/\/semmelweis.hu\/phd\/files\/2025\/04\/02_EKOP_Melleklet_SE_tudomanyagi-besorolas-kepzesi-terulet.pdf\">EK\u00d6P 2025 Tudom\u00e1ny\u00e1gi besorol\u00e1s k\u00e9pz\u00e9si ter\u00fclet<\/a><\/li>\n<li><a href=\"https:\/\/semmelweis.hu\/phd\/files\/2025\/04\/03_EKOP_Melleklet_SE_Kutatasi_Terv_Alap_Mesterkepzes_Osztatlan-kepzes.docx\">EK\u00d6P 2025 Kutat\u00e1si terv alap mesterk\u00e9pz\u00e9s &#8211; osztatlan k\u00e9pz\u00e9s<\/a><\/li>\n<li><a href=\"https:\/\/semmelweis.hu\/phd\/files\/2025\/04\/03_EKOP_Melleklet_SE_Kutatasi_terv_Doktori_kepzeshez.docx\">EK\u00d6P 2025 Kutat\u00e1si terv doktori k\u00e9pz\u00e9shez<\/a><\/li>\n<li><a href=\"https:\/\/semmelweis.hu\/phd\/files\/2025\/04\/04_EKOP_Melleklet_SE_Palyazo_tovabbi_osztondijak_.docx\">EK\u00d6P 2025 P\u00e1ly\u00e1z\u00f3 tov\u00e1bbi \u00f6szt\u00f6nd\u00edjak<\/a><\/li>\n<li><a href=\"https:\/\/semmelweis.hu\/phd\/files\/2025\/04\/06_EKOP_Melleklet_SE_Kizaro_okok.docx\">EK\u00d6P 2025 Kiz\u00e1r\u00f3 okok<\/a><\/li>\n<\/ul>\n<div class=\"w-100 keretes\">EK\u00d6P \u00dcgyint\u00e9z\u0151k el\u00e9rhet\u0151s\u00e9gei<\/div>\n<p><strong>Doktori Iskola:<\/strong> Csorba-J\u00f3n\u00e1s Csilla, <a href=\"mailto:ekop-koordinator@semmelweis.hu\">ekop-koordinator@semmelweis.hu<\/a><\/p>\n<p><strong>\u00c1OK:<\/strong>\u00a0T\u00f3thn\u00e9 Varga Melitta, <a href=\"mailto:tothne-varga.melitta@semmelweis.hu\">tothne-varga.melitta@semmelweis.hu<\/a><\/p>\n<p><strong>GYTK:<\/strong>\u00a0Vajvod\u00e1n\u00e9 P\u00e9nzes Eszter, <a href=\"mailto:penzes.eszter@semmelweis.hu\">penzes.eszter@semmelweis.hu<\/a><\/p>\n<p><strong>FOK:<\/strong>\u00a0Tepl\u00e1n-G\u00e1l Orsolya, <a href=\"mailto:teplan-gal.orsolya@semmelweis.hu\">teplan-gal.orsolya@semmelweis.hu<\/a><\/p>\n<p><strong>ETK:<\/strong>\u00a0\u00c9li\u00e1s Anna J\u00falia, <a href=\"mailto:elias.anna.julia@semmelweis.hu\">elias.anna.julia@semmelweis.hu<\/a><\/p>\n<p><strong>EKK:<\/strong>\u00a0Szand\u00e1nyi Beatrix, <a href=\"mailto:szandanyi.beatrix@emk.semmelweis.hu\">szandanyi.beatrix@emk.semmelweis.hu<\/a><\/p>\n<p><strong>PAK:<\/strong> <span data-olk-copy-source=\"MessageBody\">Bittmann Anett M\u00e1ria, <a href=\"mailto:bittmann.anett.maria@semmelweis.hu\">bittmann.anett.maria@semmelweis.hu<\/a><\/span><a href=\"mailto:kovacs.hajnalka2@semmelweis.hu\"><img loading=\"lazy\" decoding=\"async\" class=\"alignright wp-image-65444 size-medium\" src=\"https:\/\/semmelweis.hu\/phd\/files\/2025\/09\/NKFIA_infoblokk_kerettel_program_allo_2019_HU-400x220.png\" alt=\"\" width=\"400\" height=\"220\" srcset=\"https:\/\/semmelweis.hu\/phd\/files\/2025\/09\/NKFIA_infoblokk_kerettel_program_allo_2019_HU-400x220.png 400w, https:\/\/semmelweis.hu\/phd\/files\/2025\/09\/NKFIA_infoblokk_kerettel_program_allo_2019_HU-1024x564.png 1024w, https:\/\/semmelweis.hu\/phd\/files\/2025\/09\/NKFIA_infoblokk_kerettel_program_allo_2019_HU-768x423.png 768w, https:\/\/semmelweis.hu\/phd\/files\/2025\/09\/NKFIA_infoblokk_kerettel_program_allo_2019_HU-1536x846.png 1536w, https:\/\/semmelweis.hu\/phd\/files\/2025\/09\/NKFIA_infoblokk_kerettel_program_allo_2019_HU-2048x1128.png 2048w, https:\/\/semmelweis.hu\/phd\/files\/2025\/09\/NKFIA_infoblokk_kerettel_program_allo_2019_HU-753x415.png 753w\" sizes=\"auto, (max-width: 400px) 100vw, 400px\" \/><\/a><\/p>\n","protected":false},"excerpt":{"rendered":"<p>Jelentkez\u00e9si hat\u00e1rid\u0151<\/p>\n","protected":false},"author":12,"featured_media":0,"parent":15269,"menu_order":0,"comment_status":"closed","ping_status":"closed","template":"template-fullwidth.php","meta":{"_acf_changed":false,"footnotes":""},"categories":[],"tags":[],"class_list":["post-63300","page","type-page","status-publish","hentry"],"acf":[],"_links":{"self":[{"href":"https:\/\/semmelweis.hu\/phd\/wp-json\/wp\/v2\/pages\/63300","targetHints":{"allow":["GET"]}}],"collection":[{"href":"https:\/\/semmelweis.hu\/phd\/wp-json\/wp\/v2\/pages"}],"about":[{"href":"https:\/\/semmelweis.hu\/phd\/wp-json\/wp\/v2\/types\/page"}],"author":[{"embeddable":true,"href":"https:\/\/semmelweis.hu\/phd\/wp-json\/wp\/v2\/users\/12"}],"replies":[{"embeddable":true,"href":"https:\/\/semmelweis.hu\/phd\/wp-json\/wp\/v2\/comments?post=63300"}],"version-history":[{"count":10,"href":"https:\/\/semmelweis.hu\/phd\/wp-json\/wp\/v2\/pages\/63300\/revisions"}],"predecessor-version":[{"id":66446,"href":"https:\/\/semmelweis.hu\/phd\/wp-json\/wp\/v2\/pages\/63300\/revisions\/66446"}],"up":[{"embeddable":true,"href":"https:\/\/semmelweis.hu\/phd\/wp-json\/wp\/v2\/pages\/15269"}],"wp:attachment":[{"href":"https:\/\/semmelweis.hu\/phd\/wp-json\/wp\/v2\/media?parent=63300"}],"wp:term":[{"taxonomy":"category","embeddable":true,"href":"https:\/\/semmelweis.hu\/phd\/wp-json\/wp\/v2\/categories?post=63300"},{"taxonomy":"post_tag","embeddable":true,"href":"https:\/\/semmelweis.hu\/phd\/wp-json\/wp\/v2\/tags?post=63300"}],"curies":[{"name":"wp","href":"https:\/\/api.w.org\/{rel}","templated":true}]}}