{"id":63297,"date":"2024-10-17T15:02:37","date_gmt":"2024-10-17T13:02:37","guid":{"rendered":"https:\/\/semmelweis.hu\/phd\/?page_id=63297"},"modified":"2026-01-27T13:05:30","modified_gmt":"2026-01-27T12:05:30","slug":"ekop-kdp-palyazat","status":"publish","type":"page","link":"https:\/\/semmelweis.hu\/phd\/hallgatoknak\/palyazatok-osztondijak\/ekop-kdp-palyazat\/","title":{"rendered":"EK\u00d6P-KDP p\u00e1ly\u00e1zat 2025"},"content":{"rendered":"<h4><strong>Megjelent az Egyetemi Kutat\u00f3i \u00d6szt\u00f6nd\u00edj Program-Kooperat\u00edv Doktori Program 2025 \u00e9vi p\u00e1ly\u00e1zati ki\u00edr\u00e1sa (EK\u00d6P-KDP-2025) <\/strong><\/h4>\n<p><strong>Az \u00f6szt\u00f6nd\u00edj c\u00e9lja:<\/strong>hogy a kutat\u00e1s-fejleszt\u00e9s \u00e9s az innov\u00e1ci\u00f3 ter\u00fclet\u00e9n tov\u00e1bb b\u0151v\u00edtse azon munkav\u00e1llal\u00f3k l\u00e9tsz\u00e1m\u00e1t \u2013 els\u0151dlegesen az MTMI (matematikai, term\u00e9szettudom\u00e1nyi, m\u0171szaki \u00e9s informatikai) ter\u00fcleteken \u2013, akik szakmai ismereteiket a legfrissebb tudom\u00e1nyos kutat\u00e1si eredm\u00e9nyekkel k\u00edv\u00e1nj\u00e1k gyarap\u00edtani, \u00e9s elk\u00f6telezettek tud\u00e1suk t\u00e1rsadalmi \u00e9s gazdas\u00e1gi hasznos\u00edt\u00e1s\u00e1ban.<\/p>\n<h4><strong>P\u00e1ly\u00e1z\u00f3k k\u00f6re<\/strong><\/h4>\n<p>P\u00e1ly\u00e1zatot azon doktori hallgat\u00f3i jogviszonyban \u00e1ll\u00f3 hallgat\u00f3 ny\u00fajthat be, aki a doktori tanulm\u00e1nyait a 2024. vagy a 2025. \u00e9vben kezdte meg \u00e9s m\u00e9g nem komplex vizsg\u00e1zott vagy a komplex vizsg\u00e1t a 2024\/2025. tan\u00e9v tavaszi szemeszter\u00e9ben teljes\u00edtette, illetve felv\u00e9teli k\u00e9relmet ny\u00fajtott be 2025\/2026. tan\u00e9vben indul\u00f3 doktori k\u00e9pz\u00e9sre. Mindemellett l\u00e9nyeges, hogy az EK\u00d6P-KDP \u00f6szt\u00f6nd\u00edjas jogviszony id\u0151szaka alatt a hallgat\u00f3nak a munk\u00e1ltat\u00f3j\u00e1n\u00e1l rendelkeznie kell munkaviszonnyal vagy munkav\u00e9gz\u00e9sre ir\u00e1nyul\u00f3 egy\u00e9b jogviszonnyal, amelynek keret\u00e9ben az \u00f6szt\u00f6nd\u00edjas id\u0151szak alatt teljes munkaid\u0151ben (napi nyolc \u00f3ra), vagy r\u00e9szmunkaid\u0151 eset\u00e9ben legal\u00e1bb a teljes munkaid\u0151 50%-\u00e1nak megfelel\u0151 m\u00e9rt\u00e9kben van foglalkoztatva, \u00e9s legal\u00e1bb a garant\u00e1lt b\u00e9rminimumnak megfelel\u0151 \u2013 r\u00e9szmunkaid\u0151 eset\u00e9n ar\u00e1nyosan sz\u00e1m\u00edtand\u00f3 \u2013 d\u00edjaz\u00e1sban r\u00e9szes\u00fcl.<\/p>\n<h4><strong>A p\u00e1ly\u00e1zat elb\u00edr\u00e1l\u00e1sa<\/strong><\/h4>\n<p>A formailag \u00e9rv\u00e9nyes, befogadott p\u00e1ly\u00e1zatokat a Semmelweis Egyetem (T\u00e1mogat\u00f3) \u00e1ltal j\u00f3v\u00e1hagyott b\u00edr\u00e1l\u00f3k \u00e9rt\u00e9kelik \u00edr\u00e1sban. Az \u00edr\u00e1sbeli \u00e9rt\u00e9kel\u00e9snek al\u00e1 kell t\u00e1masztania a pontsz\u00e1mokat. A p\u00e1ly\u00e1zatokat k\u00e9t anonim b\u00edr\u00e1l\u00f3 \u00e9rt\u00e9keli. Az \u00edr\u00e1sbeli b\u00edr\u00e1latok alapj\u00e1n a Semmelweis Egyetem Doktori Iskola Doktori P\u00e1ly\u00e1zati Bizotts\u00e1g\u00e1nak \u00fcl\u00e9s\u00e9n sz\u00fcletik meg a d\u00f6nt\u00e9si javaslat az EK\u00d6P-KDP \u00f6szt\u00f6nd\u00edjasokr\u00f3l. A d\u00f6nt\u00e9si javaslat alapj\u00e1n a t\u00e1mogat\u00f3i d\u00f6nt\u00e9st a Semmelweis Egyetem rektora hozza meg legk\u00e9s\u0151bb 2025. szeptember 10-ig.<\/p>\n<p>Az eredm\u00e9nyhirdet\u00e9st k\u00f6vet\u0151en az NKFIH az EK\u00d6P-KDP-ben r\u00e9szt vev\u0151 hallgat\u00f3kat fogad\u00f3 fels\u0151oktat\u00e1si int\u00e9zm\u00e9nyekkel k\u00f6t t\u00e1mogat\u00e1si szerz\u0151d\u00e9st.<\/p>\n<h4><strong>A t\u00e1mogat\u00e1s \u00f6sszege \u00e9s Id\u0151tartama<\/strong><\/h4>\n<p>A p\u00e1ly\u00e1zat keret\u00e9ben az EK\u00d6P-KDP \u00f6szt\u00f6nd\u00edjas hallgat\u00f3 <strong>havi nett\u00f3 400 000 Ft<\/strong>-os t\u00e1mogat\u00e1sban r\u00e9szes\u00fcl. Az \u00f6szt\u00f6nd\u00edjast seg\u00edt\u0151, a p\u00e1ly\u00e1zat megval\u00f3s\u00edt\u00e1s\u00e1ban k\u00f6zrem\u0171k\u00f6d\u0151 t\u00e9mavezet\u0151 \u00e9s szak\u00e9rt\u0151 szint\u00e9n d\u00edjaz\u00e1sban r\u00e9szes\u00fcl. Ennek \u00e9rt\u00e9ke brutt\u00f3 <strong>120 000 Ft\/h\u00f3<\/strong>.<\/p>\n<p>Az EK\u00d6P-KDP \u00f6szt\u00f6nd\u00edjas jogviszony id\u0151tartama: minimum 24 h\u00f3nap, maximum 48 h\u00f3nap<\/p>\n<p>Az EK\u00d6P-KDP \u00f6szt\u00f6nd\u00edjas jogviszony kezdete: 2025. szeptember 1. vagy 2026. febru\u00e1r 1.<\/p>\n<h4><strong>B\u0151vebb inform\u00e1ci\u00f3:<\/strong><\/h4>\n<ul>\n<li><a href=\"https:\/\/semmelweis.hu\/phd\/files\/2025\/09\/SE-EKOP-KDP-2025-07-23-potkiiras.pdf\">SE EK\u00d6P-KDP-2025 felh\u00edv\u00e1s p\u00f3tki\u00edr\u00e1s<\/a><\/li>\n<\/ul>\n<h4><strong>Mell\u00e9kletek:<\/strong><\/h4>\n<ul>\n<li><a href=\"https:\/\/semmelweis.hu\/phd\/files\/2025\/04\/EKOP-KDP-2025_1.sz_.melleklet_palyazoi_nyilatkozat.pdf\">EK\u00d6P-KDP-2025 1.sz. mell\u00e9klet p\u00e1ly\u00e1z\u00f3i nyilatkozat<\/a><\/li>\n<li><a href=\"https:\/\/semmelweis.hu\/phd\/files\/2025\/04\/EKOP-KDP-2025_2.sz_.melleklet_kutatasi_terv.docx\">EK\u00d6P-KDP-2025 2.sz. mell\u00e9klet kutat\u00e1si terv<\/a><\/li>\n<li><a href=\"https:\/\/semmelweis.hu\/phd\/files\/2025\/04\/EKOP-KDP-2025_3.sz_.melleklet_doktori_tagozat_nyilatkozat.pdf\">EK\u00d6P-KDP-2025 3.sz. mell\u00e9klet doktori tagozat nyilatkozat<\/a><\/li>\n<li><a href=\"https:\/\/semmelweis.hu\/phd\/files\/2025\/04\/EKOP-KDP-2025_4.sz_.melleklet_temavezetoi_nyilatkozat.pdf\">EK\u00d6P-KDP-2025 4.sz. mell\u00e9klet t\u00e9mavezet\u0151i nyilatkozat<\/a><\/li>\n<li><a href=\"https:\/\/semmelweis.hu\/phd\/files\/2025\/04\/EKOP-KDP-_5.sz_.melleklet_munkaltatoi_nyilatkozat-2025.pdf\">EK\u00d6P-KDP-2025 5.sz. mell\u00e9klet munkaltat\u00f3i nyilatkozat<\/a><\/li>\n<li><a href=\"https:\/\/semmelweis.hu\/phd\/files\/2025\/04\/EKOP-KDP-2025_6.sz_.melleklet_szakertoi_nyilatkozat.pdf\">EK\u00d6P-KDP-2025 6.sz. mell\u00e9klet szak\u00e9rt\u0151i nyilatkozat<\/a><\/li>\n<li><a href=\"https:\/\/semmelweis.hu\/phd\/files\/2025\/04\/EKOP-KDP-2025_7.sz_.melleklet_tudomanyagi_kepzesi_besorolas.pdf\">EK\u00d6P-KDP-2025 7.sz. mell\u00e9klet tudom\u00e1ny\u00e1gi k\u00e9pz\u00e9si besorol\u00e1s<\/a><\/li>\n<li><a href=\"https:\/\/semmelweis.hu\/phd\/files\/2025\/04\/2024-2.1.1-EKOP-KDP_elszamolhato_koltsegek.pdf\">EK\u00d6P-KDP-2025 9.sz. mell\u00e9klet elsz\u00e1molhat\u00f3 k\u00f6lts\u00e9gek<\/a><\/li>\n<li><a href=\"https:\/\/semmelweis.hu\/phd\/files\/2025\/04\/EKOP-KDP-2025_10.sz_.melleklet_hallgatoi_adatvaltozas_bejelento.docx\">EK\u00d6P-KDP-2025 10.sz. mell\u00e9klet hallgat\u00f3i adatv\u00e1ltoz\u00e1s bejelent\u0151<\/a><\/li>\n<li><a href=\"https:\/\/semmelweis.hu\/phd\/files\/2025\/09\/SE-EKOP-KDP-2025-04-17.pdf\">EK\u00d6P-KDP-2025 kor\u00e1bbi felh\u00edv\u00e1s<\/a><\/li>\n<\/ul>\n<h4><strong>Beny\u00fajt\u00e1s m\u00f3dja:<\/strong><\/h4>\n<p>Kiz\u00e1r\u00f3lag elektronikus a\u00a0<strong><a class=\"btn btn-secondary\" href=\"https:\/\/palyazz.semmelweis.hu\/login\" target=\"_blank\" rel=\"noopener\">palyazz.semmelweis.hu<\/a><\/strong>\u00a0fel\u00fclet\u00e9n.<\/p>\n<h4><strong>Jelentkez\u00e9si hat\u00e1rid\u0151: <\/strong><\/h4>\n<p>P\u00e1ly\u00e1zat elektronikus beny\u00fajt\u00e1sa: <span style=\"color: #ff0000\"><strong>2025. j\u00falius 24. &#8211; 2025. augusztus 24. 24:00<\/strong><\/span><\/p>\n<h4><strong>El\u00e9rhet\u0151s\u00e9g:<\/strong><\/h4>\n<p>EK\u00d6P-KDP \u00fcgyint\u00e9z\u0151 el\u00e9rhet\u0151s\u00e9ge:\u00a0<a href=\"mailto:ekop-kdp@semmelweis.hu\">ekop-kdp@semmelweis.hu<\/a><a href=\"mailto:ekop-kdp@semmelweis.hu\"><img loading=\"lazy\" decoding=\"async\" class=\"alignright wp-image-65444 size-medium\" src=\"https:\/\/semmelweis.hu\/phd\/files\/2025\/09\/NKFIA_infoblokk_kerettel_program_allo_2019_HU-400x220.png\" alt=\"\" width=\"400\" height=\"220\" srcset=\"https:\/\/semmelweis.hu\/phd\/files\/2025\/09\/NKFIA_infoblokk_kerettel_program_allo_2019_HU-400x220.png 400w, https:\/\/semmelweis.hu\/phd\/files\/2025\/09\/NKFIA_infoblokk_kerettel_program_allo_2019_HU-1024x564.png 1024w, https:\/\/semmelweis.hu\/phd\/files\/2025\/09\/NKFIA_infoblokk_kerettel_program_allo_2019_HU-768x423.png 768w, https:\/\/semmelweis.hu\/phd\/files\/2025\/09\/NKFIA_infoblokk_kerettel_program_allo_2019_HU-1536x846.png 1536w, https:\/\/semmelweis.hu\/phd\/files\/2025\/09\/NKFIA_infoblokk_kerettel_program_allo_2019_HU-2048x1128.png 2048w, https:\/\/semmelweis.hu\/phd\/files\/2025\/09\/NKFIA_infoblokk_kerettel_program_allo_2019_HU-753x415.png 753w\" sizes=\"auto, (max-width: 400px) 100vw, 400px\" \/><\/a><\/p>\n","protected":false},"excerpt":{"rendered":"<p>Jelentkez\u00e9si hat\u00e1rid\u0151<\/p>\n","protected":false},"author":12,"featured_media":0,"parent":15269,"menu_order":0,"comment_status":"closed","ping_status":"closed","template":"template-fullwidth.php","meta":{"_acf_changed":false,"footnotes":""},"categories":[],"tags":[],"class_list":["post-63297","page","type-page","status-publish","hentry"],"acf":[],"_links":{"self":[{"href":"https:\/\/semmelweis.hu\/phd\/wp-json\/wp\/v2\/pages\/63297","targetHints":{"allow":["GET"]}}],"collection":[{"href":"https:\/\/semmelweis.hu\/phd\/wp-json\/wp\/v2\/pages"}],"about":[{"href":"https:\/\/semmelweis.hu\/phd\/wp-json\/wp\/v2\/types\/page"}],"author":[{"embeddable":true,"href":"https:\/\/semmelweis.hu\/phd\/wp-json\/wp\/v2\/users\/12"}],"replies":[{"embeddable":true,"href":"https:\/\/semmelweis.hu\/phd\/wp-json\/wp\/v2\/comments?post=63297"}],"version-history":[{"count":11,"href":"https:\/\/semmelweis.hu\/phd\/wp-json\/wp\/v2\/pages\/63297\/revisions"}],"predecessor-version":[{"id":66108,"href":"https:\/\/semmelweis.hu\/phd\/wp-json\/wp\/v2\/pages\/63297\/revisions\/66108"}],"up":[{"embeddable":true,"href":"https:\/\/semmelweis.hu\/phd\/wp-json\/wp\/v2\/pages\/15269"}],"wp:attachment":[{"href":"https:\/\/semmelweis.hu\/phd\/wp-json\/wp\/v2\/media?parent=63297"}],"wp:term":[{"taxonomy":"category","embeddable":true,"href":"https:\/\/semmelweis.hu\/phd\/wp-json\/wp\/v2\/categories?post=63297"},{"taxonomy":"post_tag","embeddable":true,"href":"https:\/\/semmelweis.hu\/phd\/wp-json\/wp\/v2\/tags?post=63297"}],"curies":[{"name":"wp","href":"https:\/\/api.w.org\/{rel}","templated":true}]}}