{"id":62971,"date":"2024-10-01T11:31:38","date_gmt":"2024-10-01T09:31:38","guid":{"rendered":"https:\/\/semmelweis.hu\/phd\/?page_id=62971"},"modified":"2025-07-25T11:29:03","modified_gmt":"2025-07-25T09:29:03","slug":"hallgatoi-jogviszony-szakkepzesi-beszamithatosag","status":"publish","type":"page","link":"https:\/\/semmelweis.hu\/phd\/hallgatoknak\/hallgatoi-jogviszony-szakkepzesi-beszamithatosag\/","title":{"rendered":"Hallgat\u00f3i jogviszony &#8211; szakk\u00e9pz\u00e9si besz\u00e1m\u00edthat\u00f3s\u00e1g"},"content":{"rendered":"<h5>A PhD hallgat\u00f3k jog\u00e1ll\u00e1sa<\/h5>\n<p>A doktori k\u00e9pz\u00e9s \u00e9s fokozatszerz\u00e9s sor\u00e1n a r\u00e9sztvev\u0151k az Egyetemmel\u00a0<strong>hallgat\u00f3i jogviszonyba<\/strong>\u00a0ker\u00fclnek, \u00f6szt\u00f6nd\u00edjukat ad\u00f3 \u00e9s j\u00e1rul\u00e9k-mentesen kapj\u00e1k \u00e9s jogosultak az egyetemi hallgat\u00f3kat megillet\u0151 kedvezm\u00e9nyekre. A PhD hallgat\u00f3i jogviszony alapos indokkal a k\u00e9pz\u00e9si \u00e9s kutat\u00e1si szakaszban maximum 4, a kutat\u00e1si \u00e9s disszert\u00e1ci\u00f3s szakaszban maximum 2 szemeszter idej\u00e9re sz\u00fcneteltethet\u0151. A PhD hallgat\u00f3i jogviszony a jelenlegi t\u00f6rv\u00e9nyi szab\u00e1lyoz\u00e1s szerint belesz\u00e1m\u00edt az\u00a0<strong>eg\u00e9szs\u00e9g\u00fcgyi szolg\u00e1lati jogviszony<\/strong>, de nem sz\u00e1m\u00edt be a\u00a0<strong>\u201ehazai munkaviszony\u201d<\/strong>\u00a0idej\u00e9be, ez ut\u00f3bbival kapcsolatban az Egyetem jogszab\u00e1ly-m\u00f3dos\u00edt\u00e1st fog kezdem\u00e9nyezni a k\u00f6zelj\u00f6v\u0151ben.<\/p>\n<p>A hallgat\u00f3i jogviszony mellett az Egyetemmel vagy m\u00e1s munk\u00e1ltat\u00f3val ak\u00e1r teljes \u00e1ll\u00e1s\u00fa\u00a0<strong>rezidensi vagy m\u00e1s munkaviszony l\u00e9tes\u00edthet\u0151<\/strong>, ami azonban nem ny\u00fajthatja meg a PhD hallgat\u00f3i jogviszony maxim\u00e1lis idej\u00e9t. A szakk\u00e9pz\u00e9sben val\u00f3 r\u00e9szv\u00e9tel nem befoly\u00e1solja a PhD fokozatszerz\u00e9si k\u00f6vetelm\u00e9nyeket. Az Egyetem\u00fcnkkel egy\u00fcttm\u0171k\u00f6d\u0151 kutat\u00e1sfejleszt\u00e9si v\u00e1llalkoz\u00e1sokn\u00e1l t\u00f6rt\u00e9n\u0151 munkav\u00e1llal\u00e1s tov\u00e1bbi \u00f6szt\u00f6nd\u00edj lehet\u0151s\u00e9get is ny\u00fajthat (l. al\u00e1bb: \u201eKooperat\u00edv PhD \u00d6szt\u00f6nd\u00edj).<\/p>\n<h5>Szakk\u00e9pz\u00e9si id\u0151be val\u00f3 besz\u00e1m\u00edthat\u00f3s\u00e1g<\/h5>\n<p>Az \u00e1llamilag t\u00e1mogatott doktori k\u00e9pz\u00e9s keret\u00e9ben folytatott tanulm\u00e1nyokb\u00f3l \u2013 az Egyetem d\u00f6nt\u00e9s\u00e9t\u0151l f\u00fcgg\u0151en \u2013\u00a0<strong>legfeljebb egy \u00e9v<\/strong>\u00a0a szakgyakorlati id\u0151be besz\u00e1m\u00edthat\u00f3. Az Egyetem a PhD tanulm\u00e1nyokb\u00f3l\u00a0<strong>tov\u00e1bbi, legfeljebb 6 h\u00f3nap<\/strong>\u00a0k\u00e9pz\u00e9si id\u0151 besz\u00e1m\u00edt\u00e1s\u00e1t is enged\u00e9lyezheti, ha a jel\u00f6lt a szakk\u00e9pes\u00edt\u00e9snek megfelel\u0151, kiemelked\u0151 tudom\u00e1nyos tev\u00e9kenys\u00e9get igazol.<\/p>\n","protected":false},"excerpt":{"rendered":"<p>A PhD hallgat\u00f3k jog\u00e1ll\u00e1sa A doktori k\u00e9pz\u00e9s \u00e9s fokozatszerz\u00e9s sor\u00e1n a r\u00e9sztvev\u0151k az Egyetemmel\u00a0hallgat\u00f3i jogviszonyba\u00a0ker\u00fclnek, \u00f6szt\u00f6nd\u00edjukat ad\u00f3 \u00e9s j\u00e1rul\u00e9k-mentesen kapj\u00e1k \u00e9s jogosultak az egyetemi hallgat\u00f3kat megillet\u0151 kedvezm\u00e9nyekre. A PhD hallgat\u00f3i jogviszony alapos indokkal a k\u00e9pz\u00e9si \u00e9s kutat\u00e1si szakaszban maximum 4, a kutat\u00e1si \u00e9s disszert\u00e1ci\u00f3s szakaszban maximum 2 szemeszter idej\u00e9re sz\u00fcneteltethet\u0151. A PhD hallgat\u00f3i jogviszony a &hellip;<\/p>\n","protected":false},"author":12,"featured_media":0,"parent":367,"menu_order":1,"comment_status":"closed","ping_status":"closed","template":"template-fullwidth.php","meta":{"_acf_changed":false,"footnotes":""},"categories":[1],"tags":[],"class_list":["post-62971","page","type-page","status-publish","hentry","category-hirek"],"acf":[],"_links":{"self":[{"href":"https:\/\/semmelweis.hu\/phd\/wp-json\/wp\/v2\/pages\/62971","targetHints":{"allow":["GET"]}}],"collection":[{"href":"https:\/\/semmelweis.hu\/phd\/wp-json\/wp\/v2\/pages"}],"about":[{"href":"https:\/\/semmelweis.hu\/phd\/wp-json\/wp\/v2\/types\/page"}],"author":[{"embeddable":true,"href":"https:\/\/semmelweis.hu\/phd\/wp-json\/wp\/v2\/users\/12"}],"replies":[{"embeddable":true,"href":"https:\/\/semmelweis.hu\/phd\/wp-json\/wp\/v2\/comments?post=62971"}],"version-history":[{"count":1,"href":"https:\/\/semmelweis.hu\/phd\/wp-json\/wp\/v2\/pages\/62971\/revisions"}],"predecessor-version":[{"id":62972,"href":"https:\/\/semmelweis.hu\/phd\/wp-json\/wp\/v2\/pages\/62971\/revisions\/62972"}],"up":[{"embeddable":true,"href":"https:\/\/semmelweis.hu\/phd\/wp-json\/wp\/v2\/pages\/367"}],"wp:attachment":[{"href":"https:\/\/semmelweis.hu\/phd\/wp-json\/wp\/v2\/media?parent=62971"}],"wp:term":[{"taxonomy":"category","embeddable":true,"href":"https:\/\/semmelweis.hu\/phd\/wp-json\/wp\/v2\/categories?post=62971"},{"taxonomy":"post_tag","embeddable":true,"href":"https:\/\/semmelweis.hu\/phd\/wp-json\/wp\/v2\/tags?post=62971"}],"curies":[{"name":"wp","href":"https:\/\/api.w.org\/{rel}","templated":true}]}}