{"id":587,"date":"2013-01-04T14:23:57","date_gmt":"2013-01-04T13:23:57","guid":{"rendered":"http:\/\/www.phd.sote.hu\/?page_id=587"},"modified":"2025-11-27T11:32:29","modified_gmt":"2025-11-27T10:32:29","slug":"nemzetkozi-bizottsag","status":"publish","type":"page","link":"https:\/\/semmelweis.hu\/phd\/rolunk\/bizottsagok\/nemzetkozi-bizottsag\/","title":{"rendered":"Nemzetk\u00f6zi Bizotts\u00e1g"},"content":{"rendered":"<div>\n<div class=\"fontos_div\">\n<p><strong><span lang=\"en-US\">A Nemzetk\u00f6zi Bizotts\u00e1g feladata \u00e9s hat\u00e1sk\u00f6re<\/span><\/strong><\/p>\n<\/div>\n<p><span lang=\"en-US\">A Nemzetk\u00f6zi Bizotts\u00e1g a PhD k\u00e9pz\u00e9s ter\u00fclet\u00e9n figyelemmel k\u00eds\u00e9ri a k\u00e9pz\u00e9si rendszer nemzetk\u00f6zi kapcsolatokra vonatkoz\u00f3 orsz\u00e1gos \u00e9s int\u00e9zm\u00e9nyi k\u00f6vetelm\u00e9nyrendszer\u00e9t, az egyes iskol\u00e1k szakmai saj\u00e1toss\u00e1gainak figyelembev\u00e9tel\u00e9vel el\u0151seg\u00edti a nemzetk\u00f6zi kapcsolatok \u00e9p\u00edt\u00e9s\u00e9t, a nemzetk\u00f6zi szervezetekben val\u00f3 r\u00e9szv\u00e9tel\u00e9t, a DI nemzetk\u00f6zi elismerts\u00e9g\u00e9nek n\u00f6vel\u00e9s\u00e9t, a k\u00fclf\u00f6ldi PhD hallgat\u00f3k toborz\u00e1s\u00e1t, magyar hallgat\u00f3k k\u00fclf\u00f6ldre jut\u00e1s\u00e1t \u00e9s m\u00e1s PhD iskol\u00e1kkal val\u00f3 kapcsolatok ki\u00e9p\u00edt\u00e9s\u00e9t.<\/span><\/p>\n<hr \/>\n<div class=\"fontos_div\">\n<p><strong>A Nemzetk\u00f6zi Bizotts\u00e1g eln\u00f6ke:<\/strong><br \/>\nDr. Zsemberi \u00c1kos<\/p>\n<\/div>\n<hr \/>\n<div class=\"fontos_div\">\n<p><strong>Elm\u00e9leti \u00e9s Transzl\u00e1ci\u00f3s Orvostudom\u00e1nyi Tagozat<\/strong><\/p>\n<\/div>\n<p style=\"padding-left: 40px\"><strong>K\u00e9pvisel\u0151:<\/strong><br \/>\nDr. Zsembery \u00c1kos<\/p>\n<hr \/>\n<div class=\"fontos_div\">\n<p><strong>Fogorvostudom\u00e1nyi Tagozat<\/strong><\/p>\n<\/div>\n<p style=\"padding-left: 40px\"><strong>K\u00e9pvisel\u0151:<\/strong><br \/>\nDr. V\u00e1g J\u00e1nos<\/p>\n<hr \/>\n<div class=\"fontos_div\">\n<p><strong>Operat\u00edv Orvostudom\u00e1nyi Tagozat<\/strong><\/p>\n<\/div>\n<p style=\"padding-left: 40px\"><strong>K\u00e9pvisel\u0151:<br \/>\n<\/strong>Dr. Szentm\u00e1ry N\u00f3ra<\/p>\n<hr \/>\n<div class=\"fontos_div\">\n<p><strong>R\u00e1cz K\u00e1roly Konzervat\u00edv Orvostudom\u00e1nyi Tagozat<\/strong><\/p>\n<\/div>\n<p style=\"padding-left: 40px\"><strong>K\u00e9pvisel\u0151:<br \/>\n<\/strong>Dr. Szab\u00f3 Attila<\/p>\n<hr \/>\n<div class=\"fontos_div\">\n<p><strong>Gy\u00f3gyszertudom\u00e1nyok \u00e9s Eg\u00e9szs\u00e9g\u00fcgyi Technol\u00f3gi\u00e1k Tagozat<\/strong><\/p>\n<\/div>\n<p style=\"padding-left: 40px\"><strong>K\u00e9pvisel\u0151:<br \/>\n<\/strong>Dr. Klebovich Imre<\/p>\n<hr \/>\n<div class=\"fontos_div\">\n<p><strong>Ment\u00e1lis Eg\u00e9szs\u00e9gtudom\u00e1nyi Tagozat<\/strong><\/p>\n<\/div>\n<p style=\"padding-left: 40px\"><strong>K\u00e9pvisel\u0151:<br \/>\n<\/strong>Dr. Sz\u0171cs Anna<\/p>\n<hr \/>\n<div class=\"fontos_div\">\n<p><strong>Eg\u00e9szs\u00e9gtudom\u00e1nyi Tagozat<\/strong><\/p>\n<\/div>\n<p style=\"padding-left: 40px\"><strong>K\u00e9pvisel\u0151:<br \/>\n<\/strong>Dr. Nagy Zolt\u00e1n Zsolt<\/p>\n<hr \/>\n<div class=\"fontos_div\">\n<p><strong>Szent\u00e1gothai J\u00e1nos Idegtudom\u00e1nyi Tagozat<\/strong><\/p>\n<\/div>\n<p style=\"padding-left: 40px\"><strong>K\u00e9pvisel\u0151:<\/strong><br \/>\nDr. Dobolyi \u00c1rp\u00e1d<\/p>\n<\/div>\n<hr \/>\n<div class=\"fontos_div\">\n<p><strong>Molekul\u00e1ris Orvostudom\u00e1nyi Tagozat<\/strong><\/p>\n<\/div>\n<p style=\"padding-left: 40px\">K\u00e9pvisel\u0151:<br \/>\nDr. Csala Mikl\u00f3s<\/p>\n<div>\n<hr \/>\n<div class=\"fontos_div\">\n<p><strong>Patol\u00f3gia \u00e9s Onkol\u00f3gia Tagozat<\/strong><\/p>\n<\/div>\n<p style=\"padding-left: 40px\"><strong>K\u00e9pvisel\u0151:<br \/>\n<\/strong>Dr. Kiss Andr\u00e1s<strong><br \/>\n<\/strong><\/p>\n<hr \/>\n<div class=\"fontos_div\">\n<p><strong>Doktorandusz \u00d6nkorm\u00e1nyzat<\/strong><\/p>\n<\/div>\n<p style=\"padding-left: 40px\"><strong>K\u00e9pvisel\u0151:<\/strong><br \/>\nDr. V\u00e1mosi P\u00e9ter<\/p>\n<hr style=\"padding-left: 40px\" \/>\n<p style=\"padding-left: 40px\"><strong>\u00dcgyrend:<\/strong> <strong><a class=\"btn btn-secondary\" href=\"https:\/\/semmelweis.hu\/phd\/files\/2022\/06\/NB2015.pdf\" target=\"_blank\" rel=\"noopener\">let\u00f6lt\u00e9s<\/a><\/strong><\/p>\n<p>&nbsp;<\/p>\n<p>&nbsp;<\/p>\n<\/div>\n","protected":false},"excerpt":{"rendered":"<p>A Nemzetk\u00f6zi Bizotts\u00e1g feladata \u00e9s hat\u00e1sk\u00f6re A Nemzetk\u00f6zi Bizotts\u00e1g a PhD k\u00e9pz\u00e9s ter\u00fclet\u00e9n figyelemmel k\u00eds\u00e9ri a k\u00e9pz\u00e9si rendszer nemzetk\u00f6zi kapcsolatokra vonatkoz\u00f3 orsz\u00e1gos \u00e9s int\u00e9zm\u00e9nyi k\u00f6vetelm\u00e9nyrendszer\u00e9t, az egyes iskol\u00e1k szakmai saj\u00e1toss\u00e1gainak figyelembev\u00e9tel\u00e9vel el\u0151seg\u00edti a nemzetk\u00f6zi kapcsolatok \u00e9p\u00edt\u00e9s\u00e9t, a nemzetk\u00f6zi szervezetekben val\u00f3 r\u00e9szv\u00e9tel\u00e9t, a DI nemzetk\u00f6zi elismerts\u00e9g\u00e9nek n\u00f6vel\u00e9s\u00e9t, a k\u00fclf\u00f6ldi PhD hallgat\u00f3k toborz\u00e1s\u00e1t, magyar hallgat\u00f3k k\u00fclf\u00f6ldre jut\u00e1s\u00e1t &hellip;<\/p>\n","protected":false},"author":158,"featured_media":0,"parent":176,"menu_order":4,"comment_status":"closed","ping_status":"closed","template":"template-fullwidth.php","meta":{"_acf_changed":false,"footnotes":""},"categories":[],"tags":[],"class_list":["post-587","page","type-page","status-publish","hentry"],"acf":[],"_links":{"self":[{"href":"https:\/\/semmelweis.hu\/phd\/wp-json\/wp\/v2\/pages\/587","targetHints":{"allow":["GET"]}}],"collection":[{"href":"https:\/\/semmelweis.hu\/phd\/wp-json\/wp\/v2\/pages"}],"about":[{"href":"https:\/\/semmelweis.hu\/phd\/wp-json\/wp\/v2\/types\/page"}],"author":[{"embeddable":true,"href":"https:\/\/semmelweis.hu\/phd\/wp-json\/wp\/v2\/users\/158"}],"replies":[{"embeddable":true,"href":"https:\/\/semmelweis.hu\/phd\/wp-json\/wp\/v2\/comments?post=587"}],"version-history":[{"count":12,"href":"https:\/\/semmelweis.hu\/phd\/wp-json\/wp\/v2\/pages\/587\/revisions"}],"predecessor-version":[{"id":65733,"href":"https:\/\/semmelweis.hu\/phd\/wp-json\/wp\/v2\/pages\/587\/revisions\/65733"}],"up":[{"embeddable":true,"href":"https:\/\/semmelweis.hu\/phd\/wp-json\/wp\/v2\/pages\/176"}],"wp:attachment":[{"href":"https:\/\/semmelweis.hu\/phd\/wp-json\/wp\/v2\/media?parent=587"}],"wp:term":[{"taxonomy":"category","embeddable":true,"href":"https:\/\/semmelweis.hu\/phd\/wp-json\/wp\/v2\/categories?post=587"},{"taxonomy":"post_tag","embeddable":true,"href":"https:\/\/semmelweis.hu\/phd\/wp-json\/wp\/v2\/tags?post=587"}],"curies":[{"name":"wp","href":"https:\/\/api.w.org\/{rel}","templated":true}]}}