{"id":585,"date":"2013-01-04T14:23:39","date_gmt":"2013-01-04T13:23:39","guid":{"rendered":"http:\/\/www.phd.sote.hu\/?page_id=585"},"modified":"2026-02-18T08:43:25","modified_gmt":"2026-02-18T07:43:25","slug":"fegyelmi-bizottsag","status":"publish","type":"page","link":"https:\/\/semmelweis.hu\/phd\/rolunk\/bizottsagok\/fegyelmi-bizottsag\/","title":{"rendered":"Fegyelmi \u00e9s Etikai Bizotts\u00e1g"},"content":{"rendered":"<div class=\"fontos_div\">\n<p><strong>A Fegyelmi \u00e9s Etikai Bizotts\u00e1g feladata \u00e9s hat\u00e1sk\u00f6re<\/strong><\/p>\n<\/div>\n<p>A Fegyelmi \u00e9s Etikai Bizotts\u00e1g hat\u00e1sk\u00f6re kiterjed doktori k\u00e9pz\u00e9sben r\u00e9szt vev\u0151 doktoranduszok, doktorjel\u00f6ltek \u00e9s oktat\u00f3k fegyelmi \u00fcgyeire.<\/p>\n<hr \/>\n<div class=\"fontos_div\">\n<div><strong>A Fegyelmi \u00e9s Etikai Bizotts\u00e1g eln\u00f6ke:<\/strong><\/div>\n<div>Dr. Antal Istv\u00e1n<\/div>\n<\/div>\n<div>\n<hr \/>\n<\/div>\n<div class=\"fontos_div\"><strong>Sz\u00edv- \u00e9s \u00c9rgy\u00f3gy\u00e1szati Tagozat<\/strong><\/div>\n<div style=\"padding-left: 40px\"><strong>K\u00e9pvisel\u0151:<\/strong><\/div>\n<div style=\"padding-left: 40px\">Dr. Kosztin Annam\u00e1ria<\/div>\n<div>\n<hr \/>\n<\/div>\n<div class=\"fontos_div\"><strong>Elm\u00e9leti \u00e9s Transzl\u00e1ci\u00f3s Orvostudom\u00e1nyi Tagozat<\/strong><\/div>\n<div style=\"padding-left: 40px\"><strong>K\u00e9pvisel\u0151:<\/strong><\/div>\n<div style=\"padding-left: 40px\">Dr. Ivanics Tam\u00e1s<\/div>\n<div>\n<hr \/>\n<\/div>\n<div class=\"fontos_div\"><strong>Fogorvosorvostudom\u00e1nyi Tagozat<\/strong><\/div>\n<div style=\"padding-left: 40px\"><strong>K\u00e9pvisel\u0151:<\/strong><\/div>\n<div style=\"padding-left: 40px\">Dr. Dob\u00f3 Nagy Csaba<\/div>\n<div>\n<hr \/>\n<\/div>\n<div class=\"fontos_div\"><strong>Operat\u00edv Orvostudom\u00e1nyi Tagozat<\/strong><\/div>\n<div style=\"padding-left: 40px\"><strong>K\u00e9pvisel\u0151:<\/strong><\/div>\n<div style=\"padding-left: 40px\">Dr. Szirmai \u00c1gnes<\/div>\n<div>\n<hr \/>\n<\/div>\n<div class=\"fontos_div\"><strong>R\u00e1cz K\u00e1roly Konzervat\u00edv Orvostudom\u00e1nyi Tagozat<\/strong><\/div>\n<div style=\"padding-left: 40px\"><strong>K\u00e9pvisel\u0151:<\/strong><\/div>\n<div style=\"padding-left: 40px\">Dr. Fekete Andrea<\/div>\n<div>\n<hr \/>\n<\/div>\n<div class=\"fontos_div\"><strong>Gy\u00f3gyszer\u00e9sztudom\u00e1nyok \u00e9s Eg\u00e9szs\u00e9g\u00fcgyi Technol\u00f3gi\u00e1k Tagozat<\/strong><\/div>\n<div style=\"padding-left: 40px\"><strong>K\u00e9pvisel\u0151:<\/strong><\/div>\n<div style=\"padding-left: 40px\">Dr. Antal Istv\u00e1n<\/div>\n<div>\n<hr \/>\n<\/div>\n<div class=\"fontos_div\"><strong>Ment\u00e1lis Eg\u00e9szs\u00e9gtudom\u00e1nyi Tagozat<\/strong><\/div>\n<div style=\"padding-left: 40px\"><strong>K\u00e9pvisel\u0151:<\/strong><\/div>\n<div style=\"padding-left: 40px\">Dr. Unoka Zsolt<\/div>\n<div>\n<hr \/>\n<\/div>\n<div class=\"fontos_div\"><strong>Eg\u00e9szs\u00e9gtudom\u00e1nyi Tagozat<\/strong><\/div>\n<div style=\"padding-left: 40px\"><strong>K\u00e9pvisel\u0151:<\/strong><\/div>\n<div style=\"padding-left: 40px\">Dr. Feith Helga<\/div>\n<div>\n<hr \/>\n<\/div>\n<div class=\"fontos_div\"><strong>Szent\u00e1gothai J\u00e1nos Idegtudom\u00e1nyi Tagozat<\/strong><\/div>\n<div style=\"padding-left: 40px\"><strong>K\u00e9pvisel\u0151:<\/strong><\/div>\n<div style=\"padding-left: 40px\">Dr. Tretter L\u00e1szl\u00f3<\/div>\n<div>\n<hr \/>\n<\/div>\n<div class=\"fontos_div\"><strong>Molekul\u00e1ris Orvostudom\u00e1nyi Tagozat<\/strong><\/div>\n<div style=\"padding-left: 40px\"><strong>K\u00e9pvisel\u0151:<\/strong><\/div>\n<div style=\"padding-left: 40px\">Dr. Wiener Zolt\u00e1n<\/div>\n<div>\n<hr \/>\n<\/div>\n<div class=\"fontos_div\"><strong>Patol\u00f3gia \u00e9s Onkol\u00f3gia Tagozat<\/strong><\/div>\n<div style=\"padding-left: 40px\"><strong>K\u00e9pvisel\u0151:<\/strong><\/div>\n<div style=\"padding-left: 40px\">Dr. Szab\u00f3 D\u00f3ra<\/div>\n<div>\n<hr \/>\n<\/div>\n<div class=\"fontos_div\"><strong>Doktorandusz \u00d6nkorm\u00e1nyzat<\/strong><\/div>\n<div style=\"padding-left: 40px\"><strong>K\u00e9pvisel\u0151:<\/strong><\/div>\n<div style=\"padding-left: 40px\">Dr. Borbola D\u00e1niel<\/p>\n<p>Dr. Haba Kata S\u00e1ra<br \/>\nKoz\u00e1k Orsolya<br \/>\nDr. M\u00f3zes Ad\u00e9l<br \/>\nSo\u00f3s \u00c1d\u00e1m<br \/>\nP\u00f3ttag: Dr. Kreuter Patrik<\/p>\n<\/div>\n<div>\n<hr \/>\n<\/div>\n<div><strong>\u00dcgyrend:<\/strong>\u00a0<strong><a class=\"btn btn-secondary\" href=\"https:\/\/semmelweis.hu\/phd\/files\/2017\/03\/Fegyelmi-ugyrend-2025-10-27.pdf\" target=\"_blank\" rel=\"noopener\">let\u00f6lt\u00e9s<\/a><\/strong><\/div>\n<p>&nbsp;<\/p>\n<p>&nbsp;<\/p>\n","protected":false},"excerpt":{"rendered":"<p>A Fegyelmi \u00e9s Etikai Bizotts\u00e1g feladata \u00e9s hat\u00e1sk\u00f6re A Fegyelmi \u00e9s Etikai Bizotts\u00e1g hat\u00e1sk\u00f6re kiterjed doktori k\u00e9pz\u00e9sben r\u00e9szt vev\u0151 doktoranduszok, doktorjel\u00f6ltek \u00e9s oktat\u00f3k fegyelmi \u00fcgyeire. A Fegyelmi \u00e9s Etikai Bizotts\u00e1g eln\u00f6ke: Dr. Antal Istv\u00e1n Sz\u00edv- \u00e9s \u00c9rgy\u00f3gy\u00e1szati Tagozat K\u00e9pvisel\u0151: Dr. Kosztin Annam\u00e1ria Elm\u00e9leti \u00e9s Transzl\u00e1ci\u00f3s Orvostudom\u00e1nyi Tagozat K\u00e9pvisel\u0151: Dr. Ivanics Tam\u00e1s Fogorvosorvostudom\u00e1nyi Tagozat K\u00e9pvisel\u0151: Dr. &hellip;<\/p>\n","protected":false},"author":158,"featured_media":0,"parent":176,"menu_order":3,"comment_status":"closed","ping_status":"closed","template":"template-fullwidth.php","meta":{"_acf_changed":false,"footnotes":""},"categories":[],"tags":[],"class_list":["post-585","page","type-page","status-publish","hentry"],"acf":[],"_links":{"self":[{"href":"https:\/\/semmelweis.hu\/phd\/wp-json\/wp\/v2\/pages\/585","targetHints":{"allow":["GET"]}}],"collection":[{"href":"https:\/\/semmelweis.hu\/phd\/wp-json\/wp\/v2\/pages"}],"about":[{"href":"https:\/\/semmelweis.hu\/phd\/wp-json\/wp\/v2\/types\/page"}],"author":[{"embeddable":true,"href":"https:\/\/semmelweis.hu\/phd\/wp-json\/wp\/v2\/users\/158"}],"replies":[{"embeddable":true,"href":"https:\/\/semmelweis.hu\/phd\/wp-json\/wp\/v2\/comments?post=585"}],"version-history":[{"count":12,"href":"https:\/\/semmelweis.hu\/phd\/wp-json\/wp\/v2\/pages\/585\/revisions"}],"predecessor-version":[{"id":66279,"href":"https:\/\/semmelweis.hu\/phd\/wp-json\/wp\/v2\/pages\/585\/revisions\/66279"}],"up":[{"embeddable":true,"href":"https:\/\/semmelweis.hu\/phd\/wp-json\/wp\/v2\/pages\/176"}],"wp:attachment":[{"href":"https:\/\/semmelweis.hu\/phd\/wp-json\/wp\/v2\/media?parent=585"}],"wp:term":[{"taxonomy":"category","embeddable":true,"href":"https:\/\/semmelweis.hu\/phd\/wp-json\/wp\/v2\/categories?post=585"},{"taxonomy":"post_tag","embeddable":true,"href":"https:\/\/semmelweis.hu\/phd\/wp-json\/wp\/v2\/tags?post=585"}],"curies":[{"name":"wp","href":"https:\/\/api.w.org\/{rel}","templated":true}]}}