{"id":583,"date":"2013-01-04T14:23:16","date_gmt":"2013-01-04T13:23:16","guid":{"rendered":"http:\/\/www.phd.sote.hu\/?page_id=583"},"modified":"2024-04-17T11:49:34","modified_gmt":"2024-04-17T09:49:34","slug":"oktatasi-bizottsag","status":"publish","type":"page","link":"https:\/\/semmelweis.hu\/phd\/rolunk\/bizottsagok\/oktatasi-bizottsag\/","title":{"rendered":"Oktat\u00e1si \u00e9s Kreditbizotts\u00e1g"},"content":{"rendered":"<div class=\"fontos_div\" style=\"text-align: left\"><strong>Az OKB feladata \u00e9s hat\u00e1sk\u00f6re<\/strong><\/div>\n<div>Az Oktat\u00e1si \u00e9s Kreditbizotts\u00e1g<span style=\"font-size: 1rem\">\u00a0a PhD k\u00e9pz\u00e9s ter\u00fclet\u00e9n figyelemmel k\u00eds\u00e9ri az orsz\u00e1gos \u00e9s int\u00e9zm\u00e9ny k\u00f6vetelm\u00e9nyrendszert, az DI szakmai saj\u00e1toss\u00e1gainak figyelembev\u00e9tel\u00e9vel el\u0151seg\u00edti az oktat\u00e1si feladatok magas sz\u00ednvonal\u00fa ell\u00e1t\u00e1s\u00e1t, annak folyamatos min\u0151s\u00e9g-ellen\u0151rz\u00e9s\u00e9t \u00e9s m\u00e1s PhD iskol\u00e1kkal val\u00f3 kapcsolatok ki\u00e9p\u00edt\u00e9s\u00e9t.<\/span><\/div>\n<div>\u00a0<\/div>\n<div>Feladat-\u00e9s hat\u00e1sk\u00f6r\u00e9be tartozik k\u00fcl\u00f6n\u00f6sen:<\/div>\n<div>a) a szervezett k\u00e9pz\u00e9st koordin\u00e1lja, min\u0151s\u00e9g\u00e9t ellen\u0151rzi;<\/div>\n<div>b) a k\u00e9pz\u00e9ssel kapcsolatos \u00fcgyeket v\u00e9lem\u00e9nyezi \u00e9s az EDT ill. EDT eln\u00f6k sz\u00e1m\u00e1ra d\u00f6nt\u00e9sre el\u0151k\u00e9sz\u00edti;<\/div>\n<div>c) az \u00f6sszes doktorandusz sz\u00e1m\u00e1ra k\u00f6telez\u0151en v\u00e1laszthat\u00f3 kurzusokat szervez;<\/div>\n<div>d) koordin\u00e1lja a DI \u00e1ltal szervezett kurzusokat, \u00e9s megszervezi a kurzusok nyilv\u00e1noss\u00e1gra hozatal\u00e1t;<\/div>\n<div>e) meghat\u00e1rozza a kurzusok tanulm\u00e1nyi kredit\u00e9rt\u00e9k\u00e9t;<\/div>\n<div>f) a kurzusok k\u00f6lts\u00e9geire ir\u00e1nyul\u00f3 t\u00e1mogat\u00e1si k\u00e9relmekr\u0151l javaslatot k\u00e9sz\u00edt az EDT eln\u00f6ke r\u00e9sz\u00e9re;<\/div>\n<div>g) elb\u00edr\u00e1lja azokat a k\u00e9relmeket, amelyeket az eg\u00e9szs\u00e9g\u00fcgyi szakir\u00e1ny\u00fa fels\u0151fok\u00fa szakk\u00e9pz\u00e9si rendszerben rezidensk\u00e9nt, vagy a fels\u0151oktat\u00e1si int\u00e9zm\u00e9nyek oktat\u00f3i ut\u00e1np\u00f3tl\u00e1s\u00e1nak biztos\u00edt\u00e1s\u00e1ra meghat\u00e1rozott szakk\u00e9pz\u00e9sben k\u00f6zponti gyakornokk\u00e9nt r\u00e9sztvev\u0151k ny\u00fajthatnak be az \u00e1ltaluk teljes\u00edtett t\u00f6rzsk\u00e9pz\u00e9si \u00e9s szakgyakorlati id\u0151b\u0151l a doktori k\u00e9pz\u00e9sben val\u00f3 elismer\u00e9s\u00e9re.<\/div>\n<div>\u00a0<\/div>\n<div>A m\u0171k\u00f6d\u00e9s\u00e9hez sz\u00fcks\u00e9ges inform\u00e1ci\u00f3k beszerz\u00e9s\u00e9ben \u00e9s adminisztr\u00e1ci\u00f3s feladatok ell\u00e1t\u00e1s\u00e1ban a tagozatok titk\u00e1rs\u00e1g\u00e1nak seg\u00edts\u00e9g\u00e9re, egy\u00fcttm\u0171k\u00f6d\u00e9s\u00e9re t\u00e1maszkodhat, egy\u00fcttm\u0171k\u00f6dik m\u00e1s bizotts\u00e1gokkal \u00e9s szervezeti egys\u00e9gekkel. Ennek keret\u00e9ben t\u00e1j\u00e9koztat\u00e1st k\u00e9rhet a feladat-\u00e9s hat\u00e1sk\u00f6r\u00e9be tartoz\u00f3 \u00fcgyekben az eml\u00edtett szervezetekt\u0151l. Az Oktat\u00e1si \u00e9s Kreditbizotts\u00e1g eln\u00f6ke k\u00e9pviseli a Bizotts\u00e1got az SE DI Tan\u00e1csban.<\/div>\n<div>\u00a0<\/div>\n<div>\n<hr \/>\n<\/div>\n<div class=\"fontos_div\"><strong>Az Oktat\u00e1si \u00e9s Kreditbizotts\u00e1g eln\u00f6ke<br \/>\n<\/strong>Bedn\u00e1rikn\u00e9 Dr. D\u00f6rnyei Gabriella<\/div>\n<div>\n<hr \/>\n<\/div>\n<div class=\"fontos_div\"><strong>Elm\u00e9leti \u00e9s Transzl\u00e1ci\u00f3s Orvostudom\u00e1nyi Tagozat <\/strong><\/div>\n<div style=\"padding-left: 40px\"><strong>K\u00e9pvisel\u0151:<\/strong><\/div>\n<div style=\"padding-left: 40px\">Dr. Smeller L\u00e1szl\u00f3<\/div>\n<div>\n<hr \/>\n<\/div>\n<div class=\"fontos_div\"><strong>Fogorvosorvostudom\u00e1nyi Tagozat<\/strong><\/div>\n<div style=\"padding-left: 40px\"><strong>K\u00e9pvisel\u0151:<\/strong><\/div>\n<div style=\"padding-left: 40px\">Dr. Jo\u00f3b-Fancsaly \u00c1rp\u00e1d<\/div>\n<div>\n<hr \/>\n<\/div>\n<div class=\"fontos_div\"><strong>Operat\u00edv Orvostudom\u00e1nyi Tagozat<\/strong><\/div>\n<div style=\"padding-left: 40px\"><strong>K\u00e9pvisel\u0151:<\/strong><\/div>\n<div style=\"padding-left: 40px\">Dr. Antal Imre<\/div>\n<div>\n<hr \/>\n<\/div>\n<div class=\"fontos_div\"><strong>R\u00e1cz K\u00e1roly Konzervat\u00edv Orvostudom\u00e1nyi Tagozat<\/strong><\/div>\n<div style=\"padding-left: 40px\"><strong>K\u00e9pvisel\u0151:<\/strong><\/div>\n<div style=\"padding-left: 40px\">Dr. Moln\u00e1r B\u00e9la<\/div>\n<div>\n<hr \/>\n<\/div>\n<div class=\"fontos_div\"><strong>Gy\u00f3gyszer\u00e9sztudom\u00e1nyok \u00e9s Eg\u00e9szs\u00e9g\u00fcgyi Technol\u00f3gi\u00e1k Tagozat<\/strong><\/div>\n<div style=\"padding-left: 40px\"><strong>K\u00e9pvisel\u0151:<\/strong><\/div>\n<div style=\"padding-left: 40px\">Dr. \u0150rfi L\u00e1szl\u00f3<\/div>\n<div>\n<hr \/>\n<\/div>\n<div class=\"fontos_div\"><strong>Ment\u00e1lis Eg\u00e9szs\u00e9gtudom\u00e1nyi Tagozat<\/strong><\/div>\n<div style=\"padding-left: 40px\"><strong>K\u00e9pvisel\u0151:<\/strong><\/div>\n<div style=\"padding-left: 40px\">Dr. Albert Fruzsina<\/div>\n<div>\n<hr \/>\n<\/div>\n<div class=\"fontos_div\"><strong>Eg\u00e9szs\u00e9gtudom\u00e1nyi Tagozat<\/strong><\/div>\n<div style=\"padding-left: 40px\"><strong>K\u00e9pvisel\u0151:<\/strong><\/div>\n<div style=\"padding-left: 40px\">Dr. Balogh Zolt\u00e1n<\/div>\n<div>\n<hr \/>\n<\/div>\n<div class=\"fontos_div\"><strong>Szent\u00e1gothai J\u00e1nos Idegtudom\u00e1nyi Tagozat<\/strong><\/div>\n<div style=\"padding-left: 40px\"><strong>K\u00e9pvisel\u0151:<\/strong><\/div>\n<div style=\"padding-left: 40px\">Dr. Madar\u00e1sz Emilia<\/div>\n<div>\n<hr \/>\n<\/div>\n<div class=\"fontos_div\"><strong>Molekul\u00e1ris Orvostudom\u00e1nyi Tagozat<\/strong><\/div>\n<div style=\"padding-left: 40px\"><strong>K\u00e9pvisel\u0151:<\/strong><\/div>\n<div style=\"padding-left: 40px\">Dr. Ella Krisztina<\/div>\n<div>\n<hr \/>\n<\/div>\n<div class=\"fontos_div\"><strong>Patol\u00f3gia \u00e9s Onkol\u00f3gia Tagozat<\/strong><\/div>\n<div style=\"padding-left: 40px\"><strong>K\u00e9pvisel\u0151:<\/strong><\/div>\n<div style=\"padding-left: 40px\">Dr. Szab\u00f3 D\u00f3ra<\/div>\n<div>\n<hr \/>\n<\/div>\n<div class=\"fontos_div\"><strong>Doktorandusz \u00d6nkorm\u00e1nyzat<\/strong><\/div>\n<div style=\"padding-left: 40px\"><strong>K\u00e9pvisel\u0151:<\/strong><\/div>\n<div style=\"padding-left: 40px\">Dr. Yahya Kamel<\/div>\n<div>\n<hr \/>\n<\/div>\n<div><strong>\u00dcgyrend:\u00a0<\/strong><strong><a class=\"btn btn-secondary\" href=\"https:\/\/semmelweis.hu\/phd\/files\/2016\/03\/Doktori-Iskola-Oktat\u00e1si-\u00e9s-Kredit-Bizotts\u00e1g\u00e1nak-\u00fcgyrendje.pdf\" target=\"_blank\" rel=\"noopener\">let\u00f6lt\u00e9s<\/a><\/strong><\/div>\n<div>\u00a0<\/div>\n","protected":false},"excerpt":{"rendered":"<p>Az OKB feladata \u00e9s hat\u00e1sk\u00f6re Az Oktat\u00e1si \u00e9s Kreditbizotts\u00e1g\u00a0a PhD k\u00e9pz\u00e9s ter\u00fclet\u00e9n figyelemmel k\u00eds\u00e9ri az orsz\u00e1gos \u00e9s int\u00e9zm\u00e9ny k\u00f6vetelm\u00e9nyrendszert, az DI szakmai saj\u00e1toss\u00e1gainak figyelembev\u00e9tel\u00e9vel el\u0151seg\u00edti az oktat\u00e1si feladatok magas sz\u00ednvonal\u00fa ell\u00e1t\u00e1s\u00e1t, annak folyamatos min\u0151s\u00e9g-ellen\u0151rz\u00e9s\u00e9t \u00e9s m\u00e1s PhD iskol\u00e1kkal val\u00f3 kapcsolatok ki\u00e9p\u00edt\u00e9s\u00e9t. \u00a0 Feladat-\u00e9s hat\u00e1sk\u00f6r\u00e9be tartozik k\u00fcl\u00f6n\u00f6sen: a) a szervezett k\u00e9pz\u00e9st koordin\u00e1lja, min\u0151s\u00e9g\u00e9t ellen\u0151rzi; b) a &hellip;<\/p>\n","protected":false},"author":158,"featured_media":0,"parent":176,"menu_order":2,"comment_status":"closed","ping_status":"closed","template":"template-fullwidth.php","meta":{"_acf_changed":false,"footnotes":""},"categories":[],"tags":[],"class_list":["post-583","page","type-page","status-publish","hentry"],"acf":[],"_links":{"self":[{"href":"https:\/\/semmelweis.hu\/phd\/wp-json\/wp\/v2\/pages\/583","targetHints":{"allow":["GET"]}}],"collection":[{"href":"https:\/\/semmelweis.hu\/phd\/wp-json\/wp\/v2\/pages"}],"about":[{"href":"https:\/\/semmelweis.hu\/phd\/wp-json\/wp\/v2\/types\/page"}],"author":[{"embeddable":true,"href":"https:\/\/semmelweis.hu\/phd\/wp-json\/wp\/v2\/users\/158"}],"replies":[{"embeddable":true,"href":"https:\/\/semmelweis.hu\/phd\/wp-json\/wp\/v2\/comments?post=583"}],"version-history":[{"count":12,"href":"https:\/\/semmelweis.hu\/phd\/wp-json\/wp\/v2\/pages\/583\/revisions"}],"predecessor-version":[{"id":17898,"href":"https:\/\/semmelweis.hu\/phd\/wp-json\/wp\/v2\/pages\/583\/revisions\/17898"}],"up":[{"embeddable":true,"href":"https:\/\/semmelweis.hu\/phd\/wp-json\/wp\/v2\/pages\/176"}],"wp:attachment":[{"href":"https:\/\/semmelweis.hu\/phd\/wp-json\/wp\/v2\/media?parent=583"}],"wp:term":[{"taxonomy":"category","embeddable":true,"href":"https:\/\/semmelweis.hu\/phd\/wp-json\/wp\/v2\/categories?post=583"},{"taxonomy":"post_tag","embeddable":true,"href":"https:\/\/semmelweis.hu\/phd\/wp-json\/wp\/v2\/tags?post=583"}],"curies":[{"name":"wp","href":"https:\/\/api.w.org\/{rel}","templated":true}]}}