{"id":581,"date":"2013-01-04T14:22:52","date_gmt":"2013-01-04T13:22:52","guid":{"rendered":"http:\/\/www.phd.sote.hu\/?page_id=581"},"modified":"2025-11-27T11:33:16","modified_gmt":"2025-11-27T10:33:16","slug":"velemenyezo-es-minosegellenorzo-bizottsag","status":"publish","type":"page","link":"https:\/\/semmelweis.hu\/phd\/rolunk\/bizottsagok\/velemenyezo-es-minosegellenorzo-bizottsag\/","title":{"rendered":"V\u00e9lem\u00e9nyez\u0151 \u00e9s Min\u0151s\u00e9gellen\u0151rz\u0151 Bizotts\u00e1g"},"content":{"rendered":"<h2><span lang=\"en-US\">A VMB feladata \u00e9s hat\u00e1sk\u00f6re<\/span><\/h2>\n<p><span lang=\"en-US\">A VMB c\u00e9lja \u00e9s feladata az EDT m<\/span><span lang=\"hu-HU\">\u0171k\u00f6d\u00e9s\u00e9nek seg\u00edt\u00e9se, mely az al\u00e1bbi tev\u00e9kenys\u00e9gekben nyilv\u00e1nul meg:<\/span><\/p>\n<ol>\n<li><span lang=\"en-US\">a Doktori Iskola javaslata alapj\u00e1n a hallgat\u00f3k \u00e9s t\u00e9mavezet<\/span><span lang=\"hu-HU\">\u0151k tudom\u00e1nyszaki besorol\u00e1s\u00e1nak v\u00e9lem\u00e9nyez\u00e9se;<\/span><\/li>\n<li><span lang=\"en-US\">a fokozatszerz\u00e9ssel kapcsolatos tudom\u00e1nyos teljes\u00edtm\u00e9ny \u00e9rt\u00e9kel\u00e9se;<\/span><\/li>\n<li><span lang=\"en-US\">a szigorlati, komplex vizsga \u00e9s v\u00e9d\u00e9si bizotts\u00e1g \u00f6sszet\u00e9tel\u00e9nek v\u00e9lem\u00e9nyez\u00e9se\/kijel\u00f6l\u00e9se (javaslat alapj\u00e1n);<\/span><\/li>\n<li><span lang=\"en-US\">min<\/span><span lang=\"hu-HU\">\u0151s\u00e9gellen\u0151rz\u00e9s az Egy<\/span><span lang=\"hu-HU\">etemi DI minden tev\u00e9kenys\u00e9g\u00e9re kiterjed\u0151en;<\/span><\/li>\n<li><span lang=\"en-US\">a PhD oklevelek honos\u00edt\u00e1s\u00e1ra vonatkoz\u00f3 k\u00e9<\/span><span lang=\"en-US\">relmek tekintet\u00e9ben d\u00f6nt\u00e9s-el<\/span><span lang=\"hu-HU\">\u0151k\u00e9sz\u00edt\u00e9s;<\/span><\/li>\n<li><span lang=\"en-US\">a DI tagozatainak \u00faj k\u00e9pz\u00e9si programjavaslatainak v\u00e9lem\u00e9nyez\u00e9se;<\/span><\/li>\n<li><span lang=\"en-US\">\u00e1ll\u00e1sfoglal\u00e1s arr\u00f3l, hogy a beny\u00fajtott \u00e9rtekez\u00e9s tematik\u00e1ja megfelel-e a k\u00e9pz\u00e9s\u00e9rt felel<\/span><span lang=\"hu-HU\">\u0151s program akkredit\u00e1ci\u00f3j\u00e1nak.\n<p><\/span><\/li>\n<\/ol>\n<hr \/>\n<div class=\"fontos_div\">\n<p><strong>A V\u00e9lem\u00e9nyez\u0151 \u00e9s Min\u0151s\u00e9gellen\u0151rz\u0151 Bizotts\u00e1g eln\u00f6ke:<\/strong><br \/>\nDr. Sz\u00f6k\u0151 \u00c9va<\/p>\n<\/div>\n<hr \/>\n<div class=\"fontos_div\">\n<p><strong>Elm\u00e9leti \u00e9s Transzl\u00e1ci\u00f3s Orvostudom\u00e1nyi Tagozat<\/strong><\/p>\n<\/div>\n<p style=\"padding-left: 40px\"><strong>K\u00e9pvisel\u0151:<\/strong><br \/>\nDr. Cerven\u00e1k L\u00e1szl\u00f3<\/p>\n<p style=\"padding-left: 40px\"><strong>VMB \u00e1ltal felk\u00e9rt el\u0151v\u00e9lem\u00e9nyez\u0151k<\/strong>:<br \/>\nDr. Bagyura Zsolt, Dr. Benke K\u00e1lm\u00e1n, Dr. Cerven\u00e1k L\u00e1szl\u00f3, Dr. Csuka Dorottya, Dr. Farkas Henriette, Dr. Ferencz Andrea, Dr. F\u00f6ldes G\u00e1bor, Dr. G\u00f6rbe Anik\u00f3, Dr. Horv\u00e1th Eszter M\u00e1ria, Dr. Kiss Levente, Dr. Kiss Orsolya, Dr. Kov\u00e1cs Attila, Dr. K\u00f6k\u00e9ny G\u00e1bor, Dr. M\u00e1rtonfalvi Zsolt, Dr. M\u00e1th\u00e9 Domokos, Dr. Mikl\u00f3s Zsuzsanna, Dr. Nagy Anik\u00f3 Ilona, Dr. Nagy Klaudia Vivien, Dr. N\u00e9meth Endre, Dr. Ol\u00e1h Attila, Dr. Ruisanchez \u00c9va, Dr. Ruppert Mih\u00e1ly, Dr. Smeller L\u00e1szl\u00f3, Dr. Syd\u00f3 N\u00f3ra, Dr. Sz\u00e9n\u00e1si G\u00e1bor, Dr. Szilveszter B\u00e1lint, Dr. V\u00e1g\u00f3 Hajnalka, Dr. Vereckei Andr\u00e1s<\/p>\n<hr \/>\n<div class=\"fontos_div\">\n<p><strong>Fogorvostudom\u00e1nyi Tagozat<\/strong><\/p>\n<\/div>\n<p style=\"padding-left: 40px\"><strong>K\u00e9pvisel\u0151:<\/strong><br \/>\nDr. Ker\u00e9mi Be\u00e1ta<\/p>\n<hr \/>\n<div class=\"fontos_div\">\n<p><strong>Operat\u00edv Orvostudom\u00e1nyi Tagozat<\/strong><\/p>\n<\/div>\n<p style=\"padding-left: 40px\"><strong>K\u00e9pvisel\u0151:<br \/>\n<\/strong>Dr. Riesz P\u00e9ter<strong><br \/>\n<\/strong><\/p>\n<p style=\"padding-left: 40px\"><strong>VMB \u00e1ltal felk\u00e9rt el\u0151v\u00e9lem\u00e9nyez\u0151k<\/strong>:<br \/>\nDr. Firneisz G\u00e1bor, Dr. Lengyel Gabriella,Dr. Urbancsek J\u00e1nos, Dr. Than N\u00e1ndor G\u00e1bor, Dr. Arat\u00f3 Andr\u00e1s, Dr. Szab\u00f3 Andr\u00e1s, Dr. V\u00e1g J\u00e1nos, Dr. Ker\u00e9mi Be\u00e1ta, Dr. Tordai Attila, Dr. Sebesty\u00e9n Anna, Dr. D\u00f3sa Edit, Dr. Szab\u00f3 G\u00e1bor Viktor, Dr. S\u00e1rm\u00e1n Beatrix, Dr. Nagy G\u00e9za, Dr. Melczer Zsolt, Dr. V\u00e1rb\u00edr\u00f3 Szabolcs, Dr. Marschalk\u00f3 M\u00e1rta, Dr. Temesv\u00e1ri Erzs\u00e9bet, Dr. K\u00e1rp\u00e1ti Sarolta, Dr. Koml\u00f3si Zsolt<\/p>\n<hr \/>\n<div class=\"fontos_div\">\n<p><strong>R\u00e1cz K\u00e1roly Konzervat\u00edv Orvostudom\u00e1nyi Tagozat<\/strong><\/p>\n<\/div>\n<p style=\"padding-left: 40px\"><strong>K\u00e9pvisel\u0151:<br \/>\n<\/strong>Dr. M\u00fcller Veronika<\/p>\n<hr \/>\n<div class=\"fontos_div\">\n<p><strong>Gy\u00f3gyszertudom\u00e1nyok \u00e9s Eg\u00e9szs\u00e9g\u00fcgyi Technol\u00f3gi\u00e1k Tagozat<\/strong><\/p>\n<\/div>\n<p style=\"padding-left: 40px\"><strong>K\u00e9pvisel\u0151:<br \/>\n<\/strong>Dr. Sz\u00f6k\u0151 \u00c9va<\/p>\n<hr \/>\n<div class=\"fontos_div\">\n<p><strong>Ment\u00e1lis Eg\u00e9szs\u00e9gtudom\u00e1nyi Tagozat<\/strong><\/p>\n<\/div>\n<p style=\"padding-left: 40px\"><strong>K\u00e9pvisel\u0151:<br \/>\n<\/strong>Dr. Zubek L\u00e1szl\u00f3<\/p>\n<p style=\"padding-left: 40px\"><strong>VMB \u00e1ltal felk\u00e9rt el\u0151v\u00e9lem\u00e9nyez\u0151k<\/strong>:<br \/>\nProf. R\u00e9thelyi J\u00e1nos (1. program), Prof. Unoka Zsolt (1. program), Dr. Szily Erika (1. program), Dr. Balogh L\u00edvia (1. program), Dr. Heged\u0171s Katalin (2. program), Dr. Szal\u00e1rdy Orsolya (2. program), Dr. Girasek Edmond (2. program), Dr. T\u00f6r\u00f6k Szabolcs (3. program), Dr. Danis Ildik\u00f3 (3. program), Dr. L\u00e1m Judit (3. program), Dr. Albert Fruzsina (3. program), Dr. Ga\u00e1l P\u00e9ter (3. program)<\/p>\n<hr \/>\n<div class=\"fontos_div\">\n<p><strong>Eg\u00e9szs\u00e9gtudom\u00e1nyi Tagozat<\/strong><\/p>\n<\/div>\n<p style=\"padding-left: 40px\"><strong>K\u00e9pvisel\u0151:<br \/>\n<\/strong>Dr. Baji Ildik\u00f3<\/p>\n<hr \/>\n<div class=\"fontos_div\">\n<p><strong>Szent\u00e1gothai J\u00e1nos Idegtudom\u00e1nyi Tagozat<\/strong><\/p>\n<\/div>\n<p style=\"padding-left: 40px\"><strong>K\u00e9pvisel\u0151:<\/strong><br \/>\nDr. Laz\u00e1ry Judit<\/p>\n<p style=\"padding-left: 40px\"><strong>VMB \u00e1ltal felk\u00e9rt el\u0151v\u00e9lem\u00e9nyez\u0151k<\/strong>:<br \/>\nDr. Kozsurek M\u00e1rk, Dr. Sz\u00e9kely Andrea Dorottya, Dr. Hrabovszky Erik, Dr. Fekete Csaba,\u00a0Dr.\u00a0Mike \u00c1rp\u00e1d, Dr. Szabadics J\u00e1nos, Dr. Wittner Lucia, Dr. Vastagh Ildik\u00f3, Dr. Debreczeni R\u00f3bert, Dr. Sipos Ildik\u00f3, Dr. Gonda X\u00e9nia<\/p>\n<hr \/>\n<div class=\"fontos_div\">\n<p><strong>Molekul\u00e1ris Orvostudom\u00e1nyi Tagozat<\/strong><\/p>\n<\/div>\n<p style=\"padding-left: 40px\"><strong>K\u00e9pvisel\u0151:<\/strong><br \/>\nDr. Ella Krisztina<\/p>\n<p style=\"padding-left: 40px\"><strong>VMB \u00e1ltal felk\u00e9rt el\u0151v\u00e9lem\u00e9nyez\u0151k<\/strong>:<br \/>\nDr. Ap\u00e1ti \u00c1gota, Dr. Ar\u00e1nyi Tam\u00e1s, Dr. B\u00e1nlaki Zs\u00f3fia, Dr. Barta Csaba, Dr. Bart\u00f3k \u00c1d\u00e1m, Dr. Benk\u0151 Rita, Dr. B\u0151gel G\u00e1bor, Dr. Cs\u00e9p\u00e1nyi-K\u00f6mi Roland, Dr. D\u00e1vid Csaba, Dr. Ella Krisztina, Dr. Futosi Krisztina, Dr. Gy\u0151ri D\u00e1vid S\u00e1ndor, Dr. Iordan Iordanov, Dr. Kardon Tam\u00e1s, Dr. Kiss Levente, Dr. Koml\u00f3si Zsolt, Dr. Kukor Zolt\u00e1n, Dr. Legeza Bal\u00e1zs, Dr. Lengyel Mikl\u00f3s, Dr. Liz\u00e1k Be\u00e1ta, Dr. L\u0151rincz M. \u00c1kos, Dr. M\u00e9sz\u00e1ros-Kapuy Orsolya, Dr. Mih\u00e1lyi Csaba, Dr. Nagy Szilvia Krisztina, Dr. N\u00e9meth Tam\u00e1s, Dr. Sirokm\u00e1ny G\u00e1bor, Dr. Szalai Bence, Dr. Tam\u00e1si Viola, Dr. Tim\u00e1r Csaba Istv\u00e1n, Dr. T\u00f3th Bal\u00e1zs, Dr. T\u00f3th D\u00e1niel, Dr. Turu G\u00e1bor, Dr. Valent S\u00e1ndor, Dr. Visnovitz Tam\u00e1s, Visnovitzn\u00e9 Dr. Vukman Krisztina, Dr. Z\u00e1mb\u00f3 Veronika<\/p>\n<hr \/>\n<div class=\"fontos_div\">\n<p><strong>Patol\u00f3gia \u00e9s Onkol\u00f3gia Tagozat<\/strong><\/p>\n<\/div>\n<p style=\"padding-left: 40px\"><strong>K\u00e9pvisel\u0151:<br \/>\n<\/strong>Dr. B\u00f6d\u00f6r Csaba <strong><br \/>\n<\/strong><\/p>\n<hr \/>\n<div class=\"fontos_div\">\n<p><strong>Doktorandusz \u00d6nkorm\u00e1nyzat<\/strong><\/p>\n<\/div>\n<p style=\"padding-left: 40px\"><strong>K\u00e9pvisel\u0151:<\/strong><br \/>\nDr. Yahya Kamel<\/p>\n<hr style=\"padding-left: 40px\" \/>\n<p style=\"padding-left: 40px\"><strong>\u00dcgyrend:<\/strong> <strong><a class=\"btn btn-secondary\" href=\"https:\/\/semmelweis.hu\/phd\/files\/2022\/06\/ugyrend2018vmb.pdf\" target=\"_blank\" rel=\"noopener\">let\u00f6lt\u00e9s<\/a><\/strong><\/p>\n<hr style=\"padding-left: 40px\" \/>\n<p style=\"padding-left: 40px\">VMB \u00fcl\u00e9s jegyz\u0151k\u00f6nyv (2021.11.18.): <strong><a class=\"btn btn-secondary\" href=\"https:\/\/semmelweis.hu\/phd\/files\/2021\/12\/VMB-ules-2021.-11.18.pdf\" target=\"_blank\" rel=\"noopener\">let\u00f6lt\u00e9s<\/a><\/strong>\u00a0<\/p>\n<p>&nbsp;<\/p>\n<p>&nbsp;<\/p>\n","protected":false},"excerpt":{"rendered":"<p>A VMB feladata \u00e9s hat\u00e1sk\u00f6re A VMB c\u00e9lja \u00e9s feladata az EDT m\u0171k\u00f6d\u00e9s\u00e9nek seg\u00edt\u00e9se, mely az al\u00e1bbi tev\u00e9kenys\u00e9gekben nyilv\u00e1nul meg: a Doktori Iskola javaslata alapj\u00e1n a hallgat\u00f3k \u00e9s t\u00e9mavezet\u0151k tudom\u00e1nyszaki besorol\u00e1s\u00e1nak v\u00e9lem\u00e9nyez\u00e9se; a fokozatszerz\u00e9ssel kapcsolatos tudom\u00e1nyos teljes\u00edtm\u00e9ny \u00e9rt\u00e9kel\u00e9se; a szigorlati, komplex vizsga \u00e9s v\u00e9d\u00e9si bizotts\u00e1g \u00f6sszet\u00e9tel\u00e9nek v\u00e9lem\u00e9nyez\u00e9se\/kijel\u00f6l\u00e9se (javaslat alapj\u00e1n); min\u0151s\u00e9gellen\u0151rz\u00e9s az Egyetemi DI minden tev\u00e9kenys\u00e9g\u00e9re &hellip;<\/p>\n","protected":false},"author":158,"featured_media":0,"parent":176,"menu_order":1,"comment_status":"closed","ping_status":"closed","template":"template-fullwidth.php","meta":{"_acf_changed":false,"footnotes":""},"categories":[],"tags":[],"class_list":["post-581","page","type-page","status-publish","hentry"],"acf":[],"_links":{"self":[{"href":"https:\/\/semmelweis.hu\/phd\/wp-json\/wp\/v2\/pages\/581","targetHints":{"allow":["GET"]}}],"collection":[{"href":"https:\/\/semmelweis.hu\/phd\/wp-json\/wp\/v2\/pages"}],"about":[{"href":"https:\/\/semmelweis.hu\/phd\/wp-json\/wp\/v2\/types\/page"}],"author":[{"embeddable":true,"href":"https:\/\/semmelweis.hu\/phd\/wp-json\/wp\/v2\/users\/158"}],"replies":[{"embeddable":true,"href":"https:\/\/semmelweis.hu\/phd\/wp-json\/wp\/v2\/comments?post=581"}],"version-history":[{"count":13,"href":"https:\/\/semmelweis.hu\/phd\/wp-json\/wp\/v2\/pages\/581\/revisions"}],"predecessor-version":[{"id":65734,"href":"https:\/\/semmelweis.hu\/phd\/wp-json\/wp\/v2\/pages\/581\/revisions\/65734"}],"up":[{"embeddable":true,"href":"https:\/\/semmelweis.hu\/phd\/wp-json\/wp\/v2\/pages\/176"}],"wp:attachment":[{"href":"https:\/\/semmelweis.hu\/phd\/wp-json\/wp\/v2\/media?parent=581"}],"wp:term":[{"taxonomy":"category","embeddable":true,"href":"https:\/\/semmelweis.hu\/phd\/wp-json\/wp\/v2\/categories?post=581"},{"taxonomy":"post_tag","embeddable":true,"href":"https:\/\/semmelweis.hu\/phd\/wp-json\/wp\/v2\/tags?post=581"}],"curies":[{"name":"wp","href":"https:\/\/api.w.org\/{rel}","templated":true}]}}