{"id":462,"date":"2013-01-02T16:23:42","date_gmt":"2013-01-02T15:23:42","guid":{"rendered":"http:\/\/www.phd.sote.hu\/?page_id=462"},"modified":"2024-09-27T16:29:16","modified_gmt":"2024-09-27T14:29:16","slug":"doktori-program-alapitasa","status":"publish","type":"page","link":"https:\/\/semmelweis.hu\/phd\/oktatoknak-2\/doktori-program-alapitasa\/","title":{"rendered":"Doktori program alap\u00edt\u00e1sa"},"content":{"rendered":"<h2>Doktori program alap\u00edt\u00e1sa a Semmelweis Egyetem tudom\u00e1ny\u00e1gi doktori tagozatokban<\/h2>\n<p style=\"text-align: justify;\">A k\u00e9pz\u00e9si programok \u00e1talak\u00edt\u00e1s\u00e1ra, vagy \u00faj doktori k\u00e9pz\u00e9si program alap\u00edt\u00e1s\u00e1ra a Doktori Szab\u00e1lyzat al\u00e1bbi rendelkez\u00e9sei alapj\u00e1n ker\u00fclhet sor.<\/p>\n<div class=\"fontos_div\">\n<p><strong>34. \u00a7 [Doktori Program]<\/strong><\/p>\n<\/div>\n<ul>\n<li>A tudom\u00e1nyos k\u00e9pz\u00e9si doktori program (tov\u00e1bbiakban program) a Doktori Tagozat tudom\u00e1ny\u00e1g\u00e1nak\/kutat\u00e1si ter\u00fclet\u00e9nek egy olyan szak\u00e1g\u00e1ban kialak\u00edtott szervezeti forma, amely alkalmas arra, hogy a hallgat\u00f3t a PhD fokozat megszerz\u00e9s\u00e9re felk\u00e9sz\u00edtse.<\/li>\n<li>A Doktori Tagozatban \u00faj program alap\u00edt\u00e1sa \u00e9s kor\u00e1bban szervezett program megsz\u00fcntet\u00e9se az EDT d\u00f6nt\u00e9se alapj\u00e1n lehets\u00e9ges.<\/li>\n<\/ul>\n<ul>\n<li><strong>\u00daj program szervez\u00e9s\u00e9nek felt\u00e9tele, hogy a program legal\u00e1bb 6 t\u00e9mavezet\u0151t, 6 vagy t\u00f6bb tudom\u00e1nyos t\u00e9mak\u00f6rt jel\u00f6lj\u00f6n meg, \u00e9s szak\u00e1g\u00e1nak speci\u00e1lis ismereteib\u0151l legal\u00e1bb 1 kurzussal k\u00e9sz\u00edtse fel hallgat\u00f3it.<\/strong><\/li>\n<\/ul>\n<ul>\n<li>Programok megsz\u00fcntet\u00e9s\u00e9r\u0151l Doktori Tagozat Tan\u00e1cs\u00e1nak javaslata \u00e9s a VMB v\u00e9lem\u00e9nye alapj\u00e1n kialak\u00edtott javaslat\u00e1ra az EDT d\u00f6nt. A program megsz\u00fcntet\u00e9s\u00e9t kezdem\u00e9nyezheti a programvezet\u0151. A program megsz\u00fcntet\u00e9s\u00e9t a Doktori Tagozat Tan\u00e1csa kezdem\u00e9nyezi, ha:\n<ol>\n<li>t\u00e9mavezet\u0151i nem v\u00e9geznek a t\u00e9mavezet\u0151i k\u00f6vetelm\u00e9nyekben el\u0151\u00edrt tudom\u00e1nyos tev\u00e9kenys\u00e9get, vagy<\/li>\n<li>3 \u00e9ven bel\u00fcl hallgat\u00f3t nem vettek fel, vagy<\/li>\n<li>3 \u00e9ven bel\u00fcl nem szerveztek eredm\u00e9nyes kurzust, vagy<\/li>\n<li>3 \u00e9ven bel\u00fcl nem volt eredm\u00e9nyes fokozatszerz\u0151 hallgat\u00f3juk &#8211; \u00faj program eset\u00e9n ez ut\u00f3bbi felt\u00e9tel el\u0151sz\u00f6r a 9. \u00e9v eltelt\u00e9vel \u00e9rt\u00e9kelhet\u0151.<\/li>\n<\/ol>\n<\/li>\n<li>A megsz\u0171n\u0151 doktori program t\u00e9mavezet\u0151i kezdem\u00e9nyezhetik csatlakoz\u00e1sukat m\u00e1s programhoz.<\/li>\n<\/ul>\n<div class=\"fontos_div\">\n<p><strong>35. \u00a7 [Doktori program alap\u00edt\u00e1sa]<\/strong><\/p>\n<\/div>\n<ul>\n<li>\u00daj program ind\u00edt\u00e1s\u00e1nak k\u00e9relm\u00e9t a doktori tagozat vezet\u0151je ny\u00fajthatja be az EDT eln\u00f6k\u00e9nek, aki v\u00e9lem\u00e9nyez\u00e9sre felk\u00e9ri az \u00e9rintett Doktori Tagozat Tan\u00e1cs\u00e1t, a VMB-t vagy az EDT tagjaib\u00f3l v\u00e1laszt szak\u00e9rt\u0151(ke)t. A v\u00e9lem\u00e9ny(ek) ismeret\u00e9ben a program ind\u00edt\u00e1s\u00e1r\u00f3l az EDT d\u00f6nt.<br \/>\n\u0170rlap: <a href=\"https:\/\/semmelweis.hu\/phd\/files\/2024\/05\/Javaslat_doktori_kepzesi_program_inditasara.pdf\">LET\u00d6LT\u00c9S<\/a><\/li>\n<\/ul>\n<ul>\n<li>\u00daj program alap\u00edt\u00e1s\u00e1nak felt\u00e9tele a tagozat vezet\u0151je \u00e1ltal kiadott befogad\u00f3 nyilatkozat. Ha a tagozat vezet\u0151je \u00faj program alap\u00edt\u00e1s\u00e1t javasolja az EDT-nek, akkor \u00edr\u00e1sban v\u00e1llalja annak felel\u0151ss\u00e9g\u00e9t, hogy az \u00faj program felfut\u00e1sa alatt a tagozat magyar \u00e1llami \u00f6szt\u00f6nd\u00edjas hallgat\u00f3i keret\u00e9b\u0151l a jelentkez\u00e9sek f\u00fcggv\u00e9ny\u00e9ben rendszeresen juttat magyar \u00e1llami \u00f6szt\u00f6nd\u00edjas hallgat\u00f3i helyet az \u00faj programba.<\/li>\n<\/ul>\n<ul>\n<li>\u00daj doktori k\u00e9pz\u00e9si program ind\u00edt\u00e1s\u00e1hoz meg kell adni a befogad\u00f3 tagozat nev\u00e9t, a befogad\u00f3 nyilatkozatot, a tervezett program elnevez\u00e9s\u00e9t, a k\u00e9pz\u00e9s szakmai v\u00e1zlat\u00e1t (1-2 oldal), a tervezett kurzus(oka)t, a program t\u00e9mavezet\u0151inek nev\u00e9t, a javasolt PhD kutat\u00e1si t\u00e9m\u00e1k c\u00edm\u00e9t \u00e9s a t\u00e9ma le\u00edr\u00e1s\u00e1t. Az Egyetemen m\u00e9g nem akkredit\u00e1lt t\u00e9mavezet\u0151kr\u0151l ki kell t\u00f6lteni a t\u00e9mavezet\u0151 akkredit\u00e1l\u00e1s\u00e1hoz sz\u00fcks\u00e9ges \u0171rlapokat \u00e9s be kell ny\u00fajtani a szakmai \u00f6n\u00e9letrajzot \u00e9s publik\u00e1ci\u00f3s list\u00e1t. A program befogad\u00e1sa mellett az egyes t\u00e9m\u00e1k csak a jelen Szab\u00e1lyzatban meghat\u00e1rozott t\u00e9ma-akkredit\u00e1ci\u00f3 ut\u00e1n hirdethet\u0151k meg.<\/li>\n<\/ul>\n<p><strong>Az \u00faj program tervezet\u00e9t r\u00f6vid programalap\u00edt\u00e1si tervben kell \u00f6sszefoglalni.<\/strong><\/p>\n<ul>\n<li>Egy tagozatban annyi program lehet, ah\u00e1nyat a k\u00e9pz\u00e9si ig\u00e9nyek \u00e9s az adott hallgat\u00f3i l\u00e9tsz\u00e1m indokolnak. Nem sz\u00fcks\u00e9ges, hogy minden szakter\u00fclet \u00f6n\u00e1ll\u00f3 k\u00e9pz\u00e9si programmal rendelkezzen. A k\u00e9pz\u00e9si programok nevei r\u00f6videk \u00e9s informat\u00edvak.<\/li>\n<\/ul>\n<ul>\n<li>\u00daj k\u00e9pz\u00e9si programot akkor lehet szervezni, ha a megl\u00e9v\u0151 programokban olyan nagysz\u00e1m\u00fa hallgat\u00f3 van, hogy a tagozat vezet\u0151je m\u00e1r nem tudja szervezeti v\u00e1ltoz\u00e1s \u00e9s \u00faj tagozati programvezet\u0151 bevon\u00e1sa n\u00e9lk\u00fcl kezelni \u00fcgyeiket. Az \u00faj programot a r\u00e9gebbi \u00e9s az \u00faj t\u00e9m\u00e1k csoportos\u00edt\u00e1s\u00e1val, jelent\u0151s tudom\u00e1nyos k\u00e9pz\u00e9si ig\u00e9ny kiel\u00e9g\u00edt\u00e9s\u00e9re kell l\u00e9trehozni.<\/li>\n<\/ul>\n<ul>\n<li>A program legal\u00e1bb 6 akt\u00edv tudom\u00e1nyos t\u00e9m\u00e1t \u00e9s t\u00e9mavezet\u0151t fog \u00f6ssze. \u00daj program szervez\u00e9sekor a m\u00e1s programban teljes\u00edtett hasonl\u00f3 tematik\u00e1j\u00fa t\u00e9mavezet\u00e9st meg kell sz\u00fcntetni, a feladatok kett\u0151z\u0151d\u00e9s\u00e9t meg kell el\u0151zni. Az \u00faj k\u00e9pz\u00e9si program t\u00e9mavezet\u0151i csak abban az esetben szerepelhetnek m\u00e1s programokban, amennyiben az egyes programokban akkredit\u00e1lt t\u00e9m\u00e1ik jelent\u0151sen k\u00fcl\u00f6nb\u00f6znek egym\u00e1st\u00f3l.<\/li>\n<\/ul>\n<ul>\n<li><strong>Az \u00faj program l\u00e9tes\u00edt\u00e9se vagy az \u00e1tszervez\u00e9s sor\u00e1n m\u00e1s tagozatba \u00e1tker\u00fclt t\u00e9mavezet\u0151 az eredeti tagozat\u00e1ban fejezheti be a vezet\u00e9se alatt tev\u00e9kenyked\u0151 hallgat\u00f3i felk\u00e9sz\u00edt\u00e9s\u00e9t.<\/strong> <strong>Ett\u0151l elt\u00e9r\u0151 meg\u00e1llapod\u00e1st az \u00e9rintett tagozatok vezet\u0151i az EDT eln\u00f6k\u00e9nek egyet\u00e9rt\u00e9se eset\u00e9n k\u00f6thetnek \u2013 gondosan figyelve a tagozat-keretsz\u00e1mok egyens\u00faly\u00e1ra.<\/strong><\/li>\n<li>A megsz\u0171nt program \u00fajraind\u00edt\u00e1sa \u00faj elj\u00e1r\u00e1s alapj\u00e1n lehets\u00e9ges.<\/li>\n<\/ul>\n<div class=\"fontos_div\">\n<p><strong>36. \u00a7 [Programvezet\u0151]<\/strong><\/p>\n<\/div>\n<p>Programvezet\u0151 a Doktori Iskola t\u00f6rzstagja lehet.\u00a0Feladatai:<\/p>\n<ul>\n<li>Felel\u0151s a program szakmai sz\u00ednvonal\u00e1\u00e9rt, biztos\u00edtja a programon bel\u00fcl a t\u00e9m\u00e1k k\u00f6z\u00f6tti \u00e9s a Doktori Tagozaton bel\u00fcl a programok k\u00f6z\u00f6tti szakmai kapcsolatokat<\/li>\n<li>Javaslatot tesz a Doktori Tagozatnak \u00faj t\u00e9m\u00e1k akkredit\u00e1l\u00e1s\u00e1ra, folyamatosan fel\u00fcgyeli a t\u00e9mavezet\u0151k tev\u00e9kenys\u00e9g\u00e9t \u00e9s a programhoz tartoz\u00f3 hallgat\u00f3k el\u0151rehalad\u00e1s\u00e1t, sz\u00fcks\u00e9g eset\u00e9n kezdem\u00e9nyezi t\u00e9m\u00e1k megsz\u00fcntet\u00e9s\u00e9t<\/li>\n<li>Javaslatot tesz a Doktori Tagozatnak a programon bel\u00fcli kurzusok szervez\u00e9s\u00e9re \u00e9s a programnak m\u00e1s kurzusokban val\u00f3 r\u00e9szv\u00e9tel\u00e9re<\/li>\n<li>Javaslatot tesz a Doktori Tagozatnak a programj\u00e1ba tartoz\u00f3 doktoranduszok \u00e1ltal v\u00e1laszthat\u00f3 komplex vizsga t\u00e1rgyaira, meghat\u00e1rozza azok pontos tananyag\u00e1t vizsgat\u00e9teleit, a felk\u00e9sz\u00fcl\u00e9shez aj\u00e1nlott szakirodalmat \u00e9s a t\u00e1rgy elsaj\u00e1t\u00edt\u00e1s\u00e1hoz aj\u00e1nlott kurzusok k\u00f6r\u00e9t<\/li>\n<li>Javaslatot tesz a Doktori Tagozat Tan\u00e1cs\u00e1nak a doktori szigorlat, valamint a komplex vizsga bizotts\u00e1gi tagjainak \u00e9s az \u00e9rtekez\u00e9st b\u00edr\u00e1l\u00f3 bizotts\u00e1gi tagok szem\u00e9ly\u00e9re<\/li>\n<li>Kezdem\u00e9nyezi \u00e9s megszervezi a doktorandusz \u00e9rtekez\u00e9s\u00e9nek munkahelyi vit\u00e1j\u00e1t.<\/li>\n<\/ul>\n<ol>\n<li style=\"list-style-type: none;\">\u00a0<\/li>\n<\/ol>\n<p>&nbsp;<\/p>\n<p>&nbsp;<\/p>\n","protected":false},"excerpt":{"rendered":"<p>Doktori program alap\u00edt\u00e1sa a Semmelweis Egyetem tudom\u00e1ny\u00e1gi doktori tagozatokban A k\u00e9pz\u00e9si programok \u00e1talak\u00edt\u00e1s\u00e1ra, vagy \u00faj doktori k\u00e9pz\u00e9si program alap\u00edt\u00e1s\u00e1ra a Doktori Szab\u00e1lyzat al\u00e1bbi rendelkez\u00e9sei alapj\u00e1n ker\u00fclhet sor. 34. \u00a7 [Doktori Program] A tudom\u00e1nyos k\u00e9pz\u00e9si doktori program (tov\u00e1bbiakban program) a Doktori Tagozat tudom\u00e1ny\u00e1g\u00e1nak\/kutat\u00e1si ter\u00fclet\u00e9nek egy olyan szak\u00e1g\u00e1ban kialak\u00edtott szervezeti forma, amely alkalmas arra, hogy a hallgat\u00f3t &hellip;<\/p>\n","protected":false},"author":158,"featured_media":0,"parent":6747,"menu_order":1,"comment_status":"closed","ping_status":"closed","template":"template-fullwidth.php","meta":{"_acf_changed":false,"footnotes":""},"categories":[],"tags":[],"class_list":["post-462","page","type-page","status-publish","hentry"],"acf":[],"_links":{"self":[{"href":"https:\/\/semmelweis.hu\/phd\/wp-json\/wp\/v2\/pages\/462","targetHints":{"allow":["GET"]}}],"collection":[{"href":"https:\/\/semmelweis.hu\/phd\/wp-json\/wp\/v2\/pages"}],"about":[{"href":"https:\/\/semmelweis.hu\/phd\/wp-json\/wp\/v2\/types\/page"}],"author":[{"embeddable":true,"href":"https:\/\/semmelweis.hu\/phd\/wp-json\/wp\/v2\/users\/158"}],"replies":[{"embeddable":true,"href":"https:\/\/semmelweis.hu\/phd\/wp-json\/wp\/v2\/comments?post=462"}],"version-history":[{"count":11,"href":"https:\/\/semmelweis.hu\/phd\/wp-json\/wp\/v2\/pages\/462\/revisions"}],"predecessor-version":[{"id":62899,"href":"https:\/\/semmelweis.hu\/phd\/wp-json\/wp\/v2\/pages\/462\/revisions\/62899"}],"up":[{"embeddable":true,"href":"https:\/\/semmelweis.hu\/phd\/wp-json\/wp\/v2\/pages\/6747"}],"wp:attachment":[{"href":"https:\/\/semmelweis.hu\/phd\/wp-json\/wp\/v2\/media?parent=462"}],"wp:term":[{"taxonomy":"category","embeddable":true,"href":"https:\/\/semmelweis.hu\/phd\/wp-json\/wp\/v2\/categories?post=462"},{"taxonomy":"post_tag","embeddable":true,"href":"https:\/\/semmelweis.hu\/phd\/wp-json\/wp\/v2\/tags?post=462"}],"curies":[{"name":"wp","href":"https:\/\/api.w.org\/{rel}","templated":true}]}}