{"id":410,"date":"2013-01-02T16:02:41","date_gmt":"2013-01-02T15:02:41","guid":{"rendered":"http:\/\/www.phd.sote.hu\/?page_id=410"},"modified":"2024-10-01T14:31:14","modified_gmt":"2024-10-01T12:31:14","slug":"vedesek-idopontjai","status":"publish","type":"page","link":"https:\/\/semmelweis.hu\/phd\/hallgatoknak\/vedesek-idopontjai\/","title":{"rendered":"V\u00e9d\u00e9sek id\u0151pontjai"},"content":{"rendered":"<div class=\"keretes w-100\">\n<p><strong>A doktori disszert\u00e1ci\u00f3 nyilv\u00e1nos v\u00e9d\u00e9s\u00e9nek c\u00e9lja a jel\u00f6lt tudom\u00e1nyos felk\u00e9sz\u00fclts\u00e9g\u00e9nek \u00e9s tev\u00e9kenys\u00e9g\u00e9nek \u00e9rt\u00e9kel\u00e9se, melyet bemutat az \u00e9rtekez\u00e9s\u00e9n, t\u00e9zisein \u00e9s publik\u00e1ci\u00f3in kereszt\u00fcl \u00edr\u00e1sban, valamint r\u00f6vid el\u0151ad\u00e1s form\u00e1j\u00e1ban.<\/strong><\/p>\n<p>Az \u00e9rt\u00e9kel\u00e9s kiterjed a tudom\u00e1nyos munka eredm\u00e9nyeire, arra, hogy ezt a jel\u00f6lt mennyire &#8222;birtokolja&#8221;, azaz milyen vil\u00e1gosan tudja megfogalmazni \u00edr\u00e1sban \u00e9s sz\u00f3ban a vizsg\u00e1latok c\u00e9lkit\u0171z\u00e9seit, a probl\u00e9m\u00e1kat, a megold\u00e1sukhoz vezet\u0151 utat, mennyire logikus a gondolkod\u00e1sa az eredm\u00e9nyek \u00e9rt\u00e9kel\u00e9s\u00e9ben, k\u00f6vetkeztet\u00e9seiben, esetleg a tov\u00e1bbi \u00fat kijel\u00f6l\u00e9s\u00e9ben. A v\u00e9d\u00e9s sor\u00e1n a k\u00e9rd\u00e9sekre adott v\u00e1laszok alkalmat adnak arra, hogy a jel\u00f6lt irodalmi \u00e9s metodikai felk\u00e9sz\u00fclts\u00e9g\u00e9t, kommunik\u00e1ci\u00f3s \u00e9s vitak\u00e9szs\u00e9g\u00e9t bemutassa.<\/p>\n<\/div>\n<div>\n<h2 style=\"padding-left: 40px;\">V\u00e9d\u00e9sek id\u0151pontjai<\/h2>\n<p style=\"padding-left: 40px;\">Az egyetemi v\u00e9d\u00e9sek adatb\u00e1zis\u00e1ban sz\u0171rhet\u0151, kereshet\u0151 inform\u00e1ci\u00f3k \u00e9rhet\u0151ek el a Semmelweis Egyetem Doktori Iskol\u00e1j\u00e1nak aktu\u00e1lis v\u00e9d\u00e9seir\u0151l. <em>A k\u00f6zelg\u0151 v\u00e9d\u00e9sek helysz\u00edn\u00e9r\u0151l \u00e9s id\u0151pontj\u00e1r\u00f3l a <a href=\"https:\/\/semmelweis.hu\/phd\/events\/\">V\u00e9d\u00e9s napt\u00e1rban<\/a> kaphat pontos inform\u00e1ci\u00f3t.\u00a0<\/em><\/p>\n<p style=\"padding-left: 40px;\"><a class=\"btn btn-secondary\" href=\"https:\/\/phd.semmelweis.hu\/public\/vedesek\" target=\"_blank\" rel=\"noopener\">egyetemi v\u00e9d\u00e9sek<\/a><\/p>\n<\/div>\n<hr \/>\n<p><span style=\"font-size: 12pt;\">Az Orsz\u00e1gos Doktori Tan\u00e1cs honlapj\u00e1n szint\u00e9n kaphat t\u00e1j\u00e9koztat\u00e1st a Ph.D. disszert\u00e1ci\u00f3k v\u00e9d\u00e9s\u00e9r\u0151l:<br \/>\n<a href=\"http:\/\/www.doktori.hu\/index.php?menuid=120\" target=\"_blank\" rel=\"noopener noreferrer\">http:\/\/www.doktori.hu\/index.php?menuid=120<\/a><\/span><\/p>\n","protected":false},"excerpt":{"rendered":"<p>A doktori disszert\u00e1ci\u00f3 nyilv\u00e1nos v\u00e9d\u00e9s\u00e9nek c\u00e9lja a jel\u00f6lt tudom\u00e1nyos felk\u00e9sz\u00fclts\u00e9g\u00e9nek \u00e9s tev\u00e9kenys\u00e9g\u00e9nek \u00e9rt\u00e9kel\u00e9se, melyet bemutat az \u00e9rtekez\u00e9s\u00e9n, t\u00e9zisein \u00e9s publik\u00e1ci\u00f3in kereszt\u00fcl \u00edr\u00e1sban, valamint r\u00f6vid el\u0151ad\u00e1s form\u00e1j\u00e1ban. Az \u00e9rt\u00e9kel\u00e9s kiterjed a tudom\u00e1nyos munka eredm\u00e9nyeire, arra, hogy ezt a jel\u00f6lt mennyire &#8222;birtokolja&#8221;, azaz milyen vil\u00e1gosan tudja megfogalmazni \u00edr\u00e1sban \u00e9s sz\u00f3ban a vizsg\u00e1latok c\u00e9lkit\u0171z\u00e9seit, a probl\u00e9m\u00e1kat, a megold\u00e1sukhoz &hellip;<\/p>\n","protected":false},"author":158,"featured_media":0,"parent":367,"menu_order":9,"comment_status":"closed","ping_status":"closed","template":"template-fullwidth.php","meta":{"_acf_changed":false,"footnotes":""},"categories":[],"tags":[],"class_list":["post-410","page","type-page","status-publish","hentry"],"acf":[],"_links":{"self":[{"href":"https:\/\/semmelweis.hu\/phd\/wp-json\/wp\/v2\/pages\/410","targetHints":{"allow":["GET"]}}],"collection":[{"href":"https:\/\/semmelweis.hu\/phd\/wp-json\/wp\/v2\/pages"}],"about":[{"href":"https:\/\/semmelweis.hu\/phd\/wp-json\/wp\/v2\/types\/page"}],"author":[{"embeddable":true,"href":"https:\/\/semmelweis.hu\/phd\/wp-json\/wp\/v2\/users\/158"}],"replies":[{"embeddable":true,"href":"https:\/\/semmelweis.hu\/phd\/wp-json\/wp\/v2\/comments?post=410"}],"version-history":[{"count":12,"href":"https:\/\/semmelweis.hu\/phd\/wp-json\/wp\/v2\/pages\/410\/revisions"}],"predecessor-version":[{"id":63007,"href":"https:\/\/semmelweis.hu\/phd\/wp-json\/wp\/v2\/pages\/410\/revisions\/63007"}],"up":[{"embeddable":true,"href":"https:\/\/semmelweis.hu\/phd\/wp-json\/wp\/v2\/pages\/367"}],"wp:attachment":[{"href":"https:\/\/semmelweis.hu\/phd\/wp-json\/wp\/v2\/media?parent=410"}],"wp:term":[{"taxonomy":"category","embeddable":true,"href":"https:\/\/semmelweis.hu\/phd\/wp-json\/wp\/v2\/categories?post=410"},{"taxonomy":"post_tag","embeddable":true,"href":"https:\/\/semmelweis.hu\/phd\/wp-json\/wp\/v2\/tags?post=410"}],"curies":[{"name":"wp","href":"https:\/\/api.w.org\/{rel}","templated":true}]}}