{"id":3974,"date":"2014-07-08T15:39:57","date_gmt":"2014-07-08T13:39:57","guid":{"rendered":"http:\/\/phd.semmelweis.hu\/?page_id=3974"},"modified":"2025-09-09T09:55:28","modified_gmt":"2025-09-09T07:55:28","slug":"kurzusvezetok","status":"publish","type":"page","link":"https:\/\/semmelweis.hu\/phd\/oktatoknak-2\/kurzusvezetok\/","title":{"rendered":"Kurzus akkredit\u00e1ci\u00f3s elj\u00e1r\u00e1s"},"content":{"rendered":"<p>Kurzus akkredit\u00e1l\u00e1s\u00e1hoz sz\u00fcks\u00e9g van a <strong>Kurzus adatlap<\/strong> kit\u00f6lt\u00e9s\u00e9hez Word form\u00e1tumban \u00e9s al\u00e1\u00edratva is, k\u00fcl\u00f6n\u00f6s tekintettel a tematika \u00f3r\u00e1kra lebontott le\u00edr\u00e1s\u00e1ra, illetve, ha van vend\u00e9g el\u0151ad\u00f3, felt\u00fcntet\u00e9s\u00e9re (\u00f6n\u00e9letrajz).<\/p>\n<ul>\n<li><a href=\"https:\/\/semmelweis.hu\/phd\/files\/2024\/08\/kurzus-adatlap-2025-v2.xlsx\">Kurzus adatlap<\/a><\/li>\n<\/ul>\n<h5>Csatoland\u00f3 dokumentumok:<\/h5>\n<ul>\n<li>egy szakmai \u00f6n\u00e9letrajzot,<\/li>\n<li>egy publik\u00e1ci\u00f3s jegyz\u00e9ket<\/li>\n<li>a tudom\u00e1ny\u00e1gi doktori tagozat vezet\u0151j\u00e9nek aj\u00e1nl\u00e1s\u00e1t,<\/li>\n<\/ul>\n<p>A dokumentumokat elektronikusan kell eljuttatni a <a href=\"mailto:kurzus@semmelweis.hu\">kurzus@semmelweis.hu<\/a> email c\u00edmre.<\/p>\n<div class=\"keretes w-100\">\n<p>A kurzus akkredit\u00e1ci\u00f3j\u00e1r\u00f3l az Oktat\u00e1si \u00e9s Kreditbizotts\u00e1g d\u00f6nt.<\/p>\n<p><strong>Az akkredit\u00e1lt kurzusok aktu\u00e1lis f\u00e9l\u00e9vre val\u00f3 bejelent\u00e9se a f\u00e9l\u00e9vet megel\u0151z\u0151 november 30., vagy \u00e1prilis 30.\u00a0<br \/>\n<\/strong>A bejelent\u00e9st a Tudom\u00e1ny\u00e1gi Doktori Tagozat adminisztr\u00e1tor\u00e1n\u00e1l kell megtenni.<\/p>\n<\/div>\n<p>&nbsp;<\/p>\n","protected":false},"excerpt":{"rendered":"<p>Kurzus akkredit\u00e1l\u00e1s\u00e1hoz sz\u00fcks\u00e9g van a Kurzus adatlap kit\u00f6lt\u00e9s\u00e9hez Word form\u00e1tumban \u00e9s al\u00e1\u00edratva is, k\u00fcl\u00f6n\u00f6s tekintettel a tematika \u00f3r\u00e1kra lebontott le\u00edr\u00e1s\u00e1ra, illetve, ha van vend\u00e9g el\u0151ad\u00f3, felt\u00fcntet\u00e9s\u00e9re (\u00f6n\u00e9letrajz). <a href=\"https:\/\/semmelweis.hu\/phd\/files\/2024\/08\/kurzus-adatlap-2025-v2.xlsx\">Kurzus adatlap<\/a> Csatoland\u00f3 dokumentumok: egy szakmai \u00f6n\u00e9letrajzot, egy publik\u00e1ci\u00f3s jegyz\u00e9ket a tudom\u00e1ny\u00e1gi doktori tagozat vezet\u0151j\u00e9nek aj\u00e1nl\u00e1s\u00e1t, A dokumentumokat elektronikusan kell eljuttatni a <a href=\"mailto:kurzus@semmelweis.hu\">kurzus@semmelweis.hu<\/a> email c\u00edmre. A kurzus akkredit\u00e1ci\u00f3j\u00e1r\u00f3l az Oktat\u00e1si \u00e9s &hellip;<\/p>\n","protected":false},"author":158,"featured_media":0,"parent":6747,"menu_order":4,"comment_status":"closed","ping_status":"closed","template":"template-fullwidth.php","meta":{"_acf_changed":false,"footnotes":""},"categories":[],"tags":[],"class_list":["post-3974","page","type-page","status-publish","hentry"],"acf":[],"_links":{"self":[{"href":"https:\/\/semmelweis.hu\/phd\/wp-json\/wp\/v2\/pages\/3974","targetHints":{"allow":["GET"]}}],"collection":[{"href":"https:\/\/semmelweis.hu\/phd\/wp-json\/wp\/v2\/pages"}],"about":[{"href":"https:\/\/semmelweis.hu\/phd\/wp-json\/wp\/v2\/types\/page"}],"author":[{"embeddable":true,"href":"https:\/\/semmelweis.hu\/phd\/wp-json\/wp\/v2\/users\/158"}],"replies":[{"embeddable":true,"href":"https:\/\/semmelweis.hu\/phd\/wp-json\/wp\/v2\/comments?post=3974"}],"version-history":[{"count":12,"href":"https:\/\/semmelweis.hu\/phd\/wp-json\/wp\/v2\/pages\/3974\/revisions"}],"predecessor-version":[{"id":65306,"href":"https:\/\/semmelweis.hu\/phd\/wp-json\/wp\/v2\/pages\/3974\/revisions\/65306"}],"up":[{"embeddable":true,"href":"https:\/\/semmelweis.hu\/phd\/wp-json\/wp\/v2\/pages\/6747"}],"wp:attachment":[{"href":"https:\/\/semmelweis.hu\/phd\/wp-json\/wp\/v2\/media?parent=3974"}],"wp:term":[{"taxonomy":"category","embeddable":true,"href":"https:\/\/semmelweis.hu\/phd\/wp-json\/wp\/v2\/categories?post=3974"},{"taxonomy":"post_tag","embeddable":true,"href":"https:\/\/semmelweis.hu\/phd\/wp-json\/wp\/v2\/tags?post=3974"}],"curies":[{"name":"wp","href":"https:\/\/api.w.org\/{rel}","templated":true}]}}