{"id":381,"date":"2013-01-02T15:31:37","date_gmt":"2013-01-02T14:31:37","guid":{"rendered":"http:\/\/www.phd.sote.hu\/?page_id=381"},"modified":"2024-10-18T10:10:56","modified_gmt":"2024-10-18T08:10:56","slug":"diakigazolvany","status":"publish","type":"page","link":"https:\/\/semmelweis.hu\/phd\/hallgatoknak\/hallgatoi-szolgaltatasok\/diakigazolvany\/","title":{"rendered":"Di\u00e1kigazolv\u00e1ny"},"content":{"rendered":"<h1>Di\u00e1kigazolv\u00e1ny Ig\u00e9nyl\u00e9s\u00e9nek L\u00e9p\u00e9sei<\/h1>\n<p>&nbsp;<\/p>\n<h3>NEK Adatlap Ig\u00e9nyl\u00e9se a Korm\u00e1nyablakban<\/h3>\n<p>A di\u00e1kigazolv\u00e1ny felt\u00e9tele az akt\u00edv hallgat\u00f3i jogviszony \u00e9s egy NEK adatlap megl\u00e9te. NEK adatlap ig\u00e9nyl\u00e9st a <strong><a href=\"https:\/\/kormanyhivatalok.hu\/kormanyablakok\">Korm\u00e1nyablakon<\/a> <\/strong>kereszt\u00fcl ig\u00e9nyelhet.<\/p>\n<p>&nbsp;<\/p>\n<h3>Di\u00e1kigazolv\u00e1ny Ig\u00e9nyl\u00e9s\u00e9nek Elind\u00edt\u00e1sa a Neptun Rendszeren kereszt\u00fcl<\/h3>\n<p>\u00a0A Neptun bejelentkez\u00e9s ut\u00e1n, az <strong>\u00dcgyint\u00e9z\u00e9s<\/strong>\u00a0alatt ki kell v\u00e1lasztani a <strong>Di\u00e1kigazolv\u00e1ny Ig\u00e9nyl\u00e9s<\/strong> men\u00fcpontot. Itt tudja elind\u00edtani a di\u00e1kigazolv\u00e1ny ig\u00e9nyl\u00e9s\u00e9nek folyamat\u00e1t.<img loading=\"lazy\" decoding=\"async\" class=\"aligncenter wp-image-18051 size-full\" src=\"https:\/\/semmelweis.hu\/phd\/files\/2024\/05\/ugyintezes_pelda.png\" alt=\"P\u00e9ldak\u00e9p a Di\u00e1kigazolv\u00e1ny ig\u00e9nyl\u00e9s men\u00fcpont el\u00e9r\u00e9s\u00e9hez\" width=\"233\" height=\"290\" \/><\/p>\n<p>&nbsp;<\/p>\n<p>Az oldalon bel\u00fcl az <strong>\u00faj felv\u00e9tel<\/strong> gombra kell kattintani<\/p>\n<p><img loading=\"lazy\" decoding=\"async\" class=\"aligncenter wp-image-18052\" src=\"https:\/\/semmelweis.hu\/phd\/files\/2024\/05\/Uj-felvetel_Pelda.png\" alt=\"\" width=\"412\" height=\"45\" \/><\/p>\n<p>&nbsp;<\/p>\n<p>A felugr\u00f3 ablakon bel\u00fcl a k\u00f6vetkez\u0151 mez\u0151ket kell kit\u00f6ltenie:<\/p>\n<p><img loading=\"lazy\" decoding=\"async\" class=\"aligncenter wp-image-18053 size-full\" src=\"https:\/\/semmelweis.hu\/phd\/files\/2024\/05\/Igenylolap_pelda2.png\" alt=\"\" width=\"605\" height=\"318\" srcset=\"https:\/\/semmelweis.hu\/phd\/files\/2024\/05\/Igenylolap_pelda2.png 605w, https:\/\/semmelweis.hu\/phd\/files\/2024\/05\/Igenylolap_pelda2-400x210.png 400w\" sizes=\"auto, (max-width: 605px) 100vw, 605px\" \/><\/p>\n<ul>\n<li><strong>NEK azonos\u00edt\u00f3:<\/strong> a NEK adatlapon tal\u00e1lhat\u00f3 azonos\u00edt\u00f3<\/li>\n<li><strong>Ig\u00e9ny t\u00edpusa:<\/strong> v\u00e1laszthat\u00f3 mez\u0151 Els\u0151 ig\u00e9nyl\u00e9s \/ Adatv\u00e1ltoz\u00e1s miatt \/ Elveszett \/ \u00daj ig\u00e9nyl\u00e9s t\u00e9ves adatok miatt \/ El\u0151z\u0151 di\u00e1kigazolv\u00e1ny s\u00e9r\u00fcl\u00e9se miatt<\/li>\n<li><strong>K\u00e9pz\u00e9s:<\/strong> t\u00f6bb k\u00e9pz\u00e9si sor eset\u00e9ben az \u00e9ppen aktu\u00e1lis akt\u00edv f\u00e9l\u00e9ven l\u00e9v\u0151 k\u00e9pz\u00e9si sort kell kiv\u00e1lasztani<\/li>\n<li><strong>C\u00edm:<\/strong> az \u00e1lland\u00f3 lakc\u00edmet kell kiv\u00e1lasztani<\/li>\n<\/ul>\n<div class=\"keretes w-100\">\n<h5>A M\u00e1sodlagos int\u00e9zm\u00e9ny mez\u0151k kit\u00f6lt\u00e9se csak akkor sz\u00fcks\u00e9ges, ha m\u00e1sik fels\u0151oktat\u00e1si int\u00e9zm\u00e9ny hallgat\u00f3ja is egyben! Ellenkez\u0151 esetben \u00fcresen kell hagyni a mez\u0151ket.<\/h5>\n<\/div>\n<hr \/>\n<h2>Ideiglenes di\u00e1kigazolv\u00e1ny ig\u00e9nyl\u00e9s<\/h2>\n<p>Ideiglenes di\u00e1kigazolv\u00e1ny a Doktori Hivatalban ig\u00e9nyelhet\u0151 \u00fcgyf\u00e9lfogad\u00e1si id\u0151ben, amennyiben a hallgat\u00f3 m\u00e1r rendelkezik \u00e9rv\u00e9nyes di\u00e1kigazolv\u00e1ny ig\u00e9nyl\u00e9ssel.<\/p>\n","protected":false},"excerpt":{"rendered":"<p>Di\u00e1kigazolv\u00e1ny Ig\u00e9nyl\u00e9s\u00e9nek L\u00e9p\u00e9sei &nbsp; NEK Adatlap Ig\u00e9nyl\u00e9se a Korm\u00e1nyablakban A di\u00e1kigazolv\u00e1ny felt\u00e9tele az akt\u00edv hallgat\u00f3i jogviszony \u00e9s egy NEK adatlap megl\u00e9te. NEK adatlap ig\u00e9nyl\u00e9st a <a href=\"https:\/\/kormanyhivatalok.hu\/kormanyablakok\">Korm\u00e1nyablakon<\/a> kereszt\u00fcl ig\u00e9nyelhet. &nbsp; Di\u00e1kigazolv\u00e1ny Ig\u00e9nyl\u00e9s\u00e9nek Elind\u00edt\u00e1sa a Neptun Rendszeren kereszt\u00fcl \u00a0A Neptun bejelentkez\u00e9s ut\u00e1n, az \u00dcgyint\u00e9z\u00e9s\u00a0alatt ki kell v\u00e1lasztani a Di\u00e1kigazolv\u00e1ny Ig\u00e9nyl\u00e9s men\u00fcpontot. Itt tudja elind\u00edtani a di\u00e1kigazolv\u00e1ny ig\u00e9nyl\u00e9s\u00e9nek folyamat\u00e1t. &hellip;<\/p>\n","protected":false},"author":158,"featured_media":0,"parent":14055,"menu_order":0,"comment_status":"open","ping_status":"closed","template":"template-fullwidth.php","meta":{"_acf_changed":false,"footnotes":""},"categories":[],"tags":[],"class_list":["post-381","page","type-page","status-publish","hentry"],"acf":[],"_links":{"self":[{"href":"https:\/\/semmelweis.hu\/phd\/wp-json\/wp\/v2\/pages\/381","targetHints":{"allow":["GET"]}}],"collection":[{"href":"https:\/\/semmelweis.hu\/phd\/wp-json\/wp\/v2\/pages"}],"about":[{"href":"https:\/\/semmelweis.hu\/phd\/wp-json\/wp\/v2\/types\/page"}],"author":[{"embeddable":true,"href":"https:\/\/semmelweis.hu\/phd\/wp-json\/wp\/v2\/users\/158"}],"replies":[{"embeddable":true,"href":"https:\/\/semmelweis.hu\/phd\/wp-json\/wp\/v2\/comments?post=381"}],"version-history":[{"count":10,"href":"https:\/\/semmelweis.hu\/phd\/wp-json\/wp\/v2\/pages\/381\/revisions"}],"predecessor-version":[{"id":18059,"href":"https:\/\/semmelweis.hu\/phd\/wp-json\/wp\/v2\/pages\/381\/revisions\/18059"}],"up":[{"embeddable":true,"href":"https:\/\/semmelweis.hu\/phd\/wp-json\/wp\/v2\/pages\/14055"}],"wp:attachment":[{"href":"https:\/\/semmelweis.hu\/phd\/wp-json\/wp\/v2\/media?parent=381"}],"wp:term":[{"taxonomy":"category","embeddable":true,"href":"https:\/\/semmelweis.hu\/phd\/wp-json\/wp\/v2\/categories?post=381"},{"taxonomy":"post_tag","embeddable":true,"href":"https:\/\/semmelweis.hu\/phd\/wp-json\/wp\/v2\/tags?post=381"}],"curies":[{"name":"wp","href":"https:\/\/api.w.org\/{rel}","templated":true}]}}