{"id":379,"date":"2013-01-02T15:30:01","date_gmt":"2013-01-02T14:30:01","guid":{"rendered":"http:\/\/www.phd.sote.hu\/?page_id=379"},"modified":"2026-01-06T08:54:42","modified_gmt":"2026-01-06T07:54:42","slug":"dijak","status":"publish","type":"page","link":"https:\/\/semmelweis.hu\/phd\/hallgatoknak\/dijak\/","title":{"rendered":"Elj\u00e1r\u00e1si d\u00edjak, \u00f6nk\u00f6lts\u00e9g, \u00e1llami \u00f6szt\u00f6nd\u00edj"},"content":{"rendered":"<div class=\"keretes w-100\">\n<h5>A d\u00edjak befizet\u00e9s\u00e9vel kapcsolatban keresse Gazdas\u00e1gi \u00fcgyint\u00e9z\u0151nket:<\/h5>\n<p>Baracsi M\u00f3nika<br \/>\nE-mail: <a href=\"mailto:titkarsag.digh@semmelweis.hu\">titkarsag.digh@semmelweis.hu<\/a><\/p>\n<p><strong>K\u00e9rj\u00fck, az e-mailben mindig adj\u00e1k meg a Neptun k\u00f3djukat!<\/strong><\/p>\n<\/div>\n<h4><strong>Elj\u00e1r\u00e1si d\u00edjak<\/strong><\/h4>\n<p><strong>Felv\u00e9teli elj\u00e1r\u00e1si d\u00edj: <\/strong><span style=\"font-size: 15.0pt\">9.000 Ft<\/span><\/p>\n<p><strong>P\u00f3tbeiratkoz\u00e1si d\u00edj: <\/strong>a teljes munkaid\u0151re meg\u00e1llap\u00edtott k\u00f6telez\u0151 munkab\u00e9r (minim\u00e1lb\u00e9r) 5 %-a (16.140 Ft)<br \/>\nFizet\u00e9si hat\u00e1rid\u0151: 4 nap<\/p>\n<p><strong>K\u00fcl\u00f6nelj\u00e1r\u00e1si d\u00edj (di\u00e1kigazolv\u00e1ny): <\/strong>5.500 Ft<\/p>\n<p><strong>K\u00fcl\u00f6nelj\u00e1r\u00e1si d\u00edj (t\u00e1rgylev\u00e9tel, t\u00e1rgyfelv\u00e9tel jelentkez\u00e9si id\u0151szakon t\u00fal): <\/strong>a teljes munkaid\u0151re meg\u00e1llap\u00edtott k\u00f6telez\u0151 munkab\u00e9r (minim\u00e1lb\u00e9r) 5 %-a (16.140 Ft)<\/p>\n<p><strong>K\u00fcl\u00f6nelj\u00e1r\u00e1si d\u00edj (21 napon bel\u00fcli v\u00e9d\u00e9s eset\u00e9n, Oklev\u00e9l m\u00e1sodlat kiad\u00e1s):\u00a0<\/strong>a teljes munkaid\u0151re meg\u00e1llap\u00edtott k\u00f6telez\u0151 munkab\u00e9r (minim\u00e1lb\u00e9r) 10%-a (32.280 Ft)<br \/>\nFizet\u00e9si hat\u00e1rid\u0151: 8 nap<\/p>\n<p><strong>Fokozatszerz\u00e9si d\u00edj (tanulm\u00e1nyaikat 2016.09.01. el\u0151tt megkezd\u0151k):<\/strong><span style=\"font-size: 15pt;font-weight: 400\"> 120.000 Ft<\/span><\/p>\n<p><strong>Disszert\u00e1ci\u00f3s elj\u00e1r\u00e1si d\u00edj (tanulm\u00e1nyaikat 2016.09.01. ut\u00e1n megkezd\u0151k):<\/strong><\/p>\n<ul>\n<li style=\"background: white\"><span style=\"font-size: 15.0pt\">k\u00e9pz\u00e9sben r\u00e9szt vett fokozatszerz\u0151k: 120.000 Ft<\/span><\/li>\n<li style=\"background: white\"><span style=\"font-size: 15.0pt\">k\u00e9pz\u00e9s n\u00e9lk\u00fcli felk\u00e9sz\u00fcl\u0151k: 200.000 Ft \/ Semmelweis Egyetem alkalmazottai: 120.000 Ft<\/span><\/li>\n<\/ul>\n<h4><strong>\u00c1llamilag finansz\u00edrozott k\u00e9pz\u00e9s \u00e9s \u00e1llami \u00f6szt\u00f6nd\u00edj<\/strong><\/h4>\n<p>Amennyiben a Doktori Iskola a jelentkez\u0151t a felv\u00e9teli vizsg\u00e1ja sor\u00e1n el\u00e9rt eredm\u00e9nye alapj\u00e1n \u00e1llamilag finansz\u00edrozott nappali k\u00e9pz\u00e9sre veszi fel, \u00fagy a hallgat\u00f3 sz\u00e1m\u00e1ra a k\u00e9pz\u00e9s ingyenes, emellett pedig havi \u00f6szt\u00f6nd\u00edjban r\u00e9szes\u00fcl. <strong>A doktorandusz legfeljebb 48 h\u00f3napig r\u00e9szes\u00fclhet magyar \u00e1llami \u00f6szt\u00f6nd\u00edjban.<\/strong> Az \u00f6szt\u00f6nd\u00edj \u00f6sszege k\u00e9pz\u00e9si \u00e9s kutat\u00e1si, valamint a kutat\u00e1si \u00e9s disszert\u00e1ci\u00f3s szakaszban elt\u00e9r\u0151, \u00f6sszeg\u00e9t a mindenkor hat\u00e1lyos Nemzeti fels\u0151oktat\u00e1si t\u00f6rv\u00e9ny hat\u00e1rozza meg.\u00a0<\/p>\n<h5>Magyar \u00e9s EU \u00e1llampolg\u00e1rok sz\u00e1m\u00e1ra adhat\u00f3 \u00f6sszegek:<\/h5>\n<ul>\n<li>1-4. f\u00e9l\u00e9vben 140.000 Ft\/h\u00f3<\/li>\n<li>5-8. f\u00e9l\u00e9vben 180.000 Ft\/h\u00f3<\/li>\n<\/ul>\n<p><a href=\"https:\/\/semmelweis.hu\/phd\/hallgatoknak\/doktori-iskola-palyazati-naptar\/\">Tov\u00e1bbi \u00f6szt\u00f6nd\u00edjak \u2192<\/a><\/p>\n<p>K\u00e9rj\u00fck a hallgat\u00f3kat, hogy fokozattan figyeljenek, hogy <strong>az adataik mindig naprak\u00e9szen legyenek r\u00f6gz\u00edtve a Neptunban<\/strong>! K\u00fcl\u00f6n\u00f6sen fontos a <strong>banksz\u00e1mla adataik<\/strong> id\u0151ben t\u00f6rt\u00e9n\u0151 friss\u00edt\u00e9se, mivel az \u00f6szt\u00f6nd\u00edjak elutal\u00e1sa ut\u00e1n az Egyetemnek m\u00e1r nem \u00e1ll m\u00f3dj\u00e1ban visszah\u00edvni az utal\u00e1st.<\/p>\n<p>Legyenek kedvesek <strong>az adatm\u00f3dos\u00edt\u00e1si k\u00e9rv\u00e9ny Neptunban t\u00f6rt\u00e9n\u0151 beny\u00fajt\u00e1s\u00e1t k\u00f6vet\u0151en<\/strong> \u00e9rtes\u00edteni a Doktori Hivatal, illetve a Doktori Iskola Gazdas\u00e1gi Hivatala munkat\u00e1rsait a beadott k\u00e9rv\u00e9nyr\u0151l, mivel a Neptun nem k\u00fcld \u00e9rtes\u00edt\u00e9st err\u0151l a munkat\u00e1rsak sz\u00e1m\u00e1ra.<\/p>\n<h4><strong>\u00d6nk\u00f6lts\u00e9g PHD \u00c9S MD-PHD k\u00c9PZ\u00c9SBEN<\/strong><\/h4>\n<p>Minimum 97.500 Ft &#8211; maximum 487.500 Ft<\/p>\n<h5>Az \u00f6nk\u00f6lts\u00e9g cs\u00f6kkent\u00e9se:<\/h5>\n<p>Az \u00f6nk\u00f6lts\u00e9ges k\u00e9pz\u00e9sben r\u00e9szt vev\u0151 hallgat\u00f3 \u00f6nk\u00f6lts\u00e9g fizet\u00e9s\u00e9nek t\u00e1mogat\u00e1s\u00e1val kapcsolatban meg\u00e1llapod\u00e1s k\u00f6thet\u0151 a hallgat\u00f3, a t\u00e9mavezet\u0151je, valamint munk\u00e1ltat\u00f3ik k\u00f6z\u00f6tt.\u00a0Az \u00f6nk\u00f6lts\u00e9g \u00f6sszege maximum 80%-kal cs\u00f6kkenthet\u0151, a fizetend\u0151 \u00f6nk\u00f6lts\u00e9g 20%-a Doktori Iskol\u00e1t illeti.<\/p>\n<p>Amennyiben a hallgat\u00f3 \u00e1ltal fizetett \u00f6nk\u00f6lts\u00e9g \u00f6sszege meghaladja a 20%-ot, a Doktori Iskola a 20% feletti r\u00e9szt a hallgat\u00f3 kutat\u00f3munk\u00e1j\u00e1hoz sz\u00fcks\u00e9ges dologi felhaszn\u00e1l\u00e1s c\u00e9lj\u00e1ra biztos\u00edtja. A meg\u00e1llapod\u00e1s alapj\u00e1n a hallgat\u00f3 v\u00e1llalja, hogy eleget tesz tanulm\u00e1nyi \u00e9s vizsgak\u00f6telezetts\u00e9geinek, teljes\u00edti feladatait, a t\u00e9mavezet\u0151 pedig v\u00e1llalja, hogy a hallgat\u00f3 munk\u00e1j\u00e1t ir\u00e1ny\u00edtja, valamint a k\u00e9pz\u00e9s sor\u00e1n a mindenkori f\u00e9l\u00e9ves \u00f6nk\u00f6lts\u00e9gnek a meg\u00e1llapod\u00e1sban meghat\u00e1rozott \u00f6sszeg\u00e9nek rendelkez\u00e9sre \u00e1ll\u00e1s\u00e1t a k\u00e9pz\u00e9shez sz\u00fcks\u00e9ges t\u00e1rgyi \u00e9s kutat\u00e1si felt\u00e9telek form\u00e1j\u00e1ban biztos\u00edtja. Amennyiben a hallgat\u00f3 k\u00e9pz\u00e9si k\u00f6telezetts\u00e9geinek nem tesz eleget, a ny\u00fajtott t\u00e1mogat\u00e1s \u00f6sszeg\u00e9t megt\u00e9r\u00edteni k\u00f6teles.<\/p>\n<p>Az \u00f6nk\u00f6lts\u00e9g cs\u00f6kkent\u00e9s\u00e9nek felt\u00e9tele az <em><strong>Egy\u00fcttm\u0171k\u00f6d\u00e9si meg\u00e1llapod\u00e1s<\/strong><\/em> formanyomtatv\u00e1ny beny\u00fajt\u00e1sa az 1. f\u00e9l\u00e9vre t\u00f6rt\u00e9n\u0151 beiratkoz\u00e1skor<\/p>\n<ul>\n<li>\n<p><a href=\"https:\/\/semmelweis.hu\/phd\/files\/2023\/08\/haromoldalu-megallapodas.doc\">Egy\u00fcttm\u0171k\u00f6d\u00e9si meg\u00e1llapod\u00e1s formanyomtatv\u00e1ny<\/a><\/p>\n<\/li>\n<li style=\"background: white\">\n<p><a href=\"https:\/\/semmelweis.hu\/phd\/files\/2023\/09\/ONKOLTSEGES-HALLGATO-TEENDOI.docx\">Az \u00f6nk\u00f6lts\u00e9ges hallgat\u00f3k teend\u0151i<\/a><\/p>\n<\/li>\n<\/ul>\n<h4><strong>Tov\u00e1bbi \u00f6szt\u00f6nd\u00edjak \u00e9s p\u00e1ly\u00e1zatok<\/strong><\/h4>\n<p><a href=\"https:\/\/semmelweis.hu\/phd\/hallgatoknak\/doktori-iskola-palyazati-naptar\/\">\u00d6szt\u00f6nd\u00edjak, p\u00e1ly\u00e1zatok \u2192<\/a><\/p>\n<h4><strong>\u00d6nk\u00f6lts\u00e9ges MD-PhD k\u00e9pz\u00e9s Semmelweis Doktori \u00d6szt\u00f6nd\u00edjjal T\u00c1MOGATVA (NULL\u00c1S \u00d6NK\u00d6LTS\u00c9GES)<\/strong><\/h4>\n<p>A Doktori Iskola a MD-PHD k\u00e9pz\u00e9sben r\u00e9sztvev\u0151 doktoranduszt az \u00f6nk\u00f6lts\u00e9g \u00f6sszeg\u00e9vel megegyez\u0151 Semmelweis Doktori \u00d6szt\u00f6nd\u00edjban r\u00e9szes\u00edtheti. T\u00e9nyleges \u00f6nk\u00f6lts\u00e9g befizet\u00e9s a doktorandusznak nem kell teljes\u00edtenie, valamint Semmelweis Doktori \u00f6szt\u00f6nd\u00edj kifizet\u00e9se a doktorandusz r\u00e9sz\u00e9re nem t\u00f6rt\u00e9nik.<\/p>\n","protected":false},"excerpt":{"rendered":"<p>A d\u00edjak befizet\u00e9s\u00e9vel kapcsolatban keresse Gazdas\u00e1gi \u00fcgyint\u00e9z\u0151nket: Baracsi M\u00f3nika E-mail: <a href=\"mailto:titkarsag.digh@semmelweis.hu\">titkarsag.digh@semmelweis.hu<\/a> K\u00e9rj\u00fck, az e-mailben mindig adj\u00e1k meg a Neptun k\u00f3djukat! Elj\u00e1r\u00e1si d\u00edjak Felv\u00e9teli elj\u00e1r\u00e1si d\u00edj: 9.000 Ft P\u00f3tbeiratkoz\u00e1si d\u00edj: a teljes munkaid\u0151re meg\u00e1llap\u00edtott k\u00f6telez\u0151 munkab\u00e9r (minim\u00e1lb\u00e9r) 5 %-a (16.140 Ft) Fizet\u00e9si hat\u00e1rid\u0151: 4 nap K\u00fcl\u00f6nelj\u00e1r\u00e1si d\u00edj (di\u00e1kigazolv\u00e1ny): 5.500 Ft K\u00fcl\u00f6nelj\u00e1r\u00e1si d\u00edj (t\u00e1rgylev\u00e9tel, t\u00e1rgyfelv\u00e9tel jelentkez\u00e9si id\u0151szakon t\u00fal): &hellip;<\/p>\n","protected":false},"author":158,"featured_media":0,"parent":367,"menu_order":2,"comment_status":"closed","ping_status":"closed","template":"template-fullwidth.php","meta":{"_acf_changed":false,"footnotes":""},"categories":[1],"tags":[],"class_list":["post-379","page","type-page","status-publish","hentry","category-hirek"],"acf":[],"_links":{"self":[{"href":"https:\/\/semmelweis.hu\/phd\/wp-json\/wp\/v2\/pages\/379","targetHints":{"allow":["GET"]}}],"collection":[{"href":"https:\/\/semmelweis.hu\/phd\/wp-json\/wp\/v2\/pages"}],"about":[{"href":"https:\/\/semmelweis.hu\/phd\/wp-json\/wp\/v2\/types\/page"}],"author":[{"embeddable":true,"href":"https:\/\/semmelweis.hu\/phd\/wp-json\/wp\/v2\/users\/158"}],"replies":[{"embeddable":true,"href":"https:\/\/semmelweis.hu\/phd\/wp-json\/wp\/v2\/comments?post=379"}],"version-history":[{"count":12,"href":"https:\/\/semmelweis.hu\/phd\/wp-json\/wp\/v2\/pages\/379\/revisions"}],"predecessor-version":[{"id":65841,"href":"https:\/\/semmelweis.hu\/phd\/wp-json\/wp\/v2\/pages\/379\/revisions\/65841"}],"up":[{"embeddable":true,"href":"https:\/\/semmelweis.hu\/phd\/wp-json\/wp\/v2\/pages\/367"}],"wp:attachment":[{"href":"https:\/\/semmelweis.hu\/phd\/wp-json\/wp\/v2\/media?parent=379"}],"wp:term":[{"taxonomy":"category","embeddable":true,"href":"https:\/\/semmelweis.hu\/phd\/wp-json\/wp\/v2\/categories?post=379"},{"taxonomy":"post_tag","embeddable":true,"href":"https:\/\/semmelweis.hu\/phd\/wp-json\/wp\/v2\/tags?post=379"}],"curies":[{"name":"wp","href":"https:\/\/api.w.org\/{rel}","templated":true}]}}