{"id":230,"date":"2013-01-02T12:58:45","date_gmt":"2013-01-02T11:58:45","guid":{"rendered":"http:\/\/www.phd.sote.hu\/?page_id=230"},"modified":"2024-09-26T17:47:31","modified_gmt":"2024-09-26T15:47:31","slug":"molekularis-orvostudomanyok-multidiszciplinaris-orvostudomanyok","status":"publish","type":"page","link":"https:\/\/semmelweis.hu\/phd\/rolunk\/doktori-iskolak-2023-augusztus-31-elott\/molekularis-orvostudomanyok-multidiszciplinaris-orvostudomanyok\/","title":{"rendered":"Molekul\u00e1ris orvostudom\u00e1nyok Doktori Iskola"},"content":{"rendered":"<div class=\"keretes w-100\">\n<p><strong><span style=\"color: #ff6600;\">Figyelem!<\/span> 2023. augusztus 31-\u00e9n a kor\u00e1bbi doktori iskol\u00e1kban megsz\u0171nt a k\u00e9pz\u00e9s \u00e9s l\u00e9trej\u00f6tt a k\u00f6z\u00f6s Semmelweis Egyetem Doktori Iskola, ahol a kor\u00e1bbi doktori iskol\u00e1k \u00f6sszevon\u00e1s\u00e1val \u2013 <a href=\"https:\/\/semmelweis.hu\/phd\/doktori-tagozatok\/\">11 tagozatban<\/a> folynak a doktori programok.<\/strong><\/p>\n<\/div>\n<div class=\"responsive-tabs\">\n<h2 class=\"tabtitle\">Ismertet\u0151<\/h2>\n<div class=\"tabcontent responsive-tabs__panel--active\">\n\n<p><strong>Vezet\u0151:<br \/>\n<\/strong><\/p>\n<div dir=\"ltr\">\n<div>\n<div><strong>Dr. Enyedi P\u00e9ter<\/strong><\/div>\n<\/div>\n<\/div>\n<p>\n\u00c9lettani\u00a0Int\u00e9zet<br \/>\n<strong>Telefon:<\/strong> +36 1 459-15-00\/<strong>\u00a0<\/strong> 60431<\/p>\n<p align=\"justify\"><strong>Doktori iskola\u00a0 tanulm\u00e1nyi adminisztr\u00e1tora:<br \/>\n<\/strong><b>Sonnevend Kinga<br \/>\n<\/b>06-20-8259640<\/p>\n<p align=\"justify\"><strong>Titk\u00e1r:<br \/>\nDr. Ella Krisztina<\/strong><br \/>\n\u00c9lettani Int\u00e9zet<br \/>\n<strong>Telefon:<\/strong> +36 1 459-15-00 \/ 60459 mell\u00e9k<\/p>\n<table style=\"width: 700px; height: 102px; border: 0px solid #ffffff;\" border=\"0\" cellspacing=\"0\" cellpadding=\"8\">\n<tbody>\n<tr>\n<td style=\"background-color: #499fd4;\" colspan=\"2\"><span style=\"color: #ffffff;\"><strong>Programok<\/strong><\/span><\/td>\n<td style=\"background-color: #499fd4;\"><span style=\"color: #ffffff;\"> <strong>Programvezet\u0151<\/strong><\/span><\/td>\n<\/tr>\n<tr style=\"background-color: #fafafa;\">\n<td style=\"background-color: #fbfbfb;\" colspan=\"2\">01. Cellul\u00e1ris \u00e9s molekul\u00e1ris \u00e9lettan<\/td>\n<td style=\"background-color: #fbfbfb;\">Dr. Hunyady L\u00e1szl\u00f3<\/td>\n<\/tr>\n<tr style=\"background-color: #f4f4f4;\">\n<td style=\"background-color: #f4f4f4;\" colspan=\"2\">02. Patobiok\u00e9mia<\/td>\n<td style=\"background-color: #f4f4f4;\">Dr. Csala Mikl\u00f3s<\/td>\n<\/tr>\n<tr style=\"background-color: #fafafa;\">\n<td style=\"background-color: #fbfbfb;\" colspan=\"2\">03. Embriol\u00f3gia, elm\u00e9leti, k\u00eds\u00e9rletes \u00e9s klinikai fejl\u0151d\u00e9sbiol\u00f3gia<\/td>\n<td style=\"background-color: #fbfbfb;\">Dr. Nagy N\u00e1ndor<\/td>\n<\/tr>\n<tr style=\"background-color: #fafafa;\">\n<td style=\"background-color: #f4f4f4;\" colspan=\"2\">04. A hum\u00e1n molekul\u00e1ris genetika \u00e9s a g\u00e9ndiagnosztika alapjai<\/td>\n<td style=\"background-color: #f4f4f4;\">Dr. Szalai Csaba<\/td>\n<\/tr>\n<tr style=\"background-color: #fafafa;\">\n<td style=\"background-color: #fbfbfb;\" colspan=\"2\">05. Elm\u00e9leti \u00e9s klinikai immunol\u00f3gia<\/td>\n<td style=\"background-color: #fbfbfb;\">Dr. M\u00f3csai Attila<\/td>\n<\/tr>\n<\/tbody>\n<\/table>\n<p>&nbsp;<\/p>\n<div dir=\"ltr\">\n<div><a href=\"https:\/\/semmelweis.hu\/phd\/doktori-iskolak\/molekularis-orvostudomanyok-multidiszciplinaris-orvostudomanyok\/oktatok-temakiirok-temavezetok\/\">Oktat\u00f3k, t\u00e9maki\u00edr\u00f3k, t\u00e9mavezet\u0151k<\/a> <br \/>\n<a href=\"https:\/\/semmelweis.hu\/phd\/doktori-iskolak\/molekularis-orvostudomanyok-multidiszciplinaris-orvostudomanyok\/torzstagok-torzstag-emeritusok\/\">T\u00f6rzstagok, t\u00f6rzstag emeritusok<\/a> <br \/>\n<a href=\"https:\/\/semmelweis.hu\/phd\/doktori-iskolak\/molekularis-orvostudomanyok-multidiszciplinaris-orvostudomanyok\/egyuttmukodesi-megallapodasok\/\">Egy\u00fcttm\u0171k\u00f6d\u00e9si meg\u00e1llapod\u00e1sok<\/a><br \/>\n<a href=\"https:\/\/semmelweis.hu\/phd\/doktori-iskolak\/molekularis-orvostudomanyok-multidiszciplinaris-orvostudomanyok\/aktivitasok-kapcsolatok\/\">Aktivit\u00e1sok, kapcsolatok<\/a><\/div>\n<div>\u00a0<\/div>\n<\/div>\n<p><strong>A Tudom\u00e1ny\u00e1gi Doktori Iskola oktat\u00e1si \u00e9s kutat\u00e1si programj\u00e1nak szerkezete \u00e9s f\u0151bb saj\u00e1ts\u00e1gai<\/strong><\/p>\n<p>Az \u00f6t program szervesen kapcsol\u00f3dik egym\u00e1shoz, \u00edgy az iskola molekul\u00e1ris, fiziol\u00f3giai, morfol\u00f3giai szeml\u00e9letet egyar\u00e1nt t\u00fckr\u00f6z. K\u00fcl\u00f6nlegess\u00e9ge, hogy az alapkutat\u00e1sokat klinikai szeml\u00e9lettel p\u00e1ros\u00edtja: \u201eA probl\u00e9m\u00e1k a beteg\u00e1gyt\u00f3l indulnak\u201d.<\/p>\n<p>A magyar orvostudom\u00e1ny hagyom\u00e1nyainak megfelel\u0151en k\u00fcl\u00f6n\u00f6sen er\u0151sek az immunol\u00f3giai vonatkoz\u00e1sok, mind klinikai, mind elm\u00e9leti \u00e9rtelemben. A Molekul\u00e1ris Orvostudom\u00e1nyok Tudom\u00e1ny\u00e1gi Doktori Iskola mind az orvosbiol\u00f3giai elm\u00e9leti kutat\u00e1sok, mind a klinikai kutat\u00e1sok ter\u00e9n p\u00e1lyakezd\u0151 kutat\u00f3k v\u00e9gz\u00e9s ut\u00e1ni alapk\u00e9pz\u00e9s\u00e9t szolg\u00e1lja.<\/p>\n<p>A doktori iskola c\u00e9lja kett\u0151s: r\u00e9szben \u00e1ttekint\u00e9st ad a k\u00fcl\u00f6nb\u00f6z\u0151 k\u00f3ros \u00e1llapotok etiol\u00f3gi\u00e1ja, patogenezise, valamint a befoly\u00e1sol\u00e1s lehet\u0151s\u00e9gei molekul\u00e1ris szint\u0171 megismer\u00e9s\u00e9nek m\u00f3djair\u00f3l \u00e9s es\u00e9lyeir\u0151l, r\u00e9szben a patol\u00f3gia igen fontos ter\u00fcleteinek r\u00e9szletesebb megismer\u00e9s\u00e9t k\u00edv\u00e1nja biztos\u00edtani. Az orvosbiol\u00f3giai kutat\u00e1sok egyik hi\u00e1nyoss\u00e1ga Magyarorsz\u00e1gon, hogy nem megfelel\u0151 a kapcsolat az elm\u00e9leti \u00e9s a klinikai kutat\u00e1sok k\u00f6z\u00f6tt. Az elm\u00e9leti kutat\u00e1sok probl\u00e9ma felvet\u00e9se t\u00fals\u00e1gosan messze ker\u00fcl a \u201ebeteg\u00e1gyt\u00f3l\u201d, ugyanakkor a klinikai kutat\u00e1sokkal foglalkoz\u00f3k m\u00f3dszertani k\u00e9pzetts\u00e9ge \u00e9s elm\u00e9leti felk\u00e9sz\u00fclts\u00e9ge gyakran nem elegend\u0151. Ez\u00e9rt t\u00f6bb t\u00e9m\u00e1ja az alkalmazott elm\u00e9leti ismeretanyagon k\u00edv\u00fcl klinikai kutat\u00e1si ter\u00fclettel is foglalkozik.<br \/>\nValamennyi program k\u00fcl\u00f6nb\u00f6z\u0151 ind\u00edttat\u00e1ssal a molekul\u00e1ris biol\u00f3giai szeml\u00e9let szellem\u00e9ben fogant. Oktat\u00e1si szerkezet\u00e9t az \u00e1ltal\u00e1nos vonatkoz\u00e1s\u00fa programokra \u00e9p\u00fcl\u0151 specifikus, az oktat\u00e1sban r\u00e9szt vev\u0151 kutat\u00f3k \u00e9rdekl\u0151d\u00e9s\u00e9t t\u00fckr\u00f6z\u0151 t\u00e9m\u00e1k adj\u00e1k. Az \u00e1ltal\u00e1nos vonatkoz\u00e1s\u00fa t\u00e9m\u00e1k \u00e9s kurzusok biztos\u00edtj\u00e1k a kutat\u00f3i l\u00e9thez sz\u00fcks\u00e9ges ismeretanyag, m\u00f3dszertan, etikai vonatkoz\u00e1sok elsaj\u00e1t\u00edt\u00e1s\u00e1t. Az erre \u00e9p\u00fcl\u0151 speci\u00e1lis kurzusok t\u00fckr\u00f6zik mind a hazai n\u00e9peg\u00e9szs\u00e9g\u00fcgyi \u00e1llapotokat, mind a tudom\u00e1ny fejl\u0151d\u00e9s\u00e9b\u0151l k\u00f6vetkez\u0151 leg\u00fajabb trendeket.<\/p>\n<p>A tudom\u00e1ny\u00e1gi doktori iskola kurzusvezet\u0151i legal\u00e1bb h\u00e1rom \u00e9venk\u00e9nt t\u00e9m\u00e1ikkal kapcsolatos kurzusokat rendeznek, hogy minden doktoranduszoknak lehet\u0151s\u00e9ge legyen a kurzus elv\u00e9gz\u00e9s\u00e9re. A Molekul\u00e1ris Orvostudom\u00e1nyok Tudom\u00e1ny\u00e1gi Doktori Iskola vezet\u00e9se \u00e9ppen ez\u00e9rt fontosnak tartotta ezzel a szakter\u00fclettel foglalkoz\u00f3 kurzusok palett\u00e1j\u00e1nak sz\u00e9les\u00edt\u00e9s\u00e9t, a m\u00e1r elind\u00edtott kurzusai mellett, illetve helyett \u00faj molekul\u00e1ris biol\u00f3gi\u00e1val kapcsolatos kurzusokat vezetett be. Az Iskola nemzetk\u00f6zileg elismert kutat\u00f3i szervez\u00e9s\u00e9ben ind\u00edtott kurzusok lehet\u0151s\u00e9get ny\u00fajtanak a hallgat\u00f3knak a molekul\u00e1ris biol\u00f3giai alapismeretek elsaj\u00e1t\u00edt\u00e1s\u00e1ra \u00e9s ezt k\u00f6vet\u0151en a tudom\u00e1ny\u00e1g r\u00e9szleteinek megismer\u00e9s\u00e9re, hogy majd a kurzusokon szerzett ismeretanyagot saj\u00e1t kutat\u00e1si ter\u00fclet\u00fck\u00f6n hasznos\u00edthass\u00e1k.<\/p>\n<p>A Molekul\u00e1ris Orvostudom\u00e1nyok Tudom\u00e1ny\u00e1gi Doktori Iskola oktat\u00e1si programj\u00e1nak jelent\u0151s\u00e9g\u00e9t az is al\u00e1t\u00e1masztja, hogy sz\u00e1mos eredeti kurzusunkat min\u0151s\u00edtett a Semmelweis Egyetem Doktori Iskol\u00e1ja k\u00f6telez\u0151en v\u00e1laszthat\u00f3 kurzuss\u00e1. A k\u00f6telez\u0151en v\u00e1laszthat\u00f3 kurzusok biztos\u00edtj\u00e1k, hogy a hallgat\u00f3k csak megfelel\u0151 irodalmi \u00e9s metodikai j\u00e1rtass\u00e1g megszerz\u00e9s\u00e9t k\u00f6vet\u0151en aspir\u00e1lhassanak doktori c\u00edm megszerz\u00e9s\u00e9re.<\/p>\n\n<\/div><h2 class=\"tabtitle\">T\u00e1j\u00e9koztat\u00f3k<\/h2>\n<div class=\"tabcontent\">\n\n<p>K\u00e9pz\u00e9s, vizsg\u00e1ztat\u00e1s \u00e9s fokozatszerz\u00e9s: <a href=\"https:\/\/semmelweis.hu\/phd\/files\/2022\/05\/komplex-vizsga-Molekularis-Orvostudomanyok-Doktori-Iskola-honlapra.docx\">Let\u00f6lt\u00e9s<\/a><\/p>\n<p>Szigorlati k\u00e9rd\u00e9sek 7-1:<a href=\"https:\/\/semmelweis.hu\/phd\/files\/2017\/11\/7-1-szigorlati-k%C3%A9rd%C3%A9sek.doc\" target=\"_blank\" rel=\"noopener noreferrer\">\u00a0A \u201eCellul\u00e1ris \u00e9s Molekul\u00e1ris \u00c9lettan\u201d program szigorlati t\u00e1rgyainak tematik\u00e1ja<\/a><\/p>\n<p>Szigorlati k\u00e9rd\u00e9sek 7-2:\u00a0<a href=\"https:\/\/semmelweis.hu\/phd\/files\/2017\/11\/7-2-szigorlati-k%C3%A9rd%C3%A9sek.docx\" target=\"_blank\" rel=\"noopener noreferrer\">A \u201ePathobiok\u00e9mia\u201d program szigorlati t\u00e1rgyainak tematik\u00e1ja<\/a><\/p>\n<p>Szigorlati k\u00e9rd\u00e9sek 7-3:\u00a0<a href=\"https:\/\/semmelweis.hu\/phd\/files\/2017\/11\/7-3-szigorlati-k%C3%A9rd%C3%A9sek.docx\" target=\"_blank\" rel=\"noopener noreferrer\">A \u201e Embryol\u00f3gia, elm\u00e9leti, k\u00eds\u00e9rletes \u00e9s klinikai fejl\u0151d\u00e9sbiol\u00f3gia\u201d program szigorlati t\u00e1rgyainak tematik\u00e1ja<\/a><\/p>\n<p>Szigorlati k\u00e9rd\u00e9sek 7-4:\u00a0<a href=\"https:\/\/semmelweis.hu\/phd\/files\/2017\/11\/7-4-szigorlati-k%C3%A9rd%C3%A9sek.doc\" target=\"_blank\" rel=\"noopener noreferrer\">A \u201eHum\u00e1n molekul\u00e1ris genetika \u00e9s a g\u00e9ndiagnosztika alapjai\u201d program szigorlati t\u00e1rgyainak tematik\u00e1ja<\/a><\/p>\n<p>Szigorlati k\u00e9rd\u00e9sek 7-5:\u00a0<a href=\"https:\/\/semmelweis.hu\/phd\/files\/2017\/11\/7-5-szigorlati-k%C3%A9rd%C3%A9sek.docx\" target=\"_blank\" rel=\"noopener noreferrer\">A \u201e Elm\u00e9leti \u00e9s klinikai immunol\u00f3gia\u201d program szigorlati t\u00e1rgyainak tematik\u00e1ja<\/a><\/p>\n\n<\/div><h2 class=\"tabtitle\">Doktori Tagozat Tan\u00e1csa<\/h2>\n<div class=\"tabcontent\">\n\n<div align=\"justify\">\u00a0<\/div>\n<div align=\"justify\">\n<table style=\"width: 100%; border-collapse: collapse; border-color: #b6dbf2;\">\n<tbody>\n<tr>\n<td style=\"width: 33.3333%;\"><strong>Doktori Tan\u00e1cs Jegyz\u0151k\u00f6nyv<\/strong><\/td>\n<td style=\"width: 33.3333%;\"><strong>Let\u00f6lt\u00e9s<\/strong><\/td>\n<\/tr>\n<tr>\n<td style=\"width: 33.3333%;\">2022 M\u00e1rcius 18.<\/td>\n<td style=\"width: 33.3333%;\"><a href=\"https:\/\/semmelweis.hu\/phd\/files\/2022\/04\/Jegyzokonyv.pdf\">Let\u00f6lt\u00e9s (Pdf)<\/a><\/td>\n<\/tr>\n<\/tbody>\n<\/table>\n<\/div>\n<p>&nbsp;<\/p>\n\n<\/div><h2 class=\"tabtitle\">\u00c9ves besz\u00e1mol\u00f3k<\/h2>\n<div class=\"tabcontent\">\n\n<div align=\"justify\">\n<table style=\"border-collapse: collapse; width: 100%;\">\n<tbody>\n<tr>\n<td style=\"width: 50%;\"><strong>\u00c9ves Besz\u00e1mol\u00f3k<\/strong><\/td>\n<td style=\"width: 50%;\"><strong>Let\u00f6lt\u00e9s<\/strong><\/td>\n<\/tr>\n<tr>\n<td style=\"width: 50%;\">2021<\/td>\n<td style=\"width: 50%;\"><a href=\"https:\/\/semmelweis.hu\/phd\/files\/2022\/04\/Molekularis.xlsx\">Let\u00f6lt\u00e9s<\/a><\/td>\n<\/tr>\n<tr>\n<td style=\"width: 50%;\">2022<\/td>\n<td style=\"width: 50%;\"><a href=\"https:\/\/semmelweis.hu\/phd\/files\/2023\/03\/Eves-beszamolo-2022-Molekularis.xlsx\">Let\u00f6lt\u00e9s<\/a><\/td>\n<\/tr>\n<\/tbody>\n<\/table>\n<\/div>\n<p>&nbsp;<\/p>\n\n<\/div><h2 class=\"tabtitle\">Egy\u00e9b Inform\u00e1ci\u00f3k<\/h2>\n<div class=\"tabcontent\">\n\n<p><strong>Oktat\u00f3k<\/strong><br \/>\n<a href=\"https:\/\/doktori.hu\/index.php?menuid=189&amp;lang=HU&amp;tip=O&amp;diID=131\">https:\/\/doktori.hu\/index.php?menuid=189&amp;lang=HU&amp;tip=O&amp;diID=131<\/a><\/p>\n<p><strong>T\u00e9maki\u00edr\u00f3k<\/strong><br \/>\n<a href=\"https:\/\/doktori.hu\/index.php?menuid=189&amp;lang=HU&amp;tip=TK&amp;diID=131\">https:\/\/doktori.hu\/index.php?menuid=189&amp;lang=HU&amp;tip=TK&amp;diID=131<\/a><\/p>\n<p><strong>T\u00e9mavezet\u0151k<br \/>\n<\/strong><a href=\"https:\/\/doktori.hu\/index.php?menuid=189&amp;lang=HU&amp;tip=TV&amp;diID=131\">https:\/\/doktori.hu\/index.php?menuid=189&amp;lang=HU&amp;tip=TV&amp;diID=131<\/a><\/p>\n<p><strong>T\u00f6rzstagok<\/strong><\/p>\n<p><a href=\"https:\/\/doktori.hu\/index.php?menuid=189&amp;lang=HU&amp;tip=TT&amp;diID=131\">https:\/\/doktori.hu\/index.php?menuid=189&amp;lang=HU&amp;tip=TT&amp;diID=131<\/a><\/p>\n<p><strong>T\u00f6rzstag emeritusok<\/strong><\/p>\n<p><a href=\"https:\/\/doktori.hu\/index.php?menuid=189&amp;lang=HU&amp;tip=TE&amp;diID=131\">https:\/\/doktori.hu\/index.php?menuid=189&amp;lang=HU&amp;tip=TE&amp;diID=131<\/a><\/p>\n<p><strong>A doktori k\u00e9pz\u00e9sre vonatkoz\u00f3 egy\u00fcttm\u0171k\u00f6d\u00e9si meg\u00e1llapod\u00e1sok el\u00e9rhet\u0151k:<\/strong><\/p>\n<p><a href=\"https:\/\/doktori.hu\/index.php?menuid=191&amp;lang=HU&amp;di_ID=131\" target=\"_blank\" rel=\"noopener\">https:\/\/doktori.hu\/index.php?menuid=191&amp;lang=HU&amp;di_ID=131<\/a><\/p>\n<div dir=\"ltr\">\n<div>\n<div><strong>1) Kutat\u00e1si t\u00e9m\u00e1k<\/strong><\/div>\n<div><a href=\"https:\/\/semmelweis.hu\/phd\/files\/2020\/09\/t%C3%A9m%C3%A1k-2021.xlsx\">Let\u00f6lt\u00e9s<\/a><\/div>\n<div>\u00a0<\/div>\n<div><strong>2) Kurzusterv<\/strong><\/div>\n<div><a href=\"https:\/\/semmelweis.hu\/phd\/files\/2020\/08\/kurzus-tervezet-2020-2022.doc\">Let\u00f6lt\u00e9s<\/a><\/div>\n<\/div>\n<\/div>\n<div>\u00a0<\/div>\n<div><strong>3) Szigorlati k\u00e9rd\u00e9ssorok<\/strong><\/div>\n<div><a href=\"https:\/\/semmelweis.hu\/phd\/doktori-iskolak\/molekularis-orvostudomanyok-multidiszciplinaris-orvostudomanyok\/szigorlati-kerdesek\/\">Megnyit\u00e1s<\/a><\/div>\n<div>\u00a0<\/div>\n<div><strong>4) V\u00e9gzett hallgat\u00f3k list\u00e1ja<\/strong><\/div>\n<div><a href=\"https:\/\/semmelweis.hu\/phd\/doktori-iskolak\/molekularis-orvostudomanyok-multidiszciplinaris-orvostudomanyok\/vegzett-hallgatok-listaja\/\">Megnyit\u00e1s<\/a><\/div>\n<\/div><\/div>\n","protected":false},"excerpt":{"rendered":"<p>Figyelem! 2023. augusztus 31-\u00e9n a kor\u00e1bbi doktori iskol\u00e1kban megsz\u0171nt a k\u00e9pz\u00e9s \u00e9s l\u00e9trej\u00f6tt a k\u00f6z\u00f6s Semmelweis Egyetem Doktori Iskola, ahol a kor\u00e1bbi doktori iskol\u00e1k \u00f6sszevon\u00e1s\u00e1val \u2013 <a href=\"https:\/\/semmelweis.hu\/phd\/doktori-tagozatok\/\">11 tagozatban<\/a> folynak a doktori programok. Vezet\u0151: Dr. Enyedi P\u00e9ter \u00c9lettani\u00a0Int\u00e9zet Telefon: +36 1 459-15-00\/\u00a0 60431 Doktori iskola\u00a0 tanulm\u00e1nyi adminisztr\u00e1tora: Sonnevend Kinga 06-20-8259640 Titk\u00e1r: Dr. Ella Krisztina \u00c9lettani Int\u00e9zet Telefon: +36 &hellip;<\/p>\n","protected":false},"author":158,"featured_media":0,"parent":62800,"menu_order":6,"comment_status":"closed","ping_status":"closed","template":"template-fullwidth.php","meta":{"_acf_changed":false,"footnotes":""},"categories":[],"tags":[],"class_list":["post-230","page","type-page","status-publish","hentry"],"acf":[],"_links":{"self":[{"href":"https:\/\/semmelweis.hu\/phd\/wp-json\/wp\/v2\/pages\/230","targetHints":{"allow":["GET"]}}],"collection":[{"href":"https:\/\/semmelweis.hu\/phd\/wp-json\/wp\/v2\/pages"}],"about":[{"href":"https:\/\/semmelweis.hu\/phd\/wp-json\/wp\/v2\/types\/page"}],"author":[{"embeddable":true,"href":"https:\/\/semmelweis.hu\/phd\/wp-json\/wp\/v2\/users\/158"}],"replies":[{"embeddable":true,"href":"https:\/\/semmelweis.hu\/phd\/wp-json\/wp\/v2\/comments?post=230"}],"version-history":[{"count":11,"href":"https:\/\/semmelweis.hu\/phd\/wp-json\/wp\/v2\/pages\/230\/revisions"}],"predecessor-version":[{"id":62824,"href":"https:\/\/semmelweis.hu\/phd\/wp-json\/wp\/v2\/pages\/230\/revisions\/62824"}],"up":[{"embeddable":true,"href":"https:\/\/semmelweis.hu\/phd\/wp-json\/wp\/v2\/pages\/62800"}],"wp:attachment":[{"href":"https:\/\/semmelweis.hu\/phd\/wp-json\/wp\/v2\/media?parent=230"}],"wp:term":[{"taxonomy":"category","embeddable":true,"href":"https:\/\/semmelweis.hu\/phd\/wp-json\/wp\/v2\/categories?post=230"},{"taxonomy":"post_tag","embeddable":true,"href":"https:\/\/semmelweis.hu\/phd\/wp-json\/wp\/v2\/tags?post=230"}],"curies":[{"name":"wp","href":"https:\/\/api.w.org\/{rel}","templated":true}]}}