{"id":212,"date":"2013-01-02T12:50:33","date_gmt":"2013-01-02T11:50:33","guid":{"rendered":"http:\/\/www.phd.sote.hu\/?page_id=212"},"modified":"2024-07-24T14:11:18","modified_gmt":"2024-07-24T12:11:18","slug":"nemzetkozi-kapcsolatok","status":"publish","type":"page","link":"https:\/\/semmelweis.hu\/phd\/rolunk\/nemzetkozi-kapcsolatok\/","title":{"rendered":"Nemzetk\u00f6zi kapcsolatok"},"content":{"rendered":"<div class=\"keretes w-100\">\n<p>A Semmelweis Egyetemen m\u0171k\u00f6d\u0151 Nemzetk\u00f6zi Kapcsolatok Igazgat\u00f3s\u00e1ga sz\u00e1mos eur\u00f3pai \u00e9s Eur\u00f3p\u00e1n k\u00edv\u00fcli int\u00e9zm\u00e9nnyel tart szoros kapcsolatot, melynek keret\u00e9ben sz\u00e1mos kutat\u00f3i csereprogram m\u0171k\u00f6dik. Ehhez szorosan kapcsol\u00f3dik az egyetemen m\u0171k\u00f6d\u0151 Eur\u00f3pai Programiroda, mely az Eur\u00f3pai Uni\u00f3 mobilit\u00e1si programjaival (Erasmus, Leonardo) kapcsolatos szervez\u00e9si feladatokat koordin\u00e1lja. Ez\u00e1ltal sz\u00e9lesk\u00f6r\u0171 nemzetk\u00f6zi kapcsolatrendszer alakult ki, melynek nagy szerepe van a doktori k\u00e9pz\u00e9s \u00e9s a kutat\u00f3i munka nemzetk\u00f6zi szinten tart\u00e1s\u00e1ban.<\/p>\n<\/div>\n<p>\n<a href=\"https:\/\/semmelweis.hu\/phd\/files\/2013\/01\/leonardo-erasmus.jpg\"><img loading=\"lazy\" decoding=\"async\" class=\"size-full wp-image-469 aligncenter\" title=\"leonardo-erasmus\" src=\"https:\/\/semmelweis.hu\/phd\/files\/2013\/01\/leonardo-erasmus.jpg\" alt=\"\" width=\"702\" height=\"201\" srcset=\"https:\/\/semmelweis.hu\/phd\/files\/2013\/01\/leonardo-erasmus.jpg 702w, https:\/\/semmelweis.hu\/phd\/files\/2013\/01\/leonardo-erasmus-300x86.jpg 300w\" sizes=\"auto, (max-width: 702px) 100vw, 702px\" \/><\/a><br \/>\nA Doktori Iskola PhD hallgat\u00f3inak lehet\u0151s\u00e9ge van k\u00fclf\u00f6ldi r\u00e9szk\u00e9pz\u00e9sre, mely alatt a hallgat\u00f3i jogviszonyuk nem sz\u00fcnetel. A hat\u00e1lyos Szab\u00e1lyzat szerint a k\u00fclf\u00f6ldi r\u00e9szk\u00e9pz\u00e9s id\u0151tartama nem haladhatja meg a doktori k\u00e9pz\u00e9s 50%-\u00e1t. Ha a k\u00fclf\u00f6ldi tart\u00f3zkod\u00e1s alatt a hallgat\u00f3 a vend\u00e9gl\u00e1t\u00f3 int\u00e9zett\u0151l nem r\u00e9szes\u00fcl \u00f6szt\u00f6nd\u00edjban vagy egy\u00e9b szem\u00e9lyes juttat\u00e1sban, akkor a k\u00fclf\u00f6ldi r\u00e9szk\u00e9pz\u00e9s idej\u00e9re az \u00e1llami \u00f6szt\u00f6nd\u00edja foly\u00f3s\u00edthat\u00f3 maximum 12 h\u00f3napig (ha 6 h\u00f3napn\u00e1l hosszabb a r\u00e9szk\u00e9pz\u00e9s, akkor az \u00f6szt\u00f6nd\u00edj a Doktori Iskola vezet\u0151j\u00e9nek javaslat\u00e1ra fizethet\u0151).<\/p>\n<p>A SE doktori k\u00e9pz\u00e9s\u00e9ben r\u00e9sztvev\u0151 kutat\u00f3k sz\u00e1mos nemzetk\u00f6zi konferencia szervez\u00e9s\u00e9ben vesznek r\u00e9szt, ezek k\u00f6z\u00fcl kiemelked\u0151 fontoss\u00e1g\u00fa az \u00e9vente megrendezett Semmelweis Symposium.<\/p>\n<p>\u00c9vente ker\u00fcl megrendez\u00e9sre a PhD-napok elnevez\u00e9s\u0171 tudom\u00e1nyos f\u00f3rum is, melyen egyre t\u00f6bb k\u00fclf\u00f6ldi el\u0151ad\u00f3t, kutat\u00f3t l\u00e1thatunk vend\u00e9g\u00fcl.. A Semmelweis Egyetemen k\u00f6z\u00f6s kutat\u00e1sok is folynak nemzetk\u00f6zi kutat\u00f3laborokkal, lehet\u0151v\u00e9 t\u00e9ve a DI hallgat\u00f3i sz\u00e1m\u00e1ra k\u00f6z\u00f6s kutat\u00e1sban val\u00f3 r\u00e9szv\u00e9telt. Ez\u00e1ltal a PhD fokozat ak\u00e1r k\u00f6z\u00f6s, mindk\u00e9t egyetem \u00e1ltal kiadott form\u00e1ban is megszerezhet\u0151.<\/p>\n<p>\u00c9vente 3 alkalommal utaz\u00e1si p\u00e1ly\u00e1zaton vehetnek r\u00e9szt a PhD hallgat\u00f3k, amelyek lehet\u0151s\u00e9get teremtenek arra , hogy nemzetk\u00f6zi tudom\u00e1nyos programokon vehessenek r\u00e9szt.<\/p>\n","protected":false},"excerpt":{"rendered":"<p>A Semmelweis Egyetemen m\u0171k\u00f6d\u0151 Nemzetk\u00f6zi Kapcsolatok Igazgat\u00f3s\u00e1ga sz\u00e1mos eur\u00f3pai \u00e9s Eur\u00f3p\u00e1n k\u00edv\u00fcli int\u00e9zm\u00e9nnyel tart szoros kapcsolatot, melynek keret\u00e9ben sz\u00e1mos kutat\u00f3i csereprogram m\u0171k\u00f6dik. Ehhez szorosan kapcsol\u00f3dik az egyetemen m\u0171k\u00f6d\u0151 Eur\u00f3pai Programiroda, mely az Eur\u00f3pai Uni\u00f3 mobilit\u00e1si programjaival (Erasmus, Leonardo) kapcsolatos szervez\u00e9si feladatokat koordin\u00e1lja. Ez\u00e1ltal sz\u00e9lesk\u00f6r\u0171 nemzetk\u00f6zi kapcsolatrendszer alakult ki, melynek nagy szerepe van a doktori k\u00e9pz\u00e9s &hellip;<\/p>\n","protected":false},"author":158,"featured_media":0,"parent":18490,"menu_order":12,"comment_status":"open","ping_status":"open","template":"template-fullwidth.php","meta":{"_acf_changed":false,"footnotes":""},"categories":[],"tags":[],"class_list":["post-212","page","type-page","status-publish","hentry"],"acf":[],"_links":{"self":[{"href":"https:\/\/semmelweis.hu\/phd\/wp-json\/wp\/v2\/pages\/212","targetHints":{"allow":["GET"]}}],"collection":[{"href":"https:\/\/semmelweis.hu\/phd\/wp-json\/wp\/v2\/pages"}],"about":[{"href":"https:\/\/semmelweis.hu\/phd\/wp-json\/wp\/v2\/types\/page"}],"author":[{"embeddable":true,"href":"https:\/\/semmelweis.hu\/phd\/wp-json\/wp\/v2\/users\/158"}],"replies":[{"embeddable":true,"href":"https:\/\/semmelweis.hu\/phd\/wp-json\/wp\/v2\/comments?post=212"}],"version-history":[{"count":6,"href":"https:\/\/semmelweis.hu\/phd\/wp-json\/wp\/v2\/pages\/212\/revisions"}],"predecessor-version":[{"id":18507,"href":"https:\/\/semmelweis.hu\/phd\/wp-json\/wp\/v2\/pages\/212\/revisions\/18507"}],"up":[{"embeddable":true,"href":"https:\/\/semmelweis.hu\/phd\/wp-json\/wp\/v2\/pages\/18490"}],"wp:attachment":[{"href":"https:\/\/semmelweis.hu\/phd\/wp-json\/wp\/v2\/media?parent=212"}],"wp:term":[{"taxonomy":"category","embeddable":true,"href":"https:\/\/semmelweis.hu\/phd\/wp-json\/wp\/v2\/categories?post=212"},{"taxonomy":"post_tag","embeddable":true,"href":"https:\/\/semmelweis.hu\/phd\/wp-json\/wp\/v2\/tags?post=212"}],"curies":[{"name":"wp","href":"https:\/\/api.w.org\/{rel}","templated":true}]}}