{"id":190,"date":"2013-01-02T12:47:11","date_gmt":"2013-01-02T11:47:11","guid":{"rendered":"http:\/\/www.phd.sote.hu\/?page_id=190"},"modified":"2024-07-24T14:13:42","modified_gmt":"2024-07-24T12:13:42","slug":"doktori-almanac","status":"publish","type":"page","link":"https:\/\/semmelweis.hu\/phd\/rolunk\/doktori-almanac\/","title":{"rendered":"Doktori Almanach"},"content":{"rendered":"<div class=\"fontos_div\">\n<p><strong>\u00a0<\/strong><strong>A doktori Almanac 1993 \u00e9s 2011 k\u00f6z\u00f6tt szerkesztett kiadv\u00e1ny, a Doktori Iskola \u00e9s a k\u00e9pz\u00e9s adataival<\/strong><\/p>\n<\/div>\n<p>Elektronikus form\u00e1ban let\u00f6lthet\u0151k az al\u00e1bbi linkekr\u0151l:<\/p>\n<p>2011 &#8211; doktori Almanach 7. k\u00f6tet<br \/>\n<a class=\"btn btn-secondary\" href=\"https:\/\/semmelweis.hu\/phd\/files\/2013\/01\/Almanach-7.pdf\" target=\"_blank\" rel=\"noopener\">let\u00f6lt\u00e9s<\/a><\/p>\n<p>2009-2010 &#8211; doktori Almanach 6. k\u00f6tet<br \/>\n<a class=\"btn btn-secondary\" href=\"https:\/\/semmelweis.hu\/phd\/files\/2013\/01\/almanac_6.pdf\" target=\"_blank\" rel=\"noopener\">let\u00f6lt\u00e9s<\/a><\/p>\n<p>2006-2008 &#8211; doktori Almanach 4-5. k\u00f6tet<br \/>\n<a class=\"btn btn-secondary\" href=\"https:\/\/semmelweis.hu\/phd\/files\/2013\/01\/semmelweis_almanac_4-5.pdf\" target=\"_blank\" rel=\"noopener\">let\u00f6lt\u00e9s<\/a><\/p>\n<p>2004-2005\u00a0&#8211; doktori Almanach\u00a0 3. k\u00f6tet<br \/>\n<a class=\"btn btn-secondary\" href=\"https:\/\/semmelweis.hu\/phd\/files\/2013\/01\/Almanach_2006.pdf\" target=\"_blank\" rel=\"noopener\">let\u00f6lt\u00e9s<\/a><\/p>\n<p>1993-2000 &#8211; doktori Almanach<br \/>\n<a class=\"btn btn-secondary\" href=\"https:\/\/semmelweis.hu\/phd\/files\/2013\/01\/almanach2000.pdf\" target=\"_blank\" rel=\"noopener\">let\u00f6lt\u00e9s<\/a><\/p>\n<p>2012-t\u0151l a Doktori Iskola k\u00e9pz\u00e9si adatai a Neptun \u00e9s a doktori.hu adatb\u00e1zis\u00e1ban \u00e9rhet\u0151k el.<\/p>\n","protected":false},"excerpt":{"rendered":"<p>\u00a0A doktori Almanac 1993 \u00e9s 2011 k\u00f6z\u00f6tt szerkesztett kiadv\u00e1ny, a Doktori Iskola \u00e9s a k\u00e9pz\u00e9s adataival Elektronikus form\u00e1ban let\u00f6lthet\u0151k az al\u00e1bbi linkekr\u0151l: 2011 &#8211; doktori Almanach 7. k\u00f6tet <a class=\"btn btn-secondary\" href=\"https:\/\/semmelweis.hu\/phd\/files\/2013\/01\/Almanach-7.pdf\" target=\"_blank\" rel=\"noopener\">let\u00f6lt\u00e9s<\/a> 2009-2010 &#8211; doktori Almanach 6. k\u00f6tet <a class=\"btn btn-secondary\" href=\"https:\/\/semmelweis.hu\/phd\/files\/2013\/01\/almanac_6.pdf\" target=\"_blank\" rel=\"noopener\">let\u00f6lt\u00e9s<\/a> 2006-2008 &#8211; doktori Almanach 4-5. k\u00f6tet <a class=\"btn btn-secondary\" href=\"https:\/\/semmelweis.hu\/phd\/files\/2013\/01\/semmelweis_almanac_4-5.pdf\" target=\"_blank\" rel=\"noopener\">let\u00f6lt\u00e9s<\/a> 2004-2005\u00a0&#8211; doktori Almanach\u00a0 3. k\u00f6tet <a class=\"btn btn-secondary\" href=\"https:\/\/semmelweis.hu\/phd\/files\/2013\/01\/Almanach_2006.pdf\" target=\"_blank\" rel=\"noopener\">let\u00f6lt\u00e9s<\/a> 1993-2000 &#8211; doktori Almanach <a class=\"btn btn-secondary\" href=\"https:\/\/semmelweis.hu\/phd\/files\/2013\/01\/almanach2000.pdf\" target=\"_blank\" rel=\"noopener\">let\u00f6lt\u00e9s<\/a> 2012-t\u0151l a Doktori Iskola k\u00e9pz\u00e9si adatai &hellip;<\/p>\n","protected":false},"author":158,"featured_media":0,"parent":18490,"menu_order":9,"comment_status":"open","ping_status":"open","template":"template-fullwidth.php","meta":{"_acf_changed":false,"footnotes":""},"categories":[],"tags":[],"class_list":["post-190","page","type-page","status-publish","hentry"],"acf":[],"_links":{"self":[{"href":"https:\/\/semmelweis.hu\/phd\/wp-json\/wp\/v2\/pages\/190","targetHints":{"allow":["GET"]}}],"collection":[{"href":"https:\/\/semmelweis.hu\/phd\/wp-json\/wp\/v2\/pages"}],"about":[{"href":"https:\/\/semmelweis.hu\/phd\/wp-json\/wp\/v2\/types\/page"}],"author":[{"embeddable":true,"href":"https:\/\/semmelweis.hu\/phd\/wp-json\/wp\/v2\/users\/158"}],"replies":[{"embeddable":true,"href":"https:\/\/semmelweis.hu\/phd\/wp-json\/wp\/v2\/comments?post=190"}],"version-history":[{"count":10,"href":"https:\/\/semmelweis.hu\/phd\/wp-json\/wp\/v2\/pages\/190\/revisions"}],"predecessor-version":[{"id":17883,"href":"https:\/\/semmelweis.hu\/phd\/wp-json\/wp\/v2\/pages\/190\/revisions\/17883"}],"up":[{"embeddable":true,"href":"https:\/\/semmelweis.hu\/phd\/wp-json\/wp\/v2\/pages\/18490"}],"wp:attachment":[{"href":"https:\/\/semmelweis.hu\/phd\/wp-json\/wp\/v2\/media?parent=190"}],"wp:term":[{"taxonomy":"category","embeddable":true,"href":"https:\/\/semmelweis.hu\/phd\/wp-json\/wp\/v2\/categories?post=190"},{"taxonomy":"post_tag","embeddable":true,"href":"https:\/\/semmelweis.hu\/phd\/wp-json\/wp\/v2\/tags?post=190"}],"curies":[{"name":"wp","href":"https:\/\/api.w.org\/{rel}","templated":true}]}}