{"id":180,"date":"2013-01-02T12:43:41","date_gmt":"2013-01-02T11:43:41","guid":{"rendered":"http:\/\/www.phd.sote.hu\/?page_id=180"},"modified":"2025-09-12T10:30:16","modified_gmt":"2025-09-12T08:30:16","slug":"doktori-hivatal-es-gazdasagi-hivatal","status":"publish","type":"page","link":"https:\/\/semmelweis.hu\/phd\/rolunk\/doktori-hivatal-es-gazdasagi-hivatal\/","title":{"rendered":"Doktori Hivatal \u00e9s a Gazdas\u00e1gi Hivatal"},"content":{"rendered":"<div class=\"responsive-tabs\">\n<h2 class=\"tabtitle\">Doktori Hivatal<\/h2>\n<div class=\"tabcontent\">\n\n<h4>\u00a0<\/h4>\n<h4><strong>El\u00e9rhet\u0151s\u00e9g\u00fcnk<\/strong><\/h4>\n<h5>1085 Budapest, \u00dcll\u0151i \u00fat 26. fsz. 9.<br \/>\nE-mail: <a href=\"mailto:phd.titkarsag@semmelweis.hu\">phd.titkarsag@semmelweis.hu<\/a><\/h5>\n<hr \/>\n\n<!-- iframe plugin v.4.9 wordpress.org\/plugins\/iframe\/ -->\n<iframe src=\"https:\/\/www.google.com\/maps\/embed?pb=!1m14!1m8!1m3!1d1133.585646917097!2d19.067982461818005!3d47.48725935879545!3m2!1i1024!2i768!4f13.1!3m3!1m2!1s0x4741dc59ea3ba3cd%3A0x2435c6b8aa0b78a!2sSemmelweis%20Egyetem!5e0!3m2!1shu!2shu!4v1729070633828!5m2!1shu!2shu\" width=\"100%\" height=\"450\" style=\"border:0;\" allowfullscreen loading=\"lazy\" 0=\"referrerpolicy=&quot;no-referrer-when-downgrade&quot;&gt;&lt;\/iframe\" scrolling=\"yes\" class=\"iframe-class\" frameborder=\"0\"><\/iframe>\n\n<p>&nbsp;<\/p>\n<table style=\"width: 100%;border-collapse: collapse\">\n<tbody>\n<tr>\n<td style=\"width: 50%\" colspan=\"2\">\n<h5 style=\"text-align: left\">Tanulm\u00e1nyi \u00fcgyf\u00e9lfogad\u00e1si id\u0151:<\/h5>\n<\/td>\n<\/tr>\n<tr style=\"height: 33px\">\n<td style=\"height: 33px;width: 50%\">H\u00e9tf\u0151:<\/td>\n<td style=\"height: 33px;width: 50%\">z\u00e1rva<\/td>\n<\/tr>\n<tr style=\"height: 33px\">\n<td style=\"height: 33px;width: 50%\">Kedd:<\/td>\n<td style=\"height: 33px;width: 50%\">13:00-17:00<\/td>\n<\/tr>\n<tr style=\"height: 33px\">\n<td style=\"height: 33px;width: 50%\">Szerda:<\/td>\n<td style=\"height: 33px;width: 50%\">z\u00e1rva<\/td>\n<\/tr>\n<tr style=\"height: 33px\">\n<td style=\"height: 33px;width: 50%\">Cs\u00fct\u00f6rt\u00f6k:<\/td>\n<td style=\"height: 33px;width: 50%\">13:00-16:00<\/td>\n<\/tr>\n<tr style=\"height: 33px\">\n<td style=\"height: 33px;width: 50%\">P\u00e9ntek:<\/td>\n<td style=\"height: 33px;width: 50%\">08:30-13:00<\/td>\n<\/tr>\n<\/tbody>\n<\/table>\n<p>&nbsp;<\/p>\n<hr \/>\n<h4><strong>Hivatalvezet\u0151<\/strong><\/h4>\n<p><strong>T\u00f6lgyesi-Lov\u00e1sz Krisztina<\/strong><br \/>\n<strong>Mobil:<\/strong> +36 20 666 3432<br \/>\n<strong>E-mail:<\/strong>\u00a0<strong><a href=\"mailto:tolgyesi.lovasz.krisztina@semmelweis.hu\">tolgyesi.lovasz.krisztina@semmelweis.hu\u00a0<\/a><\/strong><\/p>\n<hr \/>\n<h4><strong>Tanulm\u00e1nyi \u00fcgyint\u00e9z\u0151k<\/strong><\/h4>\n<p><strong>Masz\u00e1rovics \u00c1gnes<\/strong><strong><br \/>\nMobil:<\/strong> +36 20 670 1816<strong><br \/>\nE-mail: <a href=\"mailto:maszarovics.agnes@semmelweis.hu\">maszarovics.agnes@semmelweis.hu<\/a><\/strong><\/p>\n<p><strong>Kov\u00e1csn\u00e9 Oll\u00e9 T\u00edmea<\/strong><br \/>\n<strong>Mobil:<\/strong> +36 20 663 2676<br \/>\n<strong>E-mail:<\/strong><a href=\"mailto:olle.timea@semmelweis.hu\"><strong>\u00a0olle.timea@semmelweis.hu<\/strong><\/a><\/p>\n<p><strong>Kalm\u00e1r Zsuzsanna<\/strong><br \/>\n<strong>Mobil:\u00a0<\/strong>+36 20 666 3525<br \/>\n<strong>E-mail:<a href=\"mailto:kalmar.zsuzsa@semmelweis.hu\"> kalmar.zsuzsa@semmelweis.hu<\/a><\/strong><\/p>\n<p><strong>Marosfalvi Anita<\/strong><br \/>\n<strong>Mobil:\u00a0<\/strong>+36 20 666 3738<br \/>\n<strong>E-mail: <a href=\"mailto:marosfalvi.anita@semmelweis.hu\">marosfalvi.anita@semmelweis.hu<\/a><\/strong><\/p>\n<hr \/>\n<h4><strong>Tanulm\u00e1nyi (P\u00e1ly\u00e1zati) \u00fcgyint\u00e9z\u0151<\/strong><\/h4>\n<p><strong>Csorba-J\u00f3n\u00e1s Csilla<br \/>\n<\/strong><strong>Mobil:\u00a0<\/strong>+36 30 016 4403<br \/>\n<strong>E-mail: <a href=\"mailto:csorba-jonas.csilla@semmelweis.hu\">csorba-jonas.csilla@semmelweis.hu<\/a><\/strong><\/p>\n<hr \/>\n<h4><strong>Tanulm\u00e1nyi (Rendezv\u00e9nyszervez\u0151-Nyilv\u00e1nos V\u00e9d\u00e9sek) \u00fcgyint\u00e9z\u0151<\/strong><\/h4>\n<p><strong>\u00c1goston Konstantina<br \/>\n<\/strong><strong>Mobil: <\/strong>+36 30 877 1706<br \/>\n<strong>E-mail: <a href=\"mailto:agoston.konstantina1@semmelweis.hu\">agoston.konstantina1@semmelweis.hu<\/a><\/strong><\/p>\n<hr \/>\n<h4><strong>Neptun \u00fcgyint\u00e9z\u0151k<\/strong><\/h4>\n<p><strong>Kelemen D\u00e1vid<\/strong><br \/>\n<strong>Mobil:\u00a0<\/strong>+36 20 670 1433<br \/>\n<strong>E-mail: <a href=\"mailto:phd.oktatasadmin@semmelweis.hu\">phd.oktatasadmin@semmelweis.hu<\/a><\/strong><span style=\"font-size: 12pt\"><strong><br \/>\n<\/strong><\/span><\/p>\n<p><strong>Fodor Zsolt<br \/>\n<\/strong><strong>Mobil:\u00a0<\/strong>+36 20 663 2291<br \/>\n<strong>E-mail: <a href=\"mailto:phd.oktatasadmin@semmelweis.hu\">phd.oktatasadmin@semmelweis.hu<\/a><\/strong><\/p>\n<hr \/>\n<h4><strong>KMMCS titk\u00e1rs\u00e1gvezet\u0151<\/strong><\/h4>\n<p><strong>Kert\u00e9sz \u00c1gnes<\/strong><br \/>\n<strong>Telefon: <\/strong>+36 1 459 1500 \/ 54887<br \/>\n<strong>Mobil:\u00a0<\/strong>+36 30 016 4358<br \/>\n<strong>E-mail: <a href=\"mailto:kertesz.agnes@semmelweis.hu\">kertesz.agnes@semmelweis.hu<\/a><\/strong><\/p>\n\n<\/div><h2 class=\"tabtitle\">Doktori Iskola Gazdas\u00e1gi Hivatala<\/h2>\n<div class=\"tabcontent\">\n\n<p>&nbsp;<\/p>\n<div class=\"keretes w-100\">\n<p><strong>Gazdas\u00e1gi\u00a0 \u00fcgyekben kiz\u00e1r\u00f3lag online \u00e9s telefonos \u00fcgyf\u00e9lszolg\u00e1lat m\u0171k\u00f6dik a Gazdas\u00e1gi Hivatalban<\/strong><\/p>\n<\/div>\n<h4>\u00a0<\/h4>\n<h4><strong>Hivatalvezet\u0151<\/strong><\/h4>\n<p><strong>Bir\u00f3 Aliz<\/strong><br \/>\n<strong>Telefon: <\/strong>+36 20 663 2675<strong><br \/>\n<\/strong><strong>E-mail: <a href=\"mailto:titkarsag.digh@semmelweis.hu\">titkarsag.digh@semmelweis.hu<\/a> <\/strong><\/p>\n<hr \/>\n<h4><strong>Gazdas\u00e1gi \u00fcgyint\u00e9z\u0151k<\/strong><\/h4>\n<p><strong>Baracsi M\u00f3nika<br \/>\nTelefon: <\/strong>+36 30 016 4561<br \/>\n<strong>Email: <a href=\"mailto:titkarsag.digh@semmelweis.hu\">titkarsag.digh@semmelweis.hu<\/a> <\/strong><\/p>\n<p><strong>M\u00e1rczis Anita<br \/>\nTelefon: <\/strong>+36 20 663 2102<br \/>\n<strong>E-mail: <a href=\"mailto:titkarsag.digh@semmelweis.hu\">titkarsag.digh@semmelweis.hu<\/a> <\/strong><\/p>\n<\/div><\/div>\n","protected":false},"excerpt":{"rendered":"<p>\u00a0 El\u00e9rhet\u0151s\u00e9g\u00fcnk 1085 Budapest, \u00dcll\u0151i \u00fat 26. fsz. 9. E-mail: <a href=\"mailto:phd.titkarsag@semmelweis.hu\">phd.titkarsag@semmelweis.hu<\/a> &nbsp; Tanulm\u00e1nyi \u00fcgyf\u00e9lfogad\u00e1si id\u0151: H\u00e9tf\u0151: z\u00e1rva Kedd: 13:00-17:00 Szerda: z\u00e1rva Cs\u00fct\u00f6rt\u00f6k: 13:00-16:00 P\u00e9ntek: 08:30-13:00 &nbsp; Hivatalvezet\u0151 T\u00f6lgyesi-Lov\u00e1sz Krisztina Mobil: +36 20 666 3432 E-mail:\u00a0 <a href=\"mailto:tolgyesi.lovasz.krisztina@semmelweis.hu\">tolgyesi.lovasz.krisztina@semmelweis.hu\u00a0<\/a> Tanulm\u00e1nyi \u00fcgyint\u00e9z\u0151k Masz\u00e1rovics \u00c1gnes Mobil: +36 20 670 1816 E-mail: <a href=\"mailto:maszarovics.agnes@semmelweis.hu\">maszarovics.agnes@semmelweis.hu<\/a> Kov\u00e1csn\u00e9 Oll\u00e9 T\u00edmea Mobil: +36 20 663 2676 E-mail: <a href=\"mailto:olle.timea@semmelweis.hu\">\u00a0olle.timea@semmelweis.hu<\/a> Kalm\u00e1r Zsuzsanna &hellip;<\/p>\n","protected":false},"author":158,"featured_media":0,"parent":18490,"menu_order":8,"comment_status":"closed","ping_status":"closed","template":"template-fullwidth.php","meta":{"_acf_changed":false,"footnotes":""},"categories":[],"tags":[],"class_list":["post-180","page","type-page","status-publish","hentry"],"acf":[],"_links":{"self":[{"href":"https:\/\/semmelweis.hu\/phd\/wp-json\/wp\/v2\/pages\/180","targetHints":{"allow":["GET"]}}],"collection":[{"href":"https:\/\/semmelweis.hu\/phd\/wp-json\/wp\/v2\/pages"}],"about":[{"href":"https:\/\/semmelweis.hu\/phd\/wp-json\/wp\/v2\/types\/page"}],"author":[{"embeddable":true,"href":"https:\/\/semmelweis.hu\/phd\/wp-json\/wp\/v2\/users\/158"}],"replies":[{"embeddable":true,"href":"https:\/\/semmelweis.hu\/phd\/wp-json\/wp\/v2\/comments?post=180"}],"version-history":[{"count":14,"href":"https:\/\/semmelweis.hu\/phd\/wp-json\/wp\/v2\/pages\/180\/revisions"}],"predecessor-version":[{"id":65370,"href":"https:\/\/semmelweis.hu\/phd\/wp-json\/wp\/v2\/pages\/180\/revisions\/65370"}],"up":[{"embeddable":true,"href":"https:\/\/semmelweis.hu\/phd\/wp-json\/wp\/v2\/pages\/18490"}],"wp:attachment":[{"href":"https:\/\/semmelweis.hu\/phd\/wp-json\/wp\/v2\/media?parent=180"}],"wp:term":[{"taxonomy":"category","embeddable":true,"href":"https:\/\/semmelweis.hu\/phd\/wp-json\/wp\/v2\/categories?post=180"},{"taxonomy":"post_tag","embeddable":true,"href":"https:\/\/semmelweis.hu\/phd\/wp-json\/wp\/v2\/tags?post=180"}],"curies":[{"name":"wp","href":"https:\/\/api.w.org\/{rel}","templated":true}]}}