{"id":17406,"date":"2024-02-28T15:47:57","date_gmt":"2024-02-28T14:47:57","guid":{"rendered":"https:\/\/semmelweis.hu\/phd\/?page_id=17406"},"modified":"2025-03-07T12:15:35","modified_gmt":"2025-03-07T11:15:35","slug":"halasztasok","status":"publish","type":"page","link":"https:\/\/semmelweis.hu\/phd\/hallgatoknak\/halasztasok\/","title":{"rendered":"Halaszt\u00e1sok"},"content":{"rendered":"<p><strong>A tanulm\u00e1nyokat legfeljebb 2 alkalommal, \u00f6sszesen 2 \u00e9vre lehet megszak\u00edtani.<\/strong><\/p>\n<p>A <a href=\"mailto:phdhalasztasok@semmelweis.hu\">phdhalasztasok@semmelweis.hu<\/a> email c\u00edmre k\u00fcldje el a kit\u00f6lt\u00f6tt halaszt\u00e1si k\u00e9rv\u00e9ny\u00e9t.<\/p>\n<div class=\"fontos_div\">\n<p>K\u00e9rj\u00fck, ne feledje, hogy a halaszt\u00e1si \u0171rlapon l\u00e9v\u0151 k\u00e9rd\u0151\u00edv k\u00f6telez\u0151en kit\u00f6ltend\u0151!<\/p>\n<\/div>\n<p>A mindenkori Egyetemi Doktori Tan\u00e1cs (EDT) \u00fcl\u00e9sek v\u00e1rhat\u00f3 id\u0151pontja el\u00f6tt legk\u00e9s\u0151bb 5 nappal be kell juttatni a Hivatalba a halaszt\u00e1si k\u00e9rv\u00e9nyeket.<\/p>\n<p>Az al\u00e1bbi linken tal\u00e1lja meg a halaszt\u00e1shoz sz\u00fcks\u00e9ges \u0171rlapokat:<\/p>\n<p><a class=\"btn btn-secondary\" href=\"https:\/\/semmelweis.hu\/phd\/faq\/kerelmek\/\" target=\"_blank\" rel=\"noopener\">K\u00e9relmek<\/a><\/p>\n<p>&nbsp;<\/p>\n","protected":false},"excerpt":{"rendered":"<p>A tanulm\u00e1nyokat legfeljebb 2 alkalommal, \u00f6sszesen 2 \u00e9vre lehet megszak\u00edtani. A <a href=\"mailto:phdhalasztasok@semmelweis.hu\">phdhalasztasok@semmelweis.hu<\/a> email c\u00edmre k\u00fcldje el a kit\u00f6lt\u00f6tt halaszt\u00e1si k\u00e9rv\u00e9ny\u00e9t. K\u00e9rj\u00fck, ne feledje, hogy a halaszt\u00e1si \u0171rlapon l\u00e9v\u0151 k\u00e9rd\u0151\u00edv k\u00f6telez\u0151en kit\u00f6ltend\u0151! A mindenkori Egyetemi Doktori Tan\u00e1cs (EDT) \u00fcl\u00e9sek v\u00e1rhat\u00f3 id\u0151pontja el\u00f6tt legk\u00e9s\u0151bb 5 nappal be kell juttatni a Hivatalba a halaszt\u00e1si k\u00e9rv\u00e9nyeket. Az al\u00e1bbi linken tal\u00e1lja &hellip;<\/p>\n","protected":false},"author":101719,"featured_media":0,"parent":367,"menu_order":5,"comment_status":"closed","ping_status":"closed","template":"template-fullwidth.php","meta":{"_acf_changed":false,"footnotes":""},"categories":[],"tags":[],"class_list":["post-17406","page","type-page","status-publish","hentry"],"acf":[],"_links":{"self":[{"href":"https:\/\/semmelweis.hu\/phd\/wp-json\/wp\/v2\/pages\/17406","targetHints":{"allow":["GET"]}}],"collection":[{"href":"https:\/\/semmelweis.hu\/phd\/wp-json\/wp\/v2\/pages"}],"about":[{"href":"https:\/\/semmelweis.hu\/phd\/wp-json\/wp\/v2\/types\/page"}],"author":[{"embeddable":true,"href":"https:\/\/semmelweis.hu\/phd\/wp-json\/wp\/v2\/users\/101719"}],"replies":[{"embeddable":true,"href":"https:\/\/semmelweis.hu\/phd\/wp-json\/wp\/v2\/comments?post=17406"}],"version-history":[{"count":10,"href":"https:\/\/semmelweis.hu\/phd\/wp-json\/wp\/v2\/pages\/17406\/revisions"}],"predecessor-version":[{"id":62973,"href":"https:\/\/semmelweis.hu\/phd\/wp-json\/wp\/v2\/pages\/17406\/revisions\/62973"}],"up":[{"embeddable":true,"href":"https:\/\/semmelweis.hu\/phd\/wp-json\/wp\/v2\/pages\/367"}],"wp:attachment":[{"href":"https:\/\/semmelweis.hu\/phd\/wp-json\/wp\/v2\/media?parent=17406"}],"wp:term":[{"taxonomy":"category","embeddable":true,"href":"https:\/\/semmelweis.hu\/phd\/wp-json\/wp\/v2\/categories?post=17406"},{"taxonomy":"post_tag","embeddable":true,"href":"https:\/\/semmelweis.hu\/phd\/wp-json\/wp\/v2\/tags?post=17406"}],"curies":[{"name":"wp","href":"https:\/\/api.w.org\/{rel}","templated":true}]}}