{"id":17258,"date":"2024-02-20T15:09:43","date_gmt":"2024-02-20T14:09:43","guid":{"rendered":"https:\/\/semmelweis.hu\/phd\/?page_id=17258"},"modified":"2026-02-10T15:00:31","modified_gmt":"2026-02-10T14:00:31","slug":"grammarly-regisztracio","status":"publish","type":"page","link":"https:\/\/semmelweis.hu\/phd\/hallgatoknak\/hallgatoi-szolgaltatasok\/grammarly-regisztracio\/","title":{"rendered":"Grammarly regisztr\u00e1ci\u00f3"},"content":{"rendered":"<p>A Semmelweis Egyetem ig\u00e9ny szerint hozz\u00e1f\u00e9r\u00e9st biztos\u00edt a Grammarly szoftverhez a doktoranduszok sz\u00e1m\u00e1ra.<\/p>\n<p>\nA szoftverhez val\u00f3 hozz\u00e1f\u00e9r\u00e9shez k\u00e9rj\u00fck, t\u00f6ltse ki az al\u00e1bbi linken tal\u00e1lhat\u00f3 regisztr\u00e1ci\u00f3s \u0171rlapot:<br \/>\n<span data-ogsc=\"black\"><strong><a class=\"btn btn-secondary\" href=\"https:\/\/forms.office.com\/e\/cL8c1bDv7y?origin=lprLink\" target=\"_blank\" rel=\"noopener\">Regisztr\u00e1ci\u00f3<\/a><\/strong><\/span><\/p>\n<p>A hallgat\u00f3k csoportosan kapnak \u00e9rtes\u00edt\u00e9st a Grammarly regisztr\u00e1ci\u00f3r\u00f3l.<\/p>\n<p><strong>A licencek korl\u00e1tozott sz\u00e1mban \u00e1llnak rendelkez\u00e9sre, \u00e9s a regisztr\u00e1ci\u00f3 d\u00e1tuma szerint ker\u00fclnek kioszt\u00e1sra.<\/strong><\/p>\n<p>Kezd\u0151 l\u00e9p\u00e9sek:<br \/>\n<span data-ogsc=\"black\"><strong><a class=\"btn btn-secondary\" href=\"https:\/\/semmelweis.hu\/phd\/files\/2023\/10\/Getting-Started.pdf\" target=\"_blank\" rel=\"noopener\">Let\u00f6lt\u00e9s<\/a><\/strong><\/span><\/p>\n<p>Felhaszn\u00e1l\u00f3i \u00fatmutat\u00f3:<br \/>\n<span data-ogsc=\"black\"><strong><a class=\"btn btn-secondary\" href=\"https:\/\/semmelweis.hu\/phd\/files\/2023\/10\/EditorUserGuide.pdf\" target=\"_blank\" rel=\"noopener\">let\u00f6lt\u00e9s<\/a><\/strong><\/span><\/p>\n","protected":false},"excerpt":{"rendered":"<p>A Semmelweis Egyetem ig\u00e9ny szerint hozz\u00e1f\u00e9r\u00e9st biztos\u00edt a Grammarly szoftverhez a doktoranduszok sz\u00e1m\u00e1ra.<\/p>\n<p>A szoftverhez val\u00f3 hozz\u00e1f\u00e9r\u00e9shez k\u00e9rj\u00fck, t\u00f6ltse ki az al\u00e1bbi linken tal\u00e1lhat\u00f3 regisztr\u00e1ci\u00f3s \u0171rlapot:<br \/>\n<a class=\"btn btn-secondary\" href=\"https:\/\/forms.office.com\/e\/cL8c1bDv7y?origin=lprLink\" target=\"_blank\" rel=\"noopener\">Regisztr\u00e1ci\u00f3<\/a><br \/>\nA hallgat\u00f3k csoportosan kapnak \u00e9rtes\u00edt\u00e9st a Grammarly regisztr\u00e1ci\u00f3r\u00f3l.<br \/>\nA licencek korl\u00e1tozott sz\u00e1mban \u00e1llnak rendelkez\u00e9sre, \u00e9s a regisztr\u00e1ci\u00f3 d\u00e1tuma szerint ker\u00fclnek kioszt\u00e1sra.<br \/>\nKezd\u0151 l\u00e9p\u00e9sek:<br \/>\n<a class=\"btn btn-secondary\" href=\"https:\/\/semmelweis.hu\/phd\/files\/2023\/10\/Getting-Started.pdf\" target=\"_blank\" rel=\"noopener\">Let\u00f6lt\u00e9s<\/a><br \/>\nFelhaszn\u00e1l\u00f3i \u00fatmutat\u00f3:<br \/>\n<a class=\"btn btn-secondary\" href=\"https:\/\/semmelweis.hu\/phd\/files\/2023\/10\/EditorUserGuide.pdf\" target=\"_blank\" rel=\"noopener\">let\u00f6lt\u00e9s<\/a><\/p>\n","protected":false},"author":101719,"featured_media":0,"parent":14055,"menu_order":6,"comment_status":"closed","ping_status":"closed","template":"template-fullwidth.php","meta":{"_acf_changed":false,"footnotes":""},"categories":[],"tags":[],"class_list":["post-17258","page","type-page","status-publish","hentry"],"acf":[],"_links":{"self":[{"href":"https:\/\/semmelweis.hu\/phd\/wp-json\/wp\/v2\/pages\/17258","targetHints":{"allow":["GET"]}}],"collection":[{"href":"https:\/\/semmelweis.hu\/phd\/wp-json\/wp\/v2\/pages"}],"about":[{"href":"https:\/\/semmelweis.hu\/phd\/wp-json\/wp\/v2\/types\/page"}],"author":[{"embeddable":true,"href":"https:\/\/semmelweis.hu\/phd\/wp-json\/wp\/v2\/users\/101719"}],"replies":[{"embeddable":true,"href":"https:\/\/semmelweis.hu\/phd\/wp-json\/wp\/v2\/comments?post=17258"}],"version-history":[{"count":9,"href":"https:\/\/semmelweis.hu\/phd\/wp-json\/wp\/v2\/pages\/17258\/revisions"}],"predecessor-version":[{"id":66248,"href":"https:\/\/semmelweis.hu\/phd\/wp-json\/wp\/v2\/pages\/17258\/revisions\/66248"}],"up":[{"embeddable":true,"href":"https:\/\/semmelweis.hu\/phd\/wp-json\/wp\/v2\/pages\/14055"}],"wp:attachment":[{"href":"https:\/\/semmelweis.hu\/phd\/wp-json\/wp\/v2\/media?parent=17258"}],"wp:term":[{"taxonomy":"category","embeddable":true,"href":"https:\/\/semmelweis.hu\/phd\/wp-json\/wp\/v2\/categories?post=17258"},{"taxonomy":"post_tag","embeddable":true,"href":"https:\/\/semmelweis.hu\/phd\/wp-json\/wp\/v2\/tags?post=17258"}],"curies":[{"name":"wp","href":"https:\/\/api.w.org\/{rel}","templated":true}]}}