{"id":171,"date":"2013-01-02T12:40:13","date_gmt":"2013-01-02T11:40:13","guid":{"rendered":"http:\/\/www.phd.sote.hu\/?page_id=171"},"modified":"2025-09-26T15:13:51","modified_gmt":"2025-09-26T13:13:51","slug":"doktori-tanacs","status":"publish","type":"page","link":"https:\/\/semmelweis.hu\/phd\/rolunk\/doktori-tanacs\/","title":{"rendered":"A Doktori Tan\u00e1cs \u00e9s eln\u00f6ke"},"content":{"rendered":"<div class=\"keretes w-100\">\n<p><strong>A doktori k\u00e9pz\u00e9s szervez\u00e9s\u00e9nek jog\u00e1t az Egyetemi Doktori Tan\u00e1cs (EDT) gyakorolja.<\/strong> Az egyetem a m\u0171k\u00f6d\u00e9si enged\u00e9ly\u00e9ben foglaltak szerint szervezett doktori k\u00e9pz\u00e9st folytat, \u00e9s tudom\u00e1nyos (doktori) fokozatot \u00edt\u00e9l oda, mellyel az egyetem elismeri \u00e9s tan\u00fas\u00edtja, hogy a doktori fokozattal rendelkez\u0151 szem\u00e9ly alkalmas \u00f6n\u00e1ll\u00f3 kutat\u00f3munka v\u00e9gz\u00e9s\u00e9re, egy adott tudom\u00e1ny\u00e1g, tudom\u00e1nyter\u00fclet, kutat\u00e1si ter\u00fclet magas sz\u00ednvonal\u00fa, \u00faj eredm\u00e9nyekkel gazdag\u00edt\u00f3 m\u0171vel\u00e9s\u00e9re.<\/p>\n<p>A Doktori Iskola munk\u00e1j\u00e1t az EDT a d\u00f6nt\u00e9sein kereszt\u00fcl, m\u00edg az EDT eln\u00f6ke pedig k\u00f6zvetlen\u00fcl ir\u00e1ny\u00edtja. A Doktori Iskol\u00e1n bel\u00fcl az egyes tagozatok mellett a Doktori Iskola Tagozati Tan\u00e1csai m\u0171k\u00f6dnek.\u00a0 Az EDT tagja \u2013 a doktorandusz \u00f6nkorm\u00e1nyzat deleg\u00e1ltja kiv\u00e9tel\u00e9vel \u2013 csak tudom\u00e1nyos fokozattal rendelkez\u0151, a t\u00f6rzstags\u00e1g felt\u00e9teleinek megfelel\u0151 szakember lehet.<\/p>\n<p>Az EDT feladatait az egyetem <a href=\"https:\/\/semmelweis.hu\/jogigfoig\/dokumentumtar\/szabalyzattar\/szervezeti-es-mukodesi-szabalyzat\/\" target=\"_blank\" rel=\"noopener\">Szervezeti \u00e9s M\u0171k\u00f6d\u00e9si Szab\u00e1lyzata<\/a>, m\u00edg a m\u0171k\u00f6d\u00e9s\u00e9t az egyetemi doktori szab\u00e1lyzat hat\u00e1rozza meg.<\/p>\n<\/div>\n<div>\n<h4><strong>A<a href=\"https:\/\/semmelweis.hu\/phd\/files\/2022\/03\/SE-benyo-zoltan-PHD-elnok.jpg\"><img loading=\"lazy\" decoding=\"async\" class=\"alignright  wp-image-14018\" src=\"https:\/\/semmelweis.hu\/phd\/files\/2022\/03\/SE-benyo-zoltan-PHD-elnok-211x300.jpg\" alt=\"\" width=\"160\" height=\"227\" srcset=\"https:\/\/semmelweis.hu\/phd\/files\/2022\/03\/SE-benyo-zoltan-PHD-elnok-211x300.jpg 211w, https:\/\/semmelweis.hu\/phd\/files\/2022\/03\/SE-benyo-zoltan-PHD-elnok.jpg 633w\" sizes=\"auto, (max-width: 160px) 100vw, 160px\" \/><\/a>z Egyetemi Doktori Tan\u00e1cs eln\u00f6ke<\/strong><\/h4>\n<\/div>\n<h5>Dr. Beny\u00f3 Zolt\u00e1n<\/h5>\n<p>e-mail: <a href=\"mailto:benyo.zoltan@semmelweis.hu\">benyo.zoltan@semmelweis.hu<\/a><br \/>\ntelefon: +36 1 459 1500 \/ 60300 mell\u00e9k<\/p>\n<p><a href=\"https:\/\/semmelweis.hu\/phd\/files\/2019\/08\/Beny\u00f3Zolt\u00e1nCV.pdf\" target=\"_blank\" rel=\"noopener\"><strong>\u00d6n\u00e9letrajz \u2192<\/strong><\/a><\/p>\n<hr \/>\n<div>\n<h4><strong>Az Egyetemi Doktori Tan\u00e1cs tagjai<\/strong><\/h4>\n<\/div>\n<p style=\"padding-left: 40px\"><strong>Dr. T\u00edm\u00e1r J\u00f3zsef<\/strong><br \/>\nEln\u00f6khelyettes<span style=\"color: #888888\"><br \/>\n<\/span>e-mail: <a href=\"mailto:timar.jozsef@semmelweis.hu\">timar.jozsef@semmelweis.hu<\/a> <br \/>\ntelefon: +36 20 825 9685<\/p>\n<p style=\"padding-left: 40px\"><strong>Dr. Sz\u00f6k\u0151 \u00c9va<\/strong><br \/>\nV\u00e9lem\u00e9nyez\u0151 \u00e9s Min\u0151s\u00e9gellen\u0151rz\u0151 Bizotts\u00e1g eln\u00f6ke<strong><br \/>\n<\/strong>e-mail: <a href=\"mailto:szoko.eva@semmelweis.hu\">szoko.eva@semmelweis.hu<\/a><br \/>\ntelefon: +36 30 329 6621<\/p>\n<p style=\"padding-left: 40px\"><strong>Dr. Ferdinandy P\u00e9ter<\/strong><br \/>\nEgyetemi Tudom\u00e1nyos Bizotts\u00e1g eln\u00f6ke<span style=\"color: #888888\"><br \/>\n<\/span>e-mail: <a href=\"mailto:ferdinandy.peter@semmelweis.hu\">ferdinandy.peter@semmelweis.hu<\/a><span style=\"color: #888888\"><br \/>\n<\/span>telefon: +36 1 459 1500 \/ 55351<\/p>\n<p style=\"padding-left: 40px\"><strong>Bedn\u00e1rikn\u00e9 Dr. D\u00f6rnyei Gabriella<\/strong><br \/>\nOktat\u00e1si \u00e9s Kreditbizotts\u00e1g eln\u00f6ke<strong><br \/>\n<\/strong>e-mail: <a href=\"mailto:dornyei.gabriella@semmelweis.hu\">dornyei.gabriella@semmelweis.hu<\/a><br \/>\ntelefon:<span style=\"font-family: inherit;font-size: inherit\">\u00a0<\/span><span style=\"font-family: inherit;font-size: inherit\">+36 1 486 4941\u00a0<\/span><\/p>\n<p style=\"padding-left: 40px\"><strong>Dr. Zsemberi \u00c1kos<\/strong><br \/>\nNemzetk\u00f6zi Bizotts\u00e1g eln\u00f6ke<strong><br \/>\n<\/strong>e-mail:\u00a0<br \/>\ntelefon:<span style=\"font-family: inherit;font-size: inherit\"> +36 1 459 1500 \/ 56422<\/span><\/p>\n<p style=\"padding-left: 40px\"><strong>Dr. Antal Istv\u00e1n<\/strong><br \/>\nFegyelmi Bizotts\u00e1g eln\u00f6ke<strong><br \/>\n<\/strong>e-mail:\u00a0<br \/>\ntelefon:<span style=\"font-family: inherit;font-size: inherit\">\u00a0<\/span><\/p>\n<p style=\"padding-left: 40px\"><strong>Dr. Jakus Zolt\u00e1n<br \/>\n<\/strong>D\u00d6K oktat\u00f3i deleg\u00e1lt<br \/>\ne-mail: <a href=\"mailto:jakus.zoltan@semmelweis.hu\">jakus.zoltan@semmelweis.hu<\/a><br \/>\ntelefon:\u00a0<\/p>\n<p style=\"padding-left: 40px\"><strong>Dr. Borbola D\u00e1niel<\/strong><br \/>\nDoktorandusz Hallgat\u00f3i \u00d6nkorm\u00e1nyzat eln\u00f6khelyettese<span style=\"color: #888888\"><br \/>\n<\/span>el\u00e9rhet\u0151s\u00e9g: <a href=\"https:\/\/semmelweis.hu\/dok\/\">https:\/\/semmelweis.hu\/dok\/<\/a><\/p>\n<hr \/>\n<div>\n<h4><strong>Kari k\u00e9pvisel\u0151k<\/strong><\/h4>\n<\/div>\n<p style=\"padding-left: 40px\">Dr. Losonczy Gy\u00f6rgy (\u00c1OK)<\/p>\n<p style=\"padding-left: 40px\">Dr. Sz\u00f6k\u0151 \u00c9va (GYOK)<\/p>\n<p style=\"padding-left: 40px\">Dr. Domj\u00e1n Gyula (ETK)<\/p>\n<p style=\"padding-left: 40px\">Dr. Varga G\u00e1bor (FOK)<\/p>\n<p style=\"padding-left: 40px\">Dr.\u00a0 Pethesn\u00e9 D\u00e1vid Be\u00e1ta (EKK)<\/p>\n<hr \/>\n<div>\n<h4><strong>Tudom\u00e1ny\u00e1gi Doktori Tagozatok vezet\u0151i<\/strong><\/h4>\n<\/div>\n<p style=\"padding-left: 40px\"><strong>Dr. Merkely B\u00e9la<\/strong><br \/>\nSz\u00edv-\u00e9s \u00e9s \u00c9rgy\u00f3gy\u00e1szati Tagozat<\/p>\n<p style=\"padding-left: 40px\"><strong>Dr. Kellermayer Mikl\u00f3s<\/strong><br \/>\nElm\u00e9leti \u00e9s Transzl\u00e1ci\u00f3s Orvostudom\u00e1nyi Tagozat<\/p>\n<p style=\"padding-left: 40px\"><strong>Dr. Varga G\u00e1bor<\/strong><br \/>\nFogorvostudom\u00e1nyi Tagozat<\/p>\n<p style=\"padding-left: 40px\"><strong>Dr. Szij\u00e1rt\u00f3 Attila<\/strong><br \/>\nOperat\u00edv Orvostudom\u00e1nyi Tagozat<\/p>\n<p style=\"padding-left: 40px\"><strong>Dr. Fekete Andrea<\/strong><br \/>\nR\u00e1cz K\u00e1roly\u00a0Konzervat\u00edv Orvostudom\u00e1nyi Tagozat<\/p>\n<p style=\"padding-left: 40px\"><strong>Dr. Zelk\u00f3 Rom\u00e1na<\/strong><br \/>\nGy\u00f3gyszertudom\u00e1nyok \u00e9s Eg\u00e9szs\u00e9g\u00fcgyi Technol\u00f3gi\u00e1k Tagozat<\/p>\n<p style=\"padding-left: 40px\"><strong>Dr. Bagdy Gy\u00f6rgy<\/strong><br \/>\nMent\u00e1lis Eg\u00e9szs\u00e9gtudom\u00e1nyi Tagozat<\/p>\n<p style=\"padding-left: 40px\"><strong>Dr. Nagy Zolt\u00e1n Zsolt<\/strong><br \/>\nEg\u00e9szs\u00e9gtudom\u00e1nyi Tagozat<\/p>\n<p style=\"padding-left: 40px\"><strong>Dr. Bereczki D\u00e1niel<\/strong><br \/>\nSzent\u00e1gothai J\u00e1nos Idegtudom\u00e1nyi Tagozat<\/p>\n<p style=\"padding-left: 40px\"><strong>Dr. V\u00e1rnai P\u00e9ter<\/strong><br \/>\nMolekul\u00e1ris Orvostudom\u00e1nyi Tagozat<\/p>\n<p style=\"padding-left: 40px\"><strong>Dr. Matolcsy Andr\u00e1s<\/strong><br \/>\nPatol\u00f3giai \u00e9s Onkol\u00f3giai Tagozat<\/p>\n<p style=\"padding-left: 40px\"><strong>Dr. Kosmas Kepesidis<\/strong> <br \/>\nNeumann J\u00e1nos Adattudom\u00e1nyok Tagozat<\/p>\n<hr \/>\n<p>&nbsp;<\/p>\n<div>\n<h4><strong>Az Egyetemi Doktori Tan\u00e1cs k\u00fcls\u0151 tagjai<\/strong><\/h4>\n<\/div>\n<p style=\"padding-left: 40px\">Dr. S\u00f3tonyi P\u00e9ter Tam\u00e1s<\/p>\n<p style=\"padding-left: 40px\">Dr. Szolgay P\u00e9ter<\/p>\n<hr \/>\n<div>\n<h4><strong>Lek\u00f6sz\u00f6nt Doktori Iskola vezet\u0151k<\/strong><\/h4>\n<\/div>\n<p style=\"padding-left: 40px\">Dr. Kovalszky Ilona<\/p>\n<p style=\"padding-left: 40px\">Dr. Nosz\u00e1l B\u00e9la<\/p>\n<p style=\"padding-left: 40px\">Dr. Tulassay Tivadar<\/p>\n<p style=\"padding-left: 40px\">Dr. Tulassay Zsolt<\/p>\n<p style=\"padding-left: 40px\">Dr. Mandl J\u00f3zsef<\/p>\n<p style=\"padding-left: 40px\">Dr. Ligeti Erzs\u00e9bet<\/p>\n<p style=\"padding-left: 40px\">Dr. Rosivall L\u00e1szl\u00f3<\/p>\n<p style=\"padding-left: 40px\">Dr. Reusz Gy\u00f6rgy<\/p>\n","protected":false},"excerpt":{"rendered":"<p>A doktori k\u00e9pz\u00e9s szervez\u00e9s\u00e9nek jog\u00e1t az Egyetemi Doktori Tan\u00e1cs (EDT) gyakorolja. Az egyetem a m\u0171k\u00f6d\u00e9si enged\u00e9ly\u00e9ben foglaltak szerint szervezett doktori k\u00e9pz\u00e9st folytat, \u00e9s tudom\u00e1nyos (doktori) fokozatot \u00edt\u00e9l oda, mellyel az egyetem elismeri \u00e9s tan\u00fas\u00edtja, hogy a doktori fokozattal rendelkez\u0151 szem\u00e9ly alkalmas \u00f6n\u00e1ll\u00f3 kutat\u00f3munka v\u00e9gz\u00e9s\u00e9re, egy adott tudom\u00e1ny\u00e1g, tudom\u00e1nyter\u00fclet, kutat\u00e1si ter\u00fclet magas sz\u00ednvonal\u00fa, \u00faj eredm\u00e9nyekkel gazdag\u00edt\u00f3 &hellip;<\/p>\n","protected":false},"author":158,"featured_media":0,"parent":18490,"menu_order":6,"comment_status":"closed","ping_status":"closed","template":"template-fullwidth.php","meta":{"_acf_changed":false,"footnotes":""},"categories":[],"tags":[],"class_list":["post-171","page","type-page","status-publish","hentry"],"acf":[],"_links":{"self":[{"href":"https:\/\/semmelweis.hu\/phd\/wp-json\/wp\/v2\/pages\/171","targetHints":{"allow":["GET"]}}],"collection":[{"href":"https:\/\/semmelweis.hu\/phd\/wp-json\/wp\/v2\/pages"}],"about":[{"href":"https:\/\/semmelweis.hu\/phd\/wp-json\/wp\/v2\/types\/page"}],"author":[{"embeddable":true,"href":"https:\/\/semmelweis.hu\/phd\/wp-json\/wp\/v2\/users\/158"}],"replies":[{"embeddable":true,"href":"https:\/\/semmelweis.hu\/phd\/wp-json\/wp\/v2\/comments?post=171"}],"version-history":[{"count":13,"href":"https:\/\/semmelweis.hu\/phd\/wp-json\/wp\/v2\/pages\/171\/revisions"}],"predecessor-version":[{"id":65475,"href":"https:\/\/semmelweis.hu\/phd\/wp-json\/wp\/v2\/pages\/171\/revisions\/65475"}],"up":[{"embeddable":true,"href":"https:\/\/semmelweis.hu\/phd\/wp-json\/wp\/v2\/pages\/18490"}],"wp:attachment":[{"href":"https:\/\/semmelweis.hu\/phd\/wp-json\/wp\/v2\/media?parent=171"}],"wp:term":[{"taxonomy":"category","embeddable":true,"href":"https:\/\/semmelweis.hu\/phd\/wp-json\/wp\/v2\/categories?post=171"},{"taxonomy":"post_tag","embeddable":true,"href":"https:\/\/semmelweis.hu\/phd\/wp-json\/wp\/v2\/tags?post=171"}],"curies":[{"name":"wp","href":"https:\/\/api.w.org\/{rel}","templated":true}]}}