{"id":15915,"date":"2023-08-28T15:44:26","date_gmt":"2023-08-28T13:44:26","guid":{"rendered":"https:\/\/semmelweis.hu\/phd\/?page_id=15915"},"modified":"2024-02-29T09:43:41","modified_gmt":"2024-02-29T08:43:41","slug":"letoltheto-dokumentumok","status":"publish","type":"page","link":"https:\/\/semmelweis.hu\/phd\/dokumentumok\/letoltheto-dokumentumok\/","title":{"rendered":"Let\u00f6lthet\u0151 dokumentumok"},"content":{"rendered":"            <div class=\"qae-faqs-container qae-faqs-toggle-container\">\n\t\t\t\t\t\t\t<ul class=\"qe-faqs-filters-container\">\n\t\t\t\t<li class=\"active\"><a class=\"qe-faqs-filter all-faqs\" href=\"#\" data-filter=\"*\">All<\/a><\/li>\n\t\t\t\t<li><a class=\"qe-faqs-filter\" href=\"#Let\u00f6lthet\u0151 dokumentumok\" data-filter=\".Let\u00f6lthet\u0151 dokumentumok\">Let\u00f6lthet\u0151 dokumentumok<\/a><\/li>\t\t\t<\/ul>\n\t\t\t\t\t<div id=\"qaef-17424\" class=\"qe-faq-toggle letoltheto-dokumentumok\">\n\t\t\t<div class=\"qe-toggle-title\">\n\t\t\t\t<h4>\n\t\t\t\t\t<i class=\"fa fa-minus-circle\"><\/i> Szerz\u0151d\u00e9sek\t\t\t\t<\/h4>\n\t\t\t<\/div>\n\t\t\t<div class=\"qe-toggle-content\">\n\t\t\t\t<p><a href=\"https:\/\/semmelweis.hu\/phd\/files\/2023\/08\/hallgatoi-kepzesi-szerzodes-allami-osztondijban-reszesulo-hallgatok-reszere-2025v2.docx\">Hallgat\u00f3i k\u00e9pz\u00e9si szerz\u0151d\u00e9s \u00e1llami \u00f6szt\u00f6nd\u00edjban r\u00e9szes\u00fcl\u0151 hallgat\u00f3k r\u00e9sz\u00e9re<\/a><\/p>\n<p><a href=\"https:\/\/semmelweis.hu\/phd\/files\/2023\/08\/hallgatoi-kepzesi-szerzodes-onkoltseges-kepzesben-resztvevo-hallgatok-reszere-2025v2.docx\">Hallgat\u00f3i k\u00e9pz\u00e9si szerz\u0151d\u00e9s \u00f6nk\u00f6lts\u00e9ges k\u00e9pz\u00e9sben r\u00e9sztvev\u0151 hallgat\u00f3k r\u00e9sz\u00e9re<\/a><span style=\"font-size: 18pt\"><br \/>\n<\/span><\/p>\n<p><a href=\"https:\/\/semmelweis.hu\/phd\/files\/2024\/02\/hallgatoi-kepzesi-szerzodes-allami-osztondijas-md-phd-hallgatok-reszere-2025-v2.docx\">Hallgat\u00f3i k\u00e9pz\u00e9si szerz\u0151d\u00e9s \u00e1llami \u00f6szt\u00f6nd\u00edjban r\u00e9szes\u00fcl\u0151, MD-PhD k\u00e9pz\u00e9sben r\u00e9sztvev\u0151 hallgat\u00f3k r\u00e9sz\u00e9re<\/a><\/p>\n<p><a href=\"https:\/\/semmelweis.hu\/phd\/files\/2024\/02\/szerzodes_MDPHD_0_onktg.docx\">Hallgat\u00f3i k\u00e9pz\u00e9si szerz\u0151d\u00e9s, \u00f6nk\u00f6lts\u00e9ges MD-PhD k\u00e9pz\u00e9sben r\u00e9sztvev\u0151 hallgat\u00f3k r\u00e9sz\u00e9re (null\u00e1s)<\/a><\/p>\n<p><a href=\"https:\/\/semmelweis.hu\/phd\/files\/2023\/08\/haromoldalu-megallapodas.doc\">H\u00e1romoldal\u00fa meg\u00e1llapod\u00e1s<\/a><span style=\"font-size: 18pt\"><br \/>\n<\/span><\/p>\n<p>&nbsp;<\/p>\n\t\t\t<\/div>\n\t\t<\/div>\n\t\t\t\t<div id=\"qaef-17423\" class=\"qe-faq-toggle letoltheto-dokumentumok\">\n\t\t\t<div class=\"qe-toggle-title\">\n\t\t\t\t<h4>\n\t\t\t\t\t<i class=\"fa fa-minus-circle\"><\/i> Komplex vizsga dokumentumok\t\t\t\t<\/h4>\n\t\t\t<\/div>\n\t\t\t<div class=\"qe-toggle-content\">\n\t\t\t\t<p><a href=\"https:\/\/semmelweis.hu\/phd\/files\/2023\/08\/javaslat-a-komplex-vizsga-targyakra-es-a-komplex-vizsga-szakmai-bizottsaganak-tagjaira17.doc\">Javaslat a komplex vizsga t\u00e1rgyakra \u00e9s a komplex vizsga szakmai bizotts\u00e1g\u00e1nak tagjaira<\/a><span style=\"font-size: 18pt\"><br \/>\n<\/span><\/p>\n<p><a href=\"https:\/\/semmelweis.hu\/phd\/files\/2023\/08\/jelentkezesi-lap-komplex-vizsgara.doc\">Jelentkez\u00e9si lap komplex vizsg\u00e1ra<\/a><span style=\"font-size: 18pt\"><br \/>\n<\/span><\/p>\n<p><a href=\"https:\/\/semmelweis.hu\/phd\/files\/2023\/08\/jelentkezesi-lap-komplex-vizsgara-egyeni-fokozatszerzok-reszere.doc\">Jelentkez\u00e9si lap komplex vizsg\u00e1ra egy\u00e9ni fokozatszerz\u0151k r\u00e9sz\u00e9re<\/a><span style=\"font-size: 18pt\"><br \/>\n<\/span><\/p>\n<p><a href=\"https:\/\/semmelweis.hu\/phd\/files\/2023\/08\/jelentkezesi-lap-komplex-vizsgara-MD-PhD-Programban-reszt-vevo-hallgatok-reszere.doc\">Jelentkez\u00e9si lap komplex vizsg\u00e1ra MD-PhD Programban r\u00e9szt vev\u0151 hallgat\u00f3k r\u00e9sz\u00e9re<\/a><span style=\"font-size: 18pt\"><br \/>\n<\/span><\/p>\n<p>&nbsp;<\/p>\n\t\t\t<\/div>\n\t\t<\/div>\n\t\t\t\t<div id=\"qaef-17422\" class=\"qe-faq-toggle letoltheto-dokumentumok\">\n\t\t\t<div class=\"qe-toggle-title\">\n\t\t\t\t<h4>\n\t\t\t\t\t<i class=\"fa fa-minus-circle\"><\/i> K\u00e9relmek\t\t\t\t<\/h4>\n\t\t\t<\/div>\n\t\t\t<div class=\"qe-toggle-content\">\n\t\t\t\t<p><a href=\"https:\/\/semmelweis.hu\/phd\/files\/2024\/02\/Doktori-kepzes-szuneteltetese-iranti-kerelem-csak-a-doktori-kepzesi-szakaszban-es-tanulmanyi-felevekre-kerheto-2024.doc\">Doktori k\u00e9pz\u00e9s sz\u00fcneteltet\u00e9se ir\u00e1nti k\u00e9relem<\/a><\/p>\n<p><a href=\"https:\/\/semmelweis.hu\/phd\/files\/2023\/11\/Disszertacio_benyujtasara_vonatkozo_halasztas_urlapja_.doc\">Doktori disszert\u00e1ci\u00f3 beny\u00fajt\u00e1s\u00e1nak halaszt\u00e1s\u00e1ra vonatkoz\u00f3 k\u00e9relem<\/a><\/p>\n<p><a href=\"https:\/\/semmelweis.hu\/phd\/files\/2024\/02\/Temavezeto-valtasra-kettos-temavezetesre-konzulens-bejelentesere-vonatkozo-kerelem-2025.doc\">T\u00e9mavezet\u0151 v\u00e1lt\u00e1sra \/ kett\u0151s t\u00e9mavezet\u00e9sre \/ konzulens bejelent\u00e9s\u00e9re vonatkoz\u00f3 k\u00e9relem<\/a><\/p>\n<p><a href=\"https:\/\/semmelweis.hu\/phd\/files\/2023\/08\/kerelem-reszletfizetesi-kedvezmenyfizetesi-haladek-igenybevetelere.doc\">K\u00e9relem r\u00e9szletfizet\u00e9si kedvezm\u00e9nyfizet\u00e9si \/ halad\u00e9k ig\u00e9nybev\u00e9tel\u00e9re<\/a><\/p>\n<p><a href=\"https:\/\/semmelweis.hu\/phd\/files\/2023\/10\/Honositasi-kerelem2025.doc\">Honos\u00edt\u00e1si k\u00e9relem<\/a><\/p>\n<p><a href=\"https:\/\/semmelweis.hu\/phd\/files\/2024\/02\/Semmelweis-Egyetem-kredit.docx\">K\u00e9relem k\u00fcls\u0151 kredit besz\u00e1m\u00edt\u00e1s\u00e1hoz<\/a><\/p>\n<p><a href=\"https:\/\/semmelweis.hu\/phd\/files\/2024\/02\/MDPhD_atsorolos_palyazati_adatlap_2025.docx\">Adatlap \u00e1tsorol\u00e1si k\u00e9relemhez<\/a><\/p>\n\t\t\t<\/div>\n\t\t<\/div>\n\t\t\t\t<div id=\"qaef-17421\" class=\"qe-faq-toggle letoltheto-dokumentumok\">\n\t\t\t<div class=\"qe-toggle-title\">\n\t\t\t\t<h4>\n\t\t\t\t\t<i class=\"fa fa-minus-circle\"><\/i> Jegyz\u0151k\u00f6nyvek\t\t\t\t<\/h4>\n\t\t\t<\/div>\n\t\t\t<div class=\"qe-toggle-content\">\n\t\t\t\t<p><a href=\"https:\/\/semmelweis.hu\/phd\/files\/2023\/08\/Doktori-PhD-hazi-vedes-jegyzokonyve.doc\">Doktori (Ph.D.) h\u00e1zi v\u00e9d\u00e9s jegyz\u0151k\u00f6nyve<\/a><\/p>\n<p><a href=\"https:\/\/semmelweis.hu\/phd\/files\/2023\/09\/Doktori-PhD-ertekezes-vedesenek-jegyzokonyve-2023-elott-2025.docx\">Doktori (Ph.D.) \u00e9rtekez\u00e9s v\u00e9d\u00e9s\u00e9nek jegyz\u0151k\u00f6nyve tanulm\u00e1nyaikat 2023. szeptember 1. el\u0151tt megkezd\u0151 hallgat\u00f3knak<\/a><\/p>\n<p><a href=\"https:\/\/semmelweis.hu\/phd\/files\/2023\/08\/Doktori-PhD-ertekezes-vedesenek-jegyzokonyve-2025.docx\">Doktori (Ph.D.) \u00e9rtekez\u00e9s v\u00e9d\u00e9s\u00e9nek jegyz\u0151k\u00f6nyve tanulm\u00e1nyaikat 2023. szeptember 1. ut\u00e1n megkezd\u0151 hallgat\u00f3knak<\/a><\/p>\n<p><a href=\"https:\/\/semmelweis.hu\/phd\/files\/2023\/08\/Doktori-PhD-komplex-vizsga-jegyzokonyve.doc\">Doktori (Ph.D.) komplex vizsga jegyz\u0151k\u00f6nyve<\/a><\/p>\n<p><a href=\"https:\/\/semmelweis.hu\/phd\/files\/2023\/09\/Doktori-phd-szigorlat-jegyzokonyve.doc\">Doktori (Ph.D.) szigorlat jegyz\u0151k\u00f6nyve<\/a><strong><br \/>\n<\/strong><\/p>\n<p>&nbsp;<\/p>\n\t\t\t<\/div>\n\t\t<\/div>\n\t\t\t\t<div id=\"qaef-17420\" class=\"qe-faq-toggle letoltheto-dokumentumok\">\n\t\t\t<div class=\"qe-toggle-title\">\n\t\t\t\t<h4>\n\t\t\t\t\t<i class=\"fa fa-minus-circle\"><\/i> Inform\u00e1ci\u00f3 d\u00edjakr\u00f3l\t\t\t\t<\/h4>\n\t\t\t<\/div>\n\t\t\t<div class=\"qe-toggle-content\">\n\t\t\t\t<p><a href=\"https:\/\/semmelweis.hu\/phd\/files\/2023\/09\/Doktori-Szabalyzat-5.-Melleklet_Dijak-2025.pdf\">A doktori (PhD) k\u00e9pz\u00e9s \u00e9s fokozatszerz\u00e9s elj\u00e1r\u00e1si d\u00edjai, a k\u00f6zrem\u0171k\u00f6d\u0151k tiszteletd\u00edjai<\/a><\/p>\n<p><a href=\"https:\/\/semmelweis.hu\/phd\/files\/2024\/02\/Tajekoztato-dijak-befizetesevel-osztondij-kifizetessel-kapcsolatban-2026.pdf\">T\u00e1j\u00e9koztat\u00f3 d\u00edjak befizet\u00e9s\u00e9vel, \u00f6szt\u00f6nd\u00edj kifizet\u00e9ssel kapcsolatban<\/a><\/p>\n<p><a href=\"https:\/\/semmelweis.hu\/phd\/files\/2023\/09\/SE_szamlakero-nyomtatvany_2025v2.xlsx\">Sz\u00e1mlak\u00e9r\u0151 nyomtatv\u00e1ny<\/a><\/p>\n\t\t\t<\/div>\n\t\t<\/div>\n\t\t\t\t<div id=\"qaef-17419\" class=\"qe-faq-toggle letoltheto-dokumentumok\">\n\t\t\t<div class=\"qe-toggle-title\">\n\t\t\t\t<h4>\n\t\t\t\t\t<i class=\"fa fa-minus-circle\"><\/i> Disszert\u00e1ci\u00f3 beny\u00fajt\u00e1sa\t\t\t\t<\/h4>\n\t\t\t<\/div>\n\t\t\t<div class=\"qe-toggle-content\">\n\t\t\t\t<p><a href=\"https:\/\/semmelweis.hu\/phd\/files\/2024\/02\/Az-ertekezes-formai-kovetelmenyei-a-2020-szeptember-1-elott-megkezdo-hallgatokra-vonatkozoan-2025.docx\">Az \u00e9rtekez\u00e9s formai k\u00f6vetelm\u00e9nyei a 2020. szeptember 1. el\u0151tt tanulm\u00e1nyaikat megkezd\u0151 hallgat\u00f3k eset\u00e9ben<\/a><span style=\"font-size: 18pt\"><br \/>\n<\/span><\/p>\n<p><a href=\"https:\/\/semmelweis.hu\/phd\/files\/2024\/02\/Az-ertekezes-formai-kovetelmenyei-a-2020-szeptember-1-utan-megkezdo-hallgatokra-vonatkozoan-2025.docx\">Az \u00e9rtekez\u00e9s formai k\u00f6vetelm\u00e9nyei a 2020. szeptember 1. ut\u00e1n tanulm\u00e1nyaikat megkezd\u0151 hallgat\u00f3k eset\u00e9ben<\/a><\/p>\n<p><a href=\"https:\/\/semmelweis.hu\/phd\/files\/2023\/08\/Javaslat-a-hivatalos-biralok-szemelyere-es-a-biralobizottsag-tagjaira-23-09-1-utan-2026.docx\">Javaslat a hivatalos b\u00edr\u00e1l\u00f3k szem\u00e9ly\u00e9re \u00e9s a b\u00edr\u00e1l\u00f3bizotts\u00e1g tagjaira az abszolut\u00f3riumot 2023. szeptember 1. ut\u00e1n megszerzett hallgat\u00f3k eset\u00e9ben<\/a><\/p>\n<p><a href=\"https:\/\/semmelweis.hu\/phd\/files\/2024\/02\/Javaslat-a-hivatalos-biralok-szemelyere-es-a-biralobizottsag-tagjaira-23-08-31-elott-2026.docx\">Javaslat a hivatalos b\u00edr\u00e1l\u00f3k szem\u00e9ly\u00e9re \u00e9s a b\u00edr\u00e1l\u00f3bizotts\u00e1g tagjaira az abszolut\u00f3riumot 2023. augusztus 31. el\u0151tt megszerzett hallgat\u00f3k eset\u00e9ben<\/a><\/p>\n<p><a href=\"https:\/\/semmelweis.hu\/phd\/files\/2023\/08\/konyvtari-adatlap.doc\">K\u00f6nyvt\u00e1ri Adatlap Ph.D. \u00e9rtekez\u00e9s beny\u00fajt\u00e1s\u00e1hoz<\/a><\/p>\n<p><a href=\"https:\/\/semmelweis.hu\/phd\/files\/2024\/02\/nyilatkozat-eredetisegrol-es-szerzoi-jogrol-2025.docx\">Nyilatkozat eredetis\u00e9gr\u0151l \u00e9s szerz\u0151i jogr\u00f3l<\/a><\/p>\n<p><a href=\"https:\/\/semmelweis.hu\/phd\/files\/2024\/02\/nyilatkozat-az-ertekezeshez-felhasznalt-kozlemenyben-szereplo-sajat-eredmenyekrol-2025.docx\">Nyilatkozat az \u00e9rtekez\u00e9shez felhaszn\u00e1lt k\u00f6zlem\u00e9nyben szerepl\u0151 saj\u00e1t eredm\u00e9nyekr\u0151l<\/a><\/p>\n<p><a href=\"https:\/\/semmelweis.hu\/phd\/files\/2026\/04\/Nyilatkozat-AI.docx\">Nyilatkozat mesters\u00e9ges intelligencia (MI) haszn\u00e1lat\u00e1r\u00f3l<\/a><\/p>\n<p><a href=\"https:\/\/semmelweis.hu\/phd\/files\/2024\/02\/Nyilatkozat-formai-kovetelmenyekrol-30-60-oldalas-angol-nyelvu-disszertacio-eseten-2-2025.docx\">Nyilatkozat formai k\u00f6vetelm\u00e9nyekr\u0151l 30-60 oldalas angol nyelv\u0171 disszert\u00e1ci\u00f3 eset\u00e9n<\/a><\/p>\n<p><a href=\"https:\/\/semmelweis.hu\/phd\/files\/2024\/10\/Nyilatkozat-formai-kovetelmenyekrol-70-150-oldalas-disszertacio-eseten-2025.docx\">Nyilatkozat formai k\u00f6vetelm\u00e9nyekr\u0151l 70-150 oldalas disszert\u00e1ci\u00f3 eset\u00e9n<\/a><\/p>\n<p><a href=\"https:\/\/semmelweis.hu\/phd\/files\/2023\/08\/tajekoztato-a-doktori-ertekezes-elkeszitesehez-2025.docx\">T\u00e1j\u00e9koztat\u00f3 a doktori \u00e9rtekez\u00e9s elk\u00e9sz\u00edt\u00e9s\u00e9hez<\/a><\/p>\n<p><a href=\"https:\/\/semmelweis.hu\/phd\/files\/2023\/08\/temavezetoi-nyilatkozat-2025.docx\">T\u00e9mavezet\u0151i nyilatkozat<\/a><\/p>\n<p><a href=\"https:\/\/semmelweis.hu\/phd\/files\/2023\/08\/utmutato-a-disszertacioban-felhasznalni-kivant-sajat-kozlemenyek-szerzoi-joganak-megszerzesehez-2025.docx\">\u00datmutat\u00f3 a disszert\u00e1ci\u00f3ban felhaszn\u00e1lni k\u00edv\u00e1nt saj\u00e1t k\u00f6zlem\u00e9nyek szerz\u0151i jog\u00e1nak megszerz\u00e9s\u00e9hez<\/a><\/p>\n<p><a href=\"https:\/\/semmelweis.hu\/phd\/files\/2024\/02\/IGAZOLAS-NYILVANOS-DOKTORI-VEDESEN-TORTENO-RESZVETELROL-2025.docx\">Igazol\u00e1s nyilv\u00e1nos doktori v\u00e9d\u00e9sen t\u00f6rt\u00e9n\u0151 r\u00e9szv\u00e9telr\u0151l<\/a><\/p>\n\t\t\t<\/div>\n\t\t<\/div>\n\t\t\t\t<div id=\"qaef-17417\" class=\"qe-faq-toggle letoltheto-dokumentumok\">\n\t\t\t<div class=\"qe-toggle-title\">\n\t\t\t\t<h4>\n\t\t\t\t\t<i class=\"fa fa-minus-circle\"><\/i> Jelentkez\u00e9s fokozatszerz\u00e9sre (csak 2016. szeptember 1. el\u0151tt tanulm\u00e1nyaikat megkezd\u0151k eset\u00e9ben)\t\t\t\t<\/h4>\n\t\t\t<\/div>\n\t\t\t<div class=\"qe-toggle-content\">\n\t\t\t\t<p><a href=\"https:\/\/semmelweis.hu\/phd\/files\/2024\/02\/Jelentkezesi-lap-doktori-PhD-fokozat-szerzesere-2025.doc\">Jelentkez\u00e9si lap<\/a><span style=\"font-size: 18pt\"><br \/>\n<\/span><\/p>\n\t\t\t<\/div>\n\t\t<\/div>\n\t\t\t\t<div id=\"qaef-17416\" class=\"qe-faq-toggle letoltheto-dokumentumok\">\n\t\t\t<div class=\"qe-toggle-title\">\n\t\t\t\t<h4>\n\t\t\t\t\t<i class=\"fa fa-minus-circle\"><\/i> Beiratkoz\u00e1s\t\t\t\t<\/h4>\n\t\t\t<\/div>\n\t\t\t<div class=\"qe-toggle-content\">\n\t\t\t\t<p><a href=\"https:\/\/semmelweis.hu\/phd\/files\/2024\/02\/Beiratkozasi-lap-2.docx\">Beiratkoz\u00e1si lap<\/a><\/p>\n<p><a href=\"https:\/\/semmelweis.hu\/phd\/files\/2024\/02\/Beiratkozasi-lap-egyeni-fokozatszerzok-reszere.docx\">Beiratkoz\u00e1si lap egy\u00e9ni fokozatszerz\u0151k r\u00e9sz\u00e9re<\/a><\/p>\n<p><a href=\"https:\/\/semmelweis.hu\/phd\/files\/2024\/02\/Atjelentkezes-a-Semmelweis-Egyetem-Doktori-Iskolaba-2025.docx\">\u00c1tjelentkez\u00e9s a Semmelweis Egyetem Doktori Iskol\u00e1ba<\/a><\/p>\n\t\t\t<\/div>\n\t\t<\/div>\n\t\t\t\t<div id=\"qaef-17415\" class=\"qe-faq-toggle letoltheto-dokumentumok\">\n\t\t\t<div class=\"qe-toggle-title\">\n\t\t\t\t<h4>\n\t\t\t\t\t<i class=\"fa fa-minus-circle\"><\/i> \u00c1ltal\u00e1nos inform\u00e1ci\u00f3k a k\u00e9pz\u00e9sr\u0151l\t\t\t\t<\/h4>\n\t\t\t<\/div>\n\t\t\t<div class=\"qe-toggle-content\">\n\t\t\t\t<p><a href=\"https:\/\/semmelweis.hu\/phd\/files\/2023\/08\/doktori.kepzes.folyamatabra.pdf\">A doktori k\u00e9pz\u00e9s \u00e9s fokozatszerz\u00e9s folyamat\u00e1br\u00e1ja<\/a><\/p>\n\t\t\t<\/div>\n\t\t<\/div>\n\t\t            <\/div>\n\t\t\n","protected":false},"excerpt":{"rendered":"<p><a href=\"https:\/\/semmelweis.hu\/phd\/files\/2023\/08\/doktori.kepzes.folyamatabra.pdf\">A doktori k\u00e9pz\u00e9s \u00e9s fokozatszerz\u00e9s folyamat\u00e1br\u00e1ja<\/a><\/p>\n","protected":false},"author":102199,"featured_media":0,"parent":9443,"menu_order":5,"comment_status":"closed","ping_status":"closed","template":"template-fullwidth.php","meta":{"_acf_changed":false,"footnotes":""},"categories":[],"tags":[],"class_list":["post-15915","page","type-page","status-publish","hentry"],"acf":[],"_links":{"self":[{"href":"https:\/\/semmelweis.hu\/phd\/wp-json\/wp\/v2\/pages\/15915","targetHints":{"allow":["GET"]}}],"collection":[{"href":"https:\/\/semmelweis.hu\/phd\/wp-json\/wp\/v2\/pages"}],"about":[{"href":"https:\/\/semmelweis.hu\/phd\/wp-json\/wp\/v2\/types\/page"}],"author":[{"embeddable":true,"href":"https:\/\/semmelweis.hu\/phd\/wp-json\/wp\/v2\/users\/102199"}],"replies":[{"embeddable":true,"href":"https:\/\/semmelweis.hu\/phd\/wp-json\/wp\/v2\/comments?post=15915"}],"version-history":[{"count":10,"href":"https:\/\/semmelweis.hu\/phd\/wp-json\/wp\/v2\/pages\/15915\/revisions"}],"predecessor-version":[{"id":17428,"href":"https:\/\/semmelweis.hu\/phd\/wp-json\/wp\/v2\/pages\/15915\/revisions\/17428"}],"up":[{"embeddable":true,"href":"https:\/\/semmelweis.hu\/phd\/wp-json\/wp\/v2\/pages\/9443"}],"wp:attachment":[{"href":"https:\/\/semmelweis.hu\/phd\/wp-json\/wp\/v2\/media?parent=15915"}],"wp:term":[{"taxonomy":"category","embeddable":true,"href":"https:\/\/semmelweis.hu\/phd\/wp-json\/wp\/v2\/categories?post=15915"},{"taxonomy":"post_tag","embeddable":true,"href":"https:\/\/semmelweis.hu\/phd\/wp-json\/wp\/v2\/tags?post=15915"}],"curies":[{"name":"wp","href":"https:\/\/api.w.org\/{rel}","templated":true}]}}