{"id":14480,"date":"2022-05-18T12:26:49","date_gmt":"2022-05-18T10:26:49","guid":{"rendered":"https:\/\/semmelweis.hu\/phd\/?page_id=14480"},"modified":"2026-02-09T15:48:13","modified_gmt":"2026-02-09T14:48:13","slug":"meghivo-sablonok-magyar-angol-nyelven","status":"publish","type":"page","link":"https:\/\/semmelweis.hu\/phd\/hallgatoknak\/meghivo-sablonok-magyar-angol-nyelven\/","title":{"rendered":"Megh\u00edv\u00f3 sablonok magyar \u00e9s angol nyelven"},"content":{"rendered":"<h3>Megh\u00edv\u00f3 sablon (2023 szeptember 1. ut\u00e1n abszolv\u00e1ltaknak)<\/h3>\n<ul style=\"list-style-type: disc\">\n<li>\n<p><a href=\"https:\/\/semmelweis.hu\/phd\/files\/2024\/04\/meghivo-sablon-2026.docx\">Magyar nyelv\u0171<\/a><\/p>\n<\/li>\n<li>\n<p><a href=\"https:\/\/semmelweis.hu\/phd\/files\/2024\/04\/Invitation-for-Doctoral-Division-2026.docx\">Angol nyelv\u0171<\/a><\/p>\n<\/li>\n<\/ul>\n<h3>Megh\u00edv\u00f3 sablon (2023 szeptember 1. el\u0151tt abszolv\u00e1ltaknak)<\/h3>\n<ul style=\"list-style-type: disc\">\n<li>\n<p><a href=\"https:\/\/semmelweis.hu\/phd\/files\/2024\/05\/Meghivo-Doktori-Iskolahoz-v2.docx\">Magyar nyelv\u0171<\/a><\/p>\n<\/li>\n<li>\n<p><a href=\"https:\/\/semmelweis.hu\/phd\/files\/2024\/05\/Invitation-for-Doctoral-School-v2.docx\">Angol nyelv\u0171<\/a><\/p>\n<\/li>\n<\/ul>\n","protected":false},"excerpt":{"rendered":"<p>Megh\u00edv\u00f3 sablon (2023 szeptember 1. ut\u00e1n abszolv\u00e1ltaknak)<\/p>\n<p><a href=\"https:\/\/semmelweis.hu\/phd\/files\/2024\/04\/meghivo-sablon-2026.docx\">Magyar nyelv\u0171<\/a><\/p>\n<p><a href=\"https:\/\/semmelweis.hu\/phd\/files\/2024\/04\/Invitation-for-Doctoral-Division-2026.docx\">Angol nyelv\u0171<\/a><\/p>\n<p>Megh\u00edv\u00f3 sablon (2023 szeptember 1. el\u0151tt abszolv\u00e1ltaknak)<\/p>\n<p><a href=\"https:\/\/semmelweis.hu\/phd\/files\/2024\/05\/Meghivo-Doktori-Iskolahoz-v2.docx\">Magyar nyelv\u0171<\/a><\/p>\n<p><a href=\"https:\/\/semmelweis.hu\/phd\/files\/2024\/05\/Invitation-for-Doctoral-School-v2.docx\">Angol nyelv\u0171<\/a><\/p>\n","protected":false},"author":101719,"featured_media":0,"parent":367,"menu_order":10,"comment_status":"closed","ping_status":"closed","template":"template-fullwidth.php","meta":{"_acf_changed":false,"footnotes":""},"categories":[],"tags":[],"class_list":["post-14480","page","type-page","status-publish","hentry"],"acf":[],"_links":{"self":[{"href":"https:\/\/semmelweis.hu\/phd\/wp-json\/wp\/v2\/pages\/14480","targetHints":{"allow":["GET"]}}],"collection":[{"href":"https:\/\/semmelweis.hu\/phd\/wp-json\/wp\/v2\/pages"}],"about":[{"href":"https:\/\/semmelweis.hu\/phd\/wp-json\/wp\/v2\/types\/page"}],"author":[{"embeddable":true,"href":"https:\/\/semmelweis.hu\/phd\/wp-json\/wp\/v2\/users\/101719"}],"replies":[{"embeddable":true,"href":"https:\/\/semmelweis.hu\/phd\/wp-json\/wp\/v2\/comments?post=14480"}],"version-history":[{"count":10,"href":"https:\/\/semmelweis.hu\/phd\/wp-json\/wp\/v2\/pages\/14480\/revisions"}],"predecessor-version":[{"id":66238,"href":"https:\/\/semmelweis.hu\/phd\/wp-json\/wp\/v2\/pages\/14480\/revisions\/66238"}],"up":[{"embeddable":true,"href":"https:\/\/semmelweis.hu\/phd\/wp-json\/wp\/v2\/pages\/367"}],"wp:attachment":[{"href":"https:\/\/semmelweis.hu\/phd\/wp-json\/wp\/v2\/media?parent=14480"}],"wp:term":[{"taxonomy":"category","embeddable":true,"href":"https:\/\/semmelweis.hu\/phd\/wp-json\/wp\/v2\/categories?post=14480"},{"taxonomy":"post_tag","embeddable":true,"href":"https:\/\/semmelweis.hu\/phd\/wp-json\/wp\/v2\/tags?post=14480"}],"curies":[{"name":"wp","href":"https:\/\/api.w.org\/{rel}","templated":true}]}}