{"id":12325,"date":"2020-10-29T10:25:20","date_gmt":"2020-10-29T09:25:20","guid":{"rendered":"https:\/\/semmelweis.hu\/phd\/?page_id=12325"},"modified":"2026-01-15T13:03:13","modified_gmt":"2026-01-15T12:03:13","slug":"hazi-vedes","status":"publish","type":"page","link":"https:\/\/semmelweis.hu\/phd\/hallgatoknak\/hazi-vedes\/","title":{"rendered":"H\u00e1zi v\u00e9d\u00e9s &#8211; munkahelyi vita"},"content":{"rendered":"<p><strong>Doktori Szab\u00e1lyzat al\u00e1bbiakban rendelkezik a h\u00e1zi v\u00e9d\u00e9sr\u0151l <\/strong>20\u00a7 (6):<\/p>\n<p>&#8222;Az \u00e9rtekez\u00e9sr\u0151l munkahelyi vit\u00e1t kell rendezni. <span style=\"font-size: 1rem\">A munkahelyi vit\u00e1t a programvezet\u0151 szervezi meg \u00e9s vezeti le. <\/span>A munkahelyi vit\u00e1n legal\u00e1bb \u00f6t, tudom\u00e1nyos min\u0151s\u00edt\u00e9ssel rendelkez\u0151 kutat\u00f3nak kell r\u00e9szt vennie.&#8221;<\/p>\n<h5>K\u00f6vetelm\u00e9nyek:<\/h5>\n<ul>\n<li>a h\u00e1zi v\u00e9d\u00e9sre egy vagy k\u00e9t b\u00edr\u00e1l\u00f3t kell kijel\u00f6lni<\/li>\n<li>a nyilv\u00e1nos vit\u00e1ra t\u00f6rt\u00e9n\u0151 felk\u00e9sz\u00edt\u00e9s \u00e9rdek\u00e9ben az el\u0151re megkapott b\u00edr\u00e1l\u00f3i k\u00e9rd\u00e9seken t\u00fal, ad hoc k\u00e9rd\u00e9sek megv\u00e1laszol\u00e1sa is sz\u00fcks\u00e9ges a h\u00e1zi v\u00e9d\u00e9sen<\/li>\n<li>a h\u00e1zi v\u00e9d\u00e9s jegyz\u0151k\u00f6nyve alapj\u00e1n jav\u00edtani kell a disszert\u00e1ci\u00f3t beny\u00fajt\u00e1s el\u0151tt<\/li>\n<li>a jegyz\u0151k\u00f6nyvet (<a href=\"https:\/\/semmelweis.hu\/phd\/files\/2023\/08\/Doktori-PhD-hazi-vedes-jegyzokonyve.doc\">LET\u00d6LT\u00c9S<\/a>) legk\u00e9s\u0151bb a disszert\u00e1ci\u00f3 beny\u00fajt\u00e1sakor kell a Doktori Hivatalba megk\u00fcldeni.<\/li>\n<\/ul>\n","protected":false},"excerpt":{"rendered":"<p>Doktori Szab\u00e1lyzat al\u00e1bbiakban rendelkezik a h\u00e1zi v\u00e9d\u00e9sr\u0151l 20\u00a7 (6): &#8222;Az \u00e9rtekez\u00e9sr\u0151l munkahelyi vit\u00e1t kell rendezni. A munkahelyi vit\u00e1t a programvezet\u0151 szervezi meg \u00e9s vezeti le. A munkahelyi vit\u00e1n legal\u00e1bb \u00f6t, tudom\u00e1nyos min\u0151s\u00edt\u00e9ssel rendelkez\u0151 kutat\u00f3nak kell r\u00e9szt vennie.&#8221; K\u00f6vetelm\u00e9nyek: a h\u00e1zi v\u00e9d\u00e9sre egy vagy k\u00e9t b\u00edr\u00e1l\u00f3t kell kijel\u00f6lni a nyilv\u00e1nos vit\u00e1ra t\u00f6rt\u00e9n\u0151 felk\u00e9sz\u00edt\u00e9s \u00e9rdek\u00e9ben az el\u0151re &hellip;<\/p>\n","protected":false},"author":101719,"featured_media":0,"parent":367,"menu_order":8,"comment_status":"closed","ping_status":"closed","template":"template-fullwidth.php","meta":{"_acf_changed":false,"footnotes":""},"categories":[],"tags":[],"class_list":["post-12325","page","type-page","status-publish","hentry"],"acf":[],"_links":{"self":[{"href":"https:\/\/semmelweis.hu\/phd\/wp-json\/wp\/v2\/pages\/12325","targetHints":{"allow":["GET"]}}],"collection":[{"href":"https:\/\/semmelweis.hu\/phd\/wp-json\/wp\/v2\/pages"}],"about":[{"href":"https:\/\/semmelweis.hu\/phd\/wp-json\/wp\/v2\/types\/page"}],"author":[{"embeddable":true,"href":"https:\/\/semmelweis.hu\/phd\/wp-json\/wp\/v2\/users\/101719"}],"replies":[{"embeddable":true,"href":"https:\/\/semmelweis.hu\/phd\/wp-json\/wp\/v2\/comments?post=12325"}],"version-history":[{"count":11,"href":"https:\/\/semmelweis.hu\/phd\/wp-json\/wp\/v2\/pages\/12325\/revisions"}],"predecessor-version":[{"id":65995,"href":"https:\/\/semmelweis.hu\/phd\/wp-json\/wp\/v2\/pages\/12325\/revisions\/65995"}],"up":[{"embeddable":true,"href":"https:\/\/semmelweis.hu\/phd\/wp-json\/wp\/v2\/pages\/367"}],"wp:attachment":[{"href":"https:\/\/semmelweis.hu\/phd\/wp-json\/wp\/v2\/media?parent=12325"}],"wp:term":[{"taxonomy":"category","embeddable":true,"href":"https:\/\/semmelweis.hu\/phd\/wp-json\/wp\/v2\/categories?post=12325"},{"taxonomy":"post_tag","embeddable":true,"href":"https:\/\/semmelweis.hu\/phd\/wp-json\/wp\/v2\/tags?post=12325"}],"curies":[{"name":"wp","href":"https:\/\/api.w.org\/{rel}","templated":true}]}}