{"id":11509,"date":"2020-06-02T09:07:49","date_gmt":"2020-06-02T07:07:49","guid":{"rendered":"https:\/\/semmelweis.hu\/phd\/?page_id=11509"},"modified":"2026-01-28T13:37:28","modified_gmt":"2026-01-28T12:37:28","slug":"komplex-vizsga","status":"publish","type":"page","link":"https:\/\/semmelweis.hu\/phd\/hallgatoknak\/komplex-vizsga\/","title":{"rendered":"Komplex vizsga"},"content":{"rendered":"<div class=\"keretes w-100\">\n<p><strong>A komplex vizsga c\u00e9lja<\/strong> a doktorandusz <strong>t\u00e1rgyi tud\u00e1s\u00e1nak <\/strong>\u00e9s<strong> szakirodalmi ismereteinek (\u201eelm\u00e9leti r\u00e9sz\u201d), <\/strong>valamint <strong>tudom\u00e1nyos teljes\u00edtm\u00e9ny\u00e9nek \u00e9rt\u00e9kel\u00e9se (\u201egyakorlati r\u00e9sz\u201d).<\/strong><\/p>\n<ul style=\"list-style-type: square\">\n<li>\n<p>A komplex vizsga <strong>a nappali \u00e9s levelez\u0151 tagozatos hallgat\u00f3k <\/strong>eset\u00e9ben a<strong> k\u00e9pz\u00e9si \u00e9s kutat\u00e1si szakasz lez\u00e1r\u00e1sak\u00e9nt \u00e9s a kutat\u00e1si \u00e9s disszert\u00e1ci\u00f3s szakasz megkezd\u00e9s\u00e9nek <\/strong>felt\u00e9telek\u00e9nt szolg\u00e1l.<\/p>\n<\/li>\n<li>\n<p><strong>Az egy\u00e9ni felk\u00e9sz\u00fcl\u0151k <\/strong>eset\u00e9ben a komplex vizsga <strong>a fokozatszerz\u00e9si elj\u00e1r\u00e1sban t\u00f6rt\u00e9n\u0151 r\u00e9szv\u00e9tel felt\u00e9tele.<\/strong><\/p>\n<\/li>\n<\/ul>\n<p>A komplex vizsga let\u00e9tel\u00e9re mind a k\u00e9t f\u00e9l\u00e9vben a Doktori Tagozatok \u00e1ltal megadott id\u0151pontokban van lehet\u0151s\u00e9g, a tagozat tanulm\u00e1nyi felel\u0151se tud err\u0151l felvil\u00e1gos\u00edt\u00e1st adni. A komplex vizsg\u00e1ra k\u00fcl\u00f6n kell jelentkezni (<a href=\"#docs\">l\u00e1sd let\u00f6lthet\u0151 dokumentumok<\/a>).\u00a0<\/p>\n<\/div>\n<h2>Elm\u00e9leti r\u00e9sz<\/h2>\n<p>Az<strong> elm\u00e9leti r\u00e9szben<\/strong> a doktorandusz <strong>k\u00e9t t\u00e1rgyb\u00f3l\/t\u00e9mak\u00f6rb\u0151l<\/strong> tesz vizsg\u00e1t.<\/p>\n<p>A<strong> f\u0151t\u00e1rgy<\/strong> keret\u00e9ben a hallgat\u00f3 egy sz\u00e9lesebb tudom\u00e1nyter\u00fcleten val\u00f3 t\u00e1j\u00e9kozotts\u00e1g\u00e1r\u00f3l ad sz\u00e1mot, m\u00edg a <strong>mell\u00e9kt\u00e1rgy<\/strong> keret\u00e9ben a kutat\u00e1si ter\u00fclet\u00e9hez kapcsol\u00f3d\u00f3 sz\u0171kebb tudom\u00e1nyter\u00fcletr\u0151l. Az elm\u00e9leti vizsg\u00e1nak lehet \u00edr\u00e1sbeli r\u00e9sze is.<\/p>\n<h2>Gyakorlati r\u00e9sz<\/h2>\n<p>A komplex vizsga m\u00e1sodik r\u00e9sz\u00e9ben a <strong>hallgat\u00f3 el\u0151ad\u00e1s form\u00e1j\u00e1ban (8-10 perces prezent\u00e1ci\u00f3) ad<\/strong> <strong>sz\u00e1mot<\/strong> szakirodalmi ismereteir\u0151l, besz\u00e1mol kutat\u00e1si eredm\u00e9nyeir\u0151l, ismerteti a doktori k\u00e9pz\u00e9s m\u00e1sodik szakasz\u00e1ra vonatkoz\u00f3 kutat\u00e1si terv\u00e9t, valamint a disszert\u00e1ci\u00f3 elk\u00e9sz\u00edt\u00e9s\u00e9nek \u00e9s az eredm\u00e9nyek publik\u00e1l\u00e1s\u00e1nak \u00fctemez\u00e9s\u00e9t.<\/p>\n<p>Ebben a vizsgar\u00e9szben meg kell gy\u0151z\u0151dni arr\u00f3l is, hogy a hallgat\u00f3 alaposan ismeri az \u00e1ltala haszn\u00e1lt metodik\u00e1kat, \u00e9s az eredm\u00e9nyei \u00e9rt\u00e9kel\u00e9s\u00e9hez alkalmazott statisztikai m\u00f3dszereket.<\/p>\n<h2>Komplex vizsga tematika<\/h2>\n<p>A <a href=\"https:\/\/semmelweis.hu\/phd\/doktori-tagozatok\/\">Doktori Iskola tagozatai meghat\u00e1rozz\u00e1k<\/a> a k\u00e9pz\u00e9s\u00fcket 2020. szeptember 1. ut\u00e1n megkezd\u0151 hallgat\u00f3i \u00e1ltal v\u00e1laszthat\u00f3 f\u0151- \u00e9s mell\u00e9kt\u00e1rgyakat, azok pontos tananyag\u00e1t, vizsgat\u00e9teleit, a felk\u00e9sz\u00fcl\u00e9shez aj\u00e1nlott szakirodalmat \u00e9s a t\u00e1rgy elsaj\u00e1t\u00edt\u00e1s\u00e1hoz aj\u00e1nlott kurzusok k\u00f6r\u00e9t. A kiv\u00e1lasztott f\u0151- \u00e9s mell\u00e9kt\u00e1rgyakr\u00f3l a hallgat\u00f3 \u00e9s t\u00e9mavezet\u0151je\/konzulense egy\u00fcttesen nyilatkozik a k\u00e9pz\u00e9s megkezd\u00e9sekor, ill. egy\u00e9ni felk\u00e9sz\u00fcl\u0151 hallgat\u00f3k a jelentkez\u00e9s\u00fckkor.\u00a0<\/p>\n<p style=\"text-align: center\"><a class=\"btn btn-secondary\" href=\"#tetelek\" target=\"_self\" rel=\"noopener\">Tov\u00e1bb a T\u00e9telekhez\u00a0<\/a><\/p>\n<p>A k\u00e9pz\u00e9s\u00fcket 2020. szeptember 1. el\u0151tt megkezd\u0151 hallgat\u00f3k eset\u00e9ben a t\u00e9mavezet\u0151\/konzulens javaslat\u00e1ra, a programvezet\u0151 egyet\u00e9rt\u00e9s\u00e9vel a DI vezet\u0151j\u00e9nek el\u0151terjeszt\u00e9s\u00e9re a VMB eln\u00f6ke egy\u00e9nileg hat\u00e1rozza meg a komplex vizsga elm\u00e9leti r\u00e9sz\u00e9nek f\u0151- \u00e9s mell\u00e9kt\u00e1rgyait.<\/p>\n<h2>A vizsg\u00e1ra bocs\u00e1t\u00e1s felt\u00e9telei<\/h2>\n<p>A komplex vizsg\u00e1ra t\u00f6rt\u00e9n\u0151 bocs\u00e1t\u00e1s felt\u00e9tele a doktori k\u00e9pz\u00e9s <strong>k\u00e9pz\u00e9si \u00e9s kutat\u00e1si szakasz\u00e1ban legal\u00e1bb 120 kredit<\/strong>, bele\u00e9rtve valamennyi, a doktori iskola k\u00e9pz\u00e9si terv\u00e9ben el\u0151\u00edrt t<strong>anulm\u00e1nyi kredit (16 kredit)<\/strong> megszerz\u00e9se (kiv\u00e9ve a doktori fokozatszerz\u00e9sre egy\u00e9nileg felk\u00e9sz\u00fcl\u0151 hallgat\u00f3kat, akiknek hallgat\u00f3i jogviszonya a komplex vizsg\u00e1ra t\u00f6rt\u00e9n\u0151 jelentkez\u00e9ssel \u00e9s annak elfogad\u00e1s\u00e1val j\u00f6n l\u00e9tre).<\/p>\n<p><strong>A komplex vizsg\u00e1ra jelentkez\u0151 az al\u00e1bbi felt\u00e9teleknek val\u00f3 megfelel\u00e9sr\u0151l \u00edr\u00e1sban nyilatkozatot tesz:<\/strong><\/p>\n<ol>\n<li>nincs folyamatban ugyanezen tudom\u00e1ny\u00e1gban doktori fokozatszerz\u00e9si elj\u00e1r\u00e1sa,<\/li>\n<li>komplex vizsg\u00e1ra val\u00f3 jelentkez\u00e9s\u00e9t k\u00e9t \u00e9ven bel\u00fcl nem utas\u00edtott\u00e1k el vagy k\u00e9t \u00e9ven bel\u00fcl nem volt sikertelen\u00fcl z\u00e1rult doktori v\u00e9d\u00e9se,<\/li>\n<li>nem \u00e1ll doktori fokozat visszavon\u00e1s\u00e1ra ir\u00e1nyul\u00f3 elj\u00e1r\u00e1s alatt vagy 5 \u00e9ven bel\u00fcl nem vontak t\u0151le vissza joger\u0151sen kor\u00e1bban oda\u00edt\u00e9lt doktori fokozatot.<\/li>\n<\/ol>\n<h2>A vizsga menete, a vizsgabizotts\u00e1g, ism\u00e9tl\u0151vizsga<\/h2>\n<p><strong>A komplex vizsg\u00e1t nyilv\u00e1nosan, bizotts\u00e1g el\u0151tt kell letenni, a hallgat\u00f3 k\u00e9relm\u00e9re a vizsg\u00e1t z\u00e1rtan kell megtartani.<\/strong><\/p>\n<p>A vizsgabizotts\u00e1g legal\u00e1bb h\u00e1rom tagb\u00f3l \u00e1ll, a tagok legal\u00e1bb egyharmada nem \u00e1ll foglalkoztat\u00e1sra ir\u00e1nyul\u00f3 jogviszonyban az Egyetemmel. A bizotts\u00e1g eln\u00f6ke a\u00a0 Doktori iskola szakmailag illet\u00e9kes egyetemi tan\u00e1ra, professzor emeritusa, habilit\u00e1lt egyetemi docense vagy\u00a0 f\u0151iskolai tan\u00e1ra vagy kutat\u00f3professzora lehet, aki a Semmelweis Egyetemmel munkaviszonyban, eg\u00e9szs\u00e9g\u00fcgyi szolg\u00e1lati jogviszonyban, vagy egy\u00e9b\u00a0 foglalkoztat\u00e1sra ir\u00e1nyul\u00f3 jogviszonyban \u00e1ll. A vizsgabizotts\u00e1g valamennyi tagja tudom\u00e1nyos fokozattal rendelkezik. A vizsgabizotts\u00e1gnak nem lehet tagja a vizsg\u00e1z\u00f3 doktorandusz t\u00e9mavezet\u0151je, de a komplex vizsg\u00e1n jelen lehet, \u00e9s a hallgat\u00f3t el\u0151zetesen \u00edr\u00e1sban \u00e9rt\u00e9kelnie kell.<\/p>\n<p>A vizsgabizotts\u00e1g k\u00fcl\u00f6n-k\u00fcl\u00f6n \u00e9rt\u00e9keli a vizsga elm\u00e9leti \u00e9s disszert\u00e1ci\u00f3s r\u00e9sz\u00e9t. A komplex vizsga elm\u00e9leti\u00a0 \u00e9s a gyakorlati r\u00e9sz\u00e9nek \u00e9rt\u00e9kel\u00e9se megfelelt\/nem megfelelt min\u0151s\u00edt\u00e9ssel t\u00f6rt\u00e9nik. A komplex vizsga sikeres, amennyiben a bizotts\u00e1g tagjainak t\u00f6bbs\u00e9ge mindk\u00e9t vizsgar\u00e9szt sikeresnek \u00edt\u00e9li meg. A komplex vizsg\u00e1r\u00f3l sz\u00f6veges \u00e9rt\u00e9kel\u00e9st is tartalmaz\u00f3 jegyz\u0151k\u00f6nyv k\u00e9sz\u00fcl. A vizsga eredm\u00e9ny\u00e9t a sz\u00f3beli vizsga napj\u00e1n ki kell hirdetni.<\/p>\n<p>Sikertelen vizsga eset\u00e9n a hallgat\u00f3 az adott vizsgaid\u0151szakban tov\u00e1bbi egy alkalommal megism\u00e9telheti a vizsg\u00e1t. A megism\u00e9telt vizsg\u00e1t \u00faj \u00f6sszet\u00e9tel\u0171 bizotts\u00e1g el\u0151tt kell letenni.<a id=\"docs\"><\/a><\/p>\n<h2>Komplex vizsga dokumentumok<\/h2>\n<ul style=\"list-style-type: square\">\n<li>\n<p><span style=\"font-size: 15pt\"><a href=\"https:\/\/semmelweis.hu\/phd\/files\/2023\/08\/javaslat-a-komplex-vizsga-targyakra-es-a-komplex-vizsga-szakmai-bizottsaganak-tagjaira17.doc\">Javaslat a komplex vizsga t\u00e1rgyakra \u00e9s a komplex vizsga szakmai bizotts\u00e1g\u00e1nak tagjaira<\/a><br \/>\n<\/span><\/p>\n<\/li>\n<li>\n<p><span style=\"font-size: 15pt\"><a href=\"https:\/\/semmelweis.hu\/phd\/files\/2023\/08\/jelentkezesi-lap-komplex-vizsgara.doc\">Jelentkez\u00e9si lap komplex vizsg\u00e1ra<\/a><br \/>\n<\/span><\/p>\n<\/li>\n<li>\n<p><span style=\"font-size: 15pt\"><a href=\"https:\/\/semmelweis.hu\/phd\/files\/2023\/08\/jelentkezesi-lap-komplex-vizsgara-egyeni-fokozatszerzok-reszere.doc\">Jelentkez\u00e9si lap komplex vizsg\u00e1ra egy\u00e9ni fokozatszerz\u0151k r\u00e9sz\u00e9re<\/a><br \/>\n<\/span><\/p>\n<\/li>\n<li><span style=\"font-size: 15pt\"><a href=\"https:\/\/semmelweis.hu\/phd\/files\/2023\/08\/jelentkezesi-lap-komplex-vizsgara-MD-PhD-Programban-reszt-vevo-hallgatok-reszere.doc\">Jelentkez\u00e9si lap komplex vizsg\u00e1ra MD-PhD Programban r\u00e9szt vev\u0151 hallgat\u00f3k r\u00e9sz\u00e9re<\/a><a id=\"tetelek\"><\/a>\n<p><\/span><\/li>\n<\/ul>\n<h2>Komplexvizsga t\u00e9telek<\/h2>\n            <div class=\"qae-faqs-container qae-faqs-toggle-container\">\n\t\t\t\t\t\t\t<ul class=\"qe-faqs-filters-container\">\n\t\t\t\t<li class=\"active\"><a class=\"qe-faqs-filter all-faqs\" href=\"#\" data-filter=\"*\">All<\/a><\/li>\n\t\t\t\t<li><a class=\"qe-faqs-filter\" href=\"#komplex-vizsga\" data-filter=\".komplex-vizsga\">Komplex vizsga<\/a><\/li>\t\t\t<\/ul>\n\t\t\t\t\t<div id=\"qaef-63196\" class=\"qe-faq-toggle felveteli komplex-vizsga\">\n\t\t\t<div class=\"qe-toggle-title\">\n\t\t\t\t<h4>\n\t\t\t\t\t<i class=\"fa fa-minus-circle\"><\/i> Komplex vizsga: Elm\u00e9leti \u00e9s Transzl\u00e1ci\u00f3s Orvostudom\u00e1nyok Tagozat\t\t\t\t<\/h4>\n\t\t\t<\/div>\n\t\t\t<div class=\"qe-toggle-content\">\n\t\t\t\t<ul>\n<li><a href=\"https:\/\/semmelweis.hu\/phd\/files\/2024\/10\/komplex-vizsga-tetelsor-honlapra.doc\">Elm\u00e9leti \u00e9s Transzl\u00e1ci\u00f3s Orvostudom\u00e1nyok Tagozat komplex vizsga<\/a><\/li>\n<\/ul>\n\t\t\t<\/div>\n\t\t<\/div>\n\t\t\t\t<div id=\"qaef-63179\" class=\"qe-faq-toggle felveteli komplex-vizsga\">\n\t\t\t<div class=\"qe-toggle-title\">\n\t\t\t\t<h4>\n\t\t\t\t\t<i class=\"fa fa-minus-circle\"><\/i> Komplex vizsga: Fogorvostudom\u00e1nyi Tagozat\t\t\t\t<\/h4>\n\t\t\t<\/div>\n\t\t\t<div class=\"qe-toggle-content\">\n\t\t\t\t<p>A bizotts\u00e1g el\u0151tt t\u00f6rt\u00e9n\u0151 komplex vizsga sor\u00e1n a hallgat\u00f3k f\u0151t\u00e1rgyb\u00f3l \u00e9s mell\u00e9kt\u00e1rgyb\u00f3l tesznek vizsg\u00e1t. Minden egyes hallgat\u00f3 eset\u00e9n a t\u00e1rgyakhoz kapcsol\u00f3d\u00f3an a t\u00e9telsorok el\u0151zetesen ker\u00fclnek meghat\u00e1roz\u00e1sra, s ezeket a hallgat\u00f3k megkapj\u00e1k a felk\u00e9sz\u00fcl\u00e9shez. Emellett a hallgat\u00f3k a v\u00e1lasztott kutat\u00e1si t\u00e9m\u00e1jukr\u00f3l vet\u00edtett k\u00e9pes bemutat\u00f3t k\u00e9sz\u00edtenek, amelyet 8-10 perces el\u0151ad\u00e1sban bemutatnak, a diavet\u00edt\u00e9st elind\u00edtva \u00e9s magyar\u00e1z\u00f3sz\u00f6veggel k\u00eds\u00e9rve a bemutatott di\u00e1kat.<\/p>\n<p>A vizsg\u00e1n mind az elm\u00e9leti, mind a gyakorlati r\u00e9szb\u0151l feltett k\u00e9rd\u00e9sek le\u00edr\u00e1sra ker\u00fclnek a komplex vizsga sor\u00e1n felvett jegyz\u0151k\u00f6nyvben is.<\/p>\n<ul>\n<li><a href=\"https:\/\/semmelweis.hu\/phd\/files\/2024\/10\/komplex-vizsga-tetelsor_20260126.doc\">Fogorvostudom\u00e1nyi Tagozat komplex vizsga t\u00e9telsor (.doc)<\/a><\/li>\n<\/ul>\n\t\t\t<\/div>\n\t\t<\/div>\n\t\t\t\t<div id=\"qaef-63083\" class=\"qe-faq-toggle felveteli komplex-vizsga\">\n\t\t\t<div class=\"qe-toggle-title\">\n\t\t\t\t<h4>\n\t\t\t\t\t<i class=\"fa fa-minus-circle\"><\/i> Komplex vizsga: Eg\u00e9szs\u00e9gtudom\u00e1nyi Tagozat\t\t\t\t<\/h4>\n\t\t\t<\/div>\n\t\t\t<div class=\"qe-toggle-content\">\n\t\t\t\t<ul>\n<li><a href=\"https:\/\/semmelweis.hu\/phd\/files\/2025\/01\/komplex-vizsga-tetelsor-honlapra_Egeszsegtudomanyi-Tagozat.doc\">Eg\u00e9szs\u00e9gtudom\u00e1nyi Tagozat komplex vizsga<\/a><\/li>\n<\/ul>\n\t\t\t<\/div>\n\t\t<\/div>\n\t\t\t\t<div id=\"qaef-63020\" class=\"qe-faq-toggle felveteli komplex-vizsga\">\n\t\t\t<div class=\"qe-toggle-title\">\n\t\t\t\t<h4>\n\t\t\t\t\t<i class=\"fa fa-minus-circle\"><\/i> Komplex vizsga: R\u00e1cz K\u00e1roly Konzervat\u00edv Orvostudom\u00e1nyi Tagozat\t\t\t\t<\/h4>\n\t\t\t<\/div>\n\t\t\t<div class=\"qe-toggle-content\">\n\t\t\t\t<ul>\n<li><a href=\"https:\/\/semmelweis.hu\/phd\/files\/2024\/10\/KONZERVATIV-komplex-vizsga-tetelsor-egyseges-magyar_2026-jan.docx\">R\u00e1cz K\u00e1roly Konzervat\u00edv Orvostudom\u00e1nyi Tagozat komplex vizsga<\/a><\/li>\n<\/ul>\n\t\t\t<\/div>\n\t\t<\/div>\n\t\t\t\t<div id=\"qaef-62844\" class=\"qe-faq-toggle felveteli komplex-vizsga\">\n\t\t\t<div class=\"qe-toggle-title\">\n\t\t\t\t<h4>\n\t\t\t\t\t<i class=\"fa fa-minus-circle\"><\/i> Komplex vizsga: Ment\u00e1lis Eg\u00e9szs\u00e9gtudom\u00e1nyi Tagozat\t\t\t\t<\/h4>\n\t\t\t<\/div>\n\t\t\t<div class=\"qe-toggle-content\">\n\t\t\t\t<ul>\n<li><a href=\"https:\/\/semmelweis.hu\/phd\/files\/2024\/09\/2026_02_04_Mentalis_-MAB-2026_komplex-vizsga_szerkesztett.doc\">Ment\u00e1lis Eg\u00e9szs\u00e9gtudom\u00e1nyi Tagozat komplex vizsga<\/a><\/li>\n<\/ul>\n\t\t\t<\/div>\n\t\t<\/div>\n\t\t\t\t<div id=\"qaef-62705\" class=\"qe-faq-toggle felveteli komplex-vizsga\">\n\t\t\t<div class=\"qe-toggle-title\">\n\t\t\t\t<h4>\n\t\t\t\t\t<i class=\"fa fa-minus-circle\"><\/i> Komplex vizsga: Patol\u00f3gia \u00e9s Onkol\u00f3gia Tagozat\t\t\t\t<\/h4>\n\t\t\t<\/div>\n\t\t\t<div class=\"qe-toggle-content\">\n\t\t\t\t<ul>\n<li><a href=\"https:\/\/semmelweis.hu\/phd\/files\/2024\/04\/komplex-vizsga-Patologia-20260201.doc\">Patol\u00f3gia \u00e9s Onkol\u00f3gia Tagozat komplex vizsga<\/a><\/li>\n<\/ul>\n\t\t\t<\/div>\n\t\t<\/div>\n\t\t\t\t<div id=\"qaef-62677\" class=\"qe-faq-toggle felveteli komplex-vizsga\">\n\t\t\t<div class=\"qe-toggle-title\">\n\t\t\t\t<h4>\n\t\t\t\t\t<i class=\"fa fa-minus-circle\"><\/i> Komplex vizsga: Molekul\u00e1ris Orvostudom\u00e1nyi Tagozat\t\t\t\t<\/h4>\n\t\t\t<\/div>\n\t\t\t<div class=\"qe-toggle-content\">\n\t\t\t\t<ul>\n<li><a href=\"https:\/\/semmelweis.hu\/phd\/files\/2024\/09\/komplex-vizsga-tetelsor-Molorv.docx\">Molekul\u00e1ris Orvostudom\u00e1nyi Tagozat komplex vizsga<\/a><\/li>\n<\/ul>\n<p>&nbsp;<\/p>\n\t\t\t<\/div>\n\t\t<\/div>\n\t\t\t\t<div id=\"qaef-62658\" class=\"qe-faq-toggle felveteli komplex-vizsga\">\n\t\t\t<div class=\"qe-toggle-title\">\n\t\t\t\t<h4>\n\t\t\t\t\t<i class=\"fa fa-minus-circle\"><\/i> Komplex vizsga: Szent\u00e1gothai J\u00e1nos Idegtudom\u00e1nyi Tagozat\t\t\t\t<\/h4>\n\t\t\t<\/div>\n\t\t\t<div class=\"qe-toggle-content\">\n\t\t\t\t<ul>\n<li><a href=\"https:\/\/semmelweis.hu\/phd\/files\/2024\/09\/szjdi-honlapra.doc\">Szent\u00e1gothai J\u00e1nos Idegtudom\u00e1nyi Tagozat komplex vizsga<\/a><\/li>\n<\/ul>\n\t\t\t<\/div>\n\t\t<\/div>\n\t\t\t\t<div id=\"qaef-62578\" class=\"qe-faq-toggle felveteli komplex-vizsga\">\n\t\t\t<div class=\"qe-toggle-title\">\n\t\t\t\t<h4>\n\t\t\t\t\t<i class=\"fa fa-minus-circle\"><\/i> Komplex vizsga: Operat\u00edv Orvostudom\u00e1nyi Tagozat\t\t\t\t<\/h4>\n\t\t\t<\/div>\n\t\t\t<div class=\"qe-toggle-content\">\n\t\t\t\t<ul>\n<li><a href=\"https:\/\/semmelweis.hu\/phd\/files\/2024\/09\/komplex-vizsga-tetelsor-honlapra_osszes_OPERATIV-TAGOZAT.doc\">Operat\u00edv Orvostudom\u00e1nyi Tagozat komplex vizsga<\/a><\/li>\n<\/ul>\n\t\t\t<\/div>\n\t\t<\/div>\n\t\t\t\t<div id=\"qaef-62568\" class=\"qe-faq-toggle felveteli komplex-vizsga\">\n\t\t\t<div class=\"qe-toggle-title\">\n\t\t\t\t<h4>\n\t\t\t\t\t<i class=\"fa fa-minus-circle\"><\/i> Komplex vizsga: Gy\u00f3gyszertudom\u00e1nyok \u00e9s Eg\u00e9szs\u00e9g\u00fcgyi Technol\u00f3gi\u00e1k Tagozat\t\t\t\t<\/h4>\n\t\t\t<\/div>\n\t\t\t<div class=\"qe-toggle-content\">\n\t\t\t\t<ul>\n<li><a href=\"https:\/\/semmelweis.hu\/phd\/files\/2024\/09\/komplex-vizsga-tetelsor-honlapraGyogyszer2026.doc\">Gy\u00f3gyszertudom\u00e1nyok \u00e9s Eg\u00e9szs\u00e9g\u00fcgyi Technol\u00f3gi\u00e1k Tagozat komplex vizsga<\/a><\/li>\n<\/ul>\n\t\t\t<\/div>\n\t\t<\/div>\n\t\t\t\t<div id=\"qaef-62389\" class=\"qe-faq-toggle felveteli komplex-vizsga\">\n\t\t\t<div class=\"qe-toggle-title\">\n\t\t\t\t<h4>\n\t\t\t\t\t<i class=\"fa fa-minus-circle\"><\/i> Komplex vizsga: Sz\u00edv \u00e9s \u00c9rgy\u00f3gy\u00e1szati tagozat\t\t\t\t<\/h4>\n\t\t\t<\/div>\n\t\t\t<div class=\"qe-toggle-content\">\n\t\t\t\t<ul>\n<li><a href=\"https:\/\/semmelweis.hu\/phd\/files\/2024\/09\/SZI_komplex-vizsga_tetelsor-honlapra_2026.docx\">Sz\u00edv \u00e9s \u00c9rgy\u00f3gy\u00e1szati Tagozat komplex vizsga t\u00e9telsor (.docx)<\/a><\/li>\n<\/ul>\n\t\t\t<\/div>\n\t\t<\/div>\n\t\t            <\/div>\n\t\t\n","protected":false},"excerpt":{"rendered":"<p><a href=\"https:\/\/semmelweis.hu\/phd\/files\/2024\/09\/SZI_komplex-vizsga_tetelsor-honlapra_2026.docx\">Sz\u00edv \u00e9s \u00c9rgy\u00f3gy\u00e1szati Tagozat komplex vizsga t\u00e9telsor (.docx)<\/a><\/p>\n","protected":false},"author":101719,"featured_media":0,"parent":367,"menu_order":6,"comment_status":"closed","ping_status":"closed","template":"template-fullwidth.php","meta":{"_acf_changed":false,"footnotes":""},"categories":[],"tags":[],"class_list":["post-11509","page","type-page","status-publish","hentry"],"acf":[],"_links":{"self":[{"href":"https:\/\/semmelweis.hu\/phd\/wp-json\/wp\/v2\/pages\/11509","targetHints":{"allow":["GET"]}}],"collection":[{"href":"https:\/\/semmelweis.hu\/phd\/wp-json\/wp\/v2\/pages"}],"about":[{"href":"https:\/\/semmelweis.hu\/phd\/wp-json\/wp\/v2\/types\/page"}],"author":[{"embeddable":true,"href":"https:\/\/semmelweis.hu\/phd\/wp-json\/wp\/v2\/users\/101719"}],"replies":[{"embeddable":true,"href":"https:\/\/semmelweis.hu\/phd\/wp-json\/wp\/v2\/comments?post=11509"}],"version-history":[{"count":11,"href":"https:\/\/semmelweis.hu\/phd\/wp-json\/wp\/v2\/pages\/11509\/revisions"}],"predecessor-version":[{"id":63729,"href":"https:\/\/semmelweis.hu\/phd\/wp-json\/wp\/v2\/pages\/11509\/revisions\/63729"}],"up":[{"embeddable":true,"href":"https:\/\/semmelweis.hu\/phd\/wp-json\/wp\/v2\/pages\/367"}],"wp:attachment":[{"href":"https:\/\/semmelweis.hu\/phd\/wp-json\/wp\/v2\/media?parent=11509"}],"wp:term":[{"taxonomy":"category","embeddable":true,"href":"https:\/\/semmelweis.hu\/phd\/wp-json\/wp\/v2\/categories?post=11509"},{"taxonomy":"post_tag","embeddable":true,"href":"https:\/\/semmelweis.hu\/phd\/wp-json\/wp\/v2\/tags?post=11509"}],"curies":[{"name":"wp","href":"https:\/\/api.w.org\/{rel}","templated":true}]}}