{"id":10093,"date":"2019-03-28T09:09:30","date_gmt":"2019-03-28T08:09:30","guid":{"rendered":"http:\/\/semmelweis.hu\/phd\/?page_id=10093"},"modified":"2024-10-08T11:05:20","modified_gmt":"2024-10-08T09:05:20","slug":"health-sciences","status":"publish","type":"page","link":"https:\/\/semmelweis.hu\/phd\/en\/schools-archive\/health-sciences\/","title":{"rendered":"Health Sciences"},"content":{"rendered":"<div align=\"justify\">The HAC accreditation is in progress.<\/div>\n<div align=\"justify\">\u00a0<\/div>\n<div align=\"justify\">\n<table style=\"width: 818px; height: 396px; border: 0px solid #ffffff;\" border=\"0\" cellspacing=\"0\" cellpadding=\"8\">\n<tbody>\n<tr>\n<td style=\"background-color: #499fd4; width: 532px;\" colspan=\"2\"><span style=\"color: #ffffff;\"><strong>Programs<\/strong><\/span><\/td>\n<td style=\"background-color: #499fd4; width: 285px;\"><span style=\"color: #ffffff;\"> <strong>Program leaders<\/strong><\/span><\/td>\n<\/tr>\n<tr style=\"background-color: #fafafa;\">\n<td style=\"background-color: #fbfbfb; width: 532px;\" colspan=\"2\">01. Clinical and comparative health sciences<\/td>\n<td style=\"background-color: #fbfbfb; width: 285px;\">\n<div id=\"GroupWiseSection_1553759525000_tolgyesi_lovasz.krisztina@phd.semmelweis-univ.hu_8940760118CF0000B0E8000000000000_\" class=\"GroupWiseMessageBody active\">\n<div>Prof. Dr. Nagy Zolt\u00e1n Zsolt<\/div>\n<\/div>\n<\/td>\n<\/tr>\n<tr style=\"background-color: #f4f4f4;\">\n<td style=\"background-color: #f4f4f4; width: 532px;\" colspan=\"2\">02. Theoretical and preclinical health sciences<\/td>\n<td style=\"background-color: #f4f4f4; width: 285px;\">\n<div id=\"GroupWiseSection_1553759525000_tolgyesi_lovasz.krisztina@phd.semmelweis-univ.hu_8940760118CF0000B0E8000000000000_\" class=\"GroupWiseMessageBody active\">\n<div>Prof. Dr. Katalin F\u00f6ldv\u00e1rin\u00e9 Lenti<\/div>\n<\/div>\n<\/td>\n<\/tr>\n<tr style=\"background-color: #fafafa;\">\n<td style=\"background-color: #fbfbfb; width: 532px;\" colspan=\"2\">03. Society and health<\/td>\n<td style=\"background-color: #fbfbfb; width: 285px;\">\n<div id=\"GroupWiseSection_1553759525000_tolgyesi_lovasz.krisztina@phd.semmelweis-univ.hu_8940760118CF0000B0E8000000000000_\" class=\"GroupWiseMessageBody active\">\n<div>Dr. Vingender Istv\u00e1n<\/div>\n<\/div>\n<\/td>\n<\/tr>\n<tr style=\"background-color: #f4f4f4;\">\n<td style=\"background-color: #f4f4f4; width: 532px;\" colspan=\"2\">04. Public health<\/td>\n<td style=\"background-color: #f4f4f4; width: 285px;\">\n<div id=\"GroupWiseSection_1553759525000_tolgyesi_lovasz.krisztina@phd.semmelweis-univ.hu_8940760118CF0000B0E8000000000000_\" class=\"GroupWiseMessageBody active\">\n<div id=\"GroupWiseSection_1553759525000_tolgyesi_lovasz.krisztina@phd.semmelweis-univ.hu_8940760118CF0000B0E8000000000000_\" class=\"GroupWiseMessageBody active\">\n<div>Prof. Dr. \u00c1cs N\u00e1ndor<\/div>\n<\/div>\n<\/div>\n<\/td>\n<\/tr>\n<\/tbody>\n<\/table>\n<\/div>\n","protected":false},"excerpt":{"rendered":"<p>The HAC accreditation is in progress.<br \/>\n\u00a0<\/p>\n<p>Programs<br \/>\n Program leaders<\/p>\n<p>01. Clinical and comparative health sciences<\/p>\n<p>Prof. Dr. Nagy Zolt\u00e1n Zsolt<\/p>\n<p>02. Theoretical and preclinical health sciences<\/p>\n<p>Prof. Dr. Katalin F\u00f6ldv\u00e1rin\u00e9 Lenti<\/p>\n<p>03. Society and health<\/p>\n<p>Dr. Vingender Istv\u00e1n<\/p>\n<p>04. Public health<\/p>\n<p>Prof. Dr. \u00c1cs N\u00e1ndor<\/p>\n","protected":false},"author":158,"featured_media":0,"parent":9321,"menu_order":9,"comment_status":"closed","ping_status":"closed","template":"","meta":{"_acf_changed":false,"footnotes":""},"categories":[],"tags":[],"class_list":["post-10093","page","type-page","status-publish","hentry"],"acf":[],"_links":{"self":[{"href":"https:\/\/semmelweis.hu\/phd\/wp-json\/wp\/v2\/pages\/10093","targetHints":{"allow":["GET"]}}],"collection":[{"href":"https:\/\/semmelweis.hu\/phd\/wp-json\/wp\/v2\/pages"}],"about":[{"href":"https:\/\/semmelweis.hu\/phd\/wp-json\/wp\/v2\/types\/page"}],"author":[{"embeddable":true,"href":"https:\/\/semmelweis.hu\/phd\/wp-json\/wp\/v2\/users\/158"}],"replies":[{"embeddable":true,"href":"https:\/\/semmelweis.hu\/phd\/wp-json\/wp\/v2\/comments?post=10093"}],"version-history":[{"count":8,"href":"https:\/\/semmelweis.hu\/phd\/wp-json\/wp\/v2\/pages\/10093\/revisions"}],"predecessor-version":[{"id":63187,"href":"https:\/\/semmelweis.hu\/phd\/wp-json\/wp\/v2\/pages\/10093\/revisions\/63187"}],"up":[{"embeddable":true,"href":"https:\/\/semmelweis.hu\/phd\/wp-json\/wp\/v2\/pages\/9321"}],"wp:attachment":[{"href":"https:\/\/semmelweis.hu\/phd\/wp-json\/wp\/v2\/media?parent=10093"}],"wp:term":[{"taxonomy":"category","embeddable":true,"href":"https:\/\/semmelweis.hu\/phd\/wp-json\/wp\/v2\/categories?post=10093"},{"taxonomy":"post_tag","embeddable":true,"href":"https:\/\/semmelweis.hu\/phd\/wp-json\/wp\/v2\/tags?post=10093"}],"curies":[{"name":"wp","href":"https:\/\/api.w.org\/{rel}","templated":true}]}}