{"id":98,"date":"2014-09-08T11:03:40","date_gmt":"2014-09-08T09:03:40","guid":{"rendered":"http:\/\/semmelweis.hu\/pharmazie\/?page_id=98"},"modified":"2024-09-27T13:38:01","modified_gmt":"2024-09-27T11:38:01","slug":"leitung","status":"publish","type":"page","link":"https:\/\/semmelweis.hu\/pharmazie\/fakultat\/leitung\/","title":{"rendered":"Leitung der Fakult\u00e4t f\u00fcr Pharmazie"},"content":{"rendered":"<div class=\"keretes w-100\">\n<p><strong>DEKANAT<br \/>\n<\/strong>Adresse: <span style=\"font-size: 1rem\">H-1085 Budapest, \u00dcll\u0151i \u00fat 26. (Erdgeschoss 15.)<br \/>\n<\/span>Telefon: <a href=\"tel:+3614591481\">+36 1 459 1481<\/a><\/p>\n<\/div>\n<p><img loading=\"lazy\" decoding=\"async\" class=\"wp-image-1658 alignright\" src=\"https:\/\/semmelweis.hu\/pharmazie\/files\/2022\/06\/AI_2020_2-223x300.jpg\" alt=\"\" width=\"181\" height=\"243\" \/><\/p>\n<p><strong>DEKAN &#8211; Fakult\u00e4t f\u00fcr Pharmazeutische Wissenschaften<\/strong><\/p>\n<p><strong>Dr. Istv\u00e1n Antal<br \/>\n<\/strong>Universit\u00e4tsprofessor<\/p>\n<p>Telefon:+36-1- 217-0914<br \/>\nE-mail: <a href=\"mailto:antal.istvan@semmelweis.hu\">antal.istvan@semmelweis.hu<\/a><\/p>\n<hr \/>\n<p><strong>PRODEKAN &#8211; Fakult\u00e4t f\u00fcr Pharmazeutische Wissenschaften<\/strong><\/p>\n<p><strong><a href=\"https:\/\/semmelweis.hu\/pharmazie\/files\/2024\/09\/tablofoto-280x400-1.jpg\"><img loading=\"lazy\" decoding=\"async\" class=\"alignright wp-image-1943\" src=\"https:\/\/semmelweis.hu\/pharmazie\/files\/2024\/09\/tablofoto-280x400-1.jpg\" alt=\"\" width=\"185\" height=\"264\" \/><\/a><\/strong><\/p>\n<p><span style=\"color: #ffffff\"><b>\u00a0<\/b><\/span><\/p>\n<p><strong>Dr. Krisztina Lud\u00e1nyi<br \/>\n<\/strong>Universit\u00e4tsdozentin<\/p>\n<p>Telefon: +36-1- 217-0914<br \/>\nE-mail: <a href=\"mailto:ludanyi.krisztina@semmelweis.hu\">ludanyi.krisztina@semmelweis.hu<\/a><\/p>\n<hr \/>\n<p><strong>PRODEKAN -Fakult\u00e4t f\u00fcr Pharmazeutische Wissenschaften<a href=\"https:\/\/semmelweis.hu\/pharmazie\/files\/2021\/10\/TabiTamas400x300.jpg\"><img loading=\"lazy\" decoding=\"async\" class=\"alignright wp-image-1592\" src=\"https:\/\/semmelweis.hu\/pharmazie\/files\/2021\/10\/TabiTamas400x300-225x300.jpg\" alt=\"\" width=\"185\" height=\"247\" srcset=\"https:\/\/semmelweis.hu\/pharmazie\/files\/2021\/10\/TabiTamas400x300-225x300.jpg 225w, https:\/\/semmelweis.hu\/pharmazie\/files\/2021\/10\/TabiTamas400x300.jpg 300w\" sizes=\"auto, (max-width: 185px) 100vw, 185px\" \/><\/a><\/strong><\/p>\n<p><strong>Dr. Tam\u00e1s T\u00e1bi\u00a0<br \/>\n<\/strong>Universit\u00e4tsdozent<\/p>\n<p>Telefon: +36-1-210-4411<br \/>\nE-mail: <a href=\"mailto:tamas.tabi@semmelweis.hu\">tamas.tabi@semmelweis.hu<\/a><\/p>\n<p>&nbsp;<\/p>\n<hr \/>\n<h4 style=\"text-align: left\"><strong>Studiensekretariat des deutschsprachigen Pharmaziestudiums der Semmelweis Universit\u00e4t<\/strong><\/h4>\n<div class=\"keretes w-100\">\n<p style=\"text-align: justify\">Adresse: H-1085 Budapest, \u00dcll\u0151i \u00fat 26. (Erdgeschoss 15.)<br \/>\nTelefon: <a href=\"tel:+3614591481\">+36 1 459-1481<\/a><br \/>\nE-mail: <a href=\"mailto:vincze.vera@semmelweis.hu\">vincze.vera@semmelweis.hu<\/a><\/p>\n<\/div>\n<p><strong>Vorsitzender des deutschsprachigen Studiengangs Pharmazie:<\/strong><\/p>\n<p>Dr. Istv\u00e1n Antal<br \/>\nTelefon: +36-1- 217-0914<br \/>\nE-mail: <a href=\"mailto:antal.istvan@semmelweis.hu\">antal.istvan@semmelweis.hu<\/a><\/p>\n<p><strong>Leiterin des deutschsprachigen Studiensekretariates:<\/strong><\/p>\n<p>Frau\u00a0Vera Vincze<br \/>\nE-mail: <a href=\"mailto:vincze.vera@semmelweis.hu\">vincze.vera@semmelweis.hu<\/a><\/p>\n<p>&nbsp;<\/p>\n","protected":false},"excerpt":{"rendered":"<p>DEKANAT Adresse: H-1085 Budapest, \u00dcll\u0151i \u00fat 26. (Erdgeschoss 15.) Telefon: <a href=\"tel:+3614591481\">+36 1 459 1481<\/a> DEKAN &#8211; Fakult\u00e4t f\u00fcr Pharmazeutische Wissenschaften Dr. Istv\u00e1n Antal Universit\u00e4tsprofessor Telefon:+36-1- 217-0914 E-mail: <a href=\"mailto:antal.istvan@semmelweis.hu\">antal.istvan@semmelweis.hu<\/a> PRODEKAN &#8211; Fakult\u00e4t f\u00fcr Pharmazeutische Wissenschaften <a href=\"https:\/\/semmelweis.hu\/pharmazie\/files\/2024\/09\/tablofoto-280x400-1.jpg\"><\/a> \u00a0 Dr. Krisztina Lud\u00e1nyi Universit\u00e4tsdozentin Telefon: +36-1- 217-0914 E-mail: <a href=\"mailto:ludanyi.krisztina@semmelweis.hu\">ludanyi.krisztina@semmelweis.hu<\/a> PRODEKAN -Fakult\u00e4t f\u00fcr Pharmazeutische Wissenschaften <a href=\"https:\/\/semmelweis.hu\/pharmazie\/files\/2021\/10\/TabiTamas400x300.jpg\"><\/a> Dr. Tam\u00e1s T\u00e1bi\u00a0 Universit\u00e4tsdozent Telefon: +36-1-210-4411 E-mail: <a href=\"mailto:tamas.tabi@semmelweis.hu\">tamas.tabi@semmelweis.hu<\/a> &nbsp; Studiensekretariat des deutschsprachigen Pharmaziestudiums &hellip;<\/p>\n","protected":false},"author":12,"featured_media":0,"parent":1698,"menu_order":1,"comment_status":"closed","ping_status":"closed","template":"","meta":{"_acf_changed":false,"footnotes":""},"categories":[],"tags":[],"class_list":["post-98","page","type-page","status-publish","hentry"],"acf":[],"_links":{"self":[{"href":"https:\/\/semmelweis.hu\/pharmazie\/wp-json\/wp\/v2\/pages\/98","targetHints":{"allow":["GET"]}}],"collection":[{"href":"https:\/\/semmelweis.hu\/pharmazie\/wp-json\/wp\/v2\/pages"}],"about":[{"href":"https:\/\/semmelweis.hu\/pharmazie\/wp-json\/wp\/v2\/types\/page"}],"author":[{"embeddable":true,"href":"https:\/\/semmelweis.hu\/pharmazie\/wp-json\/wp\/v2\/users\/12"}],"replies":[{"embeddable":true,"href":"https:\/\/semmelweis.hu\/pharmazie\/wp-json\/wp\/v2\/comments?post=98"}],"version-history":[{"count":13,"href":"https:\/\/semmelweis.hu\/pharmazie\/wp-json\/wp\/v2\/pages\/98\/revisions"}],"predecessor-version":[{"id":1944,"href":"https:\/\/semmelweis.hu\/pharmazie\/wp-json\/wp\/v2\/pages\/98\/revisions\/1944"}],"up":[{"embeddable":true,"href":"https:\/\/semmelweis.hu\/pharmazie\/wp-json\/wp\/v2\/pages\/1698"}],"wp:attachment":[{"href":"https:\/\/semmelweis.hu\/pharmazie\/wp-json\/wp\/v2\/media?parent=98"}],"wp:term":[{"taxonomy":"category","embeddable":true,"href":"https:\/\/semmelweis.hu\/pharmazie\/wp-json\/wp\/v2\/categories?post=98"},{"taxonomy":"post_tag","embeddable":true,"href":"https:\/\/semmelweis.hu\/pharmazie\/wp-json\/wp\/v2\/tags?post=98"}],"curies":[{"name":"wp","href":"https:\/\/api.w.org\/{rel}","templated":true}]}}