{"id":897,"date":"2017-04-05T14:30:05","date_gmt":"2017-04-05T12:30:05","guid":{"rendered":"http:\/\/semmelweis.hu\/pharmazie\/?page_id=897"},"modified":"2022-07-22T14:36:32","modified_gmt":"2022-07-22T12:36:32","slug":"aktuelles","status":"publish","type":"page","link":"https:\/\/semmelweis.hu\/pharmazie\/aktuelles\/","title":{"rendered":"Aktuelles"},"content":{"rendered":"    \r\n    <div id=\"import-title\">\r\n      \r\n      <div class=\"section-row row my-2 pr-0 ml-0 mb-3\">\r\n        <div class=\"col-12 col-md-auto section-title\">\r\n          <h2 style=\"margin-top: 0;\"><\/h2>\r\n        <\/div>\r\n        <div class=\"col section-divider px-0 mx-2 event-mobil-hidden d-none d-md-block\"><\/div>\r\n        <div class=\"col col-md-auto section-link text-uppercase px-0 event-mobil-hidden d-none d-md-block mr-5\">\r\n                      <h5 class=\"m-0\" style=\"width: fit-content;\"><a href=\"https:\/\/semmelweis.hu\/nki\/category\/aktuelles\/\" target=\"_blank\">Alle Beitr\u00e4ge<\/a><\/h5>\r\n                  <\/div>\r\n      <\/div>\r\n        \r\n    <\/div>\r\n\r\n\r\n    <div class=\"import-posts row ml-0 mr-0\">\r\n      \r\n\r\n      \r\n\r\n        <article class=\"list-format post-31768 post type-post status-publish format-standard has-post-thumbnail hentry category-aktuelles\">\r\n          <div class=\"row mb-2 mx-0 p-2 mr-2 mr-lg-0\" style=\"border: 1px solid #DFE3E6;\">\r\n            \r\n            <div class=\"col px-normal px-lg-0\">\r\n              <div class=\"row w-100 mx-0\">\r\n                \r\n                  <div class=\"col-12 col-lg-4 pl-0 pr-1 pr-md-2\">\r\n                    <div class=\"img-container w-100 mt-2 mt-md-0 mb-2 mb-md-0 \">\r\n                      <img loading=\"lazy\" decoding=\"async\" width=\"400\" height=\"267\" src=\"https:\/\/semmelweis.hu\/nki\/wp-content\/blogs.dir\/10\/files\/2024\/04\/RS191807_433A1616-scr-400x267.jpg\" class=\"attachment-medium size-medium wp-post-image\" alt=\"\" srcset=\"https:\/\/semmelweis.hu\/nki\/wp-content\/blogs.dir\/10\/files\/2024\/04\/RS191807_433A1616-scr-400x267.jpg 400w, https:\/\/semmelweis.hu\/nki\/wp-content\/blogs.dir\/10\/files\/2024\/04\/RS191807_433A1616-scr-1024x683.jpg 1024w, https:\/\/semmelweis.hu\/nki\/wp-content\/blogs.dir\/10\/files\/2024\/04\/RS191807_433A1616-scr-768x512.jpg 768w, https:\/\/semmelweis.hu\/nki\/wp-content\/blogs.dir\/10\/files\/2024\/04\/RS191807_433A1616-scr-753x502.jpg 753w, https:\/\/semmelweis.hu\/nki\/wp-content\/blogs.dir\/10\/files\/2024\/04\/RS191807_433A1616-scr-203x135.jpg 203w, https:\/\/semmelweis.hu\/nki\/wp-content\/blogs.dir\/10\/files\/2024\/04\/RS191807_433A1616-scr-e1712834497309.jpg 700w\" sizes=\"auto, (max-width: 400px) 100vw, 400px\" \/>                    <\/div>\r\n                  <\/div>\r\n\r\n                                <div class=\"entry-summary col-12 col-lg-8 px-0\">\r\n                  <div class=\"col-12 mb-2 px-0\">\r\n                    <h3 class=\"entry-title mb-1\"><a target=\"_blank\" href=\"https:\/\/semmelweis.hu\/nki\/2024\/04\/11\/kooperationsvereinbarung-mit-der-rutgers-university-in-den-usa\/\">Kooperationsvereinbarung mit der Rutgers University in den USA<\/a><\/h3>\r\n                    <h6 class=\"entry-meta text-uppercase\">\r\n                      <time class=\"mr-3\" datetime=\"2024-04-11T11:22:37+00:00\">2024. April 11.  Donnerstag 13:22<\/time>\r\n                    <\/h6>\r\n                  <\/div>\r\n                                  <\/div>\r\n              <\/div>\r\n            <\/div>\r\n          <\/div>\r\n        <\/article>\r\n        <hr \/>\r\n      \r\n\r\n        <article class=\"list-format post-31582 post type-post status-publish format-standard has-post-thumbnail hentry category-aktuelles\">\r\n          <div class=\"row mb-2 mx-0 p-2 mr-2 mr-lg-0\" style=\"border: 1px solid #DFE3E6;\">\r\n            \r\n            <div class=\"col px-normal px-lg-0\">\r\n              <div class=\"row w-100 mx-0\">\r\n                \r\n                  <div class=\"col-12 col-lg-4 pl-0 pr-1 pr-md-2\">\r\n                    <div class=\"img-container w-100 mt-2 mt-md-0 mb-2 mb-md-0 \">\r\n                      <img loading=\"lazy\" decoding=\"async\" width=\"400\" height=\"267\" src=\"https:\/\/semmelweis.hu\/nki\/wp-content\/blogs.dir\/10\/files\/2024\/01\/RS187906_iStock-849176722-scr-753x503-1-400x267.jpg\" class=\"attachment-medium size-medium wp-post-image\" alt=\"\" srcset=\"https:\/\/semmelweis.hu\/nki\/wp-content\/blogs.dir\/10\/files\/2024\/01\/RS187906_iStock-849176722-scr-753x503-1-400x267.jpg 400w, https:\/\/semmelweis.hu\/nki\/wp-content\/blogs.dir\/10\/files\/2024\/01\/RS187906_iStock-849176722-scr-753x503-1-203x135.jpg 203w, https:\/\/semmelweis.hu\/nki\/wp-content\/blogs.dir\/10\/files\/2024\/01\/RS187906_iStock-849176722-scr-753x503-1.jpg 753w\" sizes=\"auto, (max-width: 400px) 100vw, 400px\" \/>                    <\/div>\r\n                  <\/div>\r\n\r\n                                <div class=\"entry-summary col-12 col-lg-8 px-0\">\r\n                  <div class=\"col-12 mb-2 px-0\">\r\n                    <h3 class=\"entry-title mb-1\"><a target=\"_blank\" href=\"https:\/\/semmelweis.hu\/nki\/2024\/01\/24\/typ-3-diabetes-von-dem-kinder-und-jugendliche-betroffen-sind\/\">Typ-3-Diabetes, von dem Kinder und Jugendliche betroffen sind<\/a><\/h3>\r\n                    <h6 class=\"entry-meta text-uppercase\">\r\n                      <time class=\"mr-3\" datetime=\"2024-01-24T09:45:52+00:00\">2024. Januar 24.  Mittwoch 10:45<\/time>\r\n                    <\/h6>\r\n                  <\/div>\r\n                                  <\/div>\r\n              <\/div>\r\n            <\/div>\r\n          <\/div>\r\n        <\/article>\r\n        <hr \/>\r\n      \r\n\r\n        <article class=\"list-format post-31579 post type-post status-publish format-standard has-post-thumbnail hentry category-aktuelles\">\r\n          <div class=\"row mb-2 mx-0 p-2 mr-2 mr-lg-0\" style=\"border: 1px solid #DFE3E6;\">\r\n            \r\n            <div class=\"col px-normal px-lg-0\">\r\n              <div class=\"row w-100 mx-0\">\r\n                \r\n                  <div class=\"col-12 col-lg-4 pl-0 pr-1 pr-md-2\">\r\n                    <div class=\"img-container w-100 mt-2 mt-md-0 mb-2 mb-md-0 \">\r\n                      <img loading=\"lazy\" decoding=\"async\" width=\"400\" height=\"258\" src=\"https:\/\/semmelweis.hu\/nki\/wp-content\/blogs.dir\/10\/files\/2024\/01\/393606250_704426528388365_3395981909757873631_n-753x485-1-400x258.jpg\" class=\"attachment-medium size-medium wp-post-image\" alt=\"\" srcset=\"https:\/\/semmelweis.hu\/nki\/wp-content\/blogs.dir\/10\/files\/2024\/01\/393606250_704426528388365_3395981909757873631_n-753x485-1-400x258.jpg 400w, https:\/\/semmelweis.hu\/nki\/wp-content\/blogs.dir\/10\/files\/2024\/01\/393606250_704426528388365_3395981909757873631_n-753x485-1.jpg 753w\" sizes=\"auto, (max-width: 400px) 100vw, 400px\" \/>                    <\/div>\r\n                  <\/div>\r\n\r\n                                <div class=\"entry-summary col-12 col-lg-8 px-0\">\r\n                  <div class=\"col-12 mb-2 px-0\">\r\n                    <h3 class=\"entry-title mb-1\"><a target=\"_blank\" href=\"https:\/\/semmelweis.hu\/nki\/2024\/01\/24\/neuartiges-geraet-zur-verhinderung-des-ploetzlichen-herztodes-an-der-semmelweis-universitaet\/\">Neuartiges Ger\u00e4t zur Verhinderung des pl\u00f6tzlichen Herztodes an der Semmelweis Universit\u00e4t<\/a><\/h3>\r\n                    <h6 class=\"entry-meta text-uppercase\">\r\n                      <time class=\"mr-3\" datetime=\"2024-01-24T09:38:41+00:00\">2024. Januar 24.  Mittwoch 10:38<\/time>\r\n                    <\/h6>\r\n                  <\/div>\r\n                                  <\/div>\r\n              <\/div>\r\n            <\/div>\r\n          <\/div>\r\n        <\/article>\r\n        <hr \/>\r\n      \r\n\r\n        <article class=\"list-format post-31575 post type-post status-publish format-standard has-post-thumbnail hentry category-aktuelles\">\r\n          <div class=\"row mb-2 mx-0 p-2 mr-2 mr-lg-0\" style=\"border: 1px solid #DFE3E6;\">\r\n            \r\n            <div class=\"col px-normal px-lg-0\">\r\n              <div class=\"row w-100 mx-0\">\r\n                \r\n                  <div class=\"col-12 col-lg-4 pl-0 pr-1 pr-md-2\">\r\n                    <div class=\"img-container w-100 mt-2 mt-md-0 mb-2 mb-md-0 \">\r\n                      <img loading=\"lazy\" decoding=\"async\" width=\"400\" height=\"267\" src=\"https:\/\/semmelweis.hu\/nki\/wp-content\/blogs.dir\/10\/files\/2024\/01\/RS187510_433A2381-scr-753x502-1-400x267.jpg\" class=\"attachment-medium size-medium wp-post-image\" alt=\"\" srcset=\"https:\/\/semmelweis.hu\/nki\/wp-content\/blogs.dir\/10\/files\/2024\/01\/RS187510_433A2381-scr-753x502-1-400x267.jpg 400w, https:\/\/semmelweis.hu\/nki\/wp-content\/blogs.dir\/10\/files\/2024\/01\/RS187510_433A2381-scr-753x502-1-203x135.jpg 203w, https:\/\/semmelweis.hu\/nki\/wp-content\/blogs.dir\/10\/files\/2024\/01\/RS187510_433A2381-scr-753x502-1.jpg 753w\" sizes=\"auto, (max-width: 400px) 100vw, 400px\" \/>                    <\/div>\r\n                  <\/div>\r\n\r\n                                <div class=\"entry-summary col-12 col-lg-8 px-0\">\r\n                  <div class=\"col-12 mb-2 px-0\">\r\n                    <h3 class=\"entry-title mb-1\"><a target=\"_blank\" href=\"https:\/\/semmelweis.hu\/nki\/2024\/01\/24\/kurs-im-thema-roboterassistierte-orthopaedie-an-der-semmelweis-universitaet\/\">Kurs im Thema robotassistierte Orthop\u00e4die an der Semmelweis Universit\u00e4t<\/a><\/h3>\r\n                    <h6 class=\"entry-meta text-uppercase\">\r\n                      <time class=\"mr-3\" datetime=\"2024-01-24T09:32:14+00:00\">2024. Januar 24.  Mittwoch 10:32<\/time>\r\n                    <\/h6>\r\n                  <\/div>\r\n                                  <\/div>\r\n              <\/div>\r\n            <\/div>\r\n          <\/div>\r\n        <\/article>\r\n        <hr \/>\r\n      \r\n\r\n        <article class=\"list-format post-31526 post type-post status-publish format-standard has-post-thumbnail hentry category-aktuelles\">\r\n          <div class=\"row mb-2 mx-0 p-2 mr-2 mr-lg-0\" style=\"border: 1px solid #DFE3E6;\">\r\n            \r\n            <div class=\"col px-normal px-lg-0\">\r\n              <div class=\"row w-100 mx-0\">\r\n                \r\n                  <div class=\"col-12 col-lg-4 pl-0 pr-1 pr-md-2\">\r\n                    <div class=\"img-container w-100 mt-2 mt-md-0 mb-2 mb-md-0 \">\r\n                      <img loading=\"lazy\" decoding=\"async\" width=\"400\" height=\"274\" src=\"https:\/\/semmelweis.hu\/nki\/wp-content\/blogs.dir\/10\/files\/2023\/12\/euniwell.dec_.2-753x516-1-400x274.png\" class=\"attachment-medium size-medium wp-post-image\" alt=\"\" srcset=\"https:\/\/semmelweis.hu\/nki\/wp-content\/blogs.dir\/10\/files\/2023\/12\/euniwell.dec_.2-753x516-1-400x274.png 400w, https:\/\/semmelweis.hu\/nki\/wp-content\/blogs.dir\/10\/files\/2023\/12\/euniwell.dec_.2-753x516-1-175x120.png 175w, https:\/\/semmelweis.hu\/nki\/wp-content\/blogs.dir\/10\/files\/2023\/12\/euniwell.dec_.2-753x516-1.png 753w\" sizes=\"auto, (max-width: 400px) 100vw, 400px\" \/>                    <\/div>\r\n                  <\/div>\r\n\r\n                                <div class=\"entry-summary col-12 col-lg-8 px-0\">\r\n                  <div class=\"col-12 mb-2 px-0\">\r\n                    <h3 class=\"entry-title mb-1\"><a target=\"_blank\" href=\"https:\/\/semmelweis.hu\/nki\/2023\/12\/14\/die-europaeische-hochschulallianz-euniwell-setzt-ihre-zusammenarbeit-fort\/\">Die Europ\u00e4ische Hochschulallianz EUniWell setzt ihre Zusammenarbeit fort<\/a><\/h3>\r\n                    <h6 class=\"entry-meta text-uppercase\">\r\n                      <time class=\"mr-3\" datetime=\"2023-12-14T12:45:14+00:00\">2023. Dezember 14.  Donnerstag 13:45<\/time>\r\n                    <\/h6>\r\n                  <\/div>\r\n                                  <\/div>\r\n              <\/div>\r\n            <\/div>\r\n          <\/div>\r\n        <\/article>\r\n        <hr \/>\r\n      \r\n\r\n        <article class=\"list-format post-31523 post type-post status-publish format-standard has-post-thumbnail hentry category-aktuelles\">\r\n          <div class=\"row mb-2 mx-0 p-2 mr-2 mr-lg-0\" style=\"border: 1px solid #DFE3E6;\">\r\n            \r\n            <div class=\"col px-normal px-lg-0\">\r\n              <div class=\"row w-100 mx-0\">\r\n                \r\n                  <div class=\"col-12 col-lg-4 pl-0 pr-1 pr-md-2\">\r\n                    <div class=\"img-container w-100 mt-2 mt-md-0 mb-2 mb-md-0 \">\r\n                      <img loading=\"lazy\" decoding=\"async\" width=\"400\" height=\"263\" src=\"https:\/\/semmelweis.hu\/nki\/wp-content\/blogs.dir\/10\/files\/2023\/12\/RS185474_-GV5A3288-scr-1-753x496-1-400x263.jpg\" class=\"attachment-medium size-medium wp-post-image\" alt=\"\" srcset=\"https:\/\/semmelweis.hu\/nki\/wp-content\/blogs.dir\/10\/files\/2023\/12\/RS185474_-GV5A3288-scr-1-753x496-1-400x263.jpg 400w, https:\/\/semmelweis.hu\/nki\/wp-content\/blogs.dir\/10\/files\/2023\/12\/RS185474_-GV5A3288-scr-1-753x496-1.jpg 753w\" sizes=\"auto, (max-width: 400px) 100vw, 400px\" \/>                    <\/div>\r\n                  <\/div>\r\n\r\n                                <div class=\"entry-summary col-12 col-lg-8 px-0\">\r\n                  <div class=\"col-12 mb-2 px-0\">\r\n                    <h3 class=\"entry-title mb-1\"><a target=\"_blank\" href=\"https:\/\/semmelweis.hu\/nki\/2023\/12\/14\/urauffuehrung-des-films-semmelweis-von-lajos-koltai-an-der-universitaet\/\">Urauff\u00fchrung des Films &#8222;Semmelweis&#8220; von Lajos Koltai an der Universit\u00e4t<\/a><\/h3>\r\n                    <h6 class=\"entry-meta text-uppercase\">\r\n                      <time class=\"mr-3\" datetime=\"2023-12-14T11:04:08+00:00\">2023. Dezember 14.  Donnerstag 12:04<\/time>\r\n                    <\/h6>\r\n                  <\/div>\r\n                                  <\/div>\r\n              <\/div>\r\n            <\/div>\r\n          <\/div>\r\n        <\/article>\r\n        <hr \/>\r\n      \r\n\r\n        <article class=\"list-format post-31500 post type-post status-publish format-standard has-post-thumbnail hentry category-aktuelles\">\r\n          <div class=\"row mb-2 mx-0 p-2 mr-2 mr-lg-0\" style=\"border: 1px solid #DFE3E6;\">\r\n            \r\n            <div class=\"col px-normal px-lg-0\">\r\n              <div class=\"row w-100 mx-0\">\r\n                \r\n                  <div class=\"col-12 col-lg-4 pl-0 pr-1 pr-md-2\">\r\n                    <div class=\"img-container w-100 mt-2 mt-md-0 mb-2 mb-md-0 \">\r\n                      <img loading=\"lazy\" decoding=\"async\" width=\"400\" height=\"264\" src=\"https:\/\/semmelweis.hu\/nki\/wp-content\/blogs.dir\/10\/files\/2023\/12\/SES23_FEATURED_ARTICLE_960X633PX-753x497-1-400x264.png\" class=\"attachment-medium size-medium wp-post-image\" alt=\"\" srcset=\"https:\/\/semmelweis.hu\/nki\/wp-content\/blogs.dir\/10\/files\/2023\/12\/SES23_FEATURED_ARTICLE_960X633PX-753x497-1-400x264.png 400w, https:\/\/semmelweis.hu\/nki\/wp-content\/blogs.dir\/10\/files\/2023\/12\/SES23_FEATURED_ARTICLE_960X633PX-753x497-1-203x135.png 203w, https:\/\/semmelweis.hu\/nki\/wp-content\/blogs.dir\/10\/files\/2023\/12\/SES23_FEATURED_ARTICLE_960X633PX-753x497-1.png 753w\" sizes=\"auto, (max-width: 400px) 100vw, 400px\" \/>                    <\/div>\r\n                  <\/div>\r\n\r\n                                <div class=\"entry-summary col-12 col-lg-8 px-0\">\r\n                  <div class=\"col-12 mb-2 px-0\">\r\n                    <h3 class=\"entry-title mb-1\"><a target=\"_blank\" href=\"https:\/\/semmelweis.hu\/nki\/2023\/12\/04\/pankreas-erkrankungen-stehen-im-fokus-des-diesjaehrigen-semmelweis-syposiums\/\">Pankreas-Erkrankungen stehen im Fokus des diesj\u00e4hrigen Semmelweis-Syposiums<\/a><\/h3>\r\n                    <h6 class=\"entry-meta text-uppercase\">\r\n                      <time class=\"mr-3\" datetime=\"2023-12-04T12:51:07+00:00\">2023. Dezember 4.  Montag 13:51<\/time>\r\n                    <\/h6>\r\n                  <\/div>\r\n                                  <\/div>\r\n              <\/div>\r\n            <\/div>\r\n          <\/div>\r\n        <\/article>\r\n        <hr \/>\r\n      \r\n\r\n        <article class=\"list-format post-31497 post type-post status-publish format-standard has-post-thumbnail hentry category-aktuelles\">\r\n          <div class=\"row mb-2 mx-0 p-2 mr-2 mr-lg-0\" style=\"border: 1px solid #DFE3E6;\">\r\n            \r\n            <div class=\"col px-normal px-lg-0\">\r\n              <div class=\"row w-100 mx-0\">\r\n                \r\n                  <div class=\"col-12 col-lg-4 pl-0 pr-1 pr-md-2\">\r\n                    <div class=\"img-container w-100 mt-2 mt-md-0 mb-2 mb-md-0 \">\r\n                      <img loading=\"lazy\" decoding=\"async\" width=\"400\" height=\"267\" src=\"https:\/\/semmelweis.hu\/nki\/wp-content\/blogs.dir\/10\/files\/2023\/11\/RS184823_Semmelweis-Event-Embassy-of-Hungary-21.11.23-418-scr-753x502-1-400x267.jpg\" class=\"attachment-medium size-medium wp-post-image\" alt=\"\" srcset=\"https:\/\/semmelweis.hu\/nki\/wp-content\/blogs.dir\/10\/files\/2023\/11\/RS184823_Semmelweis-Event-Embassy-of-Hungary-21.11.23-418-scr-753x502-1-400x267.jpg 400w, https:\/\/semmelweis.hu\/nki\/wp-content\/blogs.dir\/10\/files\/2023\/11\/RS184823_Semmelweis-Event-Embassy-of-Hungary-21.11.23-418-scr-753x502-1-203x135.jpg 203w, https:\/\/semmelweis.hu\/nki\/wp-content\/blogs.dir\/10\/files\/2023\/11\/RS184823_Semmelweis-Event-Embassy-of-Hungary-21.11.23-418-scr-753x502-1.jpg 753w\" sizes=\"auto, (max-width: 400px) 100vw, 400px\" \/>                    <\/div>\r\n                  <\/div>\r\n\r\n                                <div class=\"entry-summary col-12 col-lg-8 px-0\">\r\n                  <div class=\"col-12 mb-2 px-0\">\r\n                    <h3 class=\"entry-title mb-1\"><a target=\"_blank\" href=\"https:\/\/semmelweis.hu\/nki\/2023\/12\/04\/staerkung-der-internationalen-beziehungen-treffen-mit-britischen-vertretern-der-wissenschaftlichen-welt-in-london\/\">St\u00e4rkung der internationalen Beziehungen \u2013 Treffen mit britischen Vertretern der wissenschaftlichen Welt in London<\/a><\/h3>\r\n                    <h6 class=\"entry-meta text-uppercase\">\r\n                      <time class=\"mr-3\" datetime=\"2023-12-04T12:46:56+00:00\">2023. Dezember 4.  Montag 13:46<\/time>\r\n                    <\/h6>\r\n                  <\/div>\r\n                                  <\/div>\r\n              <\/div>\r\n            <\/div>\r\n          <\/div>\r\n        <\/article>\r\n        <hr \/>\r\n      \r\n\r\n        <article class=\"list-format post-31491 post type-post status-publish format-standard has-post-thumbnail hentry category-aktuelles\">\r\n          <div class=\"row mb-2 mx-0 p-2 mr-2 mr-lg-0\" style=\"border: 1px solid #DFE3E6;\">\r\n            \r\n            <div class=\"col px-normal px-lg-0\">\r\n              <div class=\"row w-100 mx-0\">\r\n                \r\n                  <div class=\"col-12 col-lg-4 pl-0 pr-1 pr-md-2\">\r\n                    <div class=\"img-container w-100 mt-2 mt-md-0 mb-2 mb-md-0 \">\r\n                      <img loading=\"lazy\" decoding=\"async\" width=\"400\" height=\"243\" src=\"https:\/\/semmelweis.hu\/nki\/wp-content\/blogs.dir\/10\/files\/2023\/11\/RS184187_-GV5A9518-Edit-scr-753x458-1-400x243.jpg\" class=\"attachment-medium size-medium wp-post-image\" alt=\"\" srcset=\"https:\/\/semmelweis.hu\/nki\/wp-content\/blogs.dir\/10\/files\/2023\/11\/RS184187_-GV5A9518-Edit-scr-753x458-1-400x243.jpg 400w, https:\/\/semmelweis.hu\/nki\/wp-content\/blogs.dir\/10\/files\/2023\/11\/RS184187_-GV5A9518-Edit-scr-753x458-1.jpg 753w\" sizes=\"auto, (max-width: 400px) 100vw, 400px\" \/>                    <\/div>\r\n                  <\/div>\r\n\r\n                                <div class=\"entry-summary col-12 col-lg-8 px-0\">\r\n                  <div class=\"col-12 mb-2 px-0\">\r\n                    <h3 class=\"entry-title mb-1\"><a target=\"_blank\" href=\"https:\/\/semmelweis.hu\/nki\/2023\/12\/04\/sieben-professoren-erhielten-ehrendoktorwuerde-an-der-diesjaehrigen-doctor-honoris-causa-zeremonie-der-semmelweis-universitaet\/\">Sieben Professoren erhielten Ehrendoktorw\u00fcrde an der diesj\u00e4hrigen \u201eDoctor Honoris Causa&#8220;-Zeremonie der Semmelweis Universit\u00e4t<\/a><\/h3>\r\n                    <h6 class=\"entry-meta text-uppercase\">\r\n                      <time class=\"mr-3\" datetime=\"2023-12-04T12:38:51+00:00\">2023. Dezember 4.  Montag 13:38<\/time>\r\n                    <\/h6>\r\n                  <\/div>\r\n                                  <\/div>\r\n              <\/div>\r\n            <\/div>\r\n          <\/div>\r\n        <\/article>\r\n        <hr \/>\r\n      \r\n\r\n        <article class=\"list-format post-31474 post type-post status-publish format-standard has-post-thumbnail hentry category-aktuelles\">\r\n          <div class=\"row mb-2 mx-0 p-2 mr-2 mr-lg-0\" style=\"border: 1px solid #DFE3E6;\">\r\n            \r\n            <div class=\"col px-normal px-lg-0\">\r\n              <div class=\"row w-100 mx-0\">\r\n                \r\n                  <div class=\"col-12 col-lg-4 pl-0 pr-1 pr-md-2\">\r\n                    <div class=\"img-container w-100 mt-2 mt-md-0 mb-2 mb-md-0 \">\r\n                      <img loading=\"lazy\" decoding=\"async\" width=\"400\" height=\"259\" src=\"https:\/\/semmelweis.hu\/nki\/wp-content\/blogs.dir\/10\/files\/2023\/11\/RS181479_GV5A6635-scr-753x488-1-400x259.jpg\" class=\"attachment-medium size-medium wp-post-image\" alt=\"\" srcset=\"https:\/\/semmelweis.hu\/nki\/wp-content\/blogs.dir\/10\/files\/2023\/11\/RS181479_GV5A6635-scr-753x488-1-400x259.jpg 400w, https:\/\/semmelweis.hu\/nki\/wp-content\/blogs.dir\/10\/files\/2023\/11\/RS181479_GV5A6635-scr-753x488-1.jpg 753w\" sizes=\"auto, (max-width: 400px) 100vw, 400px\" \/>                    <\/div>\r\n                  <\/div>\r\n\r\n                                <div class=\"entry-summary col-12 col-lg-8 px-0\">\r\n                  <div class=\"col-12 mb-2 px-0\">\r\n                    <h3 class=\"entry-title mb-1\"><a target=\"_blank\" href=\"https:\/\/semmelweis.hu\/nki\/2023\/11\/15\/shanghai-fachranking-2023-die-semmelweis-universitaet-hat-in-mehreren-bereichen-fortschritte-gemacht\/\">Shanghai-Fachranking 2023: Die Semmelweis Universit\u00e4t hat in mehreren Bereichen Fortschritte gemacht<\/a><\/h3>\r\n                    <h6 class=\"entry-meta text-uppercase\">\r\n                      <time class=\"mr-3\" datetime=\"2023-11-15T10:26:08+00:00\">2023. November 15.  Mittwoch 11:26<\/time>\r\n                    <\/h6>\r\n                  <\/div>\r\n                                  <\/div>\r\n              <\/div>\r\n            <\/div>\r\n          <\/div>\r\n        <\/article>\r\n        <hr \/>\r\n                  <div class=\"section-row row w-100 mt-2 mb-2\">\r\n        <div class=\"col-7 section-divider px-0 mx-2 d-md-none\"><\/div>\r\n          <div class=\"col-4 d-block d-md-none text-uppercase px-0 section-link ml-2\">\r\n            <h5 class=\"m-0\" style=\"width: fit-content;\"><a href=\"https:\/\/semmelweis.hu\/nki\/category\/aktuelles\/\" target=\"_blank\"> Alle Beitr\u00e4ge><\/a><\/h5>\r\n            \r\n        <\/div>\r\n      <\/div>\r\n\r\n    <\/div><!-- \/.import-posts -->\r\n\r\n\n","protected":false},"excerpt":{"rendered":"","protected":false},"author":12,"featured_media":0,"parent":0,"menu_order":4,"comment_status":"closed","ping_status":"closed","template":"","meta":{"_acf_changed":false,"footnotes":""},"categories":[],"tags":[],"class_list":["post-897","page","type-page","status-publish","hentry"],"acf":[],"_links":{"self":[{"href":"https:\/\/semmelweis.hu\/pharmazie\/wp-json\/wp\/v2\/pages\/897","targetHints":{"allow":["GET"]}}],"collection":[{"href":"https:\/\/semmelweis.hu\/pharmazie\/wp-json\/wp\/v2\/pages"}],"about":[{"href":"https:\/\/semmelweis.hu\/pharmazie\/wp-json\/wp\/v2\/types\/page"}],"author":[{"embeddable":true,"href":"https:\/\/semmelweis.hu\/pharmazie\/wp-json\/wp\/v2\/users\/12"}],"replies":[{"embeddable":true,"href":"https:\/\/semmelweis.hu\/pharmazie\/wp-json\/wp\/v2\/comments?post=897"}],"version-history":[{"count":7,"href":"https:\/\/semmelweis.hu\/pharmazie\/wp-json\/wp\/v2\/pages\/897\/revisions"}],"predecessor-version":[{"id":1744,"href":"https:\/\/semmelweis.hu\/pharmazie\/wp-json\/wp\/v2\/pages\/897\/revisions\/1744"}],"wp:attachment":[{"href":"https:\/\/semmelweis.hu\/pharmazie\/wp-json\/wp\/v2\/media?parent=897"}],"wp:term":[{"taxonomy":"category","embeddable":true,"href":"https:\/\/semmelweis.hu\/pharmazie\/wp-json\/wp\/v2\/categories?post=897"},{"taxonomy":"post_tag","embeddable":true,"href":"https:\/\/semmelweis.hu\/pharmazie\/wp-json\/wp\/v2\/tags?post=897"}],"curies":[{"name":"wp","href":"https:\/\/api.w.org\/{rel}","templated":true}]}}