{"id":89,"date":"2014-08-26T18:37:08","date_gmt":"2014-08-26T16:37:08","guid":{"rendered":"http:\/\/semmelweis.hu\/pharmazie\/?page_id=89"},"modified":"2025-07-31T11:03:51","modified_gmt":"2025-07-31T09:03:51","slug":"studienplan","status":"publish","type":"page","link":"https:\/\/semmelweis.hu\/pharmazie\/fur-studenten\/studienplan\/","title":{"rendered":"Curriculum"},"content":{"rendered":"<p>&nbsp;<\/p>\n<p style=\"text-align: center\"><strong>IM STUDIENJAHR 2025\/26 G\u00dcLTIGE MUSTERSTUDIENPL\u00c4NE AN DER FAKULT\u00c4T F\u00dcR PHARMAZEUTISCHE WISSENSCHAFTEN (I-V. JAHRG\u00c4NGE)<\/strong><\/p>\n<p>&nbsp;<\/p>\n<p>Im Studienjahr 2025\/26_g\u00fcltiges Curriculum &#8211; f\u00fcr Studenten im <a href=\"https:\/\/semmelweis.hu\/pharmazie\/files\/2025\/07\/Curriculum_2025_26_I-II.-Jahrgaenge.xlsx\"><strong>I. und II. Jahrgang<\/strong><\/a><\/p>\n<p>Im Studienjahr 2025\/26_g\u00fcltiges Curriculum &#8211; f\u00fcr Studenten im <a href=\"https:\/\/semmelweis.hu\/pharmazie\/files\/2025\/07\/Curriculum_2025_26_III.-Jahrgang.xlsx\"><strong>III. Jahrgang<\/strong><\/a><\/p>\n<p>Im Studienjahr 2025\/26_g\u00fcltiges Curriculum &#8211; f\u00fcr Studenten im <a href=\"https:\/\/semmelweis.hu\/pharmazie\/files\/2025\/07\/Curriculum_2025_26_IV.-Jahrgang.xlsx\"><strong>IV. Jahrgang<\/strong><\/a><\/p>\n<p>Im Studienjahr 2025\/26_g\u00fcltiges Curriculum &#8211; f\u00fcr Studenten im <a href=\"https:\/\/semmelweis.hu\/pharmazie\/files\/2025\/07\/Curriculum_2025_26_V.-Jahrgang.xlsx\"><strong>V. Jahrgang<\/strong><\/a><\/p>\n<p>&nbsp;<\/p>\n<p style=\"text-align: center\"><strong>IM STUDIENJAHR 2024\/25 G\u00dcLTIGE MUSTERSTUDIENPL\u00c4NE AN DER FAKULT\u00c4T F\u00dcR PHARMAZEUTISCHE WISSENSCHAFTEN (I-V. JAHRG\u00c4NGE)<\/strong><\/p>\n<p>Im Studienjahr 2024\/25_g\u00fcltiges Curriculum &#8211; f\u00fcr Studenten im <a href=\"https:\/\/semmelweis.hu\/pharmazie\/files\/2024\/08\/Curriculum_2024_25_I.-Jahrgang_jav.2.pdf\"><strong>I. Jahrgang<\/strong><\/a><\/p>\n<p>Im Studienjahr 2024\/25_g\u00fcltiges Curriculum &#8211; f\u00fcr Studenten im <a href=\"https:\/\/semmelweis.hu\/pharmazie\/files\/2024\/08\/Curriculum_2024_25_II.-Jahrgang_jav2.pdf\"><strong>II. Jahrgang<\/strong><\/a><\/p>\n<p>Im Studienjahr 2024\/25_g\u00fcltiges Curriculum &#8211; f\u00fcr Studenten im <a href=\"https:\/\/semmelweis.hu\/pharmazie\/files\/2024\/08\/Curriculum_2024_25_III.-Jahrgang_jav.pdf\"><strong>III. Jahrgang<\/strong><\/a><\/p>\n<p>Im Studienjahr 2024\/25_g\u00fcltiges Curriculum &#8211; f\u00fcr Studenten im<a href=\"https:\/\/semmelweis.hu\/pharmazie\/files\/2024\/08\/Curriculum_2024_25_IV.-Jahrgang_jav2.pdf\"> <strong>IV. Jahrgang<\/strong><\/a><\/p>\n<p>Im Studienjahr 2024\/25_g\u00fcltiges Curriculum &#8211; f\u00fcr Studenten im <a href=\"https:\/\/semmelweis.hu\/pharmazie\/files\/2024\/08\/Curriculum_2024_25_II.-Jahrgang_jav2.pdf\"><strong>V. Jahrgang<\/strong><\/a><\/p>\n<p style=\"text-align: center\"><strong>IM STUDIENJAHR 2023\/24 G\u00dcLTIGE MUSTERSTUDIENPL\u00c4NE AN DER FAKULT\u00c4T F\u00dcR PHARMAZEUTISCHE WISSENSCHAFTEN (I-V. JAHRG\u00c4NGE)<\/strong><\/p>\n<p>Im Studienjahr 2023\/24_g\u00fcltiges Curriculum &#8211; f\u00fcr Studenten im <a href=\"https:\/\/semmelweis.hu\/pharmazie\/files\/2023\/08\/Curriculum_2023_24_I.-Jahrgang.xlsx\"><strong>I. Jahrgang<\/strong><\/a><\/p>\n<p>Im Studienjahr 2023\/24_g\u00fcltiges Curriculum &#8211; f\u00fcr Studenten im <a href=\"https:\/\/semmelweis.hu\/pharmazie\/files\/2023\/08\/Curriculum_2023_24_II.-Jahrgang.xlsx\"><strong>II. Jahrgang<\/strong><\/a><\/p>\n<p>Im Studienjahr 2023\/24_g\u00fcltiges Curriculum &#8211; f\u00fcr Studenten im <a href=\"https:\/\/semmelweis.hu\/pharmazie\/files\/2023\/08\/Curriculum_2023_24_III.-Jahrgang.xlsx\"><strong>III. Jahrgang<\/strong><\/a><\/p>\n<p>Im Studienjahr 2023\/24_g\u00fcltiges Curriculum &#8211; f\u00fcr Studenten im <a href=\"https:\/\/semmelweis.hu\/pharmazie\/files\/2023\/08\/Curriculum_2023_24_IV.-Jahrgang.xlsx\"><strong>IV. Jahrgang<\/strong><\/a><\/p>\n<p>Im Studienjahr 2023\/24_g\u00fcltiges Curriculum &#8211; f\u00fcr Studenten im <a href=\"https:\/\/semmelweis.hu\/pharmazie\/files\/2023\/08\/Curriculum_2023_24_V.-Jahrgang.xlsx\"><strong>V. Jahrgang<\/strong><\/a><\/p>\n<p>&nbsp;<\/p>\n","protected":false},"excerpt":{"rendered":"<p>&nbsp; IM STUDIENJAHR 2025\/26 G\u00dcLTIGE MUSTERSTUDIENPL\u00c4NE AN DER FAKULT\u00c4T F\u00dcR PHARMAZEUTISCHE WISSENSCHAFTEN (I-V. JAHRG\u00c4NGE) &nbsp; Im Studienjahr 2025\/26_g\u00fcltiges Curriculum &#8211; f\u00fcr Studenten im <a href=\"https:\/\/semmelweis.hu\/pharmazie\/files\/2025\/07\/Curriculum_2025_26_I-II.-Jahrgaenge.xlsx\">I. und II. Jahrgang<\/a> Im Studienjahr 2025\/26_g\u00fcltiges Curriculum &#8211; f\u00fcr Studenten im <a href=\"https:\/\/semmelweis.hu\/pharmazie\/files\/2025\/07\/Curriculum_2025_26_III.-Jahrgang.xlsx\">III. Jahrgang<\/a> Im Studienjahr 2025\/26_g\u00fcltiges Curriculum &#8211; f\u00fcr Studenten im <a href=\"https:\/\/semmelweis.hu\/pharmazie\/files\/2025\/07\/Curriculum_2025_26_IV.-Jahrgang.xlsx\">IV. Jahrgang<\/a> Im Studienjahr 2025\/26_g\u00fcltiges Curriculum &#8211; f\u00fcr Studenten im <a href=\"https:\/\/semmelweis.hu\/pharmazie\/files\/2025\/07\/Curriculum_2025_26_V.-Jahrgang.xlsx\">V. Jahrgang<\/a> &nbsp; IM STUDIENJAHR 2024\/25 G\u00dcLTIGE MUSTERSTUDIENPL\u00c4NE AN DER &hellip;<\/p>\n","protected":false},"author":12,"featured_media":0,"parent":117,"menu_order":1,"comment_status":"closed","ping_status":"closed","template":"","meta":{"_acf_changed":false,"footnotes":""},"categories":[],"tags":[],"class_list":["post-89","page","type-page","status-publish","hentry"],"acf":[],"_links":{"self":[{"href":"https:\/\/semmelweis.hu\/pharmazie\/wp-json\/wp\/v2\/pages\/89","targetHints":{"allow":["GET"]}}],"collection":[{"href":"https:\/\/semmelweis.hu\/pharmazie\/wp-json\/wp\/v2\/pages"}],"about":[{"href":"https:\/\/semmelweis.hu\/pharmazie\/wp-json\/wp\/v2\/types\/page"}],"author":[{"embeddable":true,"href":"https:\/\/semmelweis.hu\/pharmazie\/wp-json\/wp\/v2\/users\/12"}],"replies":[{"embeddable":true,"href":"https:\/\/semmelweis.hu\/pharmazie\/wp-json\/wp\/v2\/comments?post=89"}],"version-history":[{"count":13,"href":"https:\/\/semmelweis.hu\/pharmazie\/wp-json\/wp\/v2\/pages\/89\/revisions"}],"predecessor-version":[{"id":1958,"href":"https:\/\/semmelweis.hu\/pharmazie\/wp-json\/wp\/v2\/pages\/89\/revisions\/1958"}],"up":[{"embeddable":true,"href":"https:\/\/semmelweis.hu\/pharmazie\/wp-json\/wp\/v2\/pages\/117"}],"wp:attachment":[{"href":"https:\/\/semmelweis.hu\/pharmazie\/wp-json\/wp\/v2\/media?parent=89"}],"wp:term":[{"taxonomy":"category","embeddable":true,"href":"https:\/\/semmelweis.hu\/pharmazie\/wp-json\/wp\/v2\/categories?post=89"},{"taxonomy":"post_tag","embeddable":true,"href":"https:\/\/semmelweis.hu\/pharmazie\/wp-json\/wp\/v2\/tags?post=89"}],"curies":[{"name":"wp","href":"https:\/\/api.w.org\/{rel}","templated":true}]}}