{"id":805,"date":"2017-02-22T14:00:51","date_gmt":"2017-02-22T13:00:51","guid":{"rendered":"http:\/\/semmelweis.hu\/pharmazie\/?page_id=805"},"modified":"2022-07-22T15:48:19","modified_gmt":"2022-07-22T13:48:19","slug":"institute","status":"publish","type":"page","link":"https:\/\/semmelweis.hu\/pharmazie\/fakultat\/institute\/","title":{"rendered":"Institute"},"content":{"rendered":"<h4 style=\"text-align: left;\"><strong>Universit\u00e4tsapotheke Institut f\u00fcr Pharmazeutische Organisation<\/strong><\/h4>\n<p style=\"text-align: justify;\">Seit unserer Gr\u00fcndung im Jahr 1907, mehr als hundert Jahren, tragen wir zu den T\u00e4tigkeiten der Semmelweis Universit\u00e4t in der Heilung, Lehre und Forschung bei. Auf dem Gebiet der Arzneimittelversorgung betrachten wir es als unsere Mission, den Anforderungen der Arzneimittelsicherheit, Versorgungssicherheit, Dienstleistungsqualit\u00e4t und Effizienz gerecht zu werden. Mit unseren Unterrichtst\u00e4tigkeiten wollen wir auf die neuen gesellschaftlichen Herausforderungen der Pharmazie reagieren: PharmazeutInnen stehen stets im Dienst der Gesundheitslehre, der Gesundheitserhaltung und der evidenzbasierten Medizin.<\/p>\n<h4><strong>Institut f\u00fcr Pharmakognosie<\/strong><\/h4>\n<p style=\"text-align: justify;\">Das 1914 gegr\u00fcndete Institut f\u00fcr Pharmakognosie ist eines der \u00e4ltesten von Semmelweis Universit\u00e4t und von der Fakult\u00e4t f\u00fcr Pharmazie. Zu den Aufgaben des Instituts geh\u00f6rt der praktische und theoretische Unterricht im Grundfach Pharmakognosie. Allj\u00e4hrlich verfassen 15-20 Diplomanden ihre Diplomarbeiten im Institut, h\u00e4ufig wird auch eine Forschungsarbeit durchgef\u00fchrt. Das Institut spielt eine bestimmende Rolle auch in der postgradualen Ausbildung von Pharmazeuten, zun\u00e4chst in der Weiterbildung zum Fachapotheker und in den PhD-Studien.<\/p>\n<h4><strong>Institut f\u00fcr Pharmazie<\/strong><\/h4>\n<p style=\"text-align: justify;\">Im Institut f\u00fcr Pharmazie werden die Formulierungsaspekte und Herstellungsmethoden der unterschiedlichsten Arzneiformen untersucht. Die Arzneimittelherstellung sowohl in der Apotheke &#8211; Magistralherstellung- als auch in gro\u00dfem Ma\u00dfstab &#8211; in der Pharmaindustrie &#8211; wird charakterisiert. Die technologische M\u00f6glichkeiten zur Arzneimittelstabilisierung, ver\u00e4nderte Wirkstofffreigabe, verbesserte Compliance, die Entwicklung von innovativen Tr\u00e4gersystemen f\u00fcr Arzneistoffe und die biopharmazeutische Eigenschaften werden unterrichtet und geforscht.<\/p>\n<h4><strong>Institut f\u00fcr Pharmazeutische Chemie<\/strong><\/h4>\n<p style=\"text-align: justify;\">Unser Institut, gegr\u00fcndet in 1949, ist verantwortlich f\u00fcr den Unterricht der Pharmazeutischen Chemie. Die Pharmazeutische Chemie schlie\u00dft die Suche nach neuen Zielstrukturen, die Entwicklung neuer Wirkstoffe und deren Optimierung hinsichtlich pharmakodynamischer und pharmakokinetischer Aspekte, die Synthese, Testung und Analytik von Arzneistoffen ein.<\/p>\n<p style=\"text-align: justify;\">Ausf\u00fchrlich behandelt wird die Chemie der Arzneistoffe, gegliedert nach ihrer therapeutischen Verwendung: Molekulare Wirkmechanismen, Pharmakologie, Analytik der Arzneistoffe, Synthese der Arzneistoffe, Struktur-Wirkungsbeziehungen, Biotransformation, Pharmakokinetik einzelner Arzneistoffe, Geschichte der Arzneistoffentwicklung an Beispielen. In Rahmen der Analytik werden chemische Gruppenreaktionen, Gehaltsbestimmungen und instrumentelle Methoden behandelt.<\/p>\n<h4><strong>Institut f\u00fcr Pharmakodynamik<\/strong><\/h4>\n<p style=\"text-align: justify;\">Das Institut fokussiert sich auf Forschungen im Bereich des Zentralnervensystems. Daneben beteiligen wir uns an der Lehre von Pharmakologie und Toxikologie, Grundlagen der Pathophysiologie und klinischen Pharmakologie, sowie Pharmakotherapie.<\/p>\n<h4><strong>Institut f\u00fcr Organische Chemie<\/strong><\/h4>\n<p style=\"text-align: justify;\">Das Institut f\u00fcr Organische Chemie ist das einzige Institut der Pharmazeutischen Fakult\u00e4t, das ein Grundfach unterrichtet. Deshalb wird auf das Verst\u00e4ndnis der grundlegenden Zusammenh\u00e4nge (als Grundlage f\u00fcr sp\u00e4tere Lehrveranstaltungen, wie zum Beispiel Biochemie f\u00fcr Pharmazeuten, Chemie f\u00fcr Pharmazeuten, Pharmakognosie, Pharmakologie und Toxikologie, usw.) und den Aufbau einer molekularen Sichtweise besonderer Wert gelegt. Diesem Prinzip entsprechen neben dem Pflichtfach Organische Chemie und dem Organisch Chemischen Praktikum auch die mit der organischen und pharmazeutischen Chemie eng zusammenh\u00e4ngenden frei w\u00e4hlbaren F\u00e4cher.<\/p>\n<p>&nbsp;<\/p>\n","protected":false},"excerpt":{"rendered":"<p>Universit\u00e4tsapotheke Institut f\u00fcr Pharmazeutische Organisation Seit unserer Gr\u00fcndung im Jahr 1907, mehr als hundert Jahren, tragen wir zu den T\u00e4tigkeiten der Semmelweis Universit\u00e4t in der Heilung, Lehre und Forschung bei. Auf dem Gebiet der Arzneimittelversorgung betrachten wir es als unsere Mission, den Anforderungen der Arzneimittelsicherheit, Versorgungssicherheit, Dienstleistungsqualit\u00e4t und Effizienz gerecht zu werden. Mit unseren Unterrichtst\u00e4tigkeiten &hellip;<\/p>\n","protected":false},"author":101162,"featured_media":0,"parent":1698,"menu_order":2,"comment_status":"closed","ping_status":"closed","template":"","meta":{"_acf_changed":false,"footnotes":""},"categories":[],"tags":[],"class_list":["post-805","page","type-page","status-publish","hentry"],"acf":[],"_links":{"self":[{"href":"https:\/\/semmelweis.hu\/pharmazie\/wp-json\/wp\/v2\/pages\/805","targetHints":{"allow":["GET"]}}],"collection":[{"href":"https:\/\/semmelweis.hu\/pharmazie\/wp-json\/wp\/v2\/pages"}],"about":[{"href":"https:\/\/semmelweis.hu\/pharmazie\/wp-json\/wp\/v2\/types\/page"}],"author":[{"embeddable":true,"href":"https:\/\/semmelweis.hu\/pharmazie\/wp-json\/wp\/v2\/users\/101162"}],"replies":[{"embeddable":true,"href":"https:\/\/semmelweis.hu\/pharmazie\/wp-json\/wp\/v2\/comments?post=805"}],"version-history":[{"count":10,"href":"https:\/\/semmelweis.hu\/pharmazie\/wp-json\/wp\/v2\/pages\/805\/revisions"}],"predecessor-version":[{"id":1783,"href":"https:\/\/semmelweis.hu\/pharmazie\/wp-json\/wp\/v2\/pages\/805\/revisions\/1783"}],"up":[{"embeddable":true,"href":"https:\/\/semmelweis.hu\/pharmazie\/wp-json\/wp\/v2\/pages\/1698"}],"wp:attachment":[{"href":"https:\/\/semmelweis.hu\/pharmazie\/wp-json\/wp\/v2\/media?parent=805"}],"wp:term":[{"taxonomy":"category","embeddable":true,"href":"https:\/\/semmelweis.hu\/pharmazie\/wp-json\/wp\/v2\/categories?post=805"},{"taxonomy":"post_tag","embeddable":true,"href":"https:\/\/semmelweis.hu\/pharmazie\/wp-json\/wp\/v2\/tags?post=805"}],"curies":[{"name":"wp","href":"https:\/\/api.w.org\/{rel}","templated":true}]}}