{"id":2,"date":"2012-06-12T12:47:32","date_gmt":"2012-06-12T10:47:32","guid":{"rendered":"http:\/\/semmelweis-egyetem.hu\/kutvolgyi-rendelointezet\/?page_id=2"},"modified":"2024-09-27T13:18:22","modified_gmt":"2024-09-27T11:18:22","slug":"kontakt","status":"publish","type":"page","link":"https:\/\/semmelweis.hu\/pharmazie\/kontakt\/","title":{"rendered":"Kontakt"},"content":{"rendered":"<h1>Fakult\u00e4t f\u00fcr Pharmazeutische Wissenschaften<br \/>\nSemmelweis Universit\u00e4t, Budapest<\/h1>\n<h4><strong>Studiensekretariat des deutschsprachigen Pharmaziestudiums\u00a0<\/strong><\/h4>\n<div class=\"keretes w-100\">\n<p><strong>Das deutschsprachige Studiensekretariat ist von Montag bis Freitag von 09:00 bis 13:00 Uhr ge\u00f6ffnet.<\/strong><br \/>\nUnter der folgenden E-Mail Adresse sind wir aber jederzeit erreichbar.<\/p>\n<p><b>Frau\u00a0Vera Vincze<\/b><br \/>\nTelefon: <a href=\"tel:+3614591481\">+36 1 459 1481<\/a><br \/>\nAdresse: <a href=\"https:\/\/goo.gl\/maps\/p6hFhBr2ptLSMRhz8\" target=\"_blank\" rel=\"noopener\">H-1085 Budapest, \u00dcll\u0151i \u00fat 26.<\/a> (Erdgeschoss 15.)\u00a0<br \/>\nE-mail: <a href=\"mailto:vincze.vera@semmelweis.hu\">vincze.vera@semmelweis.hu<\/a><\/p>\n<\/div>\n<h4>Vorsitzender des deutschsprachigen Studiengangs Pharmazie:<\/h4>\n<p><b>Dr. Istv\u00e1n Antal, Universit\u00e4tsprofessor<\/b><br \/>\nE-mail: <a href=\"mailto:antal.istvan@semmelweis.hu\">antal.istvan@semmelweis.hu<\/a><\/p>\n<h4>Unsere Referenzen in Deutschland:<\/h4>\n<p><b>Dr. pharm Stefanie H\u00f6ffle<\/b><br \/>\nAdresse: D-76761 R\u00fclzheim , <br \/>\nMittlere Ortsstr. 88.<br \/>\nTelefon: <a href=\"tel:+491762318557\">+49 176 2318 557<\/a><br \/>\nE-Mail: <a href=\"mailto:mauritius.apotheke@t-online.de\">mauritius.apotheke@t-online.de<\/a><\/p>\n<p><strong>Dr. Moritz Z\u00fcrn<br \/>\n<\/strong>Adresse: D-78658 Zimmern ob Rottweil,\u00a0<br \/>\nHauptstra\u00dfe 15<br \/>\nTelefon: <a href=\"tel:+4915158473292\">+49 151 5847 3292<\/a><br \/>\nE-Mail:<a href=\"mailto:moritz.zuern@gmail.com\"> moritz.zuern@gmail.com<\/a><\/p>\n<hr \/>\n<h4>\u00a0<strong>College International <\/strong>&#8211;\u00a0Ansprechpartnerin der deutschsprachigen Programme:<\/h4>\n<p><b>Emese T\u00f3bi\u00e1s<br \/>\n<\/b>Adresse: H-1071 Budapest, Bethlen G\u00e1bor t\u00e9r 2.<br \/>\nTelefon: <a href=\"tel:+3614133014\">+36 1 413 3014<\/a><br \/>\nMobil: <a href=\"tel:+36304006856\">+36 30 400 6856<\/a><br \/>\nE-mail: <a href=\"mailto:info@ungarnstudium.hu\">info@ungarnstudium.hu<\/a><br \/>\nWeb:\u00a0<a href=\"http:\/\/www.ungarnstudium.hu\/\" target=\"_blank\" rel=\"noopener noreferrer\">www.ungarnstudium.hu<\/a><\/p>\n<p>&nbsp;<\/p>\n","protected":false},"excerpt":{"rendered":"<p>Fakult\u00e4t f\u00fcr Pharmazeutische Wissenschaften Semmelweis Universit\u00e4t, Budapest Studiensekretariat des deutschsprachigen Pharmaziestudiums\u00a0 Das deutschsprachige Studiensekretariat ist von Montag bis Freitag von 09:00 bis 13:00 Uhr ge\u00f6ffnet. Unter der folgenden E-Mail Adresse sind wir aber jederzeit erreichbar. Frau\u00a0Vera Vincze Telefon: <a href=\"tel:+3614591481\">+36 1 459 1481<\/a> Adresse: <a href=\"https:\/\/goo.gl\/maps\/p6hFhBr2ptLSMRhz8\" target=\"_blank\" rel=\"noopener\">H-1085 Budapest, \u00dcll\u0151i \u00fat 26.<\/a> (Erdgeschoss 15.)\u00a0 E-mail: <a href=\"mailto:vincze.vera@semmelweis.hu\">vincze.vera@semmelweis.hu<\/a> Vorsitzender des deutschsprachigen Studiengangs Pharmazie: Dr. Istv\u00e1n Antal, Universit\u00e4tsprofessor E-mail: <a href=\"mailto:antal.istvan@semmelweis.hu\">antal.istvan@semmelweis.hu<\/a> Unsere Referenzen in &hellip;<\/p>\n","protected":false},"author":12,"featured_media":0,"parent":0,"menu_order":5,"comment_status":"closed","ping_status":"closed","template":"template-fullwidth.php","meta":{"_acf_changed":false,"footnotes":""},"categories":[],"tags":[],"class_list":["post-2","page","type-page","status-publish","hentry"],"acf":[],"_links":{"self":[{"href":"https:\/\/semmelweis.hu\/pharmazie\/wp-json\/wp\/v2\/pages\/2","targetHints":{"allow":["GET"]}}],"collection":[{"href":"https:\/\/semmelweis.hu\/pharmazie\/wp-json\/wp\/v2\/pages"}],"about":[{"href":"https:\/\/semmelweis.hu\/pharmazie\/wp-json\/wp\/v2\/types\/page"}],"author":[{"embeddable":true,"href":"https:\/\/semmelweis.hu\/pharmazie\/wp-json\/wp\/v2\/users\/12"}],"replies":[{"embeddable":true,"href":"https:\/\/semmelweis.hu\/pharmazie\/wp-json\/wp\/v2\/comments?post=2"}],"version-history":[{"count":12,"href":"https:\/\/semmelweis.hu\/pharmazie\/wp-json\/wp\/v2\/pages\/2\/revisions"}],"predecessor-version":[{"id":1939,"href":"https:\/\/semmelweis.hu\/pharmazie\/wp-json\/wp\/v2\/pages\/2\/revisions\/1939"}],"wp:attachment":[{"href":"https:\/\/semmelweis.hu\/pharmazie\/wp-json\/wp\/v2\/media?parent=2"}],"wp:term":[{"taxonomy":"category","embeddable":true,"href":"https:\/\/semmelweis.hu\/pharmazie\/wp-json\/wp\/v2\/categories?post=2"},{"taxonomy":"post_tag","embeddable":true,"href":"https:\/\/semmelweis.hu\/pharmazie\/wp-json\/wp\/v2\/tags?post=2"}],"curies":[{"name":"wp","href":"https:\/\/api.w.org\/{rel}","templated":true}]}}